{"id":202,"date":"2017-07-16T01:04:04","date_gmt":"2017-07-15T23:04:04","guid":{"rendered":"http:\/\/www.cabinet-vigier.com?page_id=202"},"modified":"2018-01-15T16:08:51","modified_gmt":"2018-01-15T15:08:51","slug":"berater","status":"publish","type":"page","link":"https:\/\/cabinet-vigier.com\/de\/berater\/","title":{"rendered":"Berater"},"content":{"rendered":"\t\t<div data-elementor-type=\"wp-post\" data-elementor-id=\"202\" class=\"elementor elementor-202 elementor-bc-flex-widget\" data-elementor-post-type=\"page\">\n\t\t\t\t\t\t<section class=\"elementor-section elementor-top-section elementor-element elementor-element-fpyy3g9 elementor-section-boxed elementor-section-height-default elementor-section-height-default\" data-id=\"fpyy3g9\" data-element_type=\"section\">\n\t\t\t\t\t\t<div class=\"elementor-container elementor-column-gap-default\">\n\t\t\t\t\t<div class=\"elementor-column elementor-col-100 elementor-top-column elementor-element elementor-element-8ycv3s6\" data-id=\"8ycv3s6\" data-element_type=\"column\">\n\t\t\t<div class=\"elementor-widget-wrap elementor-element-populated\">\n\t\t\t\t\t\t<div class=\"elementor-element elementor-element-7g8qk3p elementor-widget elementor-widget-text-editor\" data-id=\"7g8qk3p\" data-element_type=\"widget\" data-widget_type=\"text-editor.default\">\n\t\t\t\t<div class=\"elementor-widget-container\">\n\t\t\t\t\t\t\t\t\t<p align=\"JUSTIFY\"><span style=\"font-family: helvetica,arial,sans-serif; font-size: 10pt; color: #000000;\"><span style=\"font-size: 12pt;\"><span style=\"font-size: 14pt;\"><strong><span style=\"font-family: helvetica,arial,sans-serif;\"><img fetchpriority=\"high\" decoding=\"async\" class=\"alignnone size-full wp-image-636\" src=\"https:\/\/cabinet-vigier.com\/wp-content\/uploads\/2017\/09\/av_1200-500.jpg\" alt=\"\" width=\"1200\" height=\"519\" srcset=\"https:\/\/cabinet-vigier.com\/wp-content\/uploads\/2017\/09\/av_1200-500.jpg 1200w, https:\/\/cabinet-vigier.com\/wp-content\/uploads\/2017\/09\/av_1200-500-300x130.jpg 300w, https:\/\/cabinet-vigier.com\/wp-content\/uploads\/2017\/09\/av_1200-500-768x332.jpg 768w, https:\/\/cabinet-vigier.com\/wp-content\/uploads\/2017\/09\/av_1200-500-1024x443.jpg 1024w\" sizes=\"(max-width: 1200px) 100vw, 1200px\" \/><br \/>Armin VIGIER<\/span><\/strong><\/span><\/span><br \/><span style=\"color: #808080;\"><strong>Rechtsanwalt (M\u00fcnchen)<br \/>Avocat au Barreau de Marseille<br \/><span style=\"font-size: 8pt;\">\u00d6ffentlich bestellter und beeidigter \u00dcbersetzer f\u00fcr die franz\u00f6sische Sprache<\/span><\/strong><\/span><\/span><\/p><p>Rechtsanwalt Armin Vigier blickt heute auf eine Erfahrung von mehr als 20 Jahren in der deutsch-franz\u00f6sischen Rechtsberatung zur\u00fcck.\u00a0Armin Vigier wurde 1971 in Wesel (Niederrhein) geboren. Sein Studium der Rechtswissenschaften absolvierte er an den Universit\u00e4ten M\u00fcnster, M\u00fcnchen und Aix-Marseille III.\u00a0An der Universit\u00e4t Aix-Marseille erwarb er 1995 den Hochschulsabschluss in Rechtswissenschaften mit dem Titel &#8222;Ma\u00eetrise en Droit priv\u00e9 \u2013 mention Carri\u00e8res judiciaires&#8220;.<br \/><br \/>Sein erstes juristisches Staatsexamen legte er 1997 in M\u00fcnchen ab. Das zweite juristische Staatsexamen folgte nach Ableistung des Referendariats 1999, ebenfalls in M\u00fcnchen.\u00a0Zwischen 1995 bis 1999 war Armin Vigier Mitabeiter und sp\u00e4ter Referendar der Kanzlei Wilson-Daumas, Vertrauensanw\u00e4lte des Generalkonsulats der Bundesrepublik Deutschland in Marseille.\u00a0Im gleichen Zeitraum war er als wissenschaftlicher Mitarbeiter am Institut f\u00fcr Internationales Recht in M\u00fcnchen\/ Lehrstuhl Prof. Dr. Sonnenberger t\u00e4tig und widmete sich dort dem internationalen Privatrecht und der deutsch-franz\u00f6sischen Rechtsvergleichung.\u00a0<\/p><p>Im Jahr 2000 erfolgte seine Zulassung als deutscher Rechtsanwalt in M\u00fcnchen. Nach Ablegung der franz\u00f6sischen Anwaltspr\u00fcfung in Aix-en-Provence im Jahr 2002 wurde er 2003 daneben auch als franz\u00f6sischer Rechtsanwalt (Avocat) in Marseille zugelassen.\u00a0Seit 2010 ist er auch als \u00dcbersetzer f\u00fcr die franz\u00f6sische Sprache in Bayern \u00f6ffentlich bestellt und beeidigt.\u00a0Zwischen 2000 und 2017 war Armin Vigier Mitglied und Partner verschiedener deutsch-franz\u00f6sischer Anwaltskanzleien, zuletzt der Partnerschaft Klima &amp; Vigier. 2017 gr\u00fcndete er die Kanzlei CABINET VIGIER.<\/p><p>Armin Vigier ber\u00e4t sowohl deutsche, als auch franz\u00f6sische Unternehmen und Privatpersonen sowie diplomatische Vertretungen und Wirtschaftsrepr\u00e4sentationen des franz\u00f6sischen Sprachraums im deutsch-franz\u00f6sischen Recht.\u00a0<\/p><p>Die Beratungsschwerpunkte von Armin Vigier erstrecken sich auf folgende Gebiete des deutschen und des franz\u00f6sischen Rechts:<\/p><ul><li>Immobilienrecht<\/li><li>Erbrecht<\/li><li>Handels- und Gesellschaftsrecht<\/li><li>Arbeitsrecht<\/li><li>Steuerrecht<\/li><li>Internationales Privat- und Zivilverfahrensrecht<strong>\u00a0<\/strong><\/li><\/ul><p><strong>Sprachen:<\/strong>\u00a0Deutsch, Franz\u00f6sisch, Englisch<\/p>\t\t\t\t\t\t\t\t<\/div>\n\t\t\t\t<\/div>\n\t\t\t\t\t<\/div>\n\t\t<\/div>\n\t\t\t\t\t<\/div>\n\t\t<\/section>\n\t\t\t\t<\/div>\n\t\t","protected":false},"excerpt":{"rendered":"<p>Armin VIGIERRechtsanwalt (M\u00fcnchen)Avocat au Barreau de Marseille\u00d6ffentlich bestellter und beeidigter \u00dcbersetzer f\u00fcr die franz\u00f6sische Sprache Rechtsanwalt Armin Vigier blickt heute auf eine Erfahrung von mehr als 20 Jahren in der deutsch-franz\u00f6sischen Rechtsberatung zur\u00fcck.\u00a0Armin Vigier wurde 1971 in Wesel (Niederrhein) geboren. Sein Studium der Rechtswissenschaften absolvierte er an den Universit\u00e4ten M\u00fcnster, M\u00fcnchen und Aix-Marseille III.\u00a0An der &#8230; <a title=\"Berater\" class=\"read-more\" href=\"https:\/\/cabinet-vigier.com\/de\/berater\/\" aria-label=\"Mehr zu Berater\">Weiterlesen &#8230;<\/a><\/p>\n","protected":false},"author":2,"featured_media":0,"parent":0,"menu_order":0,"comment_status":"closed","ping_status":"closed","template":"","meta":{"_monsterinsights_skip_tracking":false,"_monsterinsights_sitenote_active":false,"_monsterinsights_sitenote_note":"","_monsterinsights_sitenote_category":0,"_uf_show_specific_survey":0,"_uf_disable_surveys":false,"generate_page_header":"","footnotes":""},"class_list":["post-202","page","type-page","status-publish"],"yoast_head":"<!-- This site is optimized with the Yoast SEO plugin v24.5 - https:\/\/yoast.com\/wordpress\/plugins\/seo\/ -->\n<title>Berater - Cabinet Vigier<\/title>\n<meta name=\"description\" content=\"Armin VIGIER Rechtsanwalt (M\u00fcnchen) - Avocat au Barreau de Marseille - \u00d6ffentlich bestellter und beeidigter \u00dcbersetzer f\u00fcr die franz\u00f6sische Sprache\" \/>\n<meta name=\"robots\" content=\"index, follow, max-snippet:-1, max-image-preview:large, max-video-preview:-1\" \/>\n<link rel=\"canonical\" href=\"https:\/\/cabinet-vigier.com\/de\/berater\/\" \/>\n<meta property=\"og:locale\" content=\"de_DE\" \/>\n<meta property=\"og:type\" content=\"article\" \/>\n<meta property=\"og:title\" content=\"Berater - Cabinet Vigier\" \/>\n<meta property=\"og:description\" content=\"Armin VIGIER Rechtsanwalt (M\u00fcnchen) - Avocat au Barreau de Marseille - \u00d6ffentlich bestellter und beeidigter \u00dcbersetzer f\u00fcr die franz\u00f6sische Sprache\" \/>\n<meta property=\"og:url\" content=\"https:\/\/cabinet-vigier.com\/de\/berater\/\" \/>\n<meta property=\"og:site_name\" content=\"Cabinet Vigier\" \/>\n<meta property=\"article:modified_time\" content=\"2018-01-15T15:08:51+00:00\" \/>\n<meta property=\"og:image\" content=\"https:\/\/cabinet-vigier.com\/wp-content\/uploads\/2017\/09\/av_1200-500.jpg\" \/>\n<meta name=\"twitter:card\" content=\"summary_large_image\" \/>\n<meta name=\"twitter:label1\" content=\"Gesch\u00e4tzte Lesezeit\" \/>\n\t<meta name=\"twitter:data1\" content=\"1\u00a0Minute\" \/>\n<script type=\"application\/ld+json\" class=\"yoast-schema-graph\">{\"@context\":\"https:\/\/schema.org\",\"@graph\":[{\"@type\":\"WebPage\",\"@id\":\"https:\/\/cabinet-vigier.com\/de\/berater\/\",\"url\":\"https:\/\/cabinet-vigier.com\/de\/berater\/\",\"name\":\"Berater - Cabinet Vigier\",\"isPartOf\":{\"@id\":\"https:\/\/cabinet-vigier.com\/fr\/#website\"},\"primaryImageOfPage\":{\"@id\":\"https:\/\/cabinet-vigier.com\/de\/berater\/#primaryimage\"},\"image\":{\"@id\":\"https:\/\/cabinet-vigier.com\/de\/berater\/#primaryimage\"},\"thumbnailUrl\":\"https:\/\/cabinet-vigier.com\/wp-content\/uploads\/2017\/09\/av_1200-500.jpg\",\"datePublished\":\"2017-07-15T23:04:04+00:00\",\"dateModified\":\"2018-01-15T15:08:51+00:00\",\"description\":\"Armin VIGIER Rechtsanwalt (M\u00fcnchen) - Avocat au Barreau de Marseille - \u00d6ffentlich bestellter und beeidigter \u00dcbersetzer f\u00fcr die franz\u00f6sische Sprache\",\"breadcrumb\":{\"@id\":\"https:\/\/cabinet-vigier.com\/de\/berater\/#breadcrumb\"},\"inLanguage\":\"de\",\"potentialAction\":[{\"@type\":\"ReadAction\",\"target\":[\"https:\/\/cabinet-vigier.com\/de\/berater\/\"]}]},{\"@type\":\"ImageObject\",\"inLanguage\":\"de\",\"@id\":\"https:\/\/cabinet-vigier.com\/de\/berater\/#primaryimage\",\"url\":\"https:\/\/cabinet-vigier.com\/wp-content\/uploads\/2017\/09\/av_1200-500.jpg\",\"contentUrl\":\"https:\/\/cabinet-vigier.com\/wp-content\/uploads\/2017\/09\/av_1200-500.jpg\"},{\"@type\":\"BreadcrumbList\",\"@id\":\"https:\/\/cabinet-vigier.com\/de\/berater\/#breadcrumb\",\"itemListElement\":[{\"@type\":\"ListItem\",\"position\":1,\"name\":\"Startseite\",\"item\":\"https:\/\/cabinet-vigier.com\/de\/\"},{\"@type\":\"ListItem\",\"position\":2,\"name\":\"Berater\"}]},{\"@type\":\"WebSite\",\"@id\":\"https:\/\/cabinet-vigier.com\/fr\/#website\",\"url\":\"https:\/\/cabinet-vigier.com\/fr\/\",\"name\":\"Cabinet Vigier\",\"description\":\"Deutsch-franz\u00f6sische Anwaltskanzlei - Cabinet d&#039;avocats franco allemand\",\"publisher\":{\"@id\":\"https:\/\/cabinet-vigier.com\/fr\/#organization\"},\"potentialAction\":[{\"@type\":\"SearchAction\",\"target\":{\"@type\":\"EntryPoint\",\"urlTemplate\":\"https:\/\/cabinet-vigier.com\/fr\/?s={search_term_string}\"},\"query-input\":{\"@type\":\"PropertyValueSpecification\",\"valueRequired\":true,\"valueName\":\"search_term_string\"}}],\"inLanguage\":\"de\"},{\"@type\":\"Organization\",\"@id\":\"https:\/\/cabinet-vigier.com\/fr\/#organization\",\"name\":\"Cabinet Vigier\",\"url\":\"https:\/\/cabinet-vigier.com\/fr\/\",\"logo\":{\"@type\":\"ImageObject\",\"inLanguage\":\"de\",\"@id\":\"https:\/\/cabinet-vigier.com\/fr\/#\/schema\/logo\/image\/\",\"url\":\"https:\/\/cabinet-vigier.com\/wp-content\/uploads\/2017\/08\/cropped-AV-Logo-DF-ult10-500x.jpg\",\"contentUrl\":\"https:\/\/cabinet-vigier.com\/wp-content\/uploads\/2017\/08\/cropped-AV-Logo-DF-ult10-500x.jpg\",\"width\":500,\"height\":100,\"caption\":\"Cabinet Vigier\"},\"image\":{\"@id\":\"https:\/\/cabinet-vigier.com\/fr\/#\/schema\/logo\/image\/\"}}]}<\/script>\n<!-- \/ Yoast SEO plugin. -->","yoast_head_json":{"title":"Berater - Cabinet Vigier","description":"Armin VIGIER Rechtsanwalt (M\u00fcnchen) - Avocat au Barreau de Marseille - \u00d6ffentlich bestellter und beeidigter \u00dcbersetzer f\u00fcr die franz\u00f6sische Sprache","robots":{"index":"index","follow":"follow","max-snippet":"max-snippet:-1","max-image-preview":"max-image-preview:large","max-video-preview":"max-video-preview:-1"},"canonical":"https:\/\/cabinet-vigier.com\/de\/berater\/","og_locale":"de_DE","og_type":"article","og_title":"Berater - Cabinet Vigier","og_description":"Armin VIGIER Rechtsanwalt (M\u00fcnchen) - Avocat au Barreau de Marseille - \u00d6ffentlich bestellter und beeidigter \u00dcbersetzer f\u00fcr die franz\u00f6sische Sprache","og_url":"https:\/\/cabinet-vigier.com\/de\/berater\/","og_site_name":"Cabinet Vigier","article_modified_time":"2018-01-15T15:08:51+00:00","og_image":[{"url":"https:\/\/cabinet-vigier.com\/wp-content\/uploads\/2017\/09\/av_1200-500.jpg","type":"","width":"","height":""}],"twitter_card":"summary_large_image","twitter_misc":{"Gesch\u00e4tzte Lesezeit":"1\u00a0Minute"},"schema":{"@context":"https:\/\/schema.org","@graph":[{"@type":"WebPage","@id":"https:\/\/cabinet-vigier.com\/de\/berater\/","url":"https:\/\/cabinet-vigier.com\/de\/berater\/","name":"Berater - Cabinet Vigier","isPartOf":{"@id":"https:\/\/cabinet-vigier.com\/fr\/#website"},"primaryImageOfPage":{"@id":"https:\/\/cabinet-vigier.com\/de\/berater\/#primaryimage"},"image":{"@id":"https:\/\/cabinet-vigier.com\/de\/berater\/#primaryimage"},"thumbnailUrl":"https:\/\/cabinet-vigier.com\/wp-content\/uploads\/2017\/09\/av_1200-500.jpg","datePublished":"2017-07-15T23:04:04+00:00","dateModified":"2018-01-15T15:08:51+00:00","description":"Armin VIGIER Rechtsanwalt (M\u00fcnchen) - Avocat au Barreau de Marseille - \u00d6ffentlich bestellter und beeidigter \u00dcbersetzer f\u00fcr die franz\u00f6sische Sprache","breadcrumb":{"@id":"https:\/\/cabinet-vigier.com\/de\/berater\/#breadcrumb"},"inLanguage":"de","potentialAction":[{"@type":"ReadAction","target":["https:\/\/cabinet-vigier.com\/de\/berater\/"]}]},{"@type":"ImageObject","inLanguage":"de","@id":"https:\/\/cabinet-vigier.com\/de\/berater\/#primaryimage","url":"https:\/\/cabinet-vigier.com\/wp-content\/uploads\/2017\/09\/av_1200-500.jpg","contentUrl":"https:\/\/cabinet-vigier.com\/wp-content\/uploads\/2017\/09\/av_1200-500.jpg"},{"@type":"BreadcrumbList","@id":"https:\/\/cabinet-vigier.com\/de\/berater\/#breadcrumb","itemListElement":[{"@type":"ListItem","position":1,"name":"Startseite","item":"https:\/\/cabinet-vigier.com\/de\/"},{"@type":"ListItem","position":2,"name":"Berater"}]},{"@type":"WebSite","@id":"https:\/\/cabinet-vigier.com\/fr\/#website","url":"https:\/\/cabinet-vigier.com\/fr\/","name":"Cabinet Vigier","description":"Deutsch-franz\u00f6sische Anwaltskanzlei - Cabinet d&#039;avocats franco allemand","publisher":{"@id":"https:\/\/cabinet-vigier.com\/fr\/#organization"},"potentialAction":[{"@type":"SearchAction","target":{"@type":"EntryPoint","urlTemplate":"https:\/\/cabinet-vigier.com\/fr\/?s={search_term_string}"},"query-input":{"@type":"PropertyValueSpecification","valueRequired":true,"valueName":"search_term_string"}}],"inLanguage":"de"},{"@type":"Organization","@id":"https:\/\/cabinet-vigier.com\/fr\/#organization","name":"Cabinet Vigier","url":"https:\/\/cabinet-vigier.com\/fr\/","logo":{"@type":"ImageObject","inLanguage":"de","@id":"https:\/\/cabinet-vigier.com\/fr\/#\/schema\/logo\/image\/","url":"https:\/\/cabinet-vigier.com\/wp-content\/uploads\/2017\/08\/cropped-AV-Logo-DF-ult10-500x.jpg","contentUrl":"https:\/\/cabinet-vigier.com\/wp-content\/uploads\/2017\/08\/cropped-AV-Logo-DF-ult10-500x.jpg","width":500,"height":100,"caption":"Cabinet Vigier"},"image":{"@id":"https:\/\/cabinet-vigier.com\/fr\/#\/schema\/logo\/image\/"}}]}},"_links":{"self":[{"href":"https:\/\/cabinet-vigier.com\/de\/wp-json\/wp\/v2\/pages\/202","targetHints":{"allow":["GET"]}}],"collection":[{"href":"https:\/\/cabinet-vigier.com\/de\/wp-json\/wp\/v2\/pages"}],"about":[{"href":"https:\/\/cabinet-vigier.com\/de\/wp-json\/wp\/v2\/types\/page"}],"author":[{"embeddable":true,"href":"https:\/\/cabinet-vigier.com\/de\/wp-json\/wp\/v2\/users\/2"}],"replies":[{"embeddable":true,"href":"https:\/\/cabinet-vigier.com\/de\/wp-json\/wp\/v2\/comments?post=202"}],"version-history":[{"count":32,"href":"https:\/\/cabinet-vigier.com\/de\/wp-json\/wp\/v2\/pages\/202\/revisions"}],"predecessor-version":[{"id":1034,"href":"https:\/\/cabinet-vigier.com\/de\/wp-json\/wp\/v2\/pages\/202\/revisions\/1034"}],"wp:attachment":[{"href":"https:\/\/cabinet-vigier.com\/de\/wp-json\/wp\/v2\/media?parent=202"}],"curies":[{"name":"wp","href":"https:\/\/api.w.org\/{rel}","templated":true}]}}