{"id":274,"date":"2017-08-05T01:11:13","date_gmt":"2017-08-04T23:11:13","guid":{"rendered":"http:\/\/www.cabinet-vigier.com?page_id=274"},"modified":"2017-11-02T18:55:13","modified_gmt":"2017-11-02T17:55:13","slug":"immobilienrecht-frankreich","status":"publish","type":"page","link":"https:\/\/cabinet-vigier.com\/de\/immobilienrecht-frankreich\/","title":{"rendered":"Immobilienrecht Frankreich"},"content":{"rendered":"<p><span style=\"font-family: helvetica, arial, sans-serif;\"><strong><img fetchpriority=\"high\" decoding=\"async\" src=\"https:\/\/cabinet-vigier.com\/wp-content\/uploads\/2017\/09\/1200_667_immobilier3_alexandre_zveige.jpg\" alt=\"\" width=\"1200\" height=\"627\" \/><span style=\"font-size: 10pt;\">Wir begleiten Sie beim Erwerb oder der Ver\u00e4u\u00dferung Ihrer Immobilie in Frankreich. Wir beraten Sie zur steuerlichen Strukturierung und Optimierung sowie zu allen Fragen rund um Ihre franz\u00f6sische Immobilie und Immobiliengesellschaft.<\/span><\/strong><\/span><\/p>\n<p><span style=\"font-size: 10pt; font-family: helvetica, arial, sans-serif;\"><strong>Erwerb oder Verkauf Ihrer Frankreichimmobilie<\/strong><\/span><\/p>\n<p><span style=\"font-size: 10pt; font-family: helvetica, arial, sans-serif;\">Seit vielen Jahren beraten wir sowohl private als auch institutionelle Investoren bei Immobilieninvestitionen in Frankreich. Hier reicht die Bandbreite unserer Beratungsleistungen von der individuellen Ferienimmobilie \u00fcber das Gewerbeobjekt bis hin zu regulierten Investmentvehikeln (OPCI, SCPI, FIA).<\/span><\/p>\n<p><span style=\"font-size: 10pt; font-family: helvetica, arial, sans-serif;\">Wir besitzen daher umfangreiche Erfahrung bei der Strukturierung, Vorbereitung, Durchf\u00fchrung und Abwicklung von Transaktionen im Zusammenhang mit franz\u00f6sischen Immobilien und Immobiliengesellschaften sowie deren Finanzierung und beraten umfassend in allen damit zusammenh\u00e4ngenden Rechts- und Steuerfragen. Hierbei ziehen wir je nach Erfordernis uns f\u00fcr ihre besondere Erfahrung und Kompetenz bekannte Notare, Architekten und anderen Sachverst\u00e4ndigen hinzu.<strong>\u00a0<\/strong><\/span><\/p>\n<p><span style=\"font-size: 10pt; font-family: helvetica, arial, sans-serif;\"><strong>Laufende Nutzung oder Vermietung<\/strong><\/span><\/p>\n<p><span style=\"font-size: 10pt; font-family: helvetica, arial, sans-serif;\">Daneben beraten wir unsere Mandanten zu allen Rechts- und Steuerfragen im Zusammenhang mit der laufenden Nutzung und Verwaltung der Immobilie nach Erwerb, insbesondere zum franz\u00f6sischen Mietrecht, zum franz\u00f6sischen Recht der Wohnungseigent\u00fcmergemeinschaft (copropri\u00e9t\u00e9) oder dem Recht der in Frankreich weit verbreiteten Erschlie\u00dfungsgemeinschaften (lotissement) sowie zum franz\u00f6sischen Bau- und Bauordnungsrecht (urbanisme).<\/span><\/p>\n<p><span style=\"font-size: 10pt; font-family: helvetica, arial, sans-serif;\"><strong>Franz\u00f6sische Immobiliengesellschaft oder Immobilienbruchteilsgemeinschaft (indivision)<\/strong><\/span><\/p>\n<p><span style=\"font-size: 10pt; font-family: helvetica, arial, sans-serif;\">Weiter erstrecken sich unsere Leistungen auch auf die Beratung zu allen Fragen der Gr\u00fcndung, Verwaltung und Auseinandersetzung von franz\u00f6sischen Immobiliengesellschaften und Bruchteilsgemeinschaften (indivision).<\/span><\/p>\n<p><span style=\"font-size: 10pt; font-family: helvetica, arial, sans-serif;\"><strong>Teilung und Zwangsverwertung von Frankreichimmobilien<\/strong><\/span><\/p>\n<p><span style=\"font-size: 10pt; font-family: helvetica, arial, sans-serif;\">Schlie\u00dflich begleiten wir unsere Mandanten auch bei der g\u00fctlichen Teilung oder gerichtlichen Zwangsverwertung franz\u00f6sischer Immobilien, sei es auf der Grundlage von Grundpfandrechten oder im Rahmen der Auseinandersetzung von Erbengemeinschaften, Bruchteilsgemeinschaften oder Immobiliengesellschaften.<\/span><\/p>\n<p><span style=\"font-size: 10pt; font-family: helvetica, arial, sans-serif;\"><strong>Steuern im Zusammenhang mit franz\u00f6sischen Immobilien<\/strong><\/span><\/p>\n<p><span style=\"font-size: 10pt; font-family: helvetica, arial, sans-serif;\">Ein gro\u00dfer Bestandteil unserer T\u00e4tigkeit besteht in der Beratung unserer Mandanten zu allen Steuerfragen im Zusammenhang mit ihrer Frankreichimmobilie: Grundsteuer und Wohnsteuer, Steuern auf Eink\u00fcnfte aus Vermietung und Verpachtung, Steuern auf Wertzuw\u00e4chse bei Wiederverkauf, Verm\u00f6genssteuer sowie Steuer auf Immobilienerbschaften und Immobilienschenkungen in Frankreich.<\/span><\/p>\n<p><span style=\"font-size: 10pt; font-family: helvetica, arial, sans-serif; color: #ff0000;\"><strong>FACHBEITR\u00c4GE ZUM FRANZ\u00d6SISCHEN IMMOBILIENRECHT<\/strong><\/span><\/p>\n<p><span style=\"font-size: 10pt; font-family: helvetica, arial, sans-serif;\">In den nachfolgend verlinkten Fachbeitr\u00e4gen geben wir Ihnen einen \u00dcberblick zu wichtigen Aspekten des franz\u00f6sischen Immobilienrechts, die einen wesentlichen Schwerpunkt unserer T\u00e4tigkeit bilden:<\/span><\/p>\n<p><span style=\"font-size: 10pt; font-family: helvetica, arial, sans-serif;\"><a href=\"https:\/\/cabinet-vigier.com\/de\/immobilienkauf-in-frankreich-grundlagen\/\">1. Rechtliche Grundlagen des Immobilienerwerbs in Frankreich<\/a><\/span><\/p>\n<p><span style=\"font-size: 10pt;\"><a href=\"https:\/\/cabinet-vigier.com\/steuern-rund-um-die-frankreichimmobilie\/\"><span style=\"font-family: helvetica, arial, sans-serif;\">2. Steuern rund um die Frankreichimmobilie<\/span><\/a><\/span><\/p>\n<p><span style=\"font-size: 10pt; font-family: helvetica, arial, sans-serif;\"><a href=\"https:\/\/cabinet-vigier.com\/besonderheiten-beim-kauf-von-neubauten-in-frankreich\/\">3. Besonderheiten beim Kauf von Neubauten in Frankreich (VEFA, VAT, CCMI)<\/a><\/span><\/p>\n<p><span style=\"font-size: 10pt; font-family: helvetica, arial, sans-serif;\"><a href=\"https:\/\/cabinet-vigier.com\/vefa-fertigstellung-abnahme-und-gewaehrleistung\/\">4.\u00a0VEFA &#8211; Fertigstellung, Abnahme und Gew\u00e4hrleistung<\/a><\/span><\/p>\n<p><span style=\"font-size: 10pt;\"><a href=\"https:\/\/cabinet-vigier.com\/besonderheiten-beim-kauf-von-zu-renovierenden-gebaeuden-in-frankreich\/\"><span style=\"font-family: helvetica, arial, sans-serif;\">5. Besonderheiten beim Kauf von zu renovierenden Geb\u00e4uden in Frankreich (VIR)<\/span><\/a><\/span><\/p>\n<p><span style=\"font-size: 10pt; font-family: helvetica, arial, sans-serif;\"><a href=\"https:\/\/cabinet-vigier.com\/besonderheiten-beim-kauf-von-wohnungseigentum-in-frankreich\/\">6. Besonderheiten beim Kauf von Wohnungseigentum in Frankreich (corpropri\u00e9t\u00e9)<\/a><\/span><\/p>\n<p><span style=\"font-size: 10pt; font-family: helvetica, arial, sans-serif;\"><a href=\"https:\/\/cabinet-vigier.com\/steuerrechtliche-bewertung-von-immobilien-in-frankreich\/\">7. Steuerrechtliche Bewertung von Immobilien in Frankreich<\/a><\/span><\/p>\n<p><span style=\"font-size: 10pt; font-family: helvetica, arial, sans-serif;\"><a href=\"https:\/\/cabinet-vigier.com\/rechtliche-aspekte-der-ferienvermietung-in-frankreich\/\">8.\u00a0Rechtliche Aspekte der Ferienvermietung in Frankreich<\/a><\/span><\/p>\n<p><span style=\"font-size: 10pt; font-family: helvetica, arial, sans-serif;\"><a href=\"https:\/\/cabinet-vigier.com\/sanktionierung-illegaler-oder-rechtswidriger-bauwerke-nach-franzoesischem-recht\/\">9.\u00a0Sanktionierung illegaler oder rechtswidriger Bauwerke nach franz\u00f6sischem Recht<\/a><\/span><\/p>\n<p><span style=\"font-size: 10pt;\"><a href=\"https:\/\/cabinet-vigier.com\/notarkosten-beim-immobilienkauf-in-frankreich\/\"><span style=\"font-family: helvetica, arial, sans-serif;\">10. Notarkosten beim Immobilienerwerb in Frankreich<\/span><\/a><\/span><\/p>\n<p><span style=\"font-size: 10pt;\"><a href=\"https:\/\/cabinet-vigier.com\/der-franzoesische-immobilienmakler-agent-immobilier\/\"><span style=\"font-family: helvetica, arial, sans-serif;\">11. Der franz\u00f6sische Immobilienmakler<\/span><\/a><\/span><\/p>\n<p>&nbsp;<\/p>\n","protected":false},"excerpt":{"rendered":"<p>Wir begleiten Sie beim Erwerb oder der Ver\u00e4u\u00dferung Ihrer Immobilie in Frankreich. Wir beraten Sie zur steuerlichen Strukturierung und Optimierung sowie zu allen Fragen rund um Ihre franz\u00f6sische Immobilie und Immobiliengesellschaft. Erwerb oder Verkauf Ihrer Frankreichimmobilie Seit vielen Jahren beraten wir sowohl private als auch institutionelle Investoren bei Immobilieninvestitionen in Frankreich. Hier reicht die Bandbreite &#8230; <a title=\"Immobilienrecht Frankreich\" class=\"read-more\" href=\"https:\/\/cabinet-vigier.com\/de\/immobilienrecht-frankreich\/\" aria-label=\"Mehr zu Immobilienrecht Frankreich\">Weiterlesen &#8230;<\/a><\/p>\n","protected":false},"author":2,"featured_media":0,"parent":0,"menu_order":0,"comment_status":"closed","ping_status":"closed","template":"","meta":{"_monsterinsights_skip_tracking":false,"_monsterinsights_sitenote_active":false,"_monsterinsights_sitenote_note":"","_monsterinsights_sitenote_category":0,"_uf_show_specific_survey":0,"_uf_disable_surveys":false,"generate_page_header":"","footnotes":""},"class_list":["post-274","page","type-page","status-publish"],"yoast_head":"<!-- This site is optimized with the Yoast SEO plugin v24.5 - https:\/\/yoast.com\/wordpress\/plugins\/seo\/ -->\n<title>Immobilienrecht Frankreich - Cabinet Vigier<\/title>\n<meta name=\"robots\" content=\"index, follow, max-snippet:-1, max-image-preview:large, max-video-preview:-1\" \/>\n<link rel=\"canonical\" href=\"https:\/\/cabinet-vigier.com\/de\/immobilienrecht-frankreich\/\" \/>\n<meta property=\"og:locale\" content=\"de_DE\" \/>\n<meta property=\"og:type\" content=\"article\" \/>\n<meta property=\"og:title\" content=\"Immobilienrecht Frankreich - Cabinet Vigier\" \/>\n<meta property=\"og:description\" content=\"Wir begleiten Sie beim Erwerb oder der Ver\u00e4u\u00dferung Ihrer Immobilie in Frankreich. Wir beraten Sie zur steuerlichen Strukturierung und Optimierung sowie zu allen Fragen rund um Ihre franz\u00f6sische Immobilie und Immobiliengesellschaft. Erwerb oder Verkauf Ihrer Frankreichimmobilie Seit vielen Jahren beraten wir sowohl private als auch institutionelle Investoren bei Immobilieninvestitionen in Frankreich. Hier reicht die Bandbreite ... Weiterlesen ...\" \/>\n<meta property=\"og:url\" content=\"https:\/\/cabinet-vigier.com\/de\/immobilienrecht-frankreich\/\" \/>\n<meta property=\"og:site_name\" content=\"Cabinet Vigier\" \/>\n<meta property=\"article:modified_time\" content=\"2017-11-02T17:55:13+00:00\" \/>\n<meta property=\"og:image\" content=\"https:\/\/cabinet-vigier.com\/wp-content\/uploads\/2017\/09\/1200_667_immobilier3_alexandre_zveige.jpg\" \/>\n<meta name=\"twitter:card\" content=\"summary_large_image\" \/>\n<meta name=\"twitter:label1\" content=\"Gesch\u00e4tzte Lesezeit\" \/>\n\t<meta name=\"twitter:data1\" content=\"2\u00a0Minuten\" \/>\n<script type=\"application\/ld+json\" class=\"yoast-schema-graph\">{\"@context\":\"https:\/\/schema.org\",\"@graph\":[{\"@type\":\"WebPage\",\"@id\":\"https:\/\/cabinet-vigier.com\/de\/immobilienrecht-frankreich\/\",\"url\":\"https:\/\/cabinet-vigier.com\/de\/immobilienrecht-frankreich\/\",\"name\":\"Immobilienrecht Frankreich - Cabinet Vigier\",\"isPartOf\":{\"@id\":\"https:\/\/cabinet-vigier.com\/fr\/#website\"},\"primaryImageOfPage\":{\"@id\":\"https:\/\/cabinet-vigier.com\/de\/immobilienrecht-frankreich\/#primaryimage\"},\"image\":{\"@id\":\"https:\/\/cabinet-vigier.com\/de\/immobilienrecht-frankreich\/#primaryimage\"},\"thumbnailUrl\":\"https:\/\/cabinet-vigier.com\/wp-content\/uploads\/2017\/09\/1200_667_immobilier3_alexandre_zveige.jpg\",\"datePublished\":\"2017-08-04T23:11:13+00:00\",\"dateModified\":\"2017-11-02T17:55:13+00:00\",\"breadcrumb\":{\"@id\":\"https:\/\/cabinet-vigier.com\/de\/immobilienrecht-frankreich\/#breadcrumb\"},\"inLanguage\":\"de\",\"potentialAction\":[{\"@type\":\"ReadAction\",\"target\":[\"https:\/\/cabinet-vigier.com\/de\/immobilienrecht-frankreich\/\"]}]},{\"@type\":\"ImageObject\",\"inLanguage\":\"de\",\"@id\":\"https:\/\/cabinet-vigier.com\/de\/immobilienrecht-frankreich\/#primaryimage\",\"url\":\"https:\/\/cabinet-vigier.com\/wp-content\/uploads\/2017\/09\/1200_667_immobilier3_alexandre_zveige.jpg\",\"contentUrl\":\"https:\/\/cabinet-vigier.com\/wp-content\/uploads\/2017\/09\/1200_667_immobilier3_alexandre_zveige.jpg\"},{\"@type\":\"BreadcrumbList\",\"@id\":\"https:\/\/cabinet-vigier.com\/de\/immobilienrecht-frankreich\/#breadcrumb\",\"itemListElement\":[{\"@type\":\"ListItem\",\"position\":1,\"name\":\"Startseite\",\"item\":\"https:\/\/cabinet-vigier.com\/de\/\"},{\"@type\":\"ListItem\",\"position\":2,\"name\":\"Immobilienrecht Frankreich\"}]},{\"@type\":\"WebSite\",\"@id\":\"https:\/\/cabinet-vigier.com\/fr\/#website\",\"url\":\"https:\/\/cabinet-vigier.com\/fr\/\",\"name\":\"Cabinet Vigier\",\"description\":\"Deutsch-franz\u00f6sische Anwaltskanzlei - Cabinet d&#039;avocats franco allemand\",\"publisher\":{\"@id\":\"https:\/\/cabinet-vigier.com\/fr\/#organization\"},\"potentialAction\":[{\"@type\":\"SearchAction\",\"target\":{\"@type\":\"EntryPoint\",\"urlTemplate\":\"https:\/\/cabinet-vigier.com\/fr\/?s={search_term_string}\"},\"query-input\":{\"@type\":\"PropertyValueSpecification\",\"valueRequired\":true,\"valueName\":\"search_term_string\"}}],\"inLanguage\":\"de\"},{\"@type\":\"Organization\",\"@id\":\"https:\/\/cabinet-vigier.com\/fr\/#organization\",\"name\":\"Cabinet Vigier\",\"url\":\"https:\/\/cabinet-vigier.com\/fr\/\",\"logo\":{\"@type\":\"ImageObject\",\"inLanguage\":\"de\",\"@id\":\"https:\/\/cabinet-vigier.com\/fr\/#\/schema\/logo\/image\/\",\"url\":\"https:\/\/cabinet-vigier.com\/wp-content\/uploads\/2017\/08\/cropped-AV-Logo-DF-ult10-500x.jpg\",\"contentUrl\":\"https:\/\/cabinet-vigier.com\/wp-content\/uploads\/2017\/08\/cropped-AV-Logo-DF-ult10-500x.jpg\",\"width\":500,\"height\":100,\"caption\":\"Cabinet Vigier\"},\"image\":{\"@id\":\"https:\/\/cabinet-vigier.com\/fr\/#\/schema\/logo\/image\/\"}}]}<\/script>\n<!-- \/ Yoast SEO plugin. -->","yoast_head_json":{"title":"Immobilienrecht Frankreich - Cabinet Vigier","robots":{"index":"index","follow":"follow","max-snippet":"max-snippet:-1","max-image-preview":"max-image-preview:large","max-video-preview":"max-video-preview:-1"},"canonical":"https:\/\/cabinet-vigier.com\/de\/immobilienrecht-frankreich\/","og_locale":"de_DE","og_type":"article","og_title":"Immobilienrecht Frankreich - Cabinet Vigier","og_description":"Wir begleiten Sie beim Erwerb oder der Ver\u00e4u\u00dferung Ihrer Immobilie in Frankreich. Wir beraten Sie zur steuerlichen Strukturierung und Optimierung sowie zu allen Fragen rund um Ihre franz\u00f6sische Immobilie und Immobiliengesellschaft. Erwerb oder Verkauf Ihrer Frankreichimmobilie Seit vielen Jahren beraten wir sowohl private als auch institutionelle Investoren bei Immobilieninvestitionen in Frankreich. Hier reicht die Bandbreite ... Weiterlesen ...","og_url":"https:\/\/cabinet-vigier.com\/de\/immobilienrecht-frankreich\/","og_site_name":"Cabinet Vigier","article_modified_time":"2017-11-02T17:55:13+00:00","og_image":[{"url":"https:\/\/cabinet-vigier.com\/wp-content\/uploads\/2017\/09\/1200_667_immobilier3_alexandre_zveige.jpg","type":"","width":"","height":""}],"twitter_card":"summary_large_image","twitter_misc":{"Gesch\u00e4tzte Lesezeit":"2\u00a0Minuten"},"schema":{"@context":"https:\/\/schema.org","@graph":[{"@type":"WebPage","@id":"https:\/\/cabinet-vigier.com\/de\/immobilienrecht-frankreich\/","url":"https:\/\/cabinet-vigier.com\/de\/immobilienrecht-frankreich\/","name":"Immobilienrecht Frankreich - Cabinet Vigier","isPartOf":{"@id":"https:\/\/cabinet-vigier.com\/fr\/#website"},"primaryImageOfPage":{"@id":"https:\/\/cabinet-vigier.com\/de\/immobilienrecht-frankreich\/#primaryimage"},"image":{"@id":"https:\/\/cabinet-vigier.com\/de\/immobilienrecht-frankreich\/#primaryimage"},"thumbnailUrl":"https:\/\/cabinet-vigier.com\/wp-content\/uploads\/2017\/09\/1200_667_immobilier3_alexandre_zveige.jpg","datePublished":"2017-08-04T23:11:13+00:00","dateModified":"2017-11-02T17:55:13+00:00","breadcrumb":{"@id":"https:\/\/cabinet-vigier.com\/de\/immobilienrecht-frankreich\/#breadcrumb"},"inLanguage":"de","potentialAction":[{"@type":"ReadAction","target":["https:\/\/cabinet-vigier.com\/de\/immobilienrecht-frankreich\/"]}]},{"@type":"ImageObject","inLanguage":"de","@id":"https:\/\/cabinet-vigier.com\/de\/immobilienrecht-frankreich\/#primaryimage","url":"https:\/\/cabinet-vigier.com\/wp-content\/uploads\/2017\/09\/1200_667_immobilier3_alexandre_zveige.jpg","contentUrl":"https:\/\/cabinet-vigier.com\/wp-content\/uploads\/2017\/09\/1200_667_immobilier3_alexandre_zveige.jpg"},{"@type":"BreadcrumbList","@id":"https:\/\/cabinet-vigier.com\/de\/immobilienrecht-frankreich\/#breadcrumb","itemListElement":[{"@type":"ListItem","position":1,"name":"Startseite","item":"https:\/\/cabinet-vigier.com\/de\/"},{"@type":"ListItem","position":2,"name":"Immobilienrecht Frankreich"}]},{"@type":"WebSite","@id":"https:\/\/cabinet-vigier.com\/fr\/#website","url":"https:\/\/cabinet-vigier.com\/fr\/","name":"Cabinet Vigier","description":"Deutsch-franz\u00f6sische Anwaltskanzlei - Cabinet d&#039;avocats franco allemand","publisher":{"@id":"https:\/\/cabinet-vigier.com\/fr\/#organization"},"potentialAction":[{"@type":"SearchAction","target":{"@type":"EntryPoint","urlTemplate":"https:\/\/cabinet-vigier.com\/fr\/?s={search_term_string}"},"query-input":{"@type":"PropertyValueSpecification","valueRequired":true,"valueName":"search_term_string"}}],"inLanguage":"de"},{"@type":"Organization","@id":"https:\/\/cabinet-vigier.com\/fr\/#organization","name":"Cabinet Vigier","url":"https:\/\/cabinet-vigier.com\/fr\/","logo":{"@type":"ImageObject","inLanguage":"de","@id":"https:\/\/cabinet-vigier.com\/fr\/#\/schema\/logo\/image\/","url":"https:\/\/cabinet-vigier.com\/wp-content\/uploads\/2017\/08\/cropped-AV-Logo-DF-ult10-500x.jpg","contentUrl":"https:\/\/cabinet-vigier.com\/wp-content\/uploads\/2017\/08\/cropped-AV-Logo-DF-ult10-500x.jpg","width":500,"height":100,"caption":"Cabinet Vigier"},"image":{"@id":"https:\/\/cabinet-vigier.com\/fr\/#\/schema\/logo\/image\/"}}]}},"_links":{"self":[{"href":"https:\/\/cabinet-vigier.com\/de\/wp-json\/wp\/v2\/pages\/274","targetHints":{"allow":["GET"]}}],"collection":[{"href":"https:\/\/cabinet-vigier.com\/de\/wp-json\/wp\/v2\/pages"}],"about":[{"href":"https:\/\/cabinet-vigier.com\/de\/wp-json\/wp\/v2\/types\/page"}],"author":[{"embeddable":true,"href":"https:\/\/cabinet-vigier.com\/de\/wp-json\/wp\/v2\/users\/2"}],"replies":[{"embeddable":true,"href":"https:\/\/cabinet-vigier.com\/de\/wp-json\/wp\/v2\/comments?post=274"}],"version-history":[{"count":24,"href":"https:\/\/cabinet-vigier.com\/de\/wp-json\/wp\/v2\/pages\/274\/revisions"}],"predecessor-version":[{"id":918,"href":"https:\/\/cabinet-vigier.com\/de\/wp-json\/wp\/v2\/pages\/274\/revisions\/918"}],"wp:attachment":[{"href":"https:\/\/cabinet-vigier.com\/de\/wp-json\/wp\/v2\/media?parent=274"}],"curies":[{"name":"wp","href":"https:\/\/api.w.org\/{rel}","templated":true}]}}