{"id":301,"date":"2017-08-05T21:17:27","date_gmt":"2017-08-05T19:17:27","guid":{"rendered":"http:\/\/www.cabinet-vigier.com?page_id=301"},"modified":"2017-12-10T23:05:52","modified_gmt":"2017-12-10T22:05:52","slug":"erbrecht-frankreich","status":"publish","type":"page","link":"https:\/\/cabinet-vigier.com\/de\/erbrecht-frankreich\/","title":{"rendered":"Erbrecht und Schenkungsrecht in Frankreich"},"content":{"rendered":"<p><strong><img fetchpriority=\"high\" decoding=\"async\" src=\"https:\/\/cabinet-vigier.com\/wp-content\/uploads\/2017\/09\/1200_667_succession2_vectorfusionart-1024x535.jpg\" alt=\"\" width=\"1024\" height=\"535\" \/>Wir beraten Sie umfassend zu grenz\u00fcberschreitenden Erbschaften und Schenkungen: Gestaltung erb- und schenkungsrechtlicher Verf\u00fcgungen, Begleitung bei der Nachlassabwicklung in Frankreich und Deutschland, Vermeidung doppelter Besteuerung.<\/strong><\/p>\n<p>Internationale Erbschaften und Schenkungen werfen zahlreiche besondere Fragen und Probleme auf, da sie oft zur Anwendung eines ausl\u00e4ndischen Rechts oder zur kumulativen Anwendung der Regeln mehrerer unterschiedlicher nationaler Rechtsordnungen f\u00fchren, die die Beteiligten nicht oder nicht ausreichend beherrschen.<\/p>\n<p>Gerade auch wenn sich Nachlassgegenst\u00e4nde in mehreren L\u00e4ndern befinden oder die am Nachlass beteiligten Personen ihren Wohnsitz in verschiedenen L\u00e4ndern haben, bedarf es der Einschaltung der jeweils vor Ort f\u00fcr die Nachlassabwicklung zust\u00e4ndigen staatlichen Amtstr\u00e4ger oder Gerichte. \u00dcberschneidungen und Kompetenzkonflikte f\u00fchren nicht selten zu Komplikationen in der Nachlassabwicklung.<\/p>\n<p>In der Regel sind auch Steuerpflichten in den verschiedenen betroffenen L\u00e4ndern zu erf\u00fcllen, wobei wegen \u00dcberschneidungen stets die Gefahr der doppelten Besteuerung im Raum steht.<\/p>\n<p>In jeder Phase der erb- oder schenkungsrechtlichen Abwicklung im deutsch-franz\u00f6sischen Verh\u00e4ltnis begleiten wir unsere Mandanten im Interesse der Vermeidung oder Beseitigung all dieser Probleme. Hierbei erbringen wir insbesondere folgende anwaltliche Dienstleistungen:<\/p>\n<ul>\n<li>Zivil- und steuerrechtliche Strukturierung von grenz\u00fcberschreitenden (deutsch-franz\u00f6sischen) Nachl\u00e4ssen;<\/li>\n<li>Gestaltung Erb- und Schenkungsrechtlicher Verf\u00fcgungen (Testamente, Erbvertr\u00e4ge) unter Ber\u00fccksichtigung des deutschen und franz\u00f6sischen Rechts;<\/li>\n<li>Begleitung bei der grenz\u00fcberschreitenden Erbschaftsfeststellung und -abwicklung in Deutschland und Frankreich: T\u00e4tigkeit als zentrale Schnittstelle zwischen den deutschen und franz\u00f6sischen Organen der Nachlassabwicklung (Notar in Frankreich, Nachlassgericht in Deutschland);<\/li>\n<li>Geltendmachung und Durchsetzung von erbrechtlichen Pflichtteilsanspr\u00fcchen und Reservatserbrechten in Deutschland und Frankreich;<\/li>\n<li>Begleitung bei der Erf\u00fcllung steuerrechtlicher Anzeige- und Erkl\u00e4rungspflichten im Zusammenhang mit Erbschaften und Schenkungen in Frankreich und Deutschland unter Ber\u00fccksichtigung der anwendbaren Regeln zur Vermeidung der Doppelbesteuerung.<\/li>\n<li>Umfassende Begleitung bei der Auseinandersetzung von Nachl\u00e4ssen und Erbengemeinschaften in Deutschland und Frankreich.<\/li>\n<\/ul>\n<p><span style=\"color: #ff0000;\"><strong><br \/>\nFACHBEITR\u00c4GE ZUM DEUTSCH-FRANZ\u00d6SISCHEN ERB- UND SCHENKUNGSRECHTSTEUERRECHT<\/strong><\/span><\/p>\n<p>In den nachfolgend verlinkten Fachbeitr\u00e4gen geben wir Ihnen einen \u00dcberblick zu wichtigen Aspekten des deutsch-franz\u00f6sischen Erb- und Schenkungsrechts, die einen wesentlichen Schwerpunkt unserer T\u00e4tigkeit bilden:<\/p>\n<p>&nbsp;<\/p>\n<p><a href=\"https:\/\/cabinet-vigier.com\/de\/vermeidung-der-doppelbesteuerung-in-deutsch-franzoesischen-schenk-und-erbfaellen\/\">Vermeidung der Doppelbesteuerung in deutsch-franz\u00f6sischen Schenk- und Erbf\u00e4llen<\/a><\/p>\n<p>&nbsp;<\/p>\n","protected":false},"excerpt":{"rendered":"<p>Wir beraten Sie umfassend zu grenz\u00fcberschreitenden Erbschaften und Schenkungen: Gestaltung erb- und schenkungsrechtlicher Verf\u00fcgungen, Begleitung bei der Nachlassabwicklung in Frankreich und Deutschland, Vermeidung doppelter Besteuerung. Internationale Erbschaften und Schenkungen werfen zahlreiche besondere Fragen und Probleme auf, da sie oft zur Anwendung eines ausl\u00e4ndischen Rechts oder zur kumulativen Anwendung der Regeln mehrerer unterschiedlicher nationaler Rechtsordnungen f\u00fchren, &#8230; <a title=\"Erbrecht und Schenkungsrecht in Frankreich\" class=\"read-more\" href=\"https:\/\/cabinet-vigier.com\/de\/erbrecht-frankreich\/\" aria-label=\"Mehr zu Erbrecht und Schenkungsrecht in Frankreich\">Weiterlesen &#8230;<\/a><\/p>\n","protected":false},"author":2,"featured_media":0,"parent":0,"menu_order":0,"comment_status":"closed","ping_status":"closed","template":"","meta":{"_monsterinsights_skip_tracking":false,"_monsterinsights_sitenote_active":false,"_monsterinsights_sitenote_note":"","_monsterinsights_sitenote_category":0,"_uf_show_specific_survey":0,"_uf_disable_surveys":false,"generate_page_header":"","footnotes":""},"class_list":["post-301","page","type-page","status-publish"],"yoast_head":"<!-- This site is optimized with the Yoast SEO plugin v24.5 - https:\/\/yoast.com\/wordpress\/plugins\/seo\/ -->\n<title>Erbrecht und Schenkungsrecht in Frankreich - Cabinet Vigier<\/title>\n<meta name=\"description\" content=\"Gestaltung erb- und schenkungsrechtlicher Verf\u00fcgungen, Begleitung bei der Nachlassabwicklung in Frankreich und Deutschland, Vermeidung doppelter Besteuerung\" \/>\n<meta name=\"robots\" content=\"index, follow, max-snippet:-1, max-image-preview:large, max-video-preview:-1\" \/>\n<link rel=\"canonical\" href=\"https:\/\/cabinet-vigier.com\/de\/erbrecht-frankreich\/\" \/>\n<meta property=\"og:locale\" content=\"de_DE\" \/>\n<meta property=\"og:type\" content=\"article\" \/>\n<meta property=\"og:title\" content=\"Erbrecht und Schenkungsrecht in Frankreich - Cabinet Vigier\" \/>\n<meta property=\"og:description\" content=\"Gestaltung erb- und schenkungsrechtlicher Verf\u00fcgungen, Begleitung bei der Nachlassabwicklung in Frankreich und Deutschland, Vermeidung doppelter Besteuerung\" \/>\n<meta property=\"og:url\" content=\"https:\/\/cabinet-vigier.com\/de\/erbrecht-frankreich\/\" \/>\n<meta property=\"og:site_name\" content=\"Cabinet Vigier\" \/>\n<meta property=\"article:modified_time\" content=\"2017-12-10T22:05:52+00:00\" \/>\n<meta property=\"og:image\" content=\"https:\/\/cabinet-vigier.com\/wp-content\/uploads\/2017\/09\/1200_667_succession2_vectorfusionart-1024x535.jpg\" \/>\n<meta name=\"twitter:card\" content=\"summary_large_image\" \/>\n<meta name=\"twitter:label1\" content=\"Gesch\u00e4tzte Lesezeit\" \/>\n\t<meta name=\"twitter:data1\" content=\"2\u00a0Minuten\" \/>\n<script type=\"application\/ld+json\" class=\"yoast-schema-graph\">{\"@context\":\"https:\/\/schema.org\",\"@graph\":[{\"@type\":\"WebPage\",\"@id\":\"https:\/\/cabinet-vigier.com\/de\/erbrecht-frankreich\/\",\"url\":\"https:\/\/cabinet-vigier.com\/de\/erbrecht-frankreich\/\",\"name\":\"Erbrecht und Schenkungsrecht in Frankreich - Cabinet Vigier\",\"isPartOf\":{\"@id\":\"https:\/\/cabinet-vigier.com\/fr\/#website\"},\"primaryImageOfPage\":{\"@id\":\"https:\/\/cabinet-vigier.com\/de\/erbrecht-frankreich\/#primaryimage\"},\"image\":{\"@id\":\"https:\/\/cabinet-vigier.com\/de\/erbrecht-frankreich\/#primaryimage\"},\"thumbnailUrl\":\"https:\/\/cabinet-vigier.com\/wp-content\/uploads\/2017\/09\/1200_667_succession2_vectorfusionart-1024x535.jpg\",\"datePublished\":\"2017-08-05T19:17:27+00:00\",\"dateModified\":\"2017-12-10T22:05:52+00:00\",\"description\":\"Gestaltung erb- und schenkungsrechtlicher Verf\u00fcgungen, Begleitung bei der Nachlassabwicklung in Frankreich und Deutschland, Vermeidung doppelter Besteuerung\",\"breadcrumb\":{\"@id\":\"https:\/\/cabinet-vigier.com\/de\/erbrecht-frankreich\/#breadcrumb\"},\"inLanguage\":\"de\",\"potentialAction\":[{\"@type\":\"ReadAction\",\"target\":[\"https:\/\/cabinet-vigier.com\/de\/erbrecht-frankreich\/\"]}]},{\"@type\":\"ImageObject\",\"inLanguage\":\"de\",\"@id\":\"https:\/\/cabinet-vigier.com\/de\/erbrecht-frankreich\/#primaryimage\",\"url\":\"https:\/\/cabinet-vigier.com\/wp-content\/uploads\/2017\/09\/1200_667_succession2_vectorfusionart-1024x535.jpg\",\"contentUrl\":\"https:\/\/cabinet-vigier.com\/wp-content\/uploads\/2017\/09\/1200_667_succession2_vectorfusionart-1024x535.jpg\"},{\"@type\":\"BreadcrumbList\",\"@id\":\"https:\/\/cabinet-vigier.com\/de\/erbrecht-frankreich\/#breadcrumb\",\"itemListElement\":[{\"@type\":\"ListItem\",\"position\":1,\"name\":\"Startseite\",\"item\":\"https:\/\/cabinet-vigier.com\/de\/\"},{\"@type\":\"ListItem\",\"position\":2,\"name\":\"Erbrecht und Schenkungsrecht in Frankreich\"}]},{\"@type\":\"WebSite\",\"@id\":\"https:\/\/cabinet-vigier.com\/fr\/#website\",\"url\":\"https:\/\/cabinet-vigier.com\/fr\/\",\"name\":\"Cabinet Vigier\",\"description\":\"Deutsch-franz\u00f6sische Anwaltskanzlei - Cabinet d&#039;avocats franco allemand\",\"publisher\":{\"@id\":\"https:\/\/cabinet-vigier.com\/fr\/#organization\"},\"potentialAction\":[{\"@type\":\"SearchAction\",\"target\":{\"@type\":\"EntryPoint\",\"urlTemplate\":\"https:\/\/cabinet-vigier.com\/fr\/?s={search_term_string}\"},\"query-input\":{\"@type\":\"PropertyValueSpecification\",\"valueRequired\":true,\"valueName\":\"search_term_string\"}}],\"inLanguage\":\"de\"},{\"@type\":\"Organization\",\"@id\":\"https:\/\/cabinet-vigier.com\/fr\/#organization\",\"name\":\"Cabinet Vigier\",\"url\":\"https:\/\/cabinet-vigier.com\/fr\/\",\"logo\":{\"@type\":\"ImageObject\",\"inLanguage\":\"de\",\"@id\":\"https:\/\/cabinet-vigier.com\/fr\/#\/schema\/logo\/image\/\",\"url\":\"https:\/\/cabinet-vigier.com\/wp-content\/uploads\/2017\/08\/cropped-AV-Logo-DF-ult10-500x.jpg\",\"contentUrl\":\"https:\/\/cabinet-vigier.com\/wp-content\/uploads\/2017\/08\/cropped-AV-Logo-DF-ult10-500x.jpg\",\"width\":500,\"height\":100,\"caption\":\"Cabinet Vigier\"},\"image\":{\"@id\":\"https:\/\/cabinet-vigier.com\/fr\/#\/schema\/logo\/image\/\"}}]}<\/script>\n<!-- \/ Yoast SEO plugin. -->","yoast_head_json":{"title":"Erbrecht und Schenkungsrecht in Frankreich - Cabinet Vigier","description":"Gestaltung erb- und schenkungsrechtlicher Verf\u00fcgungen, Begleitung bei der Nachlassabwicklung in Frankreich und Deutschland, Vermeidung doppelter Besteuerung","robots":{"index":"index","follow":"follow","max-snippet":"max-snippet:-1","max-image-preview":"max-image-preview:large","max-video-preview":"max-video-preview:-1"},"canonical":"https:\/\/cabinet-vigier.com\/de\/erbrecht-frankreich\/","og_locale":"de_DE","og_type":"article","og_title":"Erbrecht und Schenkungsrecht in Frankreich - Cabinet Vigier","og_description":"Gestaltung erb- und schenkungsrechtlicher Verf\u00fcgungen, Begleitung bei der Nachlassabwicklung in Frankreich und Deutschland, Vermeidung doppelter Besteuerung","og_url":"https:\/\/cabinet-vigier.com\/de\/erbrecht-frankreich\/","og_site_name":"Cabinet Vigier","article_modified_time":"2017-12-10T22:05:52+00:00","og_image":[{"url":"https:\/\/cabinet-vigier.com\/wp-content\/uploads\/2017\/09\/1200_667_succession2_vectorfusionart-1024x535.jpg","type":"","width":"","height":""}],"twitter_card":"summary_large_image","twitter_misc":{"Gesch\u00e4tzte Lesezeit":"2\u00a0Minuten"},"schema":{"@context":"https:\/\/schema.org","@graph":[{"@type":"WebPage","@id":"https:\/\/cabinet-vigier.com\/de\/erbrecht-frankreich\/","url":"https:\/\/cabinet-vigier.com\/de\/erbrecht-frankreich\/","name":"Erbrecht und Schenkungsrecht in Frankreich - Cabinet Vigier","isPartOf":{"@id":"https:\/\/cabinet-vigier.com\/fr\/#website"},"primaryImageOfPage":{"@id":"https:\/\/cabinet-vigier.com\/de\/erbrecht-frankreich\/#primaryimage"},"image":{"@id":"https:\/\/cabinet-vigier.com\/de\/erbrecht-frankreich\/#primaryimage"},"thumbnailUrl":"https:\/\/cabinet-vigier.com\/wp-content\/uploads\/2017\/09\/1200_667_succession2_vectorfusionart-1024x535.jpg","datePublished":"2017-08-05T19:17:27+00:00","dateModified":"2017-12-10T22:05:52+00:00","description":"Gestaltung erb- und schenkungsrechtlicher Verf\u00fcgungen, Begleitung bei der Nachlassabwicklung in Frankreich und Deutschland, Vermeidung doppelter Besteuerung","breadcrumb":{"@id":"https:\/\/cabinet-vigier.com\/de\/erbrecht-frankreich\/#breadcrumb"},"inLanguage":"de","potentialAction":[{"@type":"ReadAction","target":["https:\/\/cabinet-vigier.com\/de\/erbrecht-frankreich\/"]}]},{"@type":"ImageObject","inLanguage":"de","@id":"https:\/\/cabinet-vigier.com\/de\/erbrecht-frankreich\/#primaryimage","url":"https:\/\/cabinet-vigier.com\/wp-content\/uploads\/2017\/09\/1200_667_succession2_vectorfusionart-1024x535.jpg","contentUrl":"https:\/\/cabinet-vigier.com\/wp-content\/uploads\/2017\/09\/1200_667_succession2_vectorfusionart-1024x535.jpg"},{"@type":"BreadcrumbList","@id":"https:\/\/cabinet-vigier.com\/de\/erbrecht-frankreich\/#breadcrumb","itemListElement":[{"@type":"ListItem","position":1,"name":"Startseite","item":"https:\/\/cabinet-vigier.com\/de\/"},{"@type":"ListItem","position":2,"name":"Erbrecht und Schenkungsrecht in Frankreich"}]},{"@type":"WebSite","@id":"https:\/\/cabinet-vigier.com\/fr\/#website","url":"https:\/\/cabinet-vigier.com\/fr\/","name":"Cabinet Vigier","description":"Deutsch-franz\u00f6sische Anwaltskanzlei - Cabinet d&#039;avocats franco allemand","publisher":{"@id":"https:\/\/cabinet-vigier.com\/fr\/#organization"},"potentialAction":[{"@type":"SearchAction","target":{"@type":"EntryPoint","urlTemplate":"https:\/\/cabinet-vigier.com\/fr\/?s={search_term_string}"},"query-input":{"@type":"PropertyValueSpecification","valueRequired":true,"valueName":"search_term_string"}}],"inLanguage":"de"},{"@type":"Organization","@id":"https:\/\/cabinet-vigier.com\/fr\/#organization","name":"Cabinet Vigier","url":"https:\/\/cabinet-vigier.com\/fr\/","logo":{"@type":"ImageObject","inLanguage":"de","@id":"https:\/\/cabinet-vigier.com\/fr\/#\/schema\/logo\/image\/","url":"https:\/\/cabinet-vigier.com\/wp-content\/uploads\/2017\/08\/cropped-AV-Logo-DF-ult10-500x.jpg","contentUrl":"https:\/\/cabinet-vigier.com\/wp-content\/uploads\/2017\/08\/cropped-AV-Logo-DF-ult10-500x.jpg","width":500,"height":100,"caption":"Cabinet Vigier"},"image":{"@id":"https:\/\/cabinet-vigier.com\/fr\/#\/schema\/logo\/image\/"}}]}},"_links":{"self":[{"href":"https:\/\/cabinet-vigier.com\/de\/wp-json\/wp\/v2\/pages\/301","targetHints":{"allow":["GET"]}}],"collection":[{"href":"https:\/\/cabinet-vigier.com\/de\/wp-json\/wp\/v2\/pages"}],"about":[{"href":"https:\/\/cabinet-vigier.com\/de\/wp-json\/wp\/v2\/types\/page"}],"author":[{"embeddable":true,"href":"https:\/\/cabinet-vigier.com\/de\/wp-json\/wp\/v2\/users\/2"}],"replies":[{"embeddable":true,"href":"https:\/\/cabinet-vigier.com\/de\/wp-json\/wp\/v2\/comments?post=301"}],"version-history":[{"count":14,"href":"https:\/\/cabinet-vigier.com\/de\/wp-json\/wp\/v2\/pages\/301\/revisions"}],"predecessor-version":[{"id":1010,"href":"https:\/\/cabinet-vigier.com\/de\/wp-json\/wp\/v2\/pages\/301\/revisions\/1010"}],"wp:attachment":[{"href":"https:\/\/cabinet-vigier.com\/de\/wp-json\/wp\/v2\/media?parent=301"}],"curies":[{"name":"wp","href":"https:\/\/api.w.org\/{rel}","templated":true}]}}