{"id":303,"date":"2017-08-05T21:17:42","date_gmt":"2017-08-05T19:17:42","guid":{"rendered":"http:\/\/www.cabinet-vigier.com?page_id=303"},"modified":"2017-11-02T18:51:34","modified_gmt":"2017-11-02T17:51:34","slug":"gesellschaftsrecht-frankreich","status":"publish","type":"page","link":"https:\/\/cabinet-vigier.com\/de\/gesellschaftsrecht-frankreich\/","title":{"rendered":"Franz\u00f6sisches Gesellschaftsrecht"},"content":{"rendered":"<p><strong><img fetchpriority=\"high\" decoding=\"async\" src=\"https:\/\/cabinet-vigier.com\/wp-content\/uploads\/2017\/09\/1200_667_corporate2_alice_photo-1024x535.jpg\" alt=\"\" width=\"1024\" height=\"535\" \/>Wir begleiten Sie sowohl bei Gr\u00fcndung und Aufl\u00f6sung Ihrer franz\u00f6sischen Gesellschaft, als auch zu allen Fragen der laufenden Gesch\u00e4ftsf\u00fchrung und Verwaltung, bei Abtretung oder \u00dcbertragung von Gesellschaftsanteilen (share-deals) oder des Gesellschaftsverm\u00f6gens (asset-deals).<\/strong><\/p>\n<p>In jeder Phase der Entwicklung Ihrer Gesellschaft in Frankreich stehen wir Ihnen mit unserer Kompetenz zur Seite:<strong>\u00a0<\/strong><\/p>\n<p><strong>Gr\u00fcndung Ihrer franz\u00f6sischen Gesellschaft<\/strong><\/p>\n<p>Bereits bei der ersten Planung in Hinblick auf \u00a0Gr\u00fcndung oder Erwerb Ihres Unternehmens in Frankreich liefern wir Ihnen die n\u00f6tige Orientierung hinsichtlich der geeigneten Form und Struktur.<\/p>\n<p>Nach Ma\u00dfgabe Ihrer Anforderungen und W\u00fcnsche entwerfen wir die Satzung (statuts) Ihrer franz\u00f6sischen Gesellschaft sowie aller weiteren Dokumente und Vertr\u00e4ge, die f\u00fcr die Gr\u00fcndung Ihrer Gesellschaft und der Bestellung der Vertretungsorgane der Gesellschaft in Frankreich erforderlich sind.<\/p>\n<p>Ferner besorgen wir f\u00fcr Sie die in Frankreich erforderlichen Gr\u00fcndungsformalit\u00e4ten und Publikationen.<\/p>\n<p><strong>Laufende Gesch\u00e4ftsf\u00fchrung und Verwaltung Ihrer Gesellschaft in Frankreich<\/strong><\/p>\n<p>Ebenso beraten und begleiten wir Sie bei der Erstellung aller rechtlichen Dokumente und Erkl\u00e4rungen im Zusammenhang mit der laufenden Gesch\u00e4ftsf\u00fchrung und Verwaltung Ihrer franz\u00f6sischen Gesellschaft (Berichte der Gesch\u00e4ftsf\u00fchrung, Vorbereitung von Gesellschafterversammlungen etc.) sowie bei Satzungs\u00e4nderungen (Sitzverlegung, Kapitalerh\u00f6hung etc.).<\/p>\n<p>Daneben stehen wir Ihnen bei der Ausarbeitung und Verhandlung des rechtlichen Rahmens der gewerblichen Mietvertr\u00e4ge Ihrer franz\u00f6sischen Gesellschaft zur Verf\u00fcgung.<\/p>\n<p>Ein weiterer Bestandteil unserer Dienstleistungen besteht in der Ausarbeitung von rechtlichen Vereinbarungen und Vertr\u00e4gen zwischen den verschiedenen Gesellschaften Ihrer deutsch-franz\u00f6sischen Unternehmensgruppe.<\/p>\n<p>Schlie\u00dflich bieten wir Ihnen auch arbeitsrechtlichen Rat und Unterst\u00fctzung in Hinblick auf das Personal Ihrer franz\u00f6sischen Gesellschaft (Ausarbeitung von Arbeitsvertr\u00e4gen, Restrukturierungen etc.).<\/p>\n<p><strong>Statut und Haftung der Organe der franz\u00f6sischen Gesellschaft<\/strong><\/p>\n<p>Wir beraten insbesondere auch zu Statut und Haftung der Gesellschaftsorgane bzw \u2013 vertreter nach franz\u00f6sischem Recht und den M\u00f6glichkeiten der Haftungsbeschr\u00e4nkung und Delegation.<\/p>\n<p><strong>Ver\u00e4u\u00dferung und Abtretung der Gesellschaftsanteile an Ihrer franz\u00f6sischen Gesellschaft (share-deals) oder des Gesellschaftsverm\u00f6gens (asset-deals) <\/strong><\/p>\n<p>Nicht zuletzt beraten wir Sie im Rahmen der Verhandlung und Ausarbeitung von Urkunden \u00fcber die Abtretung bzw. den Verkauf von Gesellschaftsanteilen oder des Gesch\u00e4ftsbetriebs (fonds de commerce) sowie auch im Rahmen der Kapitaleinbringung und der Verschmelzung nach franz\u00f6sischem Recht.<\/p>\n<p>&nbsp;<\/p>\n","protected":false},"excerpt":{"rendered":"<p>Wir begleiten Sie sowohl bei Gr\u00fcndung und Aufl\u00f6sung Ihrer franz\u00f6sischen Gesellschaft, als auch zu allen Fragen der laufenden Gesch\u00e4ftsf\u00fchrung und Verwaltung, bei Abtretung oder \u00dcbertragung von Gesellschaftsanteilen (share-deals) oder des Gesellschaftsverm\u00f6gens (asset-deals). In jeder Phase der Entwicklung Ihrer Gesellschaft in Frankreich stehen wir Ihnen mit unserer Kompetenz zur Seite:\u00a0 Gr\u00fcndung Ihrer franz\u00f6sischen Gesellschaft Bereits bei &#8230; <a title=\"Franz\u00f6sisches Gesellschaftsrecht\" class=\"read-more\" href=\"https:\/\/cabinet-vigier.com\/de\/gesellschaftsrecht-frankreich\/\" aria-label=\"Mehr zu Franz\u00f6sisches Gesellschaftsrecht\">Weiterlesen &#8230;<\/a><\/p>\n","protected":false},"author":2,"featured_media":0,"parent":0,"menu_order":0,"comment_status":"closed","ping_status":"closed","template":"","meta":{"_monsterinsights_skip_tracking":false,"_monsterinsights_sitenote_active":false,"_monsterinsights_sitenote_note":"","_monsterinsights_sitenote_category":0,"_uf_show_specific_survey":0,"_uf_disable_surveys":false,"generate_page_header":"","footnotes":""},"class_list":["post-303","page","type-page","status-publish"],"yoast_head":"<!-- This site is optimized with the Yoast SEO plugin v24.5 - https:\/\/yoast.com\/wordpress\/plugins\/seo\/ -->\n<title>Franz\u00f6sisches Gesellschaftsrecht - Cabinet Vigier<\/title>\n<meta name=\"robots\" content=\"index, follow, max-snippet:-1, max-image-preview:large, max-video-preview:-1\" \/>\n<link rel=\"canonical\" href=\"https:\/\/cabinet-vigier.com\/de\/gesellschaftsrecht-frankreich\/\" \/>\n<meta property=\"og:locale\" content=\"de_DE\" \/>\n<meta property=\"og:type\" content=\"article\" \/>\n<meta property=\"og:title\" content=\"Franz\u00f6sisches Gesellschaftsrecht - Cabinet Vigier\" \/>\n<meta property=\"og:description\" content=\"Wir begleiten Sie sowohl bei Gr\u00fcndung und Aufl\u00f6sung Ihrer franz\u00f6sischen Gesellschaft, als auch zu allen Fragen der laufenden Gesch\u00e4ftsf\u00fchrung und Verwaltung, bei Abtretung oder \u00dcbertragung von Gesellschaftsanteilen (share-deals) oder des Gesellschaftsverm\u00f6gens (asset-deals). In jeder Phase der Entwicklung Ihrer Gesellschaft in Frankreich stehen wir Ihnen mit unserer Kompetenz zur Seite:\u00a0 Gr\u00fcndung Ihrer franz\u00f6sischen Gesellschaft Bereits bei ... Weiterlesen ...\" \/>\n<meta property=\"og:url\" content=\"https:\/\/cabinet-vigier.com\/de\/gesellschaftsrecht-frankreich\/\" \/>\n<meta property=\"og:site_name\" content=\"Cabinet Vigier\" \/>\n<meta property=\"article:modified_time\" content=\"2017-11-02T17:51:34+00:00\" \/>\n<meta property=\"og:image\" content=\"https:\/\/cabinet-vigier.com\/wp-content\/uploads\/2017\/09\/1200_667_corporate2_alice_photo-1024x535.jpg\" \/>\n<meta name=\"twitter:card\" content=\"summary_large_image\" \/>\n<meta name=\"twitter:label1\" content=\"Gesch\u00e4tzte Lesezeit\" \/>\n\t<meta name=\"twitter:data1\" content=\"2\u00a0Minuten\" \/>\n<script type=\"application\/ld+json\" class=\"yoast-schema-graph\">{\"@context\":\"https:\/\/schema.org\",\"@graph\":[{\"@type\":\"WebPage\",\"@id\":\"https:\/\/cabinet-vigier.com\/de\/gesellschaftsrecht-frankreich\/\",\"url\":\"https:\/\/cabinet-vigier.com\/de\/gesellschaftsrecht-frankreich\/\",\"name\":\"Franz\u00f6sisches Gesellschaftsrecht - Cabinet Vigier\",\"isPartOf\":{\"@id\":\"https:\/\/cabinet-vigier.com\/fr\/#website\"},\"primaryImageOfPage\":{\"@id\":\"https:\/\/cabinet-vigier.com\/de\/gesellschaftsrecht-frankreich\/#primaryimage\"},\"image\":{\"@id\":\"https:\/\/cabinet-vigier.com\/de\/gesellschaftsrecht-frankreich\/#primaryimage\"},\"thumbnailUrl\":\"https:\/\/cabinet-vigier.com\/wp-content\/uploads\/2017\/09\/1200_667_corporate2_alice_photo-1024x535.jpg\",\"datePublished\":\"2017-08-05T19:17:42+00:00\",\"dateModified\":\"2017-11-02T17:51:34+00:00\",\"breadcrumb\":{\"@id\":\"https:\/\/cabinet-vigier.com\/de\/gesellschaftsrecht-frankreich\/#breadcrumb\"},\"inLanguage\":\"de\",\"potentialAction\":[{\"@type\":\"ReadAction\",\"target\":[\"https:\/\/cabinet-vigier.com\/de\/gesellschaftsrecht-frankreich\/\"]}]},{\"@type\":\"ImageObject\",\"inLanguage\":\"de\",\"@id\":\"https:\/\/cabinet-vigier.com\/de\/gesellschaftsrecht-frankreich\/#primaryimage\",\"url\":\"https:\/\/cabinet-vigier.com\/wp-content\/uploads\/2017\/09\/1200_667_corporate2_alice_photo-1024x535.jpg\",\"contentUrl\":\"https:\/\/cabinet-vigier.com\/wp-content\/uploads\/2017\/09\/1200_667_corporate2_alice_photo-1024x535.jpg\"},{\"@type\":\"BreadcrumbList\",\"@id\":\"https:\/\/cabinet-vigier.com\/de\/gesellschaftsrecht-frankreich\/#breadcrumb\",\"itemListElement\":[{\"@type\":\"ListItem\",\"position\":1,\"name\":\"Startseite\",\"item\":\"https:\/\/cabinet-vigier.com\/de\/\"},{\"@type\":\"ListItem\",\"position\":2,\"name\":\"Franz\u00f6sisches Gesellschaftsrecht\"}]},{\"@type\":\"WebSite\",\"@id\":\"https:\/\/cabinet-vigier.com\/fr\/#website\",\"url\":\"https:\/\/cabinet-vigier.com\/fr\/\",\"name\":\"Cabinet Vigier\",\"description\":\"Deutsch-franz\u00f6sische Anwaltskanzlei - Cabinet d&#039;avocats franco allemand\",\"publisher\":{\"@id\":\"https:\/\/cabinet-vigier.com\/fr\/#organization\"},\"potentialAction\":[{\"@type\":\"SearchAction\",\"target\":{\"@type\":\"EntryPoint\",\"urlTemplate\":\"https:\/\/cabinet-vigier.com\/fr\/?s={search_term_string}\"},\"query-input\":{\"@type\":\"PropertyValueSpecification\",\"valueRequired\":true,\"valueName\":\"search_term_string\"}}],\"inLanguage\":\"de\"},{\"@type\":\"Organization\",\"@id\":\"https:\/\/cabinet-vigier.com\/fr\/#organization\",\"name\":\"Cabinet Vigier\",\"url\":\"https:\/\/cabinet-vigier.com\/fr\/\",\"logo\":{\"@type\":\"ImageObject\",\"inLanguage\":\"de\",\"@id\":\"https:\/\/cabinet-vigier.com\/fr\/#\/schema\/logo\/image\/\",\"url\":\"https:\/\/cabinet-vigier.com\/wp-content\/uploads\/2017\/08\/cropped-AV-Logo-DF-ult10-500x.jpg\",\"contentUrl\":\"https:\/\/cabinet-vigier.com\/wp-content\/uploads\/2017\/08\/cropped-AV-Logo-DF-ult10-500x.jpg\",\"width\":500,\"height\":100,\"caption\":\"Cabinet Vigier\"},\"image\":{\"@id\":\"https:\/\/cabinet-vigier.com\/fr\/#\/schema\/logo\/image\/\"}}]}<\/script>\n<!-- \/ Yoast SEO plugin. -->","yoast_head_json":{"title":"Franz\u00f6sisches Gesellschaftsrecht - Cabinet Vigier","robots":{"index":"index","follow":"follow","max-snippet":"max-snippet:-1","max-image-preview":"max-image-preview:large","max-video-preview":"max-video-preview:-1"},"canonical":"https:\/\/cabinet-vigier.com\/de\/gesellschaftsrecht-frankreich\/","og_locale":"de_DE","og_type":"article","og_title":"Franz\u00f6sisches Gesellschaftsrecht - Cabinet Vigier","og_description":"Wir begleiten Sie sowohl bei Gr\u00fcndung und Aufl\u00f6sung Ihrer franz\u00f6sischen Gesellschaft, als auch zu allen Fragen der laufenden Gesch\u00e4ftsf\u00fchrung und Verwaltung, bei Abtretung oder \u00dcbertragung von Gesellschaftsanteilen (share-deals) oder des Gesellschaftsverm\u00f6gens (asset-deals). In jeder Phase der Entwicklung Ihrer Gesellschaft in Frankreich stehen wir Ihnen mit unserer Kompetenz zur Seite:\u00a0 Gr\u00fcndung Ihrer franz\u00f6sischen Gesellschaft Bereits bei ... Weiterlesen ...","og_url":"https:\/\/cabinet-vigier.com\/de\/gesellschaftsrecht-frankreich\/","og_site_name":"Cabinet Vigier","article_modified_time":"2017-11-02T17:51:34+00:00","og_image":[{"url":"https:\/\/cabinet-vigier.com\/wp-content\/uploads\/2017\/09\/1200_667_corporate2_alice_photo-1024x535.jpg","type":"","width":"","height":""}],"twitter_card":"summary_large_image","twitter_misc":{"Gesch\u00e4tzte Lesezeit":"2\u00a0Minuten"},"schema":{"@context":"https:\/\/schema.org","@graph":[{"@type":"WebPage","@id":"https:\/\/cabinet-vigier.com\/de\/gesellschaftsrecht-frankreich\/","url":"https:\/\/cabinet-vigier.com\/de\/gesellschaftsrecht-frankreich\/","name":"Franz\u00f6sisches Gesellschaftsrecht - Cabinet Vigier","isPartOf":{"@id":"https:\/\/cabinet-vigier.com\/fr\/#website"},"primaryImageOfPage":{"@id":"https:\/\/cabinet-vigier.com\/de\/gesellschaftsrecht-frankreich\/#primaryimage"},"image":{"@id":"https:\/\/cabinet-vigier.com\/de\/gesellschaftsrecht-frankreich\/#primaryimage"},"thumbnailUrl":"https:\/\/cabinet-vigier.com\/wp-content\/uploads\/2017\/09\/1200_667_corporate2_alice_photo-1024x535.jpg","datePublished":"2017-08-05T19:17:42+00:00","dateModified":"2017-11-02T17:51:34+00:00","breadcrumb":{"@id":"https:\/\/cabinet-vigier.com\/de\/gesellschaftsrecht-frankreich\/#breadcrumb"},"inLanguage":"de","potentialAction":[{"@type":"ReadAction","target":["https:\/\/cabinet-vigier.com\/de\/gesellschaftsrecht-frankreich\/"]}]},{"@type":"ImageObject","inLanguage":"de","@id":"https:\/\/cabinet-vigier.com\/de\/gesellschaftsrecht-frankreich\/#primaryimage","url":"https:\/\/cabinet-vigier.com\/wp-content\/uploads\/2017\/09\/1200_667_corporate2_alice_photo-1024x535.jpg","contentUrl":"https:\/\/cabinet-vigier.com\/wp-content\/uploads\/2017\/09\/1200_667_corporate2_alice_photo-1024x535.jpg"},{"@type":"BreadcrumbList","@id":"https:\/\/cabinet-vigier.com\/de\/gesellschaftsrecht-frankreich\/#breadcrumb","itemListElement":[{"@type":"ListItem","position":1,"name":"Startseite","item":"https:\/\/cabinet-vigier.com\/de\/"},{"@type":"ListItem","position":2,"name":"Franz\u00f6sisches Gesellschaftsrecht"}]},{"@type":"WebSite","@id":"https:\/\/cabinet-vigier.com\/fr\/#website","url":"https:\/\/cabinet-vigier.com\/fr\/","name":"Cabinet Vigier","description":"Deutsch-franz\u00f6sische Anwaltskanzlei - Cabinet d&#039;avocats franco allemand","publisher":{"@id":"https:\/\/cabinet-vigier.com\/fr\/#organization"},"potentialAction":[{"@type":"SearchAction","target":{"@type":"EntryPoint","urlTemplate":"https:\/\/cabinet-vigier.com\/fr\/?s={search_term_string}"},"query-input":{"@type":"PropertyValueSpecification","valueRequired":true,"valueName":"search_term_string"}}],"inLanguage":"de"},{"@type":"Organization","@id":"https:\/\/cabinet-vigier.com\/fr\/#organization","name":"Cabinet Vigier","url":"https:\/\/cabinet-vigier.com\/fr\/","logo":{"@type":"ImageObject","inLanguage":"de","@id":"https:\/\/cabinet-vigier.com\/fr\/#\/schema\/logo\/image\/","url":"https:\/\/cabinet-vigier.com\/wp-content\/uploads\/2017\/08\/cropped-AV-Logo-DF-ult10-500x.jpg","contentUrl":"https:\/\/cabinet-vigier.com\/wp-content\/uploads\/2017\/08\/cropped-AV-Logo-DF-ult10-500x.jpg","width":500,"height":100,"caption":"Cabinet Vigier"},"image":{"@id":"https:\/\/cabinet-vigier.com\/fr\/#\/schema\/logo\/image\/"}}]}},"_links":{"self":[{"href":"https:\/\/cabinet-vigier.com\/de\/wp-json\/wp\/v2\/pages\/303","targetHints":{"allow":["GET"]}}],"collection":[{"href":"https:\/\/cabinet-vigier.com\/de\/wp-json\/wp\/v2\/pages"}],"about":[{"href":"https:\/\/cabinet-vigier.com\/de\/wp-json\/wp\/v2\/types\/page"}],"author":[{"embeddable":true,"href":"https:\/\/cabinet-vigier.com\/de\/wp-json\/wp\/v2\/users\/2"}],"replies":[{"embeddable":true,"href":"https:\/\/cabinet-vigier.com\/de\/wp-json\/wp\/v2\/comments?post=303"}],"version-history":[{"count":5,"href":"https:\/\/cabinet-vigier.com\/de\/wp-json\/wp\/v2\/pages\/303\/revisions"}],"predecessor-version":[{"id":917,"href":"https:\/\/cabinet-vigier.com\/de\/wp-json\/wp\/v2\/pages\/303\/revisions\/917"}],"wp:attachment":[{"href":"https:\/\/cabinet-vigier.com\/de\/wp-json\/wp\/v2\/media?parent=303"}],"curies":[{"name":"wp","href":"https:\/\/api.w.org\/{rel}","templated":true}]}}