{"id":305,"date":"2017-08-05T21:17:52","date_gmt":"2017-08-05T19:17:52","guid":{"rendered":"http:\/\/www.cabinet-vigier.com?page_id=305"},"modified":"2025-03-27T12:31:27","modified_gmt":"2025-03-27T11:31:27","slug":"steuerrecht-frankreich","status":"publish","type":"page","link":"https:\/\/cabinet-vigier.com\/de\/steuerrecht-frankreich\/","title":{"rendered":"Franz\u00f6sisches Steuerrecht"},"content":{"rendered":"<p><strong><img fetchpriority=\"high\" decoding=\"async\" src=\"https:\/\/cabinet-vigier.com\/wp-content\/uploads\/2017\/09\/1200_667_impot_Fabio_Balbi-1024x535.jpg\" alt=\"\" width=\"1024\" height=\"535\" \/>Wir beraten in ausgew\u00e4hlten Bereichen des franz\u00f6sischen Steuerrechts vorrangig zum Zweck der Steuerstrukturierung und -optimierung : Verm\u00f6gensteuer, Erb- und Schenkungsteuer, verm\u00f6gensbezogene Ertragsteuern einschlie\u00dflich besonderer Transaktionsteuern (plus-values, pr\u00e9l\u00e8vements sociaux).<\/strong><\/p>\n<p><span style=\"color: #ff0000;\"><strong>FACHBEITR\u00c4GE ZUM FRANZ\u00d6SISCHEN STEUERRECHT<\/strong><\/span><\/p>\n<p>In den nachfolgend verlinkten Fachbeitr\u00e4gen geben wir Ihnen einen \u00dcberblick zu wichtigen Aspekten des franz\u00f6sischen Steuerrechts, die einen wesentlichen Schwerpunkt unserer T\u00e4tigkeit bilden:<\/p>\n<p><a href=\"https:\/\/cabinet-vigier.com\/de\/steuern-rund-um-die-frankreichimmobilie\/\">1. Steuern rund um die Frankreichimmobilie<\/a><\/p>\n<p><a href=\"https:\/\/cabinet-vigier.com\/de\/steuerrechtliche-bewertung-von-immobilien-in-frankreich\/\">2. Steuerrechtliche Bewertung von Immobilien in Frankreich<\/a><\/p>\n<p><a href=\"https:\/\/cabinet-vigier.com\/de\/die-besteuerung-der-vermoegensverwaltenden-sci-im-deutsch-franzoesischen-kontext\/\">3. Die Besteuerung der Verm\u00f6gensverwaltenden SCI im deutsch-franz\u00f6sischen Kontext<\/a><\/p>\n<p><a href=\"https:\/\/cabinet-vigier.com\/de\/vermeidung-der-doppelbesteuerung-in-deutsch-franzoesischen-schenk-und-erbfaellen\/\">4. Vermeidung der Doppelbesteuerung in deutsch-franz\u00f6sischen Schenk- und Erbf\u00e4llen<\/a><\/p>\n","protected":false},"excerpt":{"rendered":"<p>Wir beraten in ausgew\u00e4hlten Bereichen des franz\u00f6sischen Steuerrechts vorrangig zum Zweck der Steuerstrukturierung und -optimierung : Verm\u00f6gensteuer, Erb- und Schenkungsteuer, verm\u00f6gensbezogene Ertragsteuern einschlie\u00dflich besonderer Transaktionsteuern (plus-values, pr\u00e9l\u00e8vements sociaux). FACHBEITR\u00c4GE ZUM FRANZ\u00d6SISCHEN STEUERRECHT In den nachfolgend verlinkten Fachbeitr\u00e4gen geben wir Ihnen einen \u00dcberblick zu wichtigen Aspekten des franz\u00f6sischen Steuerrechts, die einen wesentlichen Schwerpunkt unserer T\u00e4tigkeit bilden: &#8230; <a title=\"Franz\u00f6sisches Steuerrecht\" class=\"read-more\" href=\"https:\/\/cabinet-vigier.com\/de\/steuerrecht-frankreich\/\" aria-label=\"Mehr zu Franz\u00f6sisches Steuerrecht\">Weiterlesen &#8230;<\/a><\/p>\n","protected":false},"author":2,"featured_media":0,"parent":0,"menu_order":0,"comment_status":"closed","ping_status":"closed","template":"","meta":{"_monsterinsights_skip_tracking":false,"_monsterinsights_sitenote_active":false,"_monsterinsights_sitenote_note":"","_monsterinsights_sitenote_category":0,"_uf_show_specific_survey":0,"_uf_disable_surveys":false,"generate_page_header":"","footnotes":""},"class_list":["post-305","page","type-page","status-publish"],"yoast_head":"<!-- This site is optimized with the Yoast SEO plugin v24.5 - https:\/\/yoast.com\/wordpress\/plugins\/seo\/ -->\n<title>Franz\u00f6sisches Steuerrecht - Cabinet Vigier<\/title>\n<meta name=\"robots\" content=\"index, follow, max-snippet:-1, max-image-preview:large, max-video-preview:-1\" \/>\n<link rel=\"canonical\" href=\"https:\/\/cabinet-vigier.com\/de\/steuerrecht-frankreich\/\" \/>\n<meta property=\"og:locale\" content=\"de_DE\" \/>\n<meta property=\"og:type\" content=\"article\" \/>\n<meta property=\"og:title\" content=\"Franz\u00f6sisches Steuerrecht - Cabinet Vigier\" \/>\n<meta property=\"og:description\" content=\"Wir beraten in ausgew\u00e4hlten Bereichen des franz\u00f6sischen Steuerrechts vorrangig zum Zweck der Steuerstrukturierung und -optimierung : Verm\u00f6gensteuer, Erb- und Schenkungsteuer, verm\u00f6gensbezogene Ertragsteuern einschlie\u00dflich besonderer Transaktionsteuern (plus-values, pr\u00e9l\u00e8vements sociaux). FACHBEITR\u00c4GE ZUM FRANZ\u00d6SISCHEN STEUERRECHT In den nachfolgend verlinkten Fachbeitr\u00e4gen geben wir Ihnen einen \u00dcberblick zu wichtigen Aspekten des franz\u00f6sischen Steuerrechts, die einen wesentlichen Schwerpunkt unserer T\u00e4tigkeit bilden: ... Weiterlesen ...\" \/>\n<meta property=\"og:url\" content=\"https:\/\/cabinet-vigier.com\/de\/steuerrecht-frankreich\/\" \/>\n<meta property=\"og:site_name\" content=\"Cabinet Vigier\" \/>\n<meta property=\"article:modified_time\" content=\"2025-03-27T11:31:27+00:00\" \/>\n<meta property=\"og:image\" content=\"https:\/\/cabinet-vigier.com\/wp-content\/uploads\/2017\/09\/1200_667_impot_Fabio_Balbi-1024x535.jpg\" \/>\n<meta name=\"twitter:card\" content=\"summary_large_image\" \/>\n<meta name=\"twitter:label1\" content=\"Gesch\u00e4tzte Lesezeit\" \/>\n\t<meta name=\"twitter:data1\" content=\"1\u00a0Minute\" \/>\n<script type=\"application\/ld+json\" class=\"yoast-schema-graph\">{\"@context\":\"https:\/\/schema.org\",\"@graph\":[{\"@type\":\"WebPage\",\"@id\":\"https:\/\/cabinet-vigier.com\/de\/steuerrecht-frankreich\/\",\"url\":\"https:\/\/cabinet-vigier.com\/de\/steuerrecht-frankreich\/\",\"name\":\"Franz\u00f6sisches Steuerrecht - Cabinet Vigier\",\"isPartOf\":{\"@id\":\"https:\/\/cabinet-vigier.com\/fr\/#website\"},\"primaryImageOfPage\":{\"@id\":\"https:\/\/cabinet-vigier.com\/de\/steuerrecht-frankreich\/#primaryimage\"},\"image\":{\"@id\":\"https:\/\/cabinet-vigier.com\/de\/steuerrecht-frankreich\/#primaryimage\"},\"thumbnailUrl\":\"https:\/\/cabinet-vigier.com\/wp-content\/uploads\/2017\/09\/1200_667_impot_Fabio_Balbi-1024x535.jpg\",\"datePublished\":\"2017-08-05T19:17:52+00:00\",\"dateModified\":\"2025-03-27T11:31:27+00:00\",\"breadcrumb\":{\"@id\":\"https:\/\/cabinet-vigier.com\/de\/steuerrecht-frankreich\/#breadcrumb\"},\"inLanguage\":\"de\",\"potentialAction\":[{\"@type\":\"ReadAction\",\"target\":[\"https:\/\/cabinet-vigier.com\/de\/steuerrecht-frankreich\/\"]}]},{\"@type\":\"ImageObject\",\"inLanguage\":\"de\",\"@id\":\"https:\/\/cabinet-vigier.com\/de\/steuerrecht-frankreich\/#primaryimage\",\"url\":\"https:\/\/cabinet-vigier.com\/wp-content\/uploads\/2017\/09\/1200_667_impot_Fabio_Balbi-1024x535.jpg\",\"contentUrl\":\"https:\/\/cabinet-vigier.com\/wp-content\/uploads\/2017\/09\/1200_667_impot_Fabio_Balbi-1024x535.jpg\"},{\"@type\":\"BreadcrumbList\",\"@id\":\"https:\/\/cabinet-vigier.com\/de\/steuerrecht-frankreich\/#breadcrumb\",\"itemListElement\":[{\"@type\":\"ListItem\",\"position\":1,\"name\":\"Startseite\",\"item\":\"https:\/\/cabinet-vigier.com\/de\/\"},{\"@type\":\"ListItem\",\"position\":2,\"name\":\"Franz\u00f6sisches Steuerrecht\"}]},{\"@type\":\"WebSite\",\"@id\":\"https:\/\/cabinet-vigier.com\/fr\/#website\",\"url\":\"https:\/\/cabinet-vigier.com\/fr\/\",\"name\":\"Cabinet Vigier\",\"description\":\"Deutsch-franz\u00f6sische Anwaltskanzlei - Cabinet d&#039;avocats franco allemand\",\"publisher\":{\"@id\":\"https:\/\/cabinet-vigier.com\/fr\/#organization\"},\"potentialAction\":[{\"@type\":\"SearchAction\",\"target\":{\"@type\":\"EntryPoint\",\"urlTemplate\":\"https:\/\/cabinet-vigier.com\/fr\/?s={search_term_string}\"},\"query-input\":{\"@type\":\"PropertyValueSpecification\",\"valueRequired\":true,\"valueName\":\"search_term_string\"}}],\"inLanguage\":\"de\"},{\"@type\":\"Organization\",\"@id\":\"https:\/\/cabinet-vigier.com\/fr\/#organization\",\"name\":\"Cabinet Vigier\",\"url\":\"https:\/\/cabinet-vigier.com\/fr\/\",\"logo\":{\"@type\":\"ImageObject\",\"inLanguage\":\"de\",\"@id\":\"https:\/\/cabinet-vigier.com\/fr\/#\/schema\/logo\/image\/\",\"url\":\"https:\/\/cabinet-vigier.com\/wp-content\/uploads\/2017\/08\/cropped-AV-Logo-DF-ult10-500x.jpg\",\"contentUrl\":\"https:\/\/cabinet-vigier.com\/wp-content\/uploads\/2017\/08\/cropped-AV-Logo-DF-ult10-500x.jpg\",\"width\":500,\"height\":100,\"caption\":\"Cabinet Vigier\"},\"image\":{\"@id\":\"https:\/\/cabinet-vigier.com\/fr\/#\/schema\/logo\/image\/\"}}]}<\/script>\n<!-- \/ Yoast SEO plugin. -->","yoast_head_json":{"title":"Franz\u00f6sisches Steuerrecht - Cabinet Vigier","robots":{"index":"index","follow":"follow","max-snippet":"max-snippet:-1","max-image-preview":"max-image-preview:large","max-video-preview":"max-video-preview:-1"},"canonical":"https:\/\/cabinet-vigier.com\/de\/steuerrecht-frankreich\/","og_locale":"de_DE","og_type":"article","og_title":"Franz\u00f6sisches Steuerrecht - Cabinet Vigier","og_description":"Wir beraten in ausgew\u00e4hlten Bereichen des franz\u00f6sischen Steuerrechts vorrangig zum Zweck der Steuerstrukturierung und -optimierung : Verm\u00f6gensteuer, Erb- und Schenkungsteuer, verm\u00f6gensbezogene Ertragsteuern einschlie\u00dflich besonderer Transaktionsteuern (plus-values, pr\u00e9l\u00e8vements sociaux). FACHBEITR\u00c4GE ZUM FRANZ\u00d6SISCHEN STEUERRECHT In den nachfolgend verlinkten Fachbeitr\u00e4gen geben wir Ihnen einen \u00dcberblick zu wichtigen Aspekten des franz\u00f6sischen Steuerrechts, die einen wesentlichen Schwerpunkt unserer T\u00e4tigkeit bilden: ... Weiterlesen ...","og_url":"https:\/\/cabinet-vigier.com\/de\/steuerrecht-frankreich\/","og_site_name":"Cabinet Vigier","article_modified_time":"2025-03-27T11:31:27+00:00","og_image":[{"url":"https:\/\/cabinet-vigier.com\/wp-content\/uploads\/2017\/09\/1200_667_impot_Fabio_Balbi-1024x535.jpg","type":"","width":"","height":""}],"twitter_card":"summary_large_image","twitter_misc":{"Gesch\u00e4tzte Lesezeit":"1\u00a0Minute"},"schema":{"@context":"https:\/\/schema.org","@graph":[{"@type":"WebPage","@id":"https:\/\/cabinet-vigier.com\/de\/steuerrecht-frankreich\/","url":"https:\/\/cabinet-vigier.com\/de\/steuerrecht-frankreich\/","name":"Franz\u00f6sisches Steuerrecht - Cabinet Vigier","isPartOf":{"@id":"https:\/\/cabinet-vigier.com\/fr\/#website"},"primaryImageOfPage":{"@id":"https:\/\/cabinet-vigier.com\/de\/steuerrecht-frankreich\/#primaryimage"},"image":{"@id":"https:\/\/cabinet-vigier.com\/de\/steuerrecht-frankreich\/#primaryimage"},"thumbnailUrl":"https:\/\/cabinet-vigier.com\/wp-content\/uploads\/2017\/09\/1200_667_impot_Fabio_Balbi-1024x535.jpg","datePublished":"2017-08-05T19:17:52+00:00","dateModified":"2025-03-27T11:31:27+00:00","breadcrumb":{"@id":"https:\/\/cabinet-vigier.com\/de\/steuerrecht-frankreich\/#breadcrumb"},"inLanguage":"de","potentialAction":[{"@type":"ReadAction","target":["https:\/\/cabinet-vigier.com\/de\/steuerrecht-frankreich\/"]}]},{"@type":"ImageObject","inLanguage":"de","@id":"https:\/\/cabinet-vigier.com\/de\/steuerrecht-frankreich\/#primaryimage","url":"https:\/\/cabinet-vigier.com\/wp-content\/uploads\/2017\/09\/1200_667_impot_Fabio_Balbi-1024x535.jpg","contentUrl":"https:\/\/cabinet-vigier.com\/wp-content\/uploads\/2017\/09\/1200_667_impot_Fabio_Balbi-1024x535.jpg"},{"@type":"BreadcrumbList","@id":"https:\/\/cabinet-vigier.com\/de\/steuerrecht-frankreich\/#breadcrumb","itemListElement":[{"@type":"ListItem","position":1,"name":"Startseite","item":"https:\/\/cabinet-vigier.com\/de\/"},{"@type":"ListItem","position":2,"name":"Franz\u00f6sisches Steuerrecht"}]},{"@type":"WebSite","@id":"https:\/\/cabinet-vigier.com\/fr\/#website","url":"https:\/\/cabinet-vigier.com\/fr\/","name":"Cabinet Vigier","description":"Deutsch-franz\u00f6sische Anwaltskanzlei - Cabinet d&#039;avocats franco allemand","publisher":{"@id":"https:\/\/cabinet-vigier.com\/fr\/#organization"},"potentialAction":[{"@type":"SearchAction","target":{"@type":"EntryPoint","urlTemplate":"https:\/\/cabinet-vigier.com\/fr\/?s={search_term_string}"},"query-input":{"@type":"PropertyValueSpecification","valueRequired":true,"valueName":"search_term_string"}}],"inLanguage":"de"},{"@type":"Organization","@id":"https:\/\/cabinet-vigier.com\/fr\/#organization","name":"Cabinet Vigier","url":"https:\/\/cabinet-vigier.com\/fr\/","logo":{"@type":"ImageObject","inLanguage":"de","@id":"https:\/\/cabinet-vigier.com\/fr\/#\/schema\/logo\/image\/","url":"https:\/\/cabinet-vigier.com\/wp-content\/uploads\/2017\/08\/cropped-AV-Logo-DF-ult10-500x.jpg","contentUrl":"https:\/\/cabinet-vigier.com\/wp-content\/uploads\/2017\/08\/cropped-AV-Logo-DF-ult10-500x.jpg","width":500,"height":100,"caption":"Cabinet Vigier"},"image":{"@id":"https:\/\/cabinet-vigier.com\/fr\/#\/schema\/logo\/image\/"}}]}},"_links":{"self":[{"href":"https:\/\/cabinet-vigier.com\/de\/wp-json\/wp\/v2\/pages\/305","targetHints":{"allow":["GET"]}}],"collection":[{"href":"https:\/\/cabinet-vigier.com\/de\/wp-json\/wp\/v2\/pages"}],"about":[{"href":"https:\/\/cabinet-vigier.com\/de\/wp-json\/wp\/v2\/types\/page"}],"author":[{"embeddable":true,"href":"https:\/\/cabinet-vigier.com\/de\/wp-json\/wp\/v2\/users\/2"}],"replies":[{"embeddable":true,"href":"https:\/\/cabinet-vigier.com\/de\/wp-json\/wp\/v2\/comments?post=305"}],"version-history":[{"count":12,"href":"https:\/\/cabinet-vigier.com\/de\/wp-json\/wp\/v2\/pages\/305\/revisions"}],"predecessor-version":[{"id":1276,"href":"https:\/\/cabinet-vigier.com\/de\/wp-json\/wp\/v2\/pages\/305\/revisions\/1276"}],"wp:attachment":[{"href":"https:\/\/cabinet-vigier.com\/de\/wp-json\/wp\/v2\/media?parent=305"}],"curies":[{"name":"wp","href":"https:\/\/api.w.org\/{rel}","templated":true}]}}