{"id":307,"date":"2017-08-05T21:18:02","date_gmt":"2017-08-05T19:18:02","guid":{"rendered":"http:\/\/www.cabinet-vigier.com?page_id=307"},"modified":"2017-11-02T18:51:05","modified_gmt":"2017-11-02T17:51:05","slug":"arbeitsrecht-frankreich","status":"publish","type":"page","link":"https:\/\/cabinet-vigier.com\/de\/arbeitsrecht-frankreich\/","title":{"rendered":"Franz\u00f6sisches Arbeitsrecht"},"content":{"rendered":"<p><strong><img fetchpriority=\"high\" decoding=\"async\" src=\"https:\/\/cabinet-vigier.com\/wp-content\/uploads\/2017\/09\/1200_667_hr_mod2_ronstik-1024x535.jpg\" alt=\"\" width=\"1024\" height=\"535\" \/>Wir beraten deutsche Unternehmen oder deren franz\u00f6sische Niederlassungen in allen rechtlichen Fragen zu ihrem Personal in Frankeich.<\/strong><\/p>\n<p>Die Kanzlei ber\u00e4t Sie zu allen Fragen des franz\u00f6sischen Arbeitsrechts, insbesondere bei der Gestaltung, Auslegung oder Modifikation von Arbeitsvertr\u00e4gen und im Rahmen von individuellen oder kollektiven K\u00fcndigungsverfahren in Frankreich und Deutschland.<\/p>\n<p>In jeder Phase der Arbeitsrechtlichen Beziehungen begleiten wir unsere Mandanten und erbringen hierbei insbesondere folgende anwaltliche Dienstleistungen:<\/p>\n<ul>\n<li>Gestaltung von franz\u00f6sischen und deutschen Arbeitsvertr\u00e4gen;<\/li>\n<li>Au\u00dfergerichtliche Verhandlungen zur einvernehmlichen Aufl\u00f6sung von Arbeitsverh\u00e4ltnissen;<\/li>\n<li>Beratung und Vertretung in Verfahren vor franz\u00f6sischen und deutschen Arbeitsgerichten, insbesondere K\u00fcndigungsschutzverfahren;<\/li>\n<li>Rechtliche Begleitung von Umstrukturierungsma\u00dfnahmen.<\/li>\n<\/ul>\n<p>&nbsp;<\/p>\n","protected":false},"excerpt":{"rendered":"<p>Wir beraten deutsche Unternehmen oder deren franz\u00f6sische Niederlassungen in allen rechtlichen Fragen zu ihrem Personal in Frankeich. Die Kanzlei ber\u00e4t Sie zu allen Fragen des franz\u00f6sischen Arbeitsrechts, insbesondere bei der Gestaltung, Auslegung oder Modifikation von Arbeitsvertr\u00e4gen und im Rahmen von individuellen oder kollektiven K\u00fcndigungsverfahren in Frankreich und Deutschland. In jeder Phase der Arbeitsrechtlichen Beziehungen begleiten &#8230; <a title=\"Franz\u00f6sisches Arbeitsrecht\" class=\"read-more\" href=\"https:\/\/cabinet-vigier.com\/de\/arbeitsrecht-frankreich\/\" aria-label=\"Mehr zu Franz\u00f6sisches Arbeitsrecht\">Weiterlesen &#8230;<\/a><\/p>\n","protected":false},"author":2,"featured_media":0,"parent":0,"menu_order":0,"comment_status":"closed","ping_status":"closed","template":"","meta":{"_monsterinsights_skip_tracking":false,"_monsterinsights_sitenote_active":false,"_monsterinsights_sitenote_note":"","_monsterinsights_sitenote_category":0,"_uf_show_specific_survey":0,"_uf_disable_surveys":false,"generate_page_header":"","footnotes":""},"class_list":["post-307","page","type-page","status-publish"],"yoast_head":"<!-- This site is optimized with the Yoast SEO plugin v24.5 - https:\/\/yoast.com\/wordpress\/plugins\/seo\/ -->\n<title>Franz\u00f6sisches Arbeitsrecht - Cabinet Vigier<\/title>\n<meta name=\"robots\" content=\"index, follow, max-snippet:-1, max-image-preview:large, max-video-preview:-1\" \/>\n<link rel=\"canonical\" href=\"https:\/\/cabinet-vigier.com\/de\/arbeitsrecht-frankreich\/\" \/>\n<meta property=\"og:locale\" content=\"de_DE\" \/>\n<meta property=\"og:type\" content=\"article\" \/>\n<meta property=\"og:title\" content=\"Franz\u00f6sisches Arbeitsrecht - Cabinet Vigier\" \/>\n<meta property=\"og:description\" content=\"Wir beraten deutsche Unternehmen oder deren franz\u00f6sische Niederlassungen in allen rechtlichen Fragen zu ihrem Personal in Frankeich. Die Kanzlei ber\u00e4t Sie zu allen Fragen des franz\u00f6sischen Arbeitsrechts, insbesondere bei der Gestaltung, Auslegung oder Modifikation von Arbeitsvertr\u00e4gen und im Rahmen von individuellen oder kollektiven K\u00fcndigungsverfahren in Frankreich und Deutschland. In jeder Phase der Arbeitsrechtlichen Beziehungen begleiten ... Weiterlesen ...\" \/>\n<meta property=\"og:url\" content=\"https:\/\/cabinet-vigier.com\/de\/arbeitsrecht-frankreich\/\" \/>\n<meta property=\"og:site_name\" content=\"Cabinet Vigier\" \/>\n<meta property=\"article:modified_time\" content=\"2017-11-02T17:51:05+00:00\" \/>\n<meta property=\"og:image\" content=\"https:\/\/cabinet-vigier.com\/wp-content\/uploads\/2017\/09\/1200_667_hr_mod2_ronstik-1024x535.jpg\" \/>\n<meta name=\"twitter:card\" content=\"summary_large_image\" \/>\n<meta name=\"twitter:label1\" content=\"Gesch\u00e4tzte Lesezeit\" \/>\n\t<meta name=\"twitter:data1\" content=\"1\u00a0Minute\" \/>\n<script type=\"application\/ld+json\" class=\"yoast-schema-graph\">{\"@context\":\"https:\/\/schema.org\",\"@graph\":[{\"@type\":\"WebPage\",\"@id\":\"https:\/\/cabinet-vigier.com\/de\/arbeitsrecht-frankreich\/\",\"url\":\"https:\/\/cabinet-vigier.com\/de\/arbeitsrecht-frankreich\/\",\"name\":\"Franz\u00f6sisches Arbeitsrecht - Cabinet Vigier\",\"isPartOf\":{\"@id\":\"https:\/\/cabinet-vigier.com\/fr\/#website\"},\"primaryImageOfPage\":{\"@id\":\"https:\/\/cabinet-vigier.com\/de\/arbeitsrecht-frankreich\/#primaryimage\"},\"image\":{\"@id\":\"https:\/\/cabinet-vigier.com\/de\/arbeitsrecht-frankreich\/#primaryimage\"},\"thumbnailUrl\":\"https:\/\/cabinet-vigier.com\/wp-content\/uploads\/2017\/09\/1200_667_hr_mod2_ronstik-1024x535.jpg\",\"datePublished\":\"2017-08-05T19:18:02+00:00\",\"dateModified\":\"2017-11-02T17:51:05+00:00\",\"breadcrumb\":{\"@id\":\"https:\/\/cabinet-vigier.com\/de\/arbeitsrecht-frankreich\/#breadcrumb\"},\"inLanguage\":\"de\",\"potentialAction\":[{\"@type\":\"ReadAction\",\"target\":[\"https:\/\/cabinet-vigier.com\/de\/arbeitsrecht-frankreich\/\"]}]},{\"@type\":\"ImageObject\",\"inLanguage\":\"de\",\"@id\":\"https:\/\/cabinet-vigier.com\/de\/arbeitsrecht-frankreich\/#primaryimage\",\"url\":\"https:\/\/cabinet-vigier.com\/wp-content\/uploads\/2017\/09\/1200_667_hr_mod2_ronstik-1024x535.jpg\",\"contentUrl\":\"https:\/\/cabinet-vigier.com\/wp-content\/uploads\/2017\/09\/1200_667_hr_mod2_ronstik-1024x535.jpg\"},{\"@type\":\"BreadcrumbList\",\"@id\":\"https:\/\/cabinet-vigier.com\/de\/arbeitsrecht-frankreich\/#breadcrumb\",\"itemListElement\":[{\"@type\":\"ListItem\",\"position\":1,\"name\":\"Startseite\",\"item\":\"https:\/\/cabinet-vigier.com\/de\/\"},{\"@type\":\"ListItem\",\"position\":2,\"name\":\"Franz\u00f6sisches Arbeitsrecht\"}]},{\"@type\":\"WebSite\",\"@id\":\"https:\/\/cabinet-vigier.com\/fr\/#website\",\"url\":\"https:\/\/cabinet-vigier.com\/fr\/\",\"name\":\"Cabinet Vigier\",\"description\":\"Deutsch-franz\u00f6sische Anwaltskanzlei - Cabinet d&#039;avocats franco allemand\",\"publisher\":{\"@id\":\"https:\/\/cabinet-vigier.com\/fr\/#organization\"},\"potentialAction\":[{\"@type\":\"SearchAction\",\"target\":{\"@type\":\"EntryPoint\",\"urlTemplate\":\"https:\/\/cabinet-vigier.com\/fr\/?s={search_term_string}\"},\"query-input\":{\"@type\":\"PropertyValueSpecification\",\"valueRequired\":true,\"valueName\":\"search_term_string\"}}],\"inLanguage\":\"de\"},{\"@type\":\"Organization\",\"@id\":\"https:\/\/cabinet-vigier.com\/fr\/#organization\",\"name\":\"Cabinet Vigier\",\"url\":\"https:\/\/cabinet-vigier.com\/fr\/\",\"logo\":{\"@type\":\"ImageObject\",\"inLanguage\":\"de\",\"@id\":\"https:\/\/cabinet-vigier.com\/fr\/#\/schema\/logo\/image\/\",\"url\":\"https:\/\/cabinet-vigier.com\/wp-content\/uploads\/2017\/08\/cropped-AV-Logo-DF-ult10-500x.jpg\",\"contentUrl\":\"https:\/\/cabinet-vigier.com\/wp-content\/uploads\/2017\/08\/cropped-AV-Logo-DF-ult10-500x.jpg\",\"width\":500,\"height\":100,\"caption\":\"Cabinet Vigier\"},\"image\":{\"@id\":\"https:\/\/cabinet-vigier.com\/fr\/#\/schema\/logo\/image\/\"}}]}<\/script>\n<!-- \/ Yoast SEO plugin. -->","yoast_head_json":{"title":"Franz\u00f6sisches Arbeitsrecht - Cabinet Vigier","robots":{"index":"index","follow":"follow","max-snippet":"max-snippet:-1","max-image-preview":"max-image-preview:large","max-video-preview":"max-video-preview:-1"},"canonical":"https:\/\/cabinet-vigier.com\/de\/arbeitsrecht-frankreich\/","og_locale":"de_DE","og_type":"article","og_title":"Franz\u00f6sisches Arbeitsrecht - Cabinet Vigier","og_description":"Wir beraten deutsche Unternehmen oder deren franz\u00f6sische Niederlassungen in allen rechtlichen Fragen zu ihrem Personal in Frankeich. Die Kanzlei ber\u00e4t Sie zu allen Fragen des franz\u00f6sischen Arbeitsrechts, insbesondere bei der Gestaltung, Auslegung oder Modifikation von Arbeitsvertr\u00e4gen und im Rahmen von individuellen oder kollektiven K\u00fcndigungsverfahren in Frankreich und Deutschland. In jeder Phase der Arbeitsrechtlichen Beziehungen begleiten ... Weiterlesen ...","og_url":"https:\/\/cabinet-vigier.com\/de\/arbeitsrecht-frankreich\/","og_site_name":"Cabinet Vigier","article_modified_time":"2017-11-02T17:51:05+00:00","og_image":[{"url":"https:\/\/cabinet-vigier.com\/wp-content\/uploads\/2017\/09\/1200_667_hr_mod2_ronstik-1024x535.jpg","type":"","width":"","height":""}],"twitter_card":"summary_large_image","twitter_misc":{"Gesch\u00e4tzte Lesezeit":"1\u00a0Minute"},"schema":{"@context":"https:\/\/schema.org","@graph":[{"@type":"WebPage","@id":"https:\/\/cabinet-vigier.com\/de\/arbeitsrecht-frankreich\/","url":"https:\/\/cabinet-vigier.com\/de\/arbeitsrecht-frankreich\/","name":"Franz\u00f6sisches Arbeitsrecht - Cabinet Vigier","isPartOf":{"@id":"https:\/\/cabinet-vigier.com\/fr\/#website"},"primaryImageOfPage":{"@id":"https:\/\/cabinet-vigier.com\/de\/arbeitsrecht-frankreich\/#primaryimage"},"image":{"@id":"https:\/\/cabinet-vigier.com\/de\/arbeitsrecht-frankreich\/#primaryimage"},"thumbnailUrl":"https:\/\/cabinet-vigier.com\/wp-content\/uploads\/2017\/09\/1200_667_hr_mod2_ronstik-1024x535.jpg","datePublished":"2017-08-05T19:18:02+00:00","dateModified":"2017-11-02T17:51:05+00:00","breadcrumb":{"@id":"https:\/\/cabinet-vigier.com\/de\/arbeitsrecht-frankreich\/#breadcrumb"},"inLanguage":"de","potentialAction":[{"@type":"ReadAction","target":["https:\/\/cabinet-vigier.com\/de\/arbeitsrecht-frankreich\/"]}]},{"@type":"ImageObject","inLanguage":"de","@id":"https:\/\/cabinet-vigier.com\/de\/arbeitsrecht-frankreich\/#primaryimage","url":"https:\/\/cabinet-vigier.com\/wp-content\/uploads\/2017\/09\/1200_667_hr_mod2_ronstik-1024x535.jpg","contentUrl":"https:\/\/cabinet-vigier.com\/wp-content\/uploads\/2017\/09\/1200_667_hr_mod2_ronstik-1024x535.jpg"},{"@type":"BreadcrumbList","@id":"https:\/\/cabinet-vigier.com\/de\/arbeitsrecht-frankreich\/#breadcrumb","itemListElement":[{"@type":"ListItem","position":1,"name":"Startseite","item":"https:\/\/cabinet-vigier.com\/de\/"},{"@type":"ListItem","position":2,"name":"Franz\u00f6sisches Arbeitsrecht"}]},{"@type":"WebSite","@id":"https:\/\/cabinet-vigier.com\/fr\/#website","url":"https:\/\/cabinet-vigier.com\/fr\/","name":"Cabinet Vigier","description":"Deutsch-franz\u00f6sische Anwaltskanzlei - Cabinet d&#039;avocats franco allemand","publisher":{"@id":"https:\/\/cabinet-vigier.com\/fr\/#organization"},"potentialAction":[{"@type":"SearchAction","target":{"@type":"EntryPoint","urlTemplate":"https:\/\/cabinet-vigier.com\/fr\/?s={search_term_string}"},"query-input":{"@type":"PropertyValueSpecification","valueRequired":true,"valueName":"search_term_string"}}],"inLanguage":"de"},{"@type":"Organization","@id":"https:\/\/cabinet-vigier.com\/fr\/#organization","name":"Cabinet Vigier","url":"https:\/\/cabinet-vigier.com\/fr\/","logo":{"@type":"ImageObject","inLanguage":"de","@id":"https:\/\/cabinet-vigier.com\/fr\/#\/schema\/logo\/image\/","url":"https:\/\/cabinet-vigier.com\/wp-content\/uploads\/2017\/08\/cropped-AV-Logo-DF-ult10-500x.jpg","contentUrl":"https:\/\/cabinet-vigier.com\/wp-content\/uploads\/2017\/08\/cropped-AV-Logo-DF-ult10-500x.jpg","width":500,"height":100,"caption":"Cabinet Vigier"},"image":{"@id":"https:\/\/cabinet-vigier.com\/fr\/#\/schema\/logo\/image\/"}}]}},"_links":{"self":[{"href":"https:\/\/cabinet-vigier.com\/de\/wp-json\/wp\/v2\/pages\/307","targetHints":{"allow":["GET"]}}],"collection":[{"href":"https:\/\/cabinet-vigier.com\/de\/wp-json\/wp\/v2\/pages"}],"about":[{"href":"https:\/\/cabinet-vigier.com\/de\/wp-json\/wp\/v2\/types\/page"}],"author":[{"embeddable":true,"href":"https:\/\/cabinet-vigier.com\/de\/wp-json\/wp\/v2\/users\/2"}],"replies":[{"embeddable":true,"href":"https:\/\/cabinet-vigier.com\/de\/wp-json\/wp\/v2\/comments?post=307"}],"version-history":[{"count":8,"href":"https:\/\/cabinet-vigier.com\/de\/wp-json\/wp\/v2\/pages\/307\/revisions"}],"predecessor-version":[{"id":916,"href":"https:\/\/cabinet-vigier.com\/de\/wp-json\/wp\/v2\/pages\/307\/revisions\/916"}],"wp:attachment":[{"href":"https:\/\/cabinet-vigier.com\/de\/wp-json\/wp\/v2\/media?parent=307"}],"curies":[{"name":"wp","href":"https:\/\/api.w.org\/{rel}","templated":true}]}}