{"id":309,"date":"2017-08-05T21:18:23","date_gmt":"2017-08-05T19:18:23","guid":{"rendered":"http:\/\/www.cabinet-vigier.com?page_id=309"},"modified":"2017-11-02T18:50:38","modified_gmt":"2017-11-02T17:50:38","slug":"vertriebsrecht-frankreich","status":"publish","type":"page","link":"https:\/\/cabinet-vigier.com\/de\/vertriebsrecht-frankreich\/","title":{"rendered":"Vertriebsrecht Frankreich"},"content":{"rendered":"<p><strong><img fetchpriority=\"high\" decoding=\"async\" src=\"https:\/\/cabinet-vigier.com\/wp-content\/uploads\/2017\/09\/1200_667_distribution_don_pablo-1024x535.jpg\" alt=\"\" width=\"1024\" height=\"535\" \/>Wir beraten deutsche Unternehmen umfassend bei der rechtlichen Organisation und Verwaltung ihrer Vertriebsstruktur in Frankreich.<\/strong><\/p>\n<p>Seit vielen Jahren begleiten wir unsere deutschen Mandanten beim Aufbau ihrer Vertriebsstrukturen in Frankreich.<\/p>\n<p>Wir begleiten Sie je nach Anforderungsprofil sowohl bei der Gr\u00fcndung Ihrer Tochtergesellschaft oder Niederlassung in Frankreich, wie auch bei der Gestaltung der Vertr\u00e4ge mit Ihren franz\u00f6sischen Vertriebspartnern, Vertragsh\u00e4ndlern, Handelsvertretern und Vertriebsangestellten sowie Franchisepartnern.<\/p>\n<p>Wir beraten und vertreten unsere Mandanten ebenfalls bei der Aufl\u00f6sung oder Modifikation ihrer Vertriebsstruktur in Frankreich, insbesondere auch bei der Geltendmachung und Abwehr von handelsvertreterrechtlichen Ausgleichsanspr\u00fcchen in Frankreich und Deutschland.<\/p>\n<p>&nbsp;<\/p>\n","protected":false},"excerpt":{"rendered":"<p>Wir beraten deutsche Unternehmen umfassend bei der rechtlichen Organisation und Verwaltung ihrer Vertriebsstruktur in Frankreich. Seit vielen Jahren begleiten wir unsere deutschen Mandanten beim Aufbau ihrer Vertriebsstrukturen in Frankreich. Wir begleiten Sie je nach Anforderungsprofil sowohl bei der Gr\u00fcndung Ihrer Tochtergesellschaft oder Niederlassung in Frankreich, wie auch bei der Gestaltung der Vertr\u00e4ge mit Ihren franz\u00f6sischen &#8230; <a title=\"Vertriebsrecht Frankreich\" class=\"read-more\" href=\"https:\/\/cabinet-vigier.com\/de\/vertriebsrecht-frankreich\/\" aria-label=\"Mehr zu Vertriebsrecht Frankreich\">Weiterlesen &#8230;<\/a><\/p>\n","protected":false},"author":2,"featured_media":0,"parent":0,"menu_order":0,"comment_status":"closed","ping_status":"closed","template":"","meta":{"_monsterinsights_skip_tracking":false,"_monsterinsights_sitenote_active":false,"_monsterinsights_sitenote_note":"","_monsterinsights_sitenote_category":0,"_uf_show_specific_survey":0,"_uf_disable_surveys":false,"generate_page_header":"","footnotes":""},"class_list":["post-309","page","type-page","status-publish"],"yoast_head":"<!-- This site is optimized with the Yoast SEO plugin v24.5 - https:\/\/yoast.com\/wordpress\/plugins\/seo\/ -->\n<title>Vertriebsrecht Frankreich - Cabinet Vigier<\/title>\n<meta name=\"robots\" content=\"index, follow, max-snippet:-1, max-image-preview:large, max-video-preview:-1\" \/>\n<link rel=\"canonical\" href=\"https:\/\/cabinet-vigier.com\/de\/vertriebsrecht-frankreich\/\" \/>\n<meta property=\"og:locale\" content=\"de_DE\" \/>\n<meta property=\"og:type\" content=\"article\" \/>\n<meta property=\"og:title\" content=\"Vertriebsrecht Frankreich - Cabinet Vigier\" \/>\n<meta property=\"og:description\" content=\"Wir beraten deutsche Unternehmen umfassend bei der rechtlichen Organisation und Verwaltung ihrer Vertriebsstruktur in Frankreich. Seit vielen Jahren begleiten wir unsere deutschen Mandanten beim Aufbau ihrer Vertriebsstrukturen in Frankreich. Wir begleiten Sie je nach Anforderungsprofil sowohl bei der Gr\u00fcndung Ihrer Tochtergesellschaft oder Niederlassung in Frankreich, wie auch bei der Gestaltung der Vertr\u00e4ge mit Ihren franz\u00f6sischen ... Weiterlesen ...\" \/>\n<meta property=\"og:url\" content=\"https:\/\/cabinet-vigier.com\/de\/vertriebsrecht-frankreich\/\" \/>\n<meta property=\"og:site_name\" content=\"Cabinet Vigier\" \/>\n<meta property=\"article:modified_time\" content=\"2017-11-02T17:50:38+00:00\" \/>\n<meta property=\"og:image\" content=\"https:\/\/cabinet-vigier.com\/wp-content\/uploads\/2017\/09\/1200_667_distribution_don_pablo-1024x535.jpg\" \/>\n<meta name=\"twitter:card\" content=\"summary_large_image\" \/>\n<script type=\"application\/ld+json\" class=\"yoast-schema-graph\">{\"@context\":\"https:\/\/schema.org\",\"@graph\":[{\"@type\":\"WebPage\",\"@id\":\"https:\/\/cabinet-vigier.com\/de\/vertriebsrecht-frankreich\/\",\"url\":\"https:\/\/cabinet-vigier.com\/de\/vertriebsrecht-frankreich\/\",\"name\":\"Vertriebsrecht Frankreich - Cabinet Vigier\",\"isPartOf\":{\"@id\":\"https:\/\/cabinet-vigier.com\/fr\/#website\"},\"primaryImageOfPage\":{\"@id\":\"https:\/\/cabinet-vigier.com\/de\/vertriebsrecht-frankreich\/#primaryimage\"},\"image\":{\"@id\":\"https:\/\/cabinet-vigier.com\/de\/vertriebsrecht-frankreich\/#primaryimage\"},\"thumbnailUrl\":\"https:\/\/cabinet-vigier.com\/wp-content\/uploads\/2017\/09\/1200_667_distribution_don_pablo-1024x535.jpg\",\"datePublished\":\"2017-08-05T19:18:23+00:00\",\"dateModified\":\"2017-11-02T17:50:38+00:00\",\"breadcrumb\":{\"@id\":\"https:\/\/cabinet-vigier.com\/de\/vertriebsrecht-frankreich\/#breadcrumb\"},\"inLanguage\":\"de\",\"potentialAction\":[{\"@type\":\"ReadAction\",\"target\":[\"https:\/\/cabinet-vigier.com\/de\/vertriebsrecht-frankreich\/\"]}]},{\"@type\":\"ImageObject\",\"inLanguage\":\"de\",\"@id\":\"https:\/\/cabinet-vigier.com\/de\/vertriebsrecht-frankreich\/#primaryimage\",\"url\":\"https:\/\/cabinet-vigier.com\/wp-content\/uploads\/2017\/09\/1200_667_distribution_don_pablo-1024x535.jpg\",\"contentUrl\":\"https:\/\/cabinet-vigier.com\/wp-content\/uploads\/2017\/09\/1200_667_distribution_don_pablo-1024x535.jpg\"},{\"@type\":\"BreadcrumbList\",\"@id\":\"https:\/\/cabinet-vigier.com\/de\/vertriebsrecht-frankreich\/#breadcrumb\",\"itemListElement\":[{\"@type\":\"ListItem\",\"position\":1,\"name\":\"Startseite\",\"item\":\"https:\/\/cabinet-vigier.com\/de\/\"},{\"@type\":\"ListItem\",\"position\":2,\"name\":\"Vertriebsrecht Frankreich\"}]},{\"@type\":\"WebSite\",\"@id\":\"https:\/\/cabinet-vigier.com\/fr\/#website\",\"url\":\"https:\/\/cabinet-vigier.com\/fr\/\",\"name\":\"Cabinet Vigier\",\"description\":\"Deutsch-franz\u00f6sische Anwaltskanzlei - Cabinet d&#039;avocats franco allemand\",\"publisher\":{\"@id\":\"https:\/\/cabinet-vigier.com\/fr\/#organization\"},\"potentialAction\":[{\"@type\":\"SearchAction\",\"target\":{\"@type\":\"EntryPoint\",\"urlTemplate\":\"https:\/\/cabinet-vigier.com\/fr\/?s={search_term_string}\"},\"query-input\":{\"@type\":\"PropertyValueSpecification\",\"valueRequired\":true,\"valueName\":\"search_term_string\"}}],\"inLanguage\":\"de\"},{\"@type\":\"Organization\",\"@id\":\"https:\/\/cabinet-vigier.com\/fr\/#organization\",\"name\":\"Cabinet Vigier\",\"url\":\"https:\/\/cabinet-vigier.com\/fr\/\",\"logo\":{\"@type\":\"ImageObject\",\"inLanguage\":\"de\",\"@id\":\"https:\/\/cabinet-vigier.com\/fr\/#\/schema\/logo\/image\/\",\"url\":\"https:\/\/cabinet-vigier.com\/wp-content\/uploads\/2017\/08\/cropped-AV-Logo-DF-ult10-500x.jpg\",\"contentUrl\":\"https:\/\/cabinet-vigier.com\/wp-content\/uploads\/2017\/08\/cropped-AV-Logo-DF-ult10-500x.jpg\",\"width\":500,\"height\":100,\"caption\":\"Cabinet Vigier\"},\"image\":{\"@id\":\"https:\/\/cabinet-vigier.com\/fr\/#\/schema\/logo\/image\/\"}}]}<\/script>\n<!-- \/ Yoast SEO plugin. -->","yoast_head_json":{"title":"Vertriebsrecht Frankreich - Cabinet Vigier","robots":{"index":"index","follow":"follow","max-snippet":"max-snippet:-1","max-image-preview":"max-image-preview:large","max-video-preview":"max-video-preview:-1"},"canonical":"https:\/\/cabinet-vigier.com\/de\/vertriebsrecht-frankreich\/","og_locale":"de_DE","og_type":"article","og_title":"Vertriebsrecht Frankreich - Cabinet Vigier","og_description":"Wir beraten deutsche Unternehmen umfassend bei der rechtlichen Organisation und Verwaltung ihrer Vertriebsstruktur in Frankreich. Seit vielen Jahren begleiten wir unsere deutschen Mandanten beim Aufbau ihrer Vertriebsstrukturen in Frankreich. Wir begleiten Sie je nach Anforderungsprofil sowohl bei der Gr\u00fcndung Ihrer Tochtergesellschaft oder Niederlassung in Frankreich, wie auch bei der Gestaltung der Vertr\u00e4ge mit Ihren franz\u00f6sischen ... Weiterlesen ...","og_url":"https:\/\/cabinet-vigier.com\/de\/vertriebsrecht-frankreich\/","og_site_name":"Cabinet Vigier","article_modified_time":"2017-11-02T17:50:38+00:00","og_image":[{"url":"https:\/\/cabinet-vigier.com\/wp-content\/uploads\/2017\/09\/1200_667_distribution_don_pablo-1024x535.jpg","type":"","width":"","height":""}],"twitter_card":"summary_large_image","schema":{"@context":"https:\/\/schema.org","@graph":[{"@type":"WebPage","@id":"https:\/\/cabinet-vigier.com\/de\/vertriebsrecht-frankreich\/","url":"https:\/\/cabinet-vigier.com\/de\/vertriebsrecht-frankreich\/","name":"Vertriebsrecht Frankreich - Cabinet Vigier","isPartOf":{"@id":"https:\/\/cabinet-vigier.com\/fr\/#website"},"primaryImageOfPage":{"@id":"https:\/\/cabinet-vigier.com\/de\/vertriebsrecht-frankreich\/#primaryimage"},"image":{"@id":"https:\/\/cabinet-vigier.com\/de\/vertriebsrecht-frankreich\/#primaryimage"},"thumbnailUrl":"https:\/\/cabinet-vigier.com\/wp-content\/uploads\/2017\/09\/1200_667_distribution_don_pablo-1024x535.jpg","datePublished":"2017-08-05T19:18:23+00:00","dateModified":"2017-11-02T17:50:38+00:00","breadcrumb":{"@id":"https:\/\/cabinet-vigier.com\/de\/vertriebsrecht-frankreich\/#breadcrumb"},"inLanguage":"de","potentialAction":[{"@type":"ReadAction","target":["https:\/\/cabinet-vigier.com\/de\/vertriebsrecht-frankreich\/"]}]},{"@type":"ImageObject","inLanguage":"de","@id":"https:\/\/cabinet-vigier.com\/de\/vertriebsrecht-frankreich\/#primaryimage","url":"https:\/\/cabinet-vigier.com\/wp-content\/uploads\/2017\/09\/1200_667_distribution_don_pablo-1024x535.jpg","contentUrl":"https:\/\/cabinet-vigier.com\/wp-content\/uploads\/2017\/09\/1200_667_distribution_don_pablo-1024x535.jpg"},{"@type":"BreadcrumbList","@id":"https:\/\/cabinet-vigier.com\/de\/vertriebsrecht-frankreich\/#breadcrumb","itemListElement":[{"@type":"ListItem","position":1,"name":"Startseite","item":"https:\/\/cabinet-vigier.com\/de\/"},{"@type":"ListItem","position":2,"name":"Vertriebsrecht Frankreich"}]},{"@type":"WebSite","@id":"https:\/\/cabinet-vigier.com\/fr\/#website","url":"https:\/\/cabinet-vigier.com\/fr\/","name":"Cabinet Vigier","description":"Deutsch-franz\u00f6sische Anwaltskanzlei - Cabinet d&#039;avocats franco allemand","publisher":{"@id":"https:\/\/cabinet-vigier.com\/fr\/#organization"},"potentialAction":[{"@type":"SearchAction","target":{"@type":"EntryPoint","urlTemplate":"https:\/\/cabinet-vigier.com\/fr\/?s={search_term_string}"},"query-input":{"@type":"PropertyValueSpecification","valueRequired":true,"valueName":"search_term_string"}}],"inLanguage":"de"},{"@type":"Organization","@id":"https:\/\/cabinet-vigier.com\/fr\/#organization","name":"Cabinet Vigier","url":"https:\/\/cabinet-vigier.com\/fr\/","logo":{"@type":"ImageObject","inLanguage":"de","@id":"https:\/\/cabinet-vigier.com\/fr\/#\/schema\/logo\/image\/","url":"https:\/\/cabinet-vigier.com\/wp-content\/uploads\/2017\/08\/cropped-AV-Logo-DF-ult10-500x.jpg","contentUrl":"https:\/\/cabinet-vigier.com\/wp-content\/uploads\/2017\/08\/cropped-AV-Logo-DF-ult10-500x.jpg","width":500,"height":100,"caption":"Cabinet Vigier"},"image":{"@id":"https:\/\/cabinet-vigier.com\/fr\/#\/schema\/logo\/image\/"}}]}},"_links":{"self":[{"href":"https:\/\/cabinet-vigier.com\/de\/wp-json\/wp\/v2\/pages\/309","targetHints":{"allow":["GET"]}}],"collection":[{"href":"https:\/\/cabinet-vigier.com\/de\/wp-json\/wp\/v2\/pages"}],"about":[{"href":"https:\/\/cabinet-vigier.com\/de\/wp-json\/wp\/v2\/types\/page"}],"author":[{"embeddable":true,"href":"https:\/\/cabinet-vigier.com\/de\/wp-json\/wp\/v2\/users\/2"}],"replies":[{"embeddable":true,"href":"https:\/\/cabinet-vigier.com\/de\/wp-json\/wp\/v2\/comments?post=309"}],"version-history":[{"count":5,"href":"https:\/\/cabinet-vigier.com\/de\/wp-json\/wp\/v2\/pages\/309\/revisions"}],"predecessor-version":[{"id":915,"href":"https:\/\/cabinet-vigier.com\/de\/wp-json\/wp\/v2\/pages\/309\/revisions\/915"}],"wp:attachment":[{"href":"https:\/\/cabinet-vigier.com\/de\/wp-json\/wp\/v2\/media?parent=309"}],"curies":[{"name":"wp","href":"https:\/\/api.w.org\/{rel}","templated":true}]}}