{"id":311,"date":"2017-08-05T21:18:38","date_gmt":"2017-08-05T19:18:38","guid":{"rendered":"http:\/\/www.cabinet-vigier.com?page_id=311"},"modified":"2017-11-02T18:49:16","modified_gmt":"2017-11-02T17:49:16","slug":"prozessfuehrung-frankreich","status":"publish","type":"page","link":"https:\/\/cabinet-vigier.com\/de\/prozessfuehrung-frankreich\/","title":{"rendered":"Prozessf\u00fchrung Frankreich"},"content":{"rendered":"<p><strong><img fetchpriority=\"high\" decoding=\"async\" src=\"https:\/\/cabinet-vigier.com\/wp-content\/uploads\/2017\/08\/1200-667-justice-alexander_kirch.jpg\" alt=\"\" width=\"1200\" height=\"627\" \/>Wir \u00fcbernehmen die Organisation Ihrer Prozessf\u00fchrung oder Prozessvertretung sowie Zwangsvollstreckung in Frankreich.<\/strong><\/p>\n<p>Aufgrund unserer Zulassung als franz\u00f6sischer Anwalt (avocat) sind wir mit dem franz\u00f6sischen Rechtssystem, den dortigen Verfahren und Praktiken bestens vertraut.<\/p>\n<p>Vertreten k\u00f6nnen wir Sie vor allen franz\u00f6sischen Handelsgerichten (Tribunal de commerce) und Amtgerichten (Tribunal d\u2019instance), vor dem Berufungsgerichtshof von AIX EN PROVENCE (Cour d\u2019appel d\u2019Aix en Provence) und vor allen Landgerichten (Tribunal de grande instance) seines Einzugsbereichs.<\/p>\n<p>Zur Vertretung bei anderen franz\u00f6sischen Gerichten schalten wir im Interesse unserer Mandanten regelm\u00e4\u00dfig so genannte Postulationskollegen ein, die bei den jeweils zust\u00e4ndigen Gerichten zugelassen sind und die Vertretung vor Ort sicherstellen. In der Regel bestimmen wir hierbei in enger Abstimmung mit unseren Mandanten die Verfahrensstrategie und den Inhalt der Schrifts\u00e4tze. Den Postulationskollegen vor Ort instruieren wir entsprechend.<\/p>\n<p>In jeder Phase des Verfahrens stellen wir die optimale Vertretung und Information unserer Mandanten insbesondere durch die folgenden T\u00e4tigkeiten sicher:<\/p>\n<ul>\n<li>Klageerhebung oder Bestellung im Rahmen der Verfahrenseinleitung;<\/li>\n<li>Wahrnehmung des vorbereitenden Verfahrens und Erstellung der Parteischrifts\u00e4tze (Austausch der Verteidigungsmittel und Beweise);<\/li>\n<li>Wahrnehmung und Vertretung in der Hauptverhandlung;<\/li>\n<li>Auswertung und Erl\u00e4uterung von Gerichtsurteilen und \u2013beschl\u00fcssen;<\/li>\n<li>Einlegung von Rechtsmitteln;<\/li>\n<\/ul>\n<p>Sowohl vor den franz\u00f6sischen Amtsgerichten (Tribunal d\u2019instance), als auch den Handelsgerichten (Tribunal de commerce) ist die anwaltliche Vertretung nicht zwingend erforderlich. Die anwaltliche Vertretung ist aber zwingend vor den folgenden franz\u00f6sischen Gerichten:<\/p>\n<ul>\n<li>Landgerichte (Tribunal de grande instance)<\/li>\n<li>Berufungsgerichtsh\u00f6fe (Cour d\u2019appel)<\/li>\n<li>Kassationsgerichtshof (Cour de cassation)<\/li>\n<\/ul>\n<p>Anders als in Deutschland gibt es in Verfahren vor franz\u00f6sischen Gerichten in der Regel keine vollst\u00e4ndige Kostentragungspflicht der unterliegenden Partei. Vielmehr kann das franz\u00f6sische Gericht der obsiegenden Partei einen Erstattungsbetrag nach Billigkeit zusprechen. In der Praxis deckt dieser Betrag allerdings \u00e4u\u00dferst selten die tats\u00e4chlich entstandenen Kosten.<\/p>\n<p>Die Einschaltung eines Anwalts in grenz\u00fcberschreitenden Verfahren mit einem eher geringen Gegenstandswert bis etwa 5000 EURO macht daher aus wirtschaftlicher Sicht im Ergebnis oft wenig Sinn &#8211; dies insbesondere auch dann, wenn aufgrund besonderer \u00f6rtlicher Zust\u00e4ndigkeit noch ein zus\u00e4tzlicher Postulationsvertreter vor Ort eingeschaltet werden muss.<\/p>\n<p>&nbsp;<\/p>\n","protected":false},"excerpt":{"rendered":"<p>Wir \u00fcbernehmen die Organisation Ihrer Prozessf\u00fchrung oder Prozessvertretung sowie Zwangsvollstreckung in Frankreich. Aufgrund unserer Zulassung als franz\u00f6sischer Anwalt (avocat) sind wir mit dem franz\u00f6sischen Rechtssystem, den dortigen Verfahren und Praktiken bestens vertraut. Vertreten k\u00f6nnen wir Sie vor allen franz\u00f6sischen Handelsgerichten (Tribunal de commerce) und Amtgerichten (Tribunal d\u2019instance), vor dem Berufungsgerichtshof von AIX EN PROVENCE (Cour &#8230; <a title=\"Prozessf\u00fchrung Frankreich\" class=\"read-more\" href=\"https:\/\/cabinet-vigier.com\/de\/prozessfuehrung-frankreich\/\" aria-label=\"Mehr zu Prozessf\u00fchrung Frankreich\">Weiterlesen &#8230;<\/a><\/p>\n","protected":false},"author":2,"featured_media":0,"parent":0,"menu_order":0,"comment_status":"closed","ping_status":"closed","template":"","meta":{"_monsterinsights_skip_tracking":false,"_monsterinsights_sitenote_active":false,"_monsterinsights_sitenote_note":"","_monsterinsights_sitenote_category":0,"_uf_show_specific_survey":0,"_uf_disable_surveys":false,"generate_page_header":"","footnotes":""},"class_list":["post-311","page","type-page","status-publish"],"yoast_head":"<!-- This site is optimized with the Yoast SEO plugin v24.5 - https:\/\/yoast.com\/wordpress\/plugins\/seo\/ -->\n<title>Prozessf\u00fchrung Frankreich - Cabinet Vigier<\/title>\n<meta name=\"robots\" content=\"index, follow, max-snippet:-1, max-image-preview:large, max-video-preview:-1\" \/>\n<link rel=\"canonical\" href=\"https:\/\/cabinet-vigier.com\/de\/prozessfuehrung-frankreich\/\" \/>\n<meta property=\"og:locale\" content=\"de_DE\" \/>\n<meta property=\"og:type\" content=\"article\" \/>\n<meta property=\"og:title\" content=\"Prozessf\u00fchrung Frankreich - Cabinet Vigier\" \/>\n<meta property=\"og:description\" content=\"Wir \u00fcbernehmen die Organisation Ihrer Prozessf\u00fchrung oder Prozessvertretung sowie Zwangsvollstreckung in Frankreich. Aufgrund unserer Zulassung als franz\u00f6sischer Anwalt (avocat) sind wir mit dem franz\u00f6sischen Rechtssystem, den dortigen Verfahren und Praktiken bestens vertraut. Vertreten k\u00f6nnen wir Sie vor allen franz\u00f6sischen Handelsgerichten (Tribunal de commerce) und Amtgerichten (Tribunal d\u2019instance), vor dem Berufungsgerichtshof von AIX EN PROVENCE (Cour ... Weiterlesen ...\" \/>\n<meta property=\"og:url\" content=\"https:\/\/cabinet-vigier.com\/de\/prozessfuehrung-frankreich\/\" \/>\n<meta property=\"og:site_name\" content=\"Cabinet Vigier\" \/>\n<meta property=\"article:modified_time\" content=\"2017-11-02T17:49:16+00:00\" \/>\n<meta property=\"og:image\" content=\"https:\/\/cabinet-vigier.com\/wp-content\/uploads\/2017\/08\/1200-667-justice-alexander_kirch.jpg\" \/>\n<meta name=\"twitter:card\" content=\"summary_large_image\" \/>\n<meta name=\"twitter:label1\" content=\"Gesch\u00e4tzte Lesezeit\" \/>\n\t<meta name=\"twitter:data1\" content=\"2\u00a0Minuten\" \/>\n<script type=\"application\/ld+json\" class=\"yoast-schema-graph\">{\"@context\":\"https:\/\/schema.org\",\"@graph\":[{\"@type\":\"WebPage\",\"@id\":\"https:\/\/cabinet-vigier.com\/de\/prozessfuehrung-frankreich\/\",\"url\":\"https:\/\/cabinet-vigier.com\/de\/prozessfuehrung-frankreich\/\",\"name\":\"Prozessf\u00fchrung Frankreich - Cabinet Vigier\",\"isPartOf\":{\"@id\":\"https:\/\/cabinet-vigier.com\/fr\/#website\"},\"primaryImageOfPage\":{\"@id\":\"https:\/\/cabinet-vigier.com\/de\/prozessfuehrung-frankreich\/#primaryimage\"},\"image\":{\"@id\":\"https:\/\/cabinet-vigier.com\/de\/prozessfuehrung-frankreich\/#primaryimage\"},\"thumbnailUrl\":\"https:\/\/cabinet-vigier.com\/wp-content\/uploads\/2017\/08\/1200-667-justice-alexander_kirch.jpg\",\"datePublished\":\"2017-08-05T19:18:38+00:00\",\"dateModified\":\"2017-11-02T17:49:16+00:00\",\"breadcrumb\":{\"@id\":\"https:\/\/cabinet-vigier.com\/de\/prozessfuehrung-frankreich\/#breadcrumb\"},\"inLanguage\":\"de\",\"potentialAction\":[{\"@type\":\"ReadAction\",\"target\":[\"https:\/\/cabinet-vigier.com\/de\/prozessfuehrung-frankreich\/\"]}]},{\"@type\":\"ImageObject\",\"inLanguage\":\"de\",\"@id\":\"https:\/\/cabinet-vigier.com\/de\/prozessfuehrung-frankreich\/#primaryimage\",\"url\":\"https:\/\/cabinet-vigier.com\/wp-content\/uploads\/2017\/08\/1200-667-justice-alexander_kirch.jpg\",\"contentUrl\":\"https:\/\/cabinet-vigier.com\/wp-content\/uploads\/2017\/08\/1200-667-justice-alexander_kirch.jpg\"},{\"@type\":\"BreadcrumbList\",\"@id\":\"https:\/\/cabinet-vigier.com\/de\/prozessfuehrung-frankreich\/#breadcrumb\",\"itemListElement\":[{\"@type\":\"ListItem\",\"position\":1,\"name\":\"Startseite\",\"item\":\"https:\/\/cabinet-vigier.com\/de\/\"},{\"@type\":\"ListItem\",\"position\":2,\"name\":\"Prozessf\u00fchrung Frankreich\"}]},{\"@type\":\"WebSite\",\"@id\":\"https:\/\/cabinet-vigier.com\/fr\/#website\",\"url\":\"https:\/\/cabinet-vigier.com\/fr\/\",\"name\":\"Cabinet Vigier\",\"description\":\"Deutsch-franz\u00f6sische Anwaltskanzlei - Cabinet d&#039;avocats franco allemand\",\"publisher\":{\"@id\":\"https:\/\/cabinet-vigier.com\/fr\/#organization\"},\"potentialAction\":[{\"@type\":\"SearchAction\",\"target\":{\"@type\":\"EntryPoint\",\"urlTemplate\":\"https:\/\/cabinet-vigier.com\/fr\/?s={search_term_string}\"},\"query-input\":{\"@type\":\"PropertyValueSpecification\",\"valueRequired\":true,\"valueName\":\"search_term_string\"}}],\"inLanguage\":\"de\"},{\"@type\":\"Organization\",\"@id\":\"https:\/\/cabinet-vigier.com\/fr\/#organization\",\"name\":\"Cabinet Vigier\",\"url\":\"https:\/\/cabinet-vigier.com\/fr\/\",\"logo\":{\"@type\":\"ImageObject\",\"inLanguage\":\"de\",\"@id\":\"https:\/\/cabinet-vigier.com\/fr\/#\/schema\/logo\/image\/\",\"url\":\"https:\/\/cabinet-vigier.com\/wp-content\/uploads\/2017\/08\/cropped-AV-Logo-DF-ult10-500x.jpg\",\"contentUrl\":\"https:\/\/cabinet-vigier.com\/wp-content\/uploads\/2017\/08\/cropped-AV-Logo-DF-ult10-500x.jpg\",\"width\":500,\"height\":100,\"caption\":\"Cabinet Vigier\"},\"image\":{\"@id\":\"https:\/\/cabinet-vigier.com\/fr\/#\/schema\/logo\/image\/\"}}]}<\/script>\n<!-- \/ Yoast SEO plugin. -->","yoast_head_json":{"title":"Prozessf\u00fchrung Frankreich - Cabinet Vigier","robots":{"index":"index","follow":"follow","max-snippet":"max-snippet:-1","max-image-preview":"max-image-preview:large","max-video-preview":"max-video-preview:-1"},"canonical":"https:\/\/cabinet-vigier.com\/de\/prozessfuehrung-frankreich\/","og_locale":"de_DE","og_type":"article","og_title":"Prozessf\u00fchrung Frankreich - Cabinet Vigier","og_description":"Wir \u00fcbernehmen die Organisation Ihrer Prozessf\u00fchrung oder Prozessvertretung sowie Zwangsvollstreckung in Frankreich. Aufgrund unserer Zulassung als franz\u00f6sischer Anwalt (avocat) sind wir mit dem franz\u00f6sischen Rechtssystem, den dortigen Verfahren und Praktiken bestens vertraut. Vertreten k\u00f6nnen wir Sie vor allen franz\u00f6sischen Handelsgerichten (Tribunal de commerce) und Amtgerichten (Tribunal d\u2019instance), vor dem Berufungsgerichtshof von AIX EN PROVENCE (Cour ... Weiterlesen ...","og_url":"https:\/\/cabinet-vigier.com\/de\/prozessfuehrung-frankreich\/","og_site_name":"Cabinet Vigier","article_modified_time":"2017-11-02T17:49:16+00:00","og_image":[{"url":"https:\/\/cabinet-vigier.com\/wp-content\/uploads\/2017\/08\/1200-667-justice-alexander_kirch.jpg","type":"","width":"","height":""}],"twitter_card":"summary_large_image","twitter_misc":{"Gesch\u00e4tzte Lesezeit":"2\u00a0Minuten"},"schema":{"@context":"https:\/\/schema.org","@graph":[{"@type":"WebPage","@id":"https:\/\/cabinet-vigier.com\/de\/prozessfuehrung-frankreich\/","url":"https:\/\/cabinet-vigier.com\/de\/prozessfuehrung-frankreich\/","name":"Prozessf\u00fchrung Frankreich - Cabinet Vigier","isPartOf":{"@id":"https:\/\/cabinet-vigier.com\/fr\/#website"},"primaryImageOfPage":{"@id":"https:\/\/cabinet-vigier.com\/de\/prozessfuehrung-frankreich\/#primaryimage"},"image":{"@id":"https:\/\/cabinet-vigier.com\/de\/prozessfuehrung-frankreich\/#primaryimage"},"thumbnailUrl":"https:\/\/cabinet-vigier.com\/wp-content\/uploads\/2017\/08\/1200-667-justice-alexander_kirch.jpg","datePublished":"2017-08-05T19:18:38+00:00","dateModified":"2017-11-02T17:49:16+00:00","breadcrumb":{"@id":"https:\/\/cabinet-vigier.com\/de\/prozessfuehrung-frankreich\/#breadcrumb"},"inLanguage":"de","potentialAction":[{"@type":"ReadAction","target":["https:\/\/cabinet-vigier.com\/de\/prozessfuehrung-frankreich\/"]}]},{"@type":"ImageObject","inLanguage":"de","@id":"https:\/\/cabinet-vigier.com\/de\/prozessfuehrung-frankreich\/#primaryimage","url":"https:\/\/cabinet-vigier.com\/wp-content\/uploads\/2017\/08\/1200-667-justice-alexander_kirch.jpg","contentUrl":"https:\/\/cabinet-vigier.com\/wp-content\/uploads\/2017\/08\/1200-667-justice-alexander_kirch.jpg"},{"@type":"BreadcrumbList","@id":"https:\/\/cabinet-vigier.com\/de\/prozessfuehrung-frankreich\/#breadcrumb","itemListElement":[{"@type":"ListItem","position":1,"name":"Startseite","item":"https:\/\/cabinet-vigier.com\/de\/"},{"@type":"ListItem","position":2,"name":"Prozessf\u00fchrung Frankreich"}]},{"@type":"WebSite","@id":"https:\/\/cabinet-vigier.com\/fr\/#website","url":"https:\/\/cabinet-vigier.com\/fr\/","name":"Cabinet Vigier","description":"Deutsch-franz\u00f6sische Anwaltskanzlei - Cabinet d&#039;avocats franco allemand","publisher":{"@id":"https:\/\/cabinet-vigier.com\/fr\/#organization"},"potentialAction":[{"@type":"SearchAction","target":{"@type":"EntryPoint","urlTemplate":"https:\/\/cabinet-vigier.com\/fr\/?s={search_term_string}"},"query-input":{"@type":"PropertyValueSpecification","valueRequired":true,"valueName":"search_term_string"}}],"inLanguage":"de"},{"@type":"Organization","@id":"https:\/\/cabinet-vigier.com\/fr\/#organization","name":"Cabinet Vigier","url":"https:\/\/cabinet-vigier.com\/fr\/","logo":{"@type":"ImageObject","inLanguage":"de","@id":"https:\/\/cabinet-vigier.com\/fr\/#\/schema\/logo\/image\/","url":"https:\/\/cabinet-vigier.com\/wp-content\/uploads\/2017\/08\/cropped-AV-Logo-DF-ult10-500x.jpg","contentUrl":"https:\/\/cabinet-vigier.com\/wp-content\/uploads\/2017\/08\/cropped-AV-Logo-DF-ult10-500x.jpg","width":500,"height":100,"caption":"Cabinet Vigier"},"image":{"@id":"https:\/\/cabinet-vigier.com\/fr\/#\/schema\/logo\/image\/"}}]}},"_links":{"self":[{"href":"https:\/\/cabinet-vigier.com\/de\/wp-json\/wp\/v2\/pages\/311","targetHints":{"allow":["GET"]}}],"collection":[{"href":"https:\/\/cabinet-vigier.com\/de\/wp-json\/wp\/v2\/pages"}],"about":[{"href":"https:\/\/cabinet-vigier.com\/de\/wp-json\/wp\/v2\/types\/page"}],"author":[{"embeddable":true,"href":"https:\/\/cabinet-vigier.com\/de\/wp-json\/wp\/v2\/users\/2"}],"replies":[{"embeddable":true,"href":"https:\/\/cabinet-vigier.com\/de\/wp-json\/wp\/v2\/comments?post=311"}],"version-history":[{"count":8,"href":"https:\/\/cabinet-vigier.com\/de\/wp-json\/wp\/v2\/pages\/311\/revisions"}],"predecessor-version":[{"id":913,"href":"https:\/\/cabinet-vigier.com\/de\/wp-json\/wp\/v2\/pages\/311\/revisions\/913"}],"wp:attachment":[{"href":"https:\/\/cabinet-vigier.com\/de\/wp-json\/wp\/v2\/media?parent=311"}],"curies":[{"name":"wp","href":"https:\/\/api.w.org\/{rel}","templated":true}]}}