{"id":313,"date":"2017-08-05T21:18:46","date_gmt":"2017-08-05T19:18:46","guid":{"rendered":"http:\/\/www.cabinet-vigier.com?page_id=313"},"modified":"2017-11-02T18:50:08","modified_gmt":"2017-11-02T17:50:08","slug":"inkasso-frankreich","status":"publish","type":"page","link":"https:\/\/cabinet-vigier.com\/de\/inkasso-frankreich\/","title":{"rendered":"Inkasso Frankreich"},"content":{"rendered":"<p><strong><img fetchpriority=\"high\" decoding=\"async\" src=\"https:\/\/cabinet-vigier.com\/wp-content\/uploads\/2017\/09\/1200_667_recouvrement_doucefleur-1024x535.jpg\" alt=\"\" width=\"1024\" height=\"535\" \/><\/strong><strong>Wir treiben Ihre Forderungen gegen Schuldner in Frankreich bei.<\/strong><\/p>\n<p>Unsere Kanzlei \u00fcbernimmt ebenfalls die Beitreibung von Forderungen gegen\u00fcber Ihren franz\u00f6sischen Gl\u00e4ubigern.<\/p>\n<p>Es muss allerdings auch darauf hingewiesen werden, dass die Forderungsbeitreibung von Betr\u00e4gen unterhalb von 5.000 \u20ac selten wirtschaftlichen Sinn macht, da die anfallenden Gesamtkosten nach franz\u00f6sischem Recht in der Regel nicht erstattungsf\u00e4hig sind.<\/p>\n<p>Um nicht unn\u00f6tig Kosten zu produzieren, pr\u00fcfen wir vor Einleitung jedes Mahn- und Vollstreckungsverfahrens zun\u00e4chst die insolvenzrechtliche Situation des franz\u00f6sischen Schuldners. Sollte ein Insolvenzverfahren anh\u00e4ngig sein, pr\u00fcfen wir mit Ihnen die M\u00f6glichkeiten der Forderungsmeldung im franz\u00f6sischen Insolvenzverfahren.<\/p>\n<p>Wenn kein Insolvenzverfahren anh\u00e4ngig ist und die Forderung nach erster Pr\u00fcfung der \u00fcbermittelten Unterlagen schl\u00fcssig ist, senden wir dem Schuldner zun\u00e4chst ein au\u00dfergerichtliches Mahnschreiben und fordern diesen unter Fristsetzung auf, die Schuld zu begleichen.<\/p>\n<p>Sollte das Mahnschreiben erfolglos bleIben, leiten wir in Abstimmung mit unserem Mandanten gerichtliche Ma\u00dfnahmen vor franz\u00f6sischen Gerichten ein. Bei ganz offensichtlich unbestrittenen bzw. unbestreitbaren Forderungen erheben wir in der Regel ein gerichtliches Mahnverfahren (proc\u00e9dure d\u2019injonction de payer), welches in der Regel die \u00f6konomischste Verfahrensart darstellt.<\/p>\n<p>Wenn von vorneherein absehbar ist, dass der Schuldner das Bestehen der Forderung bestreiten wird, empfiehlt es sich in der Regel gleich ein Hauptsacheklageverfahren (proc\u00e9dure au fond) beim zust\u00e4ndigen Amts-, Land- oder Handelsgericht einzulegen.<\/p>\n<p>Anders als in Deutschland gibt es in Verfahren vor franz\u00f6sischen Gerichten in der Regel keine vollst\u00e4ndige Kostentragungspflicht der unterliegenden Partei. Vielmehr kann das franz\u00f6sische Gericht der obsiegenden Partei einen Erstattungsbetrag nach Billigkeit zusprechen. In der Praxis deckt dieser Betrag allerdings nur \u00e4u\u00dferst selten die tats\u00e4chlich entstandenen Kosten.<\/p>\n<p>Die Einschaltung eines Anwalts in grenz\u00fcberschreitenden Verfahren wegen Forderungen unter 5.000 \u20ac macht daher aus wirtschaftlicher Sicht im Ergebnis oft wenig Sinn &#8211; dies insbesondere auch dann, wenn aufgrund besonderer \u00f6rtlicher Zust\u00e4ndigkeit noch ein zus\u00e4tzlicher Postulationsvertreter vor Ort eingeschaltet werden muss.<\/p>\n<p>&nbsp;<\/p>\n","protected":false},"excerpt":{"rendered":"<p>Wir treiben Ihre Forderungen gegen Schuldner in Frankreich bei. Unsere Kanzlei \u00fcbernimmt ebenfalls die Beitreibung von Forderungen gegen\u00fcber Ihren franz\u00f6sischen Gl\u00e4ubigern. Es muss allerdings auch darauf hingewiesen werden, dass die Forderungsbeitreibung von Betr\u00e4gen unterhalb von 5.000 \u20ac selten wirtschaftlichen Sinn macht, da die anfallenden Gesamtkosten nach franz\u00f6sischem Recht in der Regel nicht erstattungsf\u00e4hig sind. Um &#8230; <a title=\"Inkasso Frankreich\" class=\"read-more\" href=\"https:\/\/cabinet-vigier.com\/de\/inkasso-frankreich\/\" aria-label=\"Mehr zu Inkasso Frankreich\">Weiterlesen &#8230;<\/a><\/p>\n","protected":false},"author":2,"featured_media":0,"parent":0,"menu_order":0,"comment_status":"closed","ping_status":"closed","template":"","meta":{"_monsterinsights_skip_tracking":false,"_monsterinsights_sitenote_active":false,"_monsterinsights_sitenote_note":"","_monsterinsights_sitenote_category":0,"_uf_show_specific_survey":0,"_uf_disable_surveys":false,"generate_page_header":"","footnotes":""},"class_list":["post-313","page","type-page","status-publish"],"yoast_head":"<!-- This site is optimized with the Yoast SEO plugin v24.5 - https:\/\/yoast.com\/wordpress\/plugins\/seo\/ -->\n<title>Inkasso Frankreich - Cabinet Vigier<\/title>\n<meta name=\"robots\" content=\"index, follow, max-snippet:-1, max-image-preview:large, max-video-preview:-1\" \/>\n<link rel=\"canonical\" href=\"https:\/\/cabinet-vigier.com\/de\/inkasso-frankreich\/\" \/>\n<meta property=\"og:locale\" content=\"de_DE\" \/>\n<meta property=\"og:type\" content=\"article\" \/>\n<meta property=\"og:title\" content=\"Inkasso Frankreich - Cabinet Vigier\" \/>\n<meta property=\"og:description\" content=\"Wir treiben Ihre Forderungen gegen Schuldner in Frankreich bei. Unsere Kanzlei \u00fcbernimmt ebenfalls die Beitreibung von Forderungen gegen\u00fcber Ihren franz\u00f6sischen Gl\u00e4ubigern. Es muss allerdings auch darauf hingewiesen werden, dass die Forderungsbeitreibung von Betr\u00e4gen unterhalb von 5.000 \u20ac selten wirtschaftlichen Sinn macht, da die anfallenden Gesamtkosten nach franz\u00f6sischem Recht in der Regel nicht erstattungsf\u00e4hig sind. Um ... Weiterlesen ...\" \/>\n<meta property=\"og:url\" content=\"https:\/\/cabinet-vigier.com\/de\/inkasso-frankreich\/\" \/>\n<meta property=\"og:site_name\" content=\"Cabinet Vigier\" \/>\n<meta property=\"article:modified_time\" content=\"2017-11-02T17:50:08+00:00\" \/>\n<meta property=\"og:image\" content=\"https:\/\/cabinet-vigier.com\/wp-content\/uploads\/2017\/09\/1200_667_recouvrement_doucefleur-1024x535.jpg\" \/>\n<meta name=\"twitter:card\" content=\"summary_large_image\" \/>\n<meta name=\"twitter:label1\" content=\"Gesch\u00e4tzte Lesezeit\" \/>\n\t<meta name=\"twitter:data1\" content=\"2\u00a0Minuten\" \/>\n<script type=\"application\/ld+json\" class=\"yoast-schema-graph\">{\"@context\":\"https:\/\/schema.org\",\"@graph\":[{\"@type\":\"WebPage\",\"@id\":\"https:\/\/cabinet-vigier.com\/de\/inkasso-frankreich\/\",\"url\":\"https:\/\/cabinet-vigier.com\/de\/inkasso-frankreich\/\",\"name\":\"Inkasso Frankreich - Cabinet Vigier\",\"isPartOf\":{\"@id\":\"https:\/\/cabinet-vigier.com\/fr\/#website\"},\"primaryImageOfPage\":{\"@id\":\"https:\/\/cabinet-vigier.com\/de\/inkasso-frankreich\/#primaryimage\"},\"image\":{\"@id\":\"https:\/\/cabinet-vigier.com\/de\/inkasso-frankreich\/#primaryimage\"},\"thumbnailUrl\":\"https:\/\/cabinet-vigier.com\/wp-content\/uploads\/2017\/09\/1200_667_recouvrement_doucefleur-1024x535.jpg\",\"datePublished\":\"2017-08-05T19:18:46+00:00\",\"dateModified\":\"2017-11-02T17:50:08+00:00\",\"breadcrumb\":{\"@id\":\"https:\/\/cabinet-vigier.com\/de\/inkasso-frankreich\/#breadcrumb\"},\"inLanguage\":\"de\",\"potentialAction\":[{\"@type\":\"ReadAction\",\"target\":[\"https:\/\/cabinet-vigier.com\/de\/inkasso-frankreich\/\"]}]},{\"@type\":\"ImageObject\",\"inLanguage\":\"de\",\"@id\":\"https:\/\/cabinet-vigier.com\/de\/inkasso-frankreich\/#primaryimage\",\"url\":\"https:\/\/cabinet-vigier.com\/wp-content\/uploads\/2017\/09\/1200_667_recouvrement_doucefleur-1024x535.jpg\",\"contentUrl\":\"https:\/\/cabinet-vigier.com\/wp-content\/uploads\/2017\/09\/1200_667_recouvrement_doucefleur-1024x535.jpg\"},{\"@type\":\"BreadcrumbList\",\"@id\":\"https:\/\/cabinet-vigier.com\/de\/inkasso-frankreich\/#breadcrumb\",\"itemListElement\":[{\"@type\":\"ListItem\",\"position\":1,\"name\":\"Startseite\",\"item\":\"https:\/\/cabinet-vigier.com\/de\/\"},{\"@type\":\"ListItem\",\"position\":2,\"name\":\"Inkasso Frankreich\"}]},{\"@type\":\"WebSite\",\"@id\":\"https:\/\/cabinet-vigier.com\/fr\/#website\",\"url\":\"https:\/\/cabinet-vigier.com\/fr\/\",\"name\":\"Cabinet Vigier\",\"description\":\"Deutsch-franz\u00f6sische Anwaltskanzlei - Cabinet d&#039;avocats franco allemand\",\"publisher\":{\"@id\":\"https:\/\/cabinet-vigier.com\/fr\/#organization\"},\"potentialAction\":[{\"@type\":\"SearchAction\",\"target\":{\"@type\":\"EntryPoint\",\"urlTemplate\":\"https:\/\/cabinet-vigier.com\/fr\/?s={search_term_string}\"},\"query-input\":{\"@type\":\"PropertyValueSpecification\",\"valueRequired\":true,\"valueName\":\"search_term_string\"}}],\"inLanguage\":\"de\"},{\"@type\":\"Organization\",\"@id\":\"https:\/\/cabinet-vigier.com\/fr\/#organization\",\"name\":\"Cabinet Vigier\",\"url\":\"https:\/\/cabinet-vigier.com\/fr\/\",\"logo\":{\"@type\":\"ImageObject\",\"inLanguage\":\"de\",\"@id\":\"https:\/\/cabinet-vigier.com\/fr\/#\/schema\/logo\/image\/\",\"url\":\"https:\/\/cabinet-vigier.com\/wp-content\/uploads\/2017\/08\/cropped-AV-Logo-DF-ult10-500x.jpg\",\"contentUrl\":\"https:\/\/cabinet-vigier.com\/wp-content\/uploads\/2017\/08\/cropped-AV-Logo-DF-ult10-500x.jpg\",\"width\":500,\"height\":100,\"caption\":\"Cabinet Vigier\"},\"image\":{\"@id\":\"https:\/\/cabinet-vigier.com\/fr\/#\/schema\/logo\/image\/\"}}]}<\/script>\n<!-- \/ Yoast SEO plugin. -->","yoast_head_json":{"title":"Inkasso Frankreich - Cabinet Vigier","robots":{"index":"index","follow":"follow","max-snippet":"max-snippet:-1","max-image-preview":"max-image-preview:large","max-video-preview":"max-video-preview:-1"},"canonical":"https:\/\/cabinet-vigier.com\/de\/inkasso-frankreich\/","og_locale":"de_DE","og_type":"article","og_title":"Inkasso Frankreich - Cabinet Vigier","og_description":"Wir treiben Ihre Forderungen gegen Schuldner in Frankreich bei. Unsere Kanzlei \u00fcbernimmt ebenfalls die Beitreibung von Forderungen gegen\u00fcber Ihren franz\u00f6sischen Gl\u00e4ubigern. Es muss allerdings auch darauf hingewiesen werden, dass die Forderungsbeitreibung von Betr\u00e4gen unterhalb von 5.000 \u20ac selten wirtschaftlichen Sinn macht, da die anfallenden Gesamtkosten nach franz\u00f6sischem Recht in der Regel nicht erstattungsf\u00e4hig sind. Um ... Weiterlesen ...","og_url":"https:\/\/cabinet-vigier.com\/de\/inkasso-frankreich\/","og_site_name":"Cabinet Vigier","article_modified_time":"2017-11-02T17:50:08+00:00","og_image":[{"url":"https:\/\/cabinet-vigier.com\/wp-content\/uploads\/2017\/09\/1200_667_recouvrement_doucefleur-1024x535.jpg","type":"","width":"","height":""}],"twitter_card":"summary_large_image","twitter_misc":{"Gesch\u00e4tzte Lesezeit":"2\u00a0Minuten"},"schema":{"@context":"https:\/\/schema.org","@graph":[{"@type":"WebPage","@id":"https:\/\/cabinet-vigier.com\/de\/inkasso-frankreich\/","url":"https:\/\/cabinet-vigier.com\/de\/inkasso-frankreich\/","name":"Inkasso Frankreich - Cabinet Vigier","isPartOf":{"@id":"https:\/\/cabinet-vigier.com\/fr\/#website"},"primaryImageOfPage":{"@id":"https:\/\/cabinet-vigier.com\/de\/inkasso-frankreich\/#primaryimage"},"image":{"@id":"https:\/\/cabinet-vigier.com\/de\/inkasso-frankreich\/#primaryimage"},"thumbnailUrl":"https:\/\/cabinet-vigier.com\/wp-content\/uploads\/2017\/09\/1200_667_recouvrement_doucefleur-1024x535.jpg","datePublished":"2017-08-05T19:18:46+00:00","dateModified":"2017-11-02T17:50:08+00:00","breadcrumb":{"@id":"https:\/\/cabinet-vigier.com\/de\/inkasso-frankreich\/#breadcrumb"},"inLanguage":"de","potentialAction":[{"@type":"ReadAction","target":["https:\/\/cabinet-vigier.com\/de\/inkasso-frankreich\/"]}]},{"@type":"ImageObject","inLanguage":"de","@id":"https:\/\/cabinet-vigier.com\/de\/inkasso-frankreich\/#primaryimage","url":"https:\/\/cabinet-vigier.com\/wp-content\/uploads\/2017\/09\/1200_667_recouvrement_doucefleur-1024x535.jpg","contentUrl":"https:\/\/cabinet-vigier.com\/wp-content\/uploads\/2017\/09\/1200_667_recouvrement_doucefleur-1024x535.jpg"},{"@type":"BreadcrumbList","@id":"https:\/\/cabinet-vigier.com\/de\/inkasso-frankreich\/#breadcrumb","itemListElement":[{"@type":"ListItem","position":1,"name":"Startseite","item":"https:\/\/cabinet-vigier.com\/de\/"},{"@type":"ListItem","position":2,"name":"Inkasso Frankreich"}]},{"@type":"WebSite","@id":"https:\/\/cabinet-vigier.com\/fr\/#website","url":"https:\/\/cabinet-vigier.com\/fr\/","name":"Cabinet Vigier","description":"Deutsch-franz\u00f6sische Anwaltskanzlei - Cabinet d&#039;avocats franco allemand","publisher":{"@id":"https:\/\/cabinet-vigier.com\/fr\/#organization"},"potentialAction":[{"@type":"SearchAction","target":{"@type":"EntryPoint","urlTemplate":"https:\/\/cabinet-vigier.com\/fr\/?s={search_term_string}"},"query-input":{"@type":"PropertyValueSpecification","valueRequired":true,"valueName":"search_term_string"}}],"inLanguage":"de"},{"@type":"Organization","@id":"https:\/\/cabinet-vigier.com\/fr\/#organization","name":"Cabinet Vigier","url":"https:\/\/cabinet-vigier.com\/fr\/","logo":{"@type":"ImageObject","inLanguage":"de","@id":"https:\/\/cabinet-vigier.com\/fr\/#\/schema\/logo\/image\/","url":"https:\/\/cabinet-vigier.com\/wp-content\/uploads\/2017\/08\/cropped-AV-Logo-DF-ult10-500x.jpg","contentUrl":"https:\/\/cabinet-vigier.com\/wp-content\/uploads\/2017\/08\/cropped-AV-Logo-DF-ult10-500x.jpg","width":500,"height":100,"caption":"Cabinet Vigier"},"image":{"@id":"https:\/\/cabinet-vigier.com\/fr\/#\/schema\/logo\/image\/"}}]}},"_links":{"self":[{"href":"https:\/\/cabinet-vigier.com\/de\/wp-json\/wp\/v2\/pages\/313","targetHints":{"allow":["GET"]}}],"collection":[{"href":"https:\/\/cabinet-vigier.com\/de\/wp-json\/wp\/v2\/pages"}],"about":[{"href":"https:\/\/cabinet-vigier.com\/de\/wp-json\/wp\/v2\/types\/page"}],"author":[{"embeddable":true,"href":"https:\/\/cabinet-vigier.com\/de\/wp-json\/wp\/v2\/users\/2"}],"replies":[{"embeddable":true,"href":"https:\/\/cabinet-vigier.com\/de\/wp-json\/wp\/v2\/comments?post=313"}],"version-history":[{"count":7,"href":"https:\/\/cabinet-vigier.com\/de\/wp-json\/wp\/v2\/pages\/313\/revisions"}],"predecessor-version":[{"id":914,"href":"https:\/\/cabinet-vigier.com\/de\/wp-json\/wp\/v2\/pages\/313\/revisions\/914"}],"wp:attachment":[{"href":"https:\/\/cabinet-vigier.com\/de\/wp-json\/wp\/v2\/media?parent=313"}],"curies":[{"name":"wp","href":"https:\/\/api.w.org\/{rel}","templated":true}]}}