{"id":548,"date":"2017-09-06T22:48:50","date_gmt":"2017-09-06T20:48:50","guid":{"rendered":"http:\/\/www.cabinet-vigier.com\/?page_id=548"},"modified":"2026-04-14T13:13:30","modified_gmt":"2026-04-14T11:13:30","slug":"honorar","status":"publish","type":"page","link":"https:\/\/cabinet-vigier.com\/de\/honorar\/","title":{"rendered":"Honorar"},"content":{"rendered":"<p><strong>Individuell, transparent und fair.&nbsp;<\/strong><strong><br \/> <\/strong><br \/> Das Honorar f\u00fcr unsere Leistungen ist f\u00fcr unsere Mandanten fair und nachvollziehbar.<br \/> Deshalb bieten wir in unserer Kanzlei auch individuelle Verg\u00fctungsvereinbarungen an.<\/p>\n<p>Um \u00dcberraschungen zu vermeiden, kl\u00e4ren wir Sie zu Beginn des Mandats \u00fcber die voraussichtlich entstehenden Kosten sowie die m\u00f6glichen Verg\u00fctungsvereinbarungen auf. Die Kosten richten sich hierbei entweder nach den gesetzlichen Geb\u00fchren oder Honorarvereinbarung nach Stundens\u00e4tzen, Pauschalverg\u00fctung oder Erfolgshonorar. <br \/> Der erste Anruf ist regelm\u00e4\u00dfig kostenfrei.<\/p>\n<p><strong>Erstberatung<\/strong><\/p>\n<p>Die Erstberatung dient der Kl\u00e4rung des Sachverhalts und einer ersten rechtlichen Einsch\u00e4tzung Ihrer Angelegenheit. Sie findet meist in einem pers\u00f6nlichen Gespr\u00e4ch oder ausf\u00fchrlichen Telefonat statt und kostet f\u00fcr Verbraucher maximal 190 \u20ac und f\u00fcr gewerbliche Mandanten maximal 250 \u20ac jeweils zuz\u00fcglich Telekommunikationskostenpauschale von maximal 20 \u20ac und Mehrwertsteuer. Schriftverkehr erfolgt hier nicht.<\/p>\n<p>Wenn Sie uns anschlie\u00dfend ein weiterf\u00fchrendes Mandat erteilen, wird die Erstberatungsgeb\u00fchr vollst\u00e4ndig auf die weiteren gesetzlichen Geb\u00fchren angerechnet.<strong>&nbsp;<\/strong><\/p>\n<p><strong>Gesetzliche Geb\u00fchren nach RVG<\/strong><\/p>\n<p>Wird keine gesonderte Verg\u00fctungsvereinbarung getroffen, erfolgt die Abrechnung gem\u00e4\u00df Rechtsanwaltsverg\u00fctungsgesetz (RVG) nach gesetzlichen Geb\u00fchren. Berechnungsgrundlage ist der Gegenstandswert (Streitwert). Das RVG gibt einen Geb\u00fchrenrahmen vor, der die Komplexit\u00e4t des Sachverhalts und die rechtliche Schwierigkeit des Falls ber\u00fccksichtigt. Bei nachfolgenden gerichtlichen Verfahren werden Teile der au\u00dfergerichtlich angefallenen Geb\u00fchren auf die gerichtlich anfallenden Geb\u00fchren (nicht Gerichtskosten) angerechnet.<strong>&nbsp;<\/strong><\/p>\n<p><strong>Individuelle Verg\u00fctungsvereinbarungen<\/strong><\/p>\n<p><strong>Als Alternative zu den gesetzlichen Geb\u00fchren bieten sich individuelle Verg\u00fctungsvereinbarungen an:<\/strong><\/p>\n<ul>\n<li><strong>Honorarvereinbarung mit Stundensatz<\/strong> <br \/> Die Honorarbasis pro Stunde wird vertraglich vereinbart. Die Abrechnung erfolgt anhand transparenter und nachpr\u00fcfbarer Aufstellungen. Die von uns erbrachte Leistung wird detailliert dokumentiert.<\/li>\n<li><strong>Pauschalhonorar<\/strong><br \/> Beim Pauschalhonorar wird ein bestimmtes Honorar vereinbart, das weder von Zeitaufwand noch Gegenstandswert abh\u00e4ngt. Diese Verg\u00fctungsmethode kommt vor allem f\u00fcr einfache bzw. \u00fcberschaubare Angelegenheiten in Frage.<\/li>\n<li><strong>Erfolgshonorar<\/strong><br \/> Die Vereinbarung eines Erfolgshonorars gestattet der Gesetzgeber nur unter besonderen Voraussetzungen. Ob diese Verg\u00fctungsform in Ihrem konkreten Fall zul\u00e4ssig und sinnvoll ist, er\u00f6rtern wir gerne mit Ihnen im pers\u00f6nlichen Gespr\u00e4ch.<\/li>\n<\/ul>\n<p><strong>Photokopien, Telekommunikation, Porto<\/strong> rechnen wir gesondert ab. Gleiches gilt f\u00fcr <strong>Reisekosten, schriftliche \u00dcbersetzungen<\/strong> und jegliche sonstigen Auslagen (Gerichtskosten, Gerichtsvollzieher, Verwaltungsgeb\u00fchren etc.). Bevor wir derartige besondere Kosten ausl\u00f6sen, sprechen wir uns in der Regel mit unseren Mandanten.<\/p>\n<p><strong>Kostenerstattung<\/strong><\/p>\n<p>Auftraggeber unserer T\u00e4tigkeit ist immer unser Mandant. Das bedeutet, dass die bei uns entstehenden Auslagen und Geb\u00fchren grunds\u00e4tzlich von Ihnen zu tragen sind.<\/p>\n<p>Sind Sie rechtschutzversichert, verf\u00fcgen Sie im Rahmen des Versicherungsschutzes \u00fcber einen Freistellungsanspruch gegen den Rechtsschutzversicherer. Zu Ihrer Entlastung&nbsp;und zur Vereinfachung der Angelegenheit \u00fcbernehmen wir in gerichtlichen Angelegenheiten gerne die Korrespondenz mit Ihrem Rechtsschutzversicherer; diese Korrespondenz kann kostenpflichtig sein, was wir selbstverst\u00e4ndlich vorab mit Ihnen besprechen.<\/p>\n<p>In gerichtlichen Verfahren vor deutschen Gerichten tr\u00e4gt in der Regel die unterliegende Prozesspartei s\u00e4mtliche anfallenden Kosten, d.h. sie hat nicht nur ihre eigenen Kosten zu zahlen, sondern auch die der obsiegenden Parteien entstandenen Kosten zu erstatten. Eine Ausnahme gilt bei arbeitsgerichtlichen Verfahren der ersten Instanz.<\/p>\n<p>Anders als in Deutschland gibt es in Verfahren vor franz\u00f6sischen Gerichten in der Regel keine vollst\u00e4ndige Kostentragungspflicht der unterliegenden Partei. Vielmehr kann das franz\u00f6sische Gericht der obsiegenden Partei einen Erstattungsbetrag nach Billigkeit zusprechen. In der Praxis deckt dieser Betrag allerdings \u00e4u\u00dferst selten die tats\u00e4chlich entstandenen Kosten.<\/p>\n<p><strong>Prozesskostenhilfe<\/strong><\/p>\n<p>Verf\u00fcgen Sie nicht \u00fcber die n\u00f6tigen finanziellen Mittel, um die anfallenden Gerichtskosten und Anwaltsgeb\u00fchren aufzubringen, haben Sie unter bestimmten Umst\u00e4nden Anspruch auf staatliche Unterst\u00fctzung in Form der Prozesskostenhilfe.&nbsp; Einzelheiten&nbsp;und Voraussetzungen werden wir Ihnen jeweils erl\u00e4utern und mit Ihnen besprechen.<\/p>\n","protected":false},"excerpt":{"rendered":"<p>Individuell, transparent und fair.&nbsp; Das Honorar f\u00fcr unsere Leistungen ist f\u00fcr unsere Mandanten fair und nachvollziehbar. Deshalb bieten wir in unserer Kanzlei auch individuelle Verg\u00fctungsvereinbarungen an. Um \u00dcberraschungen zu vermeiden, kl\u00e4ren wir Sie zu Beginn des Mandats \u00fcber die voraussichtlich entstehenden Kosten sowie die m\u00f6glichen Verg\u00fctungsvereinbarungen auf. Die Kosten richten sich hierbei entweder nach den &#8230; <a title=\"Honorar\" class=\"read-more\" href=\"https:\/\/cabinet-vigier.com\/de\/honorar\/\" aria-label=\"Mehr zu Honorar\">Weiterlesen &#8230;<\/a><\/p>\n","protected":false},"author":2,"featured_media":0,"parent":0,"menu_order":0,"comment_status":"closed","ping_status":"closed","template":"","meta":{"_monsterinsights_skip_tracking":false,"_monsterinsights_sitenote_active":false,"_monsterinsights_sitenote_note":"","_monsterinsights_sitenote_category":0,"_uf_show_specific_survey":0,"_uf_disable_surveys":false,"generate_page_header":"","footnotes":""},"class_list":["post-548","page","type-page","status-publish"],"yoast_head":"<!-- This site is optimized with the Yoast SEO plugin v24.5 - https:\/\/yoast.com\/wordpress\/plugins\/seo\/ -->\n<title>Honorar - Cabinet Vigier<\/title>\n<meta name=\"robots\" content=\"index, follow, max-snippet:-1, max-image-preview:large, max-video-preview:-1\" \/>\n<link rel=\"canonical\" href=\"https:\/\/cabinet-vigier.com\/de\/honorar\/\" \/>\n<meta property=\"og:locale\" content=\"de_DE\" \/>\n<meta property=\"og:type\" content=\"article\" \/>\n<meta property=\"og:title\" content=\"Honorar - Cabinet Vigier\" \/>\n<meta property=\"og:description\" content=\"Individuell, transparent und fair.&nbsp; Das Honorar f\u00fcr unsere Leistungen ist f\u00fcr unsere Mandanten fair und nachvollziehbar. Deshalb bieten wir in unserer Kanzlei auch individuelle Verg\u00fctungsvereinbarungen an. Um \u00dcberraschungen zu vermeiden, kl\u00e4ren wir Sie zu Beginn des Mandats \u00fcber die voraussichtlich entstehenden Kosten sowie die m\u00f6glichen Verg\u00fctungsvereinbarungen auf. Die Kosten richten sich hierbei entweder nach den ... Weiterlesen ...\" \/>\n<meta property=\"og:url\" content=\"https:\/\/cabinet-vigier.com\/de\/honorar\/\" \/>\n<meta property=\"og:site_name\" content=\"Cabinet Vigier\" \/>\n<meta property=\"article:modified_time\" content=\"2026-04-14T11:13:30+00:00\" \/>\n<meta name=\"twitter:card\" content=\"summary_large_image\" \/>\n<meta name=\"twitter:label1\" content=\"Gesch\u00e4tzte Lesezeit\" \/>\n\t<meta name=\"twitter:data1\" content=\"3\u00a0Minuten\" \/>\n<script type=\"application\/ld+json\" class=\"yoast-schema-graph\">{\"@context\":\"https:\/\/schema.org\",\"@graph\":[{\"@type\":\"WebPage\",\"@id\":\"https:\/\/cabinet-vigier.com\/de\/honorar\/\",\"url\":\"https:\/\/cabinet-vigier.com\/de\/honorar\/\",\"name\":\"Honorar - Cabinet Vigier\",\"isPartOf\":{\"@id\":\"https:\/\/cabinet-vigier.com\/fr\/#website\"},\"datePublished\":\"2017-09-06T20:48:50+00:00\",\"dateModified\":\"2026-04-14T11:13:30+00:00\",\"breadcrumb\":{\"@id\":\"https:\/\/cabinet-vigier.com\/de\/honorar\/#breadcrumb\"},\"inLanguage\":\"de\",\"potentialAction\":[{\"@type\":\"ReadAction\",\"target\":[\"https:\/\/cabinet-vigier.com\/de\/honorar\/\"]}]},{\"@type\":\"BreadcrumbList\",\"@id\":\"https:\/\/cabinet-vigier.com\/de\/honorar\/#breadcrumb\",\"itemListElement\":[{\"@type\":\"ListItem\",\"position\":1,\"name\":\"Startseite\",\"item\":\"https:\/\/cabinet-vigier.com\/de\/\"},{\"@type\":\"ListItem\",\"position\":2,\"name\":\"Honorar\"}]},{\"@type\":\"WebSite\",\"@id\":\"https:\/\/cabinet-vigier.com\/fr\/#website\",\"url\":\"https:\/\/cabinet-vigier.com\/fr\/\",\"name\":\"Cabinet Vigier\",\"description\":\"Deutsch-franz\u00f6sische Anwaltskanzlei - Cabinet d&#039;avocats franco allemand\",\"publisher\":{\"@id\":\"https:\/\/cabinet-vigier.com\/fr\/#organization\"},\"potentialAction\":[{\"@type\":\"SearchAction\",\"target\":{\"@type\":\"EntryPoint\",\"urlTemplate\":\"https:\/\/cabinet-vigier.com\/fr\/?s={search_term_string}\"},\"query-input\":{\"@type\":\"PropertyValueSpecification\",\"valueRequired\":true,\"valueName\":\"search_term_string\"}}],\"inLanguage\":\"de\"},{\"@type\":\"Organization\",\"@id\":\"https:\/\/cabinet-vigier.com\/fr\/#organization\",\"name\":\"Cabinet Vigier\",\"url\":\"https:\/\/cabinet-vigier.com\/fr\/\",\"logo\":{\"@type\":\"ImageObject\",\"inLanguage\":\"de\",\"@id\":\"https:\/\/cabinet-vigier.com\/fr\/#\/schema\/logo\/image\/\",\"url\":\"https:\/\/cabinet-vigier.com\/wp-content\/uploads\/2017\/08\/cropped-AV-Logo-DF-ult10-500x.jpg\",\"contentUrl\":\"https:\/\/cabinet-vigier.com\/wp-content\/uploads\/2017\/08\/cropped-AV-Logo-DF-ult10-500x.jpg\",\"width\":500,\"height\":100,\"caption\":\"Cabinet Vigier\"},\"image\":{\"@id\":\"https:\/\/cabinet-vigier.com\/fr\/#\/schema\/logo\/image\/\"}}]}<\/script>\n<!-- \/ Yoast SEO plugin. -->","yoast_head_json":{"title":"Honorar - Cabinet Vigier","robots":{"index":"index","follow":"follow","max-snippet":"max-snippet:-1","max-image-preview":"max-image-preview:large","max-video-preview":"max-video-preview:-1"},"canonical":"https:\/\/cabinet-vigier.com\/de\/honorar\/","og_locale":"de_DE","og_type":"article","og_title":"Honorar - Cabinet Vigier","og_description":"Individuell, transparent und fair.&nbsp; Das Honorar f\u00fcr unsere Leistungen ist f\u00fcr unsere Mandanten fair und nachvollziehbar. Deshalb bieten wir in unserer Kanzlei auch individuelle Verg\u00fctungsvereinbarungen an. Um \u00dcberraschungen zu vermeiden, kl\u00e4ren wir Sie zu Beginn des Mandats \u00fcber die voraussichtlich entstehenden Kosten sowie die m\u00f6glichen Verg\u00fctungsvereinbarungen auf. Die Kosten richten sich hierbei entweder nach den ... Weiterlesen ...","og_url":"https:\/\/cabinet-vigier.com\/de\/honorar\/","og_site_name":"Cabinet Vigier","article_modified_time":"2026-04-14T11:13:30+00:00","twitter_card":"summary_large_image","twitter_misc":{"Gesch\u00e4tzte Lesezeit":"3\u00a0Minuten"},"schema":{"@context":"https:\/\/schema.org","@graph":[{"@type":"WebPage","@id":"https:\/\/cabinet-vigier.com\/de\/honorar\/","url":"https:\/\/cabinet-vigier.com\/de\/honorar\/","name":"Honorar - Cabinet Vigier","isPartOf":{"@id":"https:\/\/cabinet-vigier.com\/fr\/#website"},"datePublished":"2017-09-06T20:48:50+00:00","dateModified":"2026-04-14T11:13:30+00:00","breadcrumb":{"@id":"https:\/\/cabinet-vigier.com\/de\/honorar\/#breadcrumb"},"inLanguage":"de","potentialAction":[{"@type":"ReadAction","target":["https:\/\/cabinet-vigier.com\/de\/honorar\/"]}]},{"@type":"BreadcrumbList","@id":"https:\/\/cabinet-vigier.com\/de\/honorar\/#breadcrumb","itemListElement":[{"@type":"ListItem","position":1,"name":"Startseite","item":"https:\/\/cabinet-vigier.com\/de\/"},{"@type":"ListItem","position":2,"name":"Honorar"}]},{"@type":"WebSite","@id":"https:\/\/cabinet-vigier.com\/fr\/#website","url":"https:\/\/cabinet-vigier.com\/fr\/","name":"Cabinet Vigier","description":"Deutsch-franz\u00f6sische Anwaltskanzlei - Cabinet d&#039;avocats franco allemand","publisher":{"@id":"https:\/\/cabinet-vigier.com\/fr\/#organization"},"potentialAction":[{"@type":"SearchAction","target":{"@type":"EntryPoint","urlTemplate":"https:\/\/cabinet-vigier.com\/fr\/?s={search_term_string}"},"query-input":{"@type":"PropertyValueSpecification","valueRequired":true,"valueName":"search_term_string"}}],"inLanguage":"de"},{"@type":"Organization","@id":"https:\/\/cabinet-vigier.com\/fr\/#organization","name":"Cabinet Vigier","url":"https:\/\/cabinet-vigier.com\/fr\/","logo":{"@type":"ImageObject","inLanguage":"de","@id":"https:\/\/cabinet-vigier.com\/fr\/#\/schema\/logo\/image\/","url":"https:\/\/cabinet-vigier.com\/wp-content\/uploads\/2017\/08\/cropped-AV-Logo-DF-ult10-500x.jpg","contentUrl":"https:\/\/cabinet-vigier.com\/wp-content\/uploads\/2017\/08\/cropped-AV-Logo-DF-ult10-500x.jpg","width":500,"height":100,"caption":"Cabinet Vigier"},"image":{"@id":"https:\/\/cabinet-vigier.com\/fr\/#\/schema\/logo\/image\/"}}]}},"_links":{"self":[{"href":"https:\/\/cabinet-vigier.com\/de\/wp-json\/wp\/v2\/pages\/548","targetHints":{"allow":["GET"]}}],"collection":[{"href":"https:\/\/cabinet-vigier.com\/de\/wp-json\/wp\/v2\/pages"}],"about":[{"href":"https:\/\/cabinet-vigier.com\/de\/wp-json\/wp\/v2\/types\/page"}],"author":[{"embeddable":true,"href":"https:\/\/cabinet-vigier.com\/de\/wp-json\/wp\/v2\/users\/2"}],"replies":[{"embeddable":true,"href":"https:\/\/cabinet-vigier.com\/de\/wp-json\/wp\/v2\/comments?post=548"}],"version-history":[{"count":15,"href":"https:\/\/cabinet-vigier.com\/de\/wp-json\/wp\/v2\/pages\/548\/revisions"}],"predecessor-version":[{"id":1285,"href":"https:\/\/cabinet-vigier.com\/de\/wp-json\/wp\/v2\/pages\/548\/revisions\/1285"}],"wp:attachment":[{"href":"https:\/\/cabinet-vigier.com\/de\/wp-json\/wp\/v2\/media?parent=548"}],"curies":[{"name":"wp","href":"https:\/\/api.w.org\/{rel}","templated":true}]}}