{"id":74,"date":"2017-02-01T00:38:11","date_gmt":"2017-01-31T23:38:11","guid":{"rendered":"http:\/\/www.cabinet-vigier.com?page_id=74"},"modified":"2025-03-27T12:31:43","modified_gmt":"2025-03-27T11:31:43","slug":"startseite","status":"publish","type":"page","link":"https:\/\/cabinet-vigier.com\/de\/","title":{"rendered":"Startseite"},"content":{"rendered":"\t\t<div data-elementor-type=\"wp-post\" data-elementor-id=\"74\" class=\"elementor elementor-74\" data-elementor-post-type=\"page\">\n\t\t\t\t\t\t<section class=\"elementor-section elementor-top-section elementor-element elementor-element-fpxjsvm elementor-section-full_width elementor-section-height-default elementor-section-height-default\" data-id=\"fpxjsvm\" data-element_type=\"section\">\n\t\t\t\t\t\t<div class=\"elementor-container elementor-column-gap-no\">\n\t\t\t\t\t<div class=\"elementor-column elementor-col-100 elementor-top-column elementor-element elementor-element-sdnkvzs\" data-id=\"sdnkvzs\" data-element_type=\"column\">\n\t\t\t<div class=\"elementor-widget-wrap elementor-element-populated\">\n\t\t\t\t\t\t<div class=\"elementor-element elementor-element-j41kr7n elementor--h-position-center elementor--v-position-middle elementor-arrows-position-inside elementor-pagination-position-inside elementor-invisible elementor-widget elementor-widget-slides\" data-id=\"j41kr7n\" data-element_type=\"widget\" data-settings=\"{&quot;_animation&quot;:&quot;fadeIn&quot;,&quot;navigation&quot;:&quot;both&quot;,&quot;autoplay&quot;:&quot;yes&quot;,&quot;pause_on_hover&quot;:&quot;yes&quot;,&quot;pause_on_interaction&quot;:&quot;yes&quot;,&quot;autoplay_speed&quot;:5000,&quot;infinite&quot;:&quot;yes&quot;,&quot;transition&quot;:&quot;slide&quot;,&quot;transition_speed&quot;:500}\" data-widget_type=\"slides.default\">\n\t\t\t\t<div class=\"elementor-widget-container\">\n\t\t\t\t\t\t\t\t\t<div class=\"elementor-swiper\">\n\t\t\t\t\t<div class=\"elementor-slides-wrapper elementor-main-swiper swiper\" role=\"region\" aria-roledescription=\"carousel\" aria-label=\"Slider\" dir=\"ltr\" data-animation=\"fadeInUp\">\n\t\t\t\t<div class=\"swiper-wrapper elementor-slides\">\n\t\t\t\t\t\t\t\t\t\t<div class=\"elementor-repeater-item-528i7jh swiper-slide\" role=\"group\" aria-roledescription=\"slide\"><div class=\"swiper-slide-bg\" role=\"img\"><\/div><a class=\"swiper-slide-inner\" href=\"https:\/\/cabinet-vigier.com\/immobilienrecht-frankreich\/\"><div class=\"swiper-slide-contents\"><div class=\"elementor-slide-heading\">FRANZ\u00d6SISCHES IMMOBILIENRECHT<\/div><div class=\"elementor-slide-description\">Wir begleiten Sie beim Erwerb oder der Ver\u00e4u\u00dferung Ihrer Immobilie in Frankreich. Wir beraten Sie zur steuerlichen Strukturierung und Optimierung sowie zu allen Fragen rund um Ihre franz\u00f6sische Immobilie und Immobiliengesellschaft.<\/div><div  class=\"elementor-button elementor-slide-button elementor-size-sm\">Mehr erfahren<\/div><\/div><\/a><\/div><div class=\"elementor-repeater-item-akngvxq swiper-slide\" role=\"group\" aria-roledescription=\"slide\"><div class=\"swiper-slide-bg\" role=\"img\"><\/div><a class=\"swiper-slide-inner\" href=\"https:\/\/cabinet-vigier.com\/gesellschaftsrecht-frankreich\/\"><div class=\"swiper-slide-contents\"><div class=\"elementor-slide-heading\">FRANZ\u00d6SISCHES GESELLSCHAFTS-RECHT<\/div><div class=\"elementor-slide-description\">Wir begleiten Sie sowohl bei Gr\u00fcndung und Aufl\u00f6sung Ihrer franz\u00f6sischen Gesellschaft, als auch zu allen Fragen der laufenden Gesch\u00e4ftsf\u00fchrung und Verwaltung, bei Abtretung oder \u00dcbertragung von Gesellschaftsanteilen (share-deals) oder des Gesellschaftsverm\u00f6gens (asset-deals).<\/div><div  class=\"elementor-button elementor-slide-button elementor-size-sm\">Mehr erfahren<\/div><\/div><\/a><\/div><div class=\"elementor-repeater-item-vwyl170 swiper-slide\" role=\"group\" aria-roledescription=\"slide\"><div class=\"swiper-slide-bg\" role=\"img\"><\/div><a class=\"swiper-slide-inner\" href=\"https:\/\/cabinet-vigier.com\/erbrecht-frankreich\/\"><div class=\"swiper-slide-contents\"><div class=\"elementor-slide-heading\">SCHENKEN UND VERERBEN IN FRANKREICH<\/div><div class=\"elementor-slide-description\">Wir beraten Sie umfassend zu grenz\u00fcberschreitenden Erbschaften und Schenkungen: Gestaltung erb- und schenkungsrechtlicher Verf\u00fcgungen, Begleitung bei der Nachlassabwicklung in Frankreich und Deutschland, Vermeidung doppelter Besteuerung.<\/div><div  class=\"elementor-button elementor-slide-button elementor-size-sm\">Mehr erfahren<\/div><\/div><\/a><\/div><div class=\"elementor-repeater-item-9ka7h17 swiper-slide\" role=\"group\" aria-roledescription=\"slide\"><div class=\"swiper-slide-bg\" role=\"img\"><\/div><div class=\"elementor-background-overlay\"><\/div><a class=\"swiper-slide-inner\" href=\"https:\/\/cabinet-vigier.com\/steuerrecht-frankreich\/\"><div class=\"swiper-slide-contents\"><div class=\"elementor-slide-heading\">FRANZ\u00d6SISCHES STEUERRECHT<\/div><div class=\"elementor-slide-description\">Wir beraten in ausgew\u00e4hlten Bereichen des franz\u00f6sischen Steuerrechts vorrangig zum Zweck der Steuerstrukturierung und -optimierung : Verm\u00f6gensteuer, Erb- und Schenkungsteuer, verm\u00f6gensbezogene Ertragsteuern einschlie\u00dflich besonderer Transaktionsteuern (plus-values, pr\u00e9l\u00e8vements sociaux).<\/div><div  class=\"elementor-button elementor-slide-button elementor-size-sm\">Mehr erfahren<\/div><\/div><\/a><\/div><div class=\"elementor-repeater-item-z0mny24 swiper-slide\" role=\"group\" aria-roledescription=\"slide\"><div class=\"swiper-slide-bg\" role=\"img\"><\/div><div class=\"elementor-background-overlay\"><\/div><a class=\"swiper-slide-inner\" href=\"https:\/\/cabinet-vigier.com\/vertriebsrecht-frankreich\/\"><div class=\"swiper-slide-contents\"><div class=\"elementor-slide-heading\">FRANZ\u00d6SISCHES VERTRIEBSRECHT<\/div><div class=\"elementor-slide-description\">Wir beraten deutsche Unternehmen umfassend bei der rechtlichen Organisation und Verwaltung ihrer Vertriebsstruktur in Frankreich.<\/div><div  class=\"elementor-button elementor-slide-button elementor-size-sm\">Mehr erfahren<\/div><\/div><\/a><\/div><div class=\"elementor-repeater-item-535y19n swiper-slide\" role=\"group\" aria-roledescription=\"slide\"><div class=\"swiper-slide-bg\" role=\"img\"><\/div><a class=\"swiper-slide-inner\" href=\"https:\/\/cabinet-vigier.com\/arbeitsrecht-frankreich\/\"><div class=\"swiper-slide-contents\"><div class=\"elementor-slide-heading\">FRANZ\u00d6SISCHES ARBEITSRECHT<\/div><div class=\"elementor-slide-description\">Wir beraten deutsche Unternehmen oder deren franz\u00f6sische Niederlassungen in allen rechtlichen Fragen zu ihrem Personal in Frankeich.<\/div><div  class=\"elementor-button elementor-slide-button elementor-size-sm\">Mehr erfahren<\/div><\/div><\/a><\/div><div class=\"elementor-repeater-item-i7oh6ex swiper-slide\" role=\"group\" aria-roledescription=\"slide\"><div class=\"swiper-slide-bg\" role=\"img\"><\/div><a class=\"swiper-slide-inner\" href=\"https:\/\/cabinet-vigier.com\/vertragsrecht-frankreich\/\"><div class=\"swiper-slide-contents\"><div class=\"elementor-slide-heading\">FRANZ\u00d6SISCHES VERTRAGSRECHT<\/div><div class=\"elementor-slide-description\">Wir gestalten und pr\u00fcfen Vertr\u00e4ge mit Ihren franz\u00f6sischen Vertragspartnern und helfen Ihnen bei der Durchsetzung Ihrer vertraglichen Rechte.<\/div><div  class=\"elementor-button elementor-slide-button elementor-size-sm\">Mehr erfahren<\/div><\/div><\/a><\/div><div class=\"elementor-repeater-item-n2pqh9v swiper-slide\" role=\"group\" aria-roledescription=\"slide\"><div class=\"swiper-slide-bg\" role=\"img\"><\/div><a class=\"swiper-slide-inner\" href=\"https:\/\/cabinet-vigier.com\/inkasso-frankreich\/\"><div class=\"swiper-slide-contents\"><div class=\"elementor-slide-heading\">FRANKREICH-INKASSO<\/div><div class=\"elementor-slide-description\">Wir treiben Ihre Forderungen gegen Schuldner in Frankreich bei.<\/div><div  class=\"elementor-button elementor-slide-button elementor-size-sm\">Mehr erfahren<\/div><\/div><\/a><\/div><div class=\"elementor-repeater-item-vlxddju swiper-slide\" role=\"group\" aria-roledescription=\"slide\"><div class=\"swiper-slide-bg\" role=\"img\"><\/div><a class=\"swiper-slide-inner\" href=\"http:\/\/Prozessfuehrung\"><div class=\"swiper-slide-contents\"><div class=\"elementor-slide-heading\">PROZESSF\u00dcHRUNG VOR FRANZ\u00d6SISCHEN GERICHTEN<\/div><div class=\"elementor-slide-description\">Wir \u00fcbernehmen die Organisation Ihrer Prozessf\u00fchrung oder Prozessvertretung sowie Zwangsvollstreckung in Frankreich.<\/div><div  class=\"elementor-button elementor-slide-button elementor-size-sm\">Mehr erfahren<\/div><\/div><\/a><\/div>\t\t\t\t<\/div>\n\t\t\t\t\t\t\t\t\t\t\t\t\t\t\t<div class=\"elementor-swiper-button elementor-swiper-button-prev\" role=\"button\" tabindex=\"0\" aria-label=\"Vorheriger Slide\">\n\t\t\t\t\t\t\t<i aria-hidden=\"true\" class=\"eicon-chevron-left\"><\/i>\t\t\t\t\t\t<\/div>\n\t\t\t\t\t\t<div class=\"elementor-swiper-button elementor-swiper-button-next\" role=\"button\" tabindex=\"0\" aria-label=\"N\u00e4chster Slide\">\n\t\t\t\t\t\t\t<i aria-hidden=\"true\" class=\"eicon-chevron-right\"><\/i>\t\t\t\t\t\t<\/div>\n\t\t\t\t\t\t\t\t\t\t\t\t\t\t\t\t<div class=\"swiper-pagination\"><\/div>\n\t\t\t\t\t\t\t\t\t\t\t\t<\/div>\n\t\t\t\t<\/div>\n\t\t\t\t\t\t\t\t<\/div>\n\t\t\t\t<\/div>\n\t\t\t\t\t<\/div>\n\t\t<\/div>\n\t\t\t\t\t<\/div>\n\t\t<\/section>\n\t\t\t\t<section class=\"elementor-section elementor-top-section elementor-element elementor-element-xv9dzip elementor-section-boxed elementor-section-height-default elementor-section-height-default\" data-id=\"xv9dzip\" data-element_type=\"section\">\n\t\t\t\t\t\t<div class=\"elementor-container elementor-column-gap-default\">\n\t\t\t\t\t<div class=\"elementor-column elementor-col-100 elementor-top-column elementor-element elementor-element-37u8fgh\" data-id=\"37u8fgh\" data-element_type=\"column\">\n\t\t\t<div class=\"elementor-widget-wrap\">\n\t\t\t\t\t\t\t<\/div>\n\t\t<\/div>\n\t\t\t\t\t<\/div>\n\t\t<\/section>\n\t\t\t\t<section class=\"elementor-section elementor-top-section elementor-element elementor-element-4psy7ew elementor-section-boxed elementor-section-height-default elementor-section-height-default\" data-id=\"4psy7ew\" data-element_type=\"section\">\n\t\t\t\t\t\t<div class=\"elementor-container elementor-column-gap-default\">\n\t\t\t\t\t<div class=\"elementor-column elementor-col-100 elementor-top-column elementor-element elementor-element-ws3vtzs\" data-id=\"ws3vtzs\" data-element_type=\"column\">\n\t\t\t<div class=\"elementor-widget-wrap elementor-element-populated\">\n\t\t\t\t\t\t<section class=\"elementor-section elementor-inner-section elementor-element elementor-element-sj4bnko elementor-section-boxed elementor-section-height-default elementor-section-height-default\" data-id=\"sj4bnko\" data-element_type=\"section\">\n\t\t\t\t\t\t<div class=\"elementor-container elementor-column-gap-default\">\n\t\t\t\t\t<div class=\"elementor-column elementor-col-33 elementor-inner-column elementor-element elementor-element-p8uh7bb\" data-id=\"p8uh7bb\" data-element_type=\"column\">\n\t\t\t<div class=\"elementor-widget-wrap\">\n\t\t\t\t\t\t\t<\/div>\n\t\t<\/div>\n\t\t\t\t<div class=\"elementor-column elementor-col-33 elementor-inner-column elementor-element elementor-element-vkthsy0\" data-id=\"vkthsy0\" data-element_type=\"column\">\n\t\t\t<div class=\"elementor-widget-wrap\">\n\t\t\t\t\t\t\t<\/div>\n\t\t<\/div>\n\t\t\t\t<div class=\"elementor-column elementor-col-33 elementor-inner-column elementor-element elementor-element-4f2v3d5\" data-id=\"4f2v3d5\" data-element_type=\"column\">\n\t\t\t<div class=\"elementor-widget-wrap\">\n\t\t\t\t\t\t\t<\/div>\n\t\t<\/div>\n\t\t\t\t\t<\/div>\n\t\t<\/section>\n\t\t\t\t\t<\/div>\n\t\t<\/div>\n\t\t\t\t\t<\/div>\n\t\t<\/section>\n\t\t\t\t<section class=\"elementor-section elementor-top-section elementor-element elementor-element-knv10y2 elementor-section-boxed elementor-section-height-default elementor-section-height-default\" data-id=\"knv10y2\" data-element_type=\"section\">\n\t\t\t\t\t\t<div class=\"elementor-container elementor-column-gap-default\">\n\t\t\t\t\t<div class=\"elementor-column elementor-col-100 elementor-top-column elementor-element elementor-element-ii4k1qg\" data-id=\"ii4k1qg\" data-element_type=\"column\">\n\t\t\t<div class=\"elementor-widget-wrap elementor-element-populated\">\n\t\t\t\t\t\t<section class=\"elementor-section elementor-inner-section elementor-element elementor-element-73vpi94 elementor-section-boxed elementor-section-height-default elementor-section-height-default\" data-id=\"73vpi94\" data-element_type=\"section\">\n\t\t\t\t\t\t<div class=\"elementor-container elementor-column-gap-default\">\n\t\t\t\t\t<div class=\"elementor-column elementor-col-33 elementor-inner-column elementor-element elementor-element-bnow1ee\" data-id=\"bnow1ee\" data-element_type=\"column\">\n\t\t\t<div class=\"elementor-widget-wrap\">\n\t\t\t\t\t\t\t<\/div>\n\t\t<\/div>\n\t\t\t\t<div class=\"elementor-column elementor-col-33 elementor-inner-column elementor-element elementor-element-t7s75d8\" data-id=\"t7s75d8\" data-element_type=\"column\">\n\t\t\t<div class=\"elementor-widget-wrap\">\n\t\t\t\t\t\t\t<\/div>\n\t\t<\/div>\n\t\t\t\t<div class=\"elementor-column elementor-col-33 elementor-inner-column elementor-element elementor-element-ncledxb\" data-id=\"ncledxb\" data-element_type=\"column\">\n\t\t\t<div class=\"elementor-widget-wrap\">\n\t\t\t\t\t\t\t<\/div>\n\t\t<\/div>\n\t\t\t\t\t<\/div>\n\t\t<\/section>\n\t\t\t\t\t<\/div>\n\t\t<\/div>\n\t\t\t\t\t<\/div>\n\t\t<\/section>\n\t\t\t\t<\/div>\n\t\t","protected":false},"excerpt":{"rendered":"<p>FRANZ\u00d6SISCHES IMMOBILIENRECHTWir begleiten Sie beim Erwerb oder der Ver\u00e4u\u00dferung Ihrer Immobilie in Frankreich. Wir beraten Sie zur steuerlichen Strukturierung und Optimierung sowie zu allen Fragen rund um Ihre franz\u00f6sische Immobilie und Immobiliengesellschaft.Mehr erfahrenFRANZ\u00d6SISCHES GESELLSCHAFTS-RECHTWir begleiten Sie sowohl bei Gr\u00fcndung und Aufl\u00f6sung Ihrer franz\u00f6sischen Gesellschaft, als auch zu allen Fragen der laufenden Gesch\u00e4ftsf\u00fchrung und Verwaltung, bei &#8230; <a title=\"Startseite\" class=\"read-more\" href=\"https:\/\/cabinet-vigier.com\/de\/\" aria-label=\"Mehr zu Startseite\">Weiterlesen &#8230;<\/a><\/p>\n","protected":false},"author":2,"featured_media":0,"parent":0,"menu_order":0,"comment_status":"closed","ping_status":"closed","template":"","meta":{"_monsterinsights_skip_tracking":false,"_monsterinsights_sitenote_active":false,"_monsterinsights_sitenote_note":"","_monsterinsights_sitenote_category":0,"_uf_show_specific_survey":0,"_uf_disable_surveys":false,"generate_page_header":"","footnotes":""},"class_list":["post-74","page","type-page","status-publish"],"yoast_head":"<!-- This site is optimized with the Yoast SEO plugin v24.5 - https:\/\/yoast.com\/wordpress\/plugins\/seo\/ -->\n<title>Startseite - Cabinet Vigier<\/title>\n<meta name=\"description\" content=\"Deutsch-franz\u00f6sische Rechtsberatung im Immobilienrecht, Erbrecht, Gesellschaftsrecht, Wirtschaftsrecht und Steuerrecht an den Standorten M\u00fcnchen und Marseille. Armin Vigier Rechtsanwalt - Avocat au Barreau\" \/>\n<meta name=\"robots\" content=\"index, follow, max-snippet:-1, max-image-preview:large, max-video-preview:-1\" \/>\n<link rel=\"canonical\" href=\"https:\/\/cabinet-vigier.com\/de\/\" \/>\n<meta property=\"og:locale\" content=\"de_DE\" \/>\n<meta property=\"og:type\" content=\"article\" \/>\n<meta property=\"og:title\" content=\"Startseite - Cabinet Vigier\" \/>\n<meta property=\"og:description\" content=\"Deutsch-franz\u00f6sische Rechtsberatung im Immobilienrecht, Erbrecht, Gesellschaftsrecht, Wirtschaftsrecht und Steuerrecht an den Standorten M\u00fcnchen und Marseille. Armin Vigier Rechtsanwalt - Avocat au Barreau\" \/>\n<meta property=\"og:url\" content=\"https:\/\/cabinet-vigier.com\/de\/\" \/>\n<meta property=\"og:site_name\" content=\"Cabinet Vigier\" \/>\n<meta property=\"article:modified_time\" content=\"2025-03-27T11:31:43+00:00\" \/>\n<meta name=\"twitter:card\" content=\"summary_large_image\" \/>\n<meta name=\"twitter:label1\" content=\"Gesch\u00e4tzte Lesezeit\" \/>\n\t<meta name=\"twitter:data1\" content=\"4\u00a0Minuten\" \/>\n<script type=\"application\/ld+json\" class=\"yoast-schema-graph\">{\"@context\":\"https:\/\/schema.org\",\"@graph\":[{\"@type\":\"WebPage\",\"@id\":\"https:\/\/cabinet-vigier.com\/de\/\",\"url\":\"https:\/\/cabinet-vigier.com\/de\/\",\"name\":\"Startseite - Cabinet Vigier\",\"isPartOf\":{\"@id\":\"https:\/\/cabinet-vigier.com\/fr\/#website\"},\"datePublished\":\"2017-01-31T23:38:11+00:00\",\"dateModified\":\"2025-03-27T11:31:43+00:00\",\"description\":\"Deutsch-franz\u00f6sische Rechtsberatung im Immobilienrecht, Erbrecht, Gesellschaftsrecht, Wirtschaftsrecht und Steuerrecht an den Standorten M\u00fcnchen und Marseille. Armin Vigier Rechtsanwalt - Avocat au Barreau\",\"breadcrumb\":{\"@id\":\"https:\/\/cabinet-vigier.com\/de\/#breadcrumb\"},\"inLanguage\":\"de\",\"potentialAction\":[{\"@type\":\"ReadAction\",\"target\":[\"https:\/\/cabinet-vigier.com\/de\/\"]}]},{\"@type\":\"BreadcrumbList\",\"@id\":\"https:\/\/cabinet-vigier.com\/de\/#breadcrumb\",\"itemListElement\":[{\"@type\":\"ListItem\",\"position\":1,\"name\":\"Startseite\",\"item\":\"https:\/\/cabinet-vigier.com\/de\/\"},{\"@type\":\"ListItem\",\"position\":2,\"name\":\"Startseite\"}]},{\"@type\":\"WebSite\",\"@id\":\"https:\/\/cabinet-vigier.com\/fr\/#website\",\"url\":\"https:\/\/cabinet-vigier.com\/fr\/\",\"name\":\"Cabinet Vigier\",\"description\":\"Deutsch-franz\u00f6sische Anwaltskanzlei - Cabinet d&#039;avocats franco allemand\",\"publisher\":{\"@id\":\"https:\/\/cabinet-vigier.com\/fr\/#organization\"},\"potentialAction\":[{\"@type\":\"SearchAction\",\"target\":{\"@type\":\"EntryPoint\",\"urlTemplate\":\"https:\/\/cabinet-vigier.com\/fr\/?s={search_term_string}\"},\"query-input\":{\"@type\":\"PropertyValueSpecification\",\"valueRequired\":true,\"valueName\":\"search_term_string\"}}],\"inLanguage\":\"de\"},{\"@type\":\"Organization\",\"@id\":\"https:\/\/cabinet-vigier.com\/fr\/#organization\",\"name\":\"Cabinet Vigier\",\"url\":\"https:\/\/cabinet-vigier.com\/fr\/\",\"logo\":{\"@type\":\"ImageObject\",\"inLanguage\":\"de\",\"@id\":\"https:\/\/cabinet-vigier.com\/fr\/#\/schema\/logo\/image\/\",\"url\":\"https:\/\/cabinet-vigier.com\/wp-content\/uploads\/2017\/08\/cropped-AV-Logo-DF-ult10-500x.jpg\",\"contentUrl\":\"https:\/\/cabinet-vigier.com\/wp-content\/uploads\/2017\/08\/cropped-AV-Logo-DF-ult10-500x.jpg\",\"width\":500,\"height\":100,\"caption\":\"Cabinet Vigier\"},\"image\":{\"@id\":\"https:\/\/cabinet-vigier.com\/fr\/#\/schema\/logo\/image\/\"}}]}<\/script>\n<!-- \/ Yoast SEO plugin. -->","yoast_head_json":{"title":"Startseite - Cabinet Vigier","description":"Deutsch-franz\u00f6sische Rechtsberatung im Immobilienrecht, Erbrecht, Gesellschaftsrecht, Wirtschaftsrecht und Steuerrecht an den Standorten M\u00fcnchen und Marseille. Armin Vigier Rechtsanwalt - Avocat au Barreau","robots":{"index":"index","follow":"follow","max-snippet":"max-snippet:-1","max-image-preview":"max-image-preview:large","max-video-preview":"max-video-preview:-1"},"canonical":"https:\/\/cabinet-vigier.com\/de\/","og_locale":"de_DE","og_type":"article","og_title":"Startseite - Cabinet Vigier","og_description":"Deutsch-franz\u00f6sische Rechtsberatung im Immobilienrecht, Erbrecht, Gesellschaftsrecht, Wirtschaftsrecht und Steuerrecht an den Standorten M\u00fcnchen und Marseille. Armin Vigier Rechtsanwalt - Avocat au Barreau","og_url":"https:\/\/cabinet-vigier.com\/de\/","og_site_name":"Cabinet Vigier","article_modified_time":"2025-03-27T11:31:43+00:00","twitter_card":"summary_large_image","twitter_misc":{"Gesch\u00e4tzte Lesezeit":"4\u00a0Minuten"},"schema":{"@context":"https:\/\/schema.org","@graph":[{"@type":"WebPage","@id":"https:\/\/cabinet-vigier.com\/de\/","url":"https:\/\/cabinet-vigier.com\/de\/","name":"Startseite - Cabinet Vigier","isPartOf":{"@id":"https:\/\/cabinet-vigier.com\/fr\/#website"},"datePublished":"2017-01-31T23:38:11+00:00","dateModified":"2025-03-27T11:31:43+00:00","description":"Deutsch-franz\u00f6sische Rechtsberatung im Immobilienrecht, Erbrecht, Gesellschaftsrecht, Wirtschaftsrecht und Steuerrecht an den Standorten M\u00fcnchen und Marseille. Armin Vigier Rechtsanwalt - Avocat au Barreau","breadcrumb":{"@id":"https:\/\/cabinet-vigier.com\/de\/#breadcrumb"},"inLanguage":"de","potentialAction":[{"@type":"ReadAction","target":["https:\/\/cabinet-vigier.com\/de\/"]}]},{"@type":"BreadcrumbList","@id":"https:\/\/cabinet-vigier.com\/de\/#breadcrumb","itemListElement":[{"@type":"ListItem","position":1,"name":"Startseite","item":"https:\/\/cabinet-vigier.com\/de\/"},{"@type":"ListItem","position":2,"name":"Startseite"}]},{"@type":"WebSite","@id":"https:\/\/cabinet-vigier.com\/fr\/#website","url":"https:\/\/cabinet-vigier.com\/fr\/","name":"Cabinet Vigier","description":"Deutsch-franz\u00f6sische Anwaltskanzlei - Cabinet d&#039;avocats franco allemand","publisher":{"@id":"https:\/\/cabinet-vigier.com\/fr\/#organization"},"potentialAction":[{"@type":"SearchAction","target":{"@type":"EntryPoint","urlTemplate":"https:\/\/cabinet-vigier.com\/fr\/?s={search_term_string}"},"query-input":{"@type":"PropertyValueSpecification","valueRequired":true,"valueName":"search_term_string"}}],"inLanguage":"de"},{"@type":"Organization","@id":"https:\/\/cabinet-vigier.com\/fr\/#organization","name":"Cabinet Vigier","url":"https:\/\/cabinet-vigier.com\/fr\/","logo":{"@type":"ImageObject","inLanguage":"de","@id":"https:\/\/cabinet-vigier.com\/fr\/#\/schema\/logo\/image\/","url":"https:\/\/cabinet-vigier.com\/wp-content\/uploads\/2017\/08\/cropped-AV-Logo-DF-ult10-500x.jpg","contentUrl":"https:\/\/cabinet-vigier.com\/wp-content\/uploads\/2017\/08\/cropped-AV-Logo-DF-ult10-500x.jpg","width":500,"height":100,"caption":"Cabinet Vigier"},"image":{"@id":"https:\/\/cabinet-vigier.com\/fr\/#\/schema\/logo\/image\/"}}]}},"_links":{"self":[{"href":"https:\/\/cabinet-vigier.com\/de\/wp-json\/wp\/v2\/pages\/74","targetHints":{"allow":["GET"]}}],"collection":[{"href":"https:\/\/cabinet-vigier.com\/de\/wp-json\/wp\/v2\/pages"}],"about":[{"href":"https:\/\/cabinet-vigier.com\/de\/wp-json\/wp\/v2\/types\/page"}],"author":[{"embeddable":true,"href":"https:\/\/cabinet-vigier.com\/de\/wp-json\/wp\/v2\/users\/2"}],"replies":[{"embeddable":true,"href":"https:\/\/cabinet-vigier.com\/de\/wp-json\/wp\/v2\/comments?post=74"}],"version-history":[{"count":115,"href":"https:\/\/cabinet-vigier.com\/de\/wp-json\/wp\/v2\/pages\/74\/revisions"}],"predecessor-version":[{"id":1279,"href":"https:\/\/cabinet-vigier.com\/de\/wp-json\/wp\/v2\/pages\/74\/revisions\/1279"}],"wp:attachment":[{"href":"https:\/\/cabinet-vigier.com\/de\/wp-json\/wp\/v2\/media?parent=74"}],"curies":[{"name":"wp","href":"https:\/\/api.w.org\/{rel}","templated":true}]}}