{"id":75,"date":"2017-02-01T00:38:11","date_gmt":"2017-01-31T23:38:11","guid":{"rendered":"http:\/\/www.cabinet-vigier.com?page_id=75"},"modified":"2017-12-10T23:48:32","modified_gmt":"2017-12-10T22:48:32","slug":"kanzlei","status":"publish","type":"page","link":"https:\/\/cabinet-vigier.com\/de\/kanzlei\/","title":{"rendered":"Kanzlei"},"content":{"rendered":"<p align=\"JUSTIFY\"><img fetchpriority=\"high\" decoding=\"async\" src=\"https:\/\/cabinet-vigier.com\/wp-content\/uploads\/2017\/08\/1200-667-munich-S-F-1.jpg\" alt=\"\" width=\"1200\" height=\"627\" \/><\/p>\n<p>Wo sich komplexe Rechtsfragen zu grenz\u00fcberschreitenden Verm\u00f6gensanlagen und -\u00fcbertragungen, Gesellschaftsgr\u00fcndungen, Niederlassungen und Vertriebsstrukturen stellen, sind Beratungsleistungen zu allen betroffenen Rechtsordnungen aus einer Hand gefragt.<\/p>\n<p>Das CABINET VIGIER geh\u00f6rt zu den wenigen Anwaltskanzleien, die sich auf derartige Beratungsleistungen speziell im deutsch-franz\u00f6sischen Rechtsverkehr konzentrieren.<\/p>\n<p>Als sowohl in Frankreich als auch in Deutschland zugelassene Rechtsanw\u00e4lte sind uns die vielf\u00e4ltigen Aspekte und Probleme internationaler Rechtsbeziehungen bestens bekannt. Ihre Bew\u00e4ltigung ist Gegenstand unserer t\u00e4glichen Arbeit.<\/p>\n<p>Wir verstehen uns hierbei als Ansprechpartner sowohl f\u00fcr gr\u00f6\u00dfere und mittelst\u00e4ndische Unternehmen, Banken und Versicherungsgesellschaften als auch f\u00fcr Privatpersonen sowie Family Offices in allen Wirtschafts- und Verm\u00f6gensrechtlichen Fragen in deutsch-franz\u00f6sischem Kontext.<\/p>\n<p>Wir widmen uns bewusst nur ausgew\u00e4hlten Rechtsbereichen, in denen wir \u00fcber au\u00dfergew\u00f6hnliche Kompetenz verf\u00fcgen, vor allem in den Gebieten des Verm\u00f6gensrechts (Immobilien- und Erbrecht) und des Wirtschaftsrechts (Handels-, Gesellschafts- und Arbeitsrecht). Naturgem\u00e4\u00df spielt bei all diesen Themen die steuerliche Strukturierung und Optimierung aus grenz\u00fcberschreitender Perspektive stets eine besondere Rolle.<\/p>\n<p>Spezialisierte Rechtsberatung auf h\u00f6chstem Niveau in einer pers\u00f6nlichen Beratungs- und Arbeitsatmosph\u00e4re mit bester Erreichbarkeit ist das Ziel unserer t\u00e4glichen Arbeit. Wir entfalten unsere T\u00e4tigkeit am Hauptsitz der Kanzlei in M\u00fcnchen und unterhalten eine Zweigniederlassung in Marseille.<\/p>\n<p>Aufgrund der \u00fcberschaubaren Struktur der Kanzlei garantieren wir Ihnen einen pers\u00f6nlichen und spezialisierten Ansprechpartner, der zuverl\u00e4ssig detaillierte und ganzheitlich auf Ihre individuellen Bed\u00fcrfnisse abgestimmte L\u00f6sungen entwickelt. Umfassendes Detailwissen, effiziente Arbeitsweise und direkte Wege f\u00fchren zu einer ma\u00dfgeschneiderten, schnellen L\u00f6sung. Ferner gibt es bei uns von Anfang an klare Vereinbarungen \u00fcber Auftrag und Honorar.<\/p>\n<p>Das CABINET VIGIER ist weder Teil einer anderen Firma oder Struktur, noch Mitglied nationaler oder internationaler Netzwerke. Vielmehr arbeiten wir Mandatsbezogen je nach Bedarf mit qualifizierten Experten anderer Fachgebiete und Berufe teils interdisziplin\u00e4r zusammen, neben Anwaltskollegen insbesondere mit Notaren, Steuerberatern, Wirtschaftspr\u00fcfern, Unternehmensberatern, Sachverst\u00e4ndigen und Architekten. Da wir niemandem gegen\u00fcber verantwortlich sind, au\u00dfer unseren Mandanten und unserem Gewissen, verf\u00fcgen wir \u00fcber die n\u00f6tige Freiheit in unseren Beurteilungen und Entscheidungen.<\/p>\n<p>Gerne stehen wir zu Ihrer Verf\u00fcgung. Sprechen Sie uns an!<\/p>\n<p align=\"JUSTIFY\"><img decoding=\"async\" style=\"font-family: Georgia, 'Times New Roman', 'Bitstream Charter', Times, serif; font-size: 16px;\" src=\"https:\/\/cabinet-vigier.com\/wp-content\/uploads\/2017\/08\/1200-667-marseille-S-F-1.jpg\" alt=\"\" width=\"1200\" height=\"627\" \/><\/p>\n<p align=\"JUSTIFY\">\n","protected":false},"excerpt":{"rendered":"<p>Wo sich komplexe Rechtsfragen zu grenz\u00fcberschreitenden Verm\u00f6gensanlagen und -\u00fcbertragungen, Gesellschaftsgr\u00fcndungen, Niederlassungen und Vertriebsstrukturen stellen, sind Beratungsleistungen zu allen betroffenen Rechtsordnungen aus einer Hand gefragt. Das CABINET VIGIER geh\u00f6rt zu den wenigen Anwaltskanzleien, die sich auf derartige Beratungsleistungen speziell im deutsch-franz\u00f6sischen Rechtsverkehr konzentrieren. Als sowohl in Frankreich als auch in Deutschland zugelassene Rechtsanw\u00e4lte sind uns die &#8230; <a title=\"Kanzlei\" class=\"read-more\" href=\"https:\/\/cabinet-vigier.com\/de\/kanzlei\/\" aria-label=\"Mehr zu Kanzlei\">Weiterlesen &#8230;<\/a><\/p>\n","protected":false},"author":2,"featured_media":0,"parent":0,"menu_order":0,"comment_status":"closed","ping_status":"closed","template":"","meta":{"_monsterinsights_skip_tracking":false,"_monsterinsights_sitenote_active":false,"_monsterinsights_sitenote_note":"","_monsterinsights_sitenote_category":0,"_uf_show_specific_survey":0,"_uf_disable_surveys":false,"generate_page_header":"","footnotes":""},"class_list":["post-75","page","type-page","status-publish"],"yoast_head":"<!-- This site is optimized with the Yoast SEO plugin v24.5 - https:\/\/yoast.com\/wordpress\/plugins\/seo\/ -->\n<title>Kanzlei - Cabinet Vigier<\/title>\n<meta name=\"description\" content=\"Beratung zum franz\u00f6sischen und deutschen Verm\u00f6gens-, Wirtschafts- und Steuerrecht an unseren Kanzleistandorten in M\u00fcnchen und Marseille\" \/>\n<meta name=\"robots\" content=\"index, follow, max-snippet:-1, max-image-preview:large, max-video-preview:-1\" \/>\n<link rel=\"canonical\" href=\"https:\/\/cabinet-vigier.com\/de\/kanzlei\/\" \/>\n<meta property=\"og:locale\" content=\"de_DE\" \/>\n<meta property=\"og:type\" content=\"article\" \/>\n<meta property=\"og:title\" content=\"Kanzlei - Cabinet Vigier\" \/>\n<meta property=\"og:description\" content=\"Beratung zum franz\u00f6sischen und deutschen Verm\u00f6gens-, Wirtschafts- und Steuerrecht an unseren Kanzleistandorten in M\u00fcnchen und Marseille\" \/>\n<meta property=\"og:url\" content=\"https:\/\/cabinet-vigier.com\/de\/kanzlei\/\" \/>\n<meta property=\"og:site_name\" content=\"Cabinet Vigier\" \/>\n<meta property=\"article:modified_time\" content=\"2017-12-10T22:48:32+00:00\" \/>\n<meta property=\"og:image\" content=\"https:\/\/cabinet-vigier.com\/wp-content\/uploads\/2017\/08\/1200-667-munich-S-F-1.jpg\" \/>\n<meta name=\"twitter:card\" content=\"summary_large_image\" \/>\n<meta name=\"twitter:label1\" content=\"Gesch\u00e4tzte Lesezeit\" \/>\n\t<meta name=\"twitter:data1\" content=\"2\u00a0Minuten\" \/>\n<script type=\"application\/ld+json\" class=\"yoast-schema-graph\">{\"@context\":\"https:\/\/schema.org\",\"@graph\":[{\"@type\":\"WebPage\",\"@id\":\"https:\/\/cabinet-vigier.com\/de\/kanzlei\/\",\"url\":\"https:\/\/cabinet-vigier.com\/de\/kanzlei\/\",\"name\":\"Kanzlei - Cabinet Vigier\",\"isPartOf\":{\"@id\":\"https:\/\/cabinet-vigier.com\/fr\/#website\"},\"primaryImageOfPage\":{\"@id\":\"https:\/\/cabinet-vigier.com\/de\/kanzlei\/#primaryimage\"},\"image\":{\"@id\":\"https:\/\/cabinet-vigier.com\/de\/kanzlei\/#primaryimage\"},\"thumbnailUrl\":\"https:\/\/cabinet-vigier.com\/wp-content\/uploads\/2017\/08\/1200-667-munich-S-F-1.jpg\",\"datePublished\":\"2017-01-31T23:38:11+00:00\",\"dateModified\":\"2017-12-10T22:48:32+00:00\",\"description\":\"Beratung zum franz\u00f6sischen und deutschen Verm\u00f6gens-, Wirtschafts- und Steuerrecht an unseren Kanzleistandorten in M\u00fcnchen und Marseille\",\"breadcrumb\":{\"@id\":\"https:\/\/cabinet-vigier.com\/de\/kanzlei\/#breadcrumb\"},\"inLanguage\":\"de\",\"potentialAction\":[{\"@type\":\"ReadAction\",\"target\":[\"https:\/\/cabinet-vigier.com\/de\/kanzlei\/\"]}]},{\"@type\":\"ImageObject\",\"inLanguage\":\"de\",\"@id\":\"https:\/\/cabinet-vigier.com\/de\/kanzlei\/#primaryimage\",\"url\":\"https:\/\/cabinet-vigier.com\/wp-content\/uploads\/2017\/08\/1200-667-munich-S-F-1.jpg\",\"contentUrl\":\"https:\/\/cabinet-vigier.com\/wp-content\/uploads\/2017\/08\/1200-667-munich-S-F-1.jpg\"},{\"@type\":\"BreadcrumbList\",\"@id\":\"https:\/\/cabinet-vigier.com\/de\/kanzlei\/#breadcrumb\",\"itemListElement\":[{\"@type\":\"ListItem\",\"position\":1,\"name\":\"Startseite\",\"item\":\"https:\/\/cabinet-vigier.com\/de\/\"},{\"@type\":\"ListItem\",\"position\":2,\"name\":\"Kanzlei\"}]},{\"@type\":\"WebSite\",\"@id\":\"https:\/\/cabinet-vigier.com\/fr\/#website\",\"url\":\"https:\/\/cabinet-vigier.com\/fr\/\",\"name\":\"Cabinet Vigier\",\"description\":\"Deutsch-franz\u00f6sische Anwaltskanzlei - Cabinet d&#039;avocats franco allemand\",\"publisher\":{\"@id\":\"https:\/\/cabinet-vigier.com\/fr\/#organization\"},\"potentialAction\":[{\"@type\":\"SearchAction\",\"target\":{\"@type\":\"EntryPoint\",\"urlTemplate\":\"https:\/\/cabinet-vigier.com\/fr\/?s={search_term_string}\"},\"query-input\":{\"@type\":\"PropertyValueSpecification\",\"valueRequired\":true,\"valueName\":\"search_term_string\"}}],\"inLanguage\":\"de\"},{\"@type\":\"Organization\",\"@id\":\"https:\/\/cabinet-vigier.com\/fr\/#organization\",\"name\":\"Cabinet Vigier\",\"url\":\"https:\/\/cabinet-vigier.com\/fr\/\",\"logo\":{\"@type\":\"ImageObject\",\"inLanguage\":\"de\",\"@id\":\"https:\/\/cabinet-vigier.com\/fr\/#\/schema\/logo\/image\/\",\"url\":\"https:\/\/cabinet-vigier.com\/wp-content\/uploads\/2017\/08\/cropped-AV-Logo-DF-ult10-500x.jpg\",\"contentUrl\":\"https:\/\/cabinet-vigier.com\/wp-content\/uploads\/2017\/08\/cropped-AV-Logo-DF-ult10-500x.jpg\",\"width\":500,\"height\":100,\"caption\":\"Cabinet Vigier\"},\"image\":{\"@id\":\"https:\/\/cabinet-vigier.com\/fr\/#\/schema\/logo\/image\/\"}}]}<\/script>\n<!-- \/ Yoast SEO plugin. -->","yoast_head_json":{"title":"Kanzlei - Cabinet Vigier","description":"Beratung zum franz\u00f6sischen und deutschen Verm\u00f6gens-, Wirtschafts- und Steuerrecht an unseren Kanzleistandorten in M\u00fcnchen und Marseille","robots":{"index":"index","follow":"follow","max-snippet":"max-snippet:-1","max-image-preview":"max-image-preview:large","max-video-preview":"max-video-preview:-1"},"canonical":"https:\/\/cabinet-vigier.com\/de\/kanzlei\/","og_locale":"de_DE","og_type":"article","og_title":"Kanzlei - Cabinet Vigier","og_description":"Beratung zum franz\u00f6sischen und deutschen Verm\u00f6gens-, Wirtschafts- und Steuerrecht an unseren Kanzleistandorten in M\u00fcnchen und Marseille","og_url":"https:\/\/cabinet-vigier.com\/de\/kanzlei\/","og_site_name":"Cabinet Vigier","article_modified_time":"2017-12-10T22:48:32+00:00","og_image":[{"url":"https:\/\/cabinet-vigier.com\/wp-content\/uploads\/2017\/08\/1200-667-munich-S-F-1.jpg","type":"","width":"","height":""}],"twitter_card":"summary_large_image","twitter_misc":{"Gesch\u00e4tzte Lesezeit":"2\u00a0Minuten"},"schema":{"@context":"https:\/\/schema.org","@graph":[{"@type":"WebPage","@id":"https:\/\/cabinet-vigier.com\/de\/kanzlei\/","url":"https:\/\/cabinet-vigier.com\/de\/kanzlei\/","name":"Kanzlei - Cabinet Vigier","isPartOf":{"@id":"https:\/\/cabinet-vigier.com\/fr\/#website"},"primaryImageOfPage":{"@id":"https:\/\/cabinet-vigier.com\/de\/kanzlei\/#primaryimage"},"image":{"@id":"https:\/\/cabinet-vigier.com\/de\/kanzlei\/#primaryimage"},"thumbnailUrl":"https:\/\/cabinet-vigier.com\/wp-content\/uploads\/2017\/08\/1200-667-munich-S-F-1.jpg","datePublished":"2017-01-31T23:38:11+00:00","dateModified":"2017-12-10T22:48:32+00:00","description":"Beratung zum franz\u00f6sischen und deutschen Verm\u00f6gens-, Wirtschafts- und Steuerrecht an unseren Kanzleistandorten in M\u00fcnchen und Marseille","breadcrumb":{"@id":"https:\/\/cabinet-vigier.com\/de\/kanzlei\/#breadcrumb"},"inLanguage":"de","potentialAction":[{"@type":"ReadAction","target":["https:\/\/cabinet-vigier.com\/de\/kanzlei\/"]}]},{"@type":"ImageObject","inLanguage":"de","@id":"https:\/\/cabinet-vigier.com\/de\/kanzlei\/#primaryimage","url":"https:\/\/cabinet-vigier.com\/wp-content\/uploads\/2017\/08\/1200-667-munich-S-F-1.jpg","contentUrl":"https:\/\/cabinet-vigier.com\/wp-content\/uploads\/2017\/08\/1200-667-munich-S-F-1.jpg"},{"@type":"BreadcrumbList","@id":"https:\/\/cabinet-vigier.com\/de\/kanzlei\/#breadcrumb","itemListElement":[{"@type":"ListItem","position":1,"name":"Startseite","item":"https:\/\/cabinet-vigier.com\/de\/"},{"@type":"ListItem","position":2,"name":"Kanzlei"}]},{"@type":"WebSite","@id":"https:\/\/cabinet-vigier.com\/fr\/#website","url":"https:\/\/cabinet-vigier.com\/fr\/","name":"Cabinet Vigier","description":"Deutsch-franz\u00f6sische Anwaltskanzlei - Cabinet d&#039;avocats franco allemand","publisher":{"@id":"https:\/\/cabinet-vigier.com\/fr\/#organization"},"potentialAction":[{"@type":"SearchAction","target":{"@type":"EntryPoint","urlTemplate":"https:\/\/cabinet-vigier.com\/fr\/?s={search_term_string}"},"query-input":{"@type":"PropertyValueSpecification","valueRequired":true,"valueName":"search_term_string"}}],"inLanguage":"de"},{"@type":"Organization","@id":"https:\/\/cabinet-vigier.com\/fr\/#organization","name":"Cabinet Vigier","url":"https:\/\/cabinet-vigier.com\/fr\/","logo":{"@type":"ImageObject","inLanguage":"de","@id":"https:\/\/cabinet-vigier.com\/fr\/#\/schema\/logo\/image\/","url":"https:\/\/cabinet-vigier.com\/wp-content\/uploads\/2017\/08\/cropped-AV-Logo-DF-ult10-500x.jpg","contentUrl":"https:\/\/cabinet-vigier.com\/wp-content\/uploads\/2017\/08\/cropped-AV-Logo-DF-ult10-500x.jpg","width":500,"height":100,"caption":"Cabinet Vigier"},"image":{"@id":"https:\/\/cabinet-vigier.com\/fr\/#\/schema\/logo\/image\/"}}]}},"_links":{"self":[{"href":"https:\/\/cabinet-vigier.com\/de\/wp-json\/wp\/v2\/pages\/75","targetHints":{"allow":["GET"]}}],"collection":[{"href":"https:\/\/cabinet-vigier.com\/de\/wp-json\/wp\/v2\/pages"}],"about":[{"href":"https:\/\/cabinet-vigier.com\/de\/wp-json\/wp\/v2\/types\/page"}],"author":[{"embeddable":true,"href":"https:\/\/cabinet-vigier.com\/de\/wp-json\/wp\/v2\/users\/2"}],"replies":[{"embeddable":true,"href":"https:\/\/cabinet-vigier.com\/de\/wp-json\/wp\/v2\/comments?post=75"}],"version-history":[{"count":39,"href":"https:\/\/cabinet-vigier.com\/de\/wp-json\/wp\/v2\/pages\/75\/revisions"}],"predecessor-version":[{"id":936,"href":"https:\/\/cabinet-vigier.com\/de\/wp-json\/wp\/v2\/pages\/75\/revisions\/936"}],"wp:attachment":[{"href":"https:\/\/cabinet-vigier.com\/de\/wp-json\/wp\/v2\/media?parent=75"}],"curies":[{"name":"wp","href":"https:\/\/api.w.org\/{rel}","templated":true}]}}