{"id":852,"date":"2017-11-01T19:08:05","date_gmt":"2017-11-01T18:08:05","guid":{"rendered":"http:\/\/www.cabinet-vigier.com\/?page_id=852"},"modified":"2017-11-01T19:08:05","modified_gmt":"2017-11-01T18:08:05","slug":"vefa-fertigstellung-abnahme-und-gewaehrleistung","status":"publish","type":"page","link":"https:\/\/cabinet-vigier.com\/de\/vefa-fertigstellung-abnahme-und-gewaehrleistung\/","title":{"rendered":"VEFA &#8211; Fertigstellung, Abnahme und Gew\u00e4hrleistung"},"content":{"rendered":"<p>Der vorliegende Artikel behandelt die besonderen Vorschriften \u00fcber die Fertigstellung, Abnahme und Gew\u00e4hrleistung im Rahmen des\u00a0<strong>Kaufs im Zustand der zuk\u00fcnftigen Fertigstellung (<\/strong><em>Vente en l\u2019\u00e9tat futur d\u2019ach\u00e8vement, kurz:\u00a0<\/em>VEFA) nach franz\u00f6sischem Recht. Dieser Vertragstyp wird \u00a0relevant, wenn ein Bautr\u00e4ger entscheidet, auf einem ihm geh\u00f6renden Grundst\u00fcck ein Geb\u00e4ude zu errichten und die Gesamtheit (Grundst\u00fcck und Geb\u00e4ude) an einen Dritten zu ver\u00e4u\u00dfern. Die gesetzliche Regelung findet sich in Art. 1601-2 Code civil und L. 261-1 ff. CCH.<\/p>\n<p>Der Verk\u00e4ufer hat dem Erwerber das Werk vertragskonform innerhalb der vertraglich vereinbarten Frist zu liefern. Hiermit wird die sog. \u00dcbergabeverpflichtung (obligation de d\u00e9livrance) erf\u00fcllt.<\/p>\n<p>Folgende Etappen sind dabei zu unterscheiden:<\/p>\n<p><strong>&#8211; Der Empfang der Immobilie (r\u00e9ception de l\u2019immeuble)\u00a0 <\/strong><\/p>\n<p>Wenn alle Arbeiten abgeschlossen sind, erfolgt ein erster Empfang durch den Verk\u00e4ufer-Promoteur seitens der verschiedenen Bauausf\u00fchrenden Unternehmen. Es wird ein Protokoll erstellt, in dem etwaige Sachm\u00e4ngel verzeichnet werden. Mit diesem Empfang wird die Frist f\u00fcr die von den Bauunternehmen geschuldete Garantien in Gang gesetzt, sowohl f\u00fcr die Einjahresgarantie f\u00fcr alle offensichtlichen M\u00e4ngel (garanties de parfait ach\u00e8vement), die Zweijahresgarantie f\u00fcr Sachm\u00e4ngel an Ausstattungselementen (garantie biennale) sowie die Zehnjahresgarantie f\u00fcr Solidit\u00e4tssch\u00e4den (garantie d\u00e9cennale). Die Einzelheiten hierzu werden unten noch n\u00e4her dargestellt.<\/p>\n<p><strong>&#8211; Die Lieferung des Werkes (livraison du bien) <\/strong><\/p>\n<p>Sodann wird der K\u00e4ufer geladen um die Lieferung (livraison) und den Besitz (possession) des Werkes vom Verk\u00e4ufer entgegenzunehmen.<\/p>\n<p>Mit dieser Lieferung wird die Frist f\u00fcr die vom Verk\u00e4ufer geschuldete Gew\u00e4hrleistung in Hinblick auf offensichtliche Sach- und Konformit\u00e4tsm\u00e4ngel in Gang gesetzt (siehe unten). Mit Empfang der Lieferung durch Schl\u00fcssel\u00fcbergabe wird der K\u00e4ufer Eigent\u00fcmer der gesamten Immobilie und es geht die Sachgefahr auf ihn \u00fcber.<\/p>\n<p><strong>I. Folgen des \u00dcberschreitens der vertraglichen Lieferfrist (d\u00e9lai de livraison)<\/strong><\/p>\n<p>Wenn das Datum der vertraglichen Fertigstellungs-\/Lieferfrist \u00fcberschritten wird, hei\u00dft dies nicht zwingend, dass die Haftung des Verk\u00e4ufers er\u00f6ffnet ist. Die Vertr\u00e4ge sehen in der Regel bestimmte Ereignisse vor, welche die Verl\u00e4ngerung der Frist rechtfertigen k\u00f6nnen (Beispiele: Streik, au\u00dfergew\u00f6hnliche Wetterbedingung etc.).<\/p>\n<p>Allerdings kann der K\u00e4ufer rechtlich gegen einen Verk\u00e4ufer vorgehen, der ohne rechtfertigenden Grund die Lieferung verz\u00f6gert, insbesondere kann dann nach gesetzlichen Vorschriften Schadensersatz verlangen.<\/p>\n<p><strong>II. Folgen von Konformit\u00e4ts- und Sachm\u00e4ngeln<\/strong><\/p>\n<p><strong>1. Konformit\u00e4tsm\u00e4ngel (d\u00e9fauts de conformit\u00e9)<\/strong><\/p>\n<p>Wenn das gelieferte Werk nicht den in der Baubeschreibung (notice descriptive) oder den Pl\u00e4nen (plans) n\u00e4her definierten Anforderungen entspricht, liegt ein Konformit\u00e4tsmangel (d\u00e9faut de conformit\u00e9) vor. F\u00fcr die Rechtsfolgen ist weiter zu unterscheiden:<\/p>\n<p><strong>Im Fall eines wesentlichen Konformit\u00e4tsmangel (d\u00e9faut de conformit\u00e9 substantiel)<\/strong>, kann keine Fertigstellung (ach\u00e8vement) angenommen werden und folglich auch keine Lieferung erfolgen. Das Werk gilt nicht als fertiggestellt (Beispiele: Parkplatz schmaler als vorgesehen, Fehlen einer T\u00fcr, Fehlen einer Heizungsanlage). Der Erwerber ist nicht verpflichtet die Schlussrate zu zahlen. Es erfolgt auch noch keine Schl\u00fcssel\u00fcbergabe, solange keine Konformit\u00e4t hergestellt wird. Unter bestimmten weiteren Bedingungen kann der Erwerb gegebenenfalls sogar die R\u00fcckabwicklung des Vertrags fordern.<\/p>\n<p><strong>Im Fall eines lediglich nicht wesentlichen Konformit\u00e4tsmangels (d\u00e9faut de conformit\u00e9 non substantiel) <\/strong>(Beispiel: Teppichboden anstatt Parkett), hat der K\u00e4ufer die Schlussrate zu zahlen und es erfolgt gleichzeitig bereits die Schl\u00fcssel\u00fcbergabe. Der K\u00e4ufer hat einen Anspruch auf Herstellung der Konformit\u00e4t nach den nachfolgend unter Ziff. III.dargestellten Vorschriften.<\/p>\n<p><strong>Sachm\u00e4ngel (malfa\u00e7ons)<\/strong><\/p>\n<p>Sachm\u00e4ngel liegen vor, wenn die Arbeiten zwar mit der Baubeschreibung (notice descriptive) oder den Pl\u00e4nen \u00fcbereinstimmen, aber mangelhaft ausgef\u00fchrt sind. (Beispiel: fehlerhafte Steigung der Terrasse, durch welche das Regenwasser nicht abflie\u00dfen kann oder defekte Elektroinstallationen etc.).<\/p>\n<p>Wenn der<strong> Sachmangel die Nutzung des Werks zu seinem Bestimmungsgem\u00e4\u00dfen Gebrauch verhindert<\/strong>, liegt keine Fertigstellung (ach\u00e8vement) und mithin keine Lieferung vor. Auch hier gilt das Werk als nicht fertiggestellt (Beispiel: Die Elektroinstallationen funktionieren nicht und bed\u00fcrfen bedeutender Reparaturarbeiten). Auch hier muss der Erwerber nicht die Schlussrate zahlen und es erfolgt keine Schl\u00fcssel\u00fcbergabe, solange die M\u00e4ngel nicht beseitigt sind. Auch hier kann der Erwerber unter bestimmten weiteren Bedingungen die R\u00fcckabwicklung des Vertrags fordern.<\/p>\n<p>Wenn der <strong>Sachmangel von lediglich geringerer Bedeutung<\/strong> ist, wird er als einfacher Vorbehalt in das Abnahmeprotokoll (proc\u00e8s verbal de r\u00e9ception) aufgenommen. Der K\u00e4ufer zahlt die Schlussrate. Gleichzeitig erfolgt bereits die Schl\u00fcssel\u00fcbergabe. Der K\u00e4ufer hat einen Anspruch auf Beseitigung des Sachmangels nach den nachfolgend unter Ziff. III.dargestellten Vorschriften.<\/p>\n<p><strong>III. Garantien und Gew\u00e4hrleistungsanspr\u00fcche<\/strong><\/p>\n<p><strong>1. Garantien in Hinblick auf die Fertigstellung (garanties d\u2019ach\u00e8vement)<\/strong><\/p>\n<p>Zum Schutz des Erwerbers einer Wohnimmobilie gegen das Risiko wesentlicher Konformit\u00e4ts- oder Sachm\u00e4ngel, die der Fertigstellung und damit dem Empfang (r\u00e9ception) und der Lieferung (livraison) entgegenstehen, muss der Verk\u00e4ufer-Promoteur zwingend entweder eine sog. Fertigstellungsgarantie oder eine sog. R\u00fcckzahlungsgarantie beibringen.<\/p>\n<p><strong>1.1 Die Fertigstellungsgarantie (garantie d\u2019ach\u00e8vement) <\/strong><\/p>\n<p>Es handelt sich um eine Bankb\u00fcrgschaft, auch externe Garantie genannt (garantie extrins\u00e8que). Mit dieser B\u00fcrgschaft verpflichtet sich ein Kreditinstitut im Fall des Ausfalls des Verk\u00e4ufers die Geldbetr\u00e4ge zu leisten, die n\u00f6tig sind um die Arbeiten fertigzustellen. F\u00fcr die Bauvorhaben, f\u00fcr die der Baugenehmigungsantrag noch vor dem 01.01.2015 eingereicht wurde, kann der Verk\u00e4ufer auch eine sog. eigengesicherte Garantie vorlegen (garantie intrins\u00e8que), bei der kein dritter B\u00fcrge auftritt.<\/p>\n<p><strong>1.2 Die R\u00fcckzahlungsgarantie (garantie de remboursement) <\/strong><\/p>\n<p>Wenn die vertragswidrige Nicht-Fertigstellung des Werkes den K\u00e4ufer zum R\u00fccktritt vom Vertrag berechtigt, hat dieser einen Anspruch auf R\u00fcckzahlung des geleisteten Kaufpreises. Dieser R\u00fcckzahlunganspruch ist durch die sog. R\u00fcchzahlungsgarantie einer Bank gesichert.<\/p>\n<p><strong>2. Garantien und Gew\u00e4hrleistung nach Fertigstellung<\/strong><\/p>\n<p>In Hinblick auf die Garantien und Gew\u00e4hrleistungsanspr\u00fcche f\u00fcr alle nicht wesentlichen Konformit\u00e4ts- Sachm\u00e4ngel, die nicht die Fertigstellung als solche und damit Empfang (r\u00e9ception) und Lieferung (livraison) in Frage stellen, ist zwischen der von den ausf\u00fchrenden Bauunternehmen einerseits (nachfolgend 2.1.) und der vom Verk\u00e4ufer\/Promoteur geschuldeten Gew\u00e4hrleistung (nachfolgend 2.2.) zu unterscheiden.<\/p>\n<p><strong>2.1. Die von den ausf\u00fchrenden Bauunternehmern nach Empfang (r\u00e9ception) geschuldete Gew\u00e4hrleistung <\/strong><\/p>\n<p>Hinsichtlich der von den ausf\u00fchrenden Bauunternehmen nach Empfang (r\u00e9ception) geschuldeten Gew\u00e4hrleistung sind drei verschiedene Garantien mit verschiedenen Laufzeiten zu unterscheiden.<\/p>\n<p><strong>2.1.1. Die Einjahresgarantie f\u00fcr alle offensichtlichen Konformit\u00e4ts- und Sachm\u00e4ngel (garantie de parfait ach\u00e8vement des travaux), Art. 1792-6 Cc<\/strong><\/p>\n<p>Es geht hierbei um die Haftung der jeweils ausf\u00fchrenden Bauunternehmen (nicht des Verk\u00e4ufers) f\u00fcr jegliche Konformit\u00e4ts- oder Sachm\u00e4ngel, die<\/p>\n<ul>\n<li>entweder im Rahmen des Empfangs des Werkes durch den Verk\u00e4ufer (r\u00e9ception)<\/li>\n<li>oder sp\u00e4testens innerhalb eines Jahres seit dem Empfang vom Verk\u00e4ufer oder K\u00e4ufer (r\u00e9ception)<\/li>\n<\/ul>\n<p>ger\u00fcgt worden sind. F\u00fcr R\u00fcgen innerhalb des Jahres nach Empfang (r\u00e9ception) des Werkes sind per Einschreibens mit R\u00fcckschein zu erheben.<\/p>\n<p>Hilft der Unternehmer nicht fristgerecht ab, kann unter bestimmten weiteren Voraussetzungen eine Ersatzvornahme durchgef\u00fchrt werden und notfalls gerichtlich die Erstattung durch den Unternehmer durchgesetzt werden.<\/p>\n<p><strong>2.1.2. Zweijahresgarantie f\u00fcr Sachm\u00e4ngel an Ausstattungselementen (garantie biennale), Art.1792-3 Cc<\/strong><\/p>\n<p>Die Zweijahresgarantie (garantie biennale) verpflichtet die ausf\u00fchrenden Bauunternehmer, w\u00e4hrend einer Dauer von 2 Jahren seit Empfang (r\u00e9ception) alle nicht funktionierenden Ausstattungselemente (\u00e9l\u00e9ments d\u2018\u00e9quipement) zu reparieren oder zu ersetzen, die nicht korrekt funktionieren.<\/p>\n<p>Als Ausstattungselemente (\u00e9l\u00e9ments d\u2018\u00e9quipement) gelten alle Bestandteile die vom Rohbau (gros oeuvre) getrennt werden k\u00f6nnen, ohne diesen zu besch\u00e4digen. Der Begriff umfasst insbesondere:<\/p>\n<ul>\n<li>Kanalisationen, Rohre, Heizk\u00f6rper, Kabelleitungen, Verkleidungen;<\/li>\n<li>bewegliche Elemente, die zum Verschluss oder zur Abdeckung des Rohbaus dienen: z.B. T\u00fcren, Fenster, Fensterl\u00e4den, Jalousien<\/li>\n<\/ul>\n<p>Ausgenommen von der Haftung sind Besch\u00e4digungen aufgrund unsachgem\u00e4\u00dfen Gebrauchs, mangelnder Pflege oder nat\u00fcrlicher Abnutzung. Der Bauunternehmer ist gesetzlich verpflichtet, f\u00fcr das Haftungsrisiko eine Versicherung abzuschlie\u00dfen.<\/p>\n<p>M\u00e4ngelr\u00fcgen sind innerhalb des Jahres nach Empfang (r\u00e9ception) des Werkes per Einschreiben mit R\u00fcckschein zu erheben. Hilft der Unternehmer bzw. die Versicherung nicht fristgerecht ab, kann unter bestimmten weiteren Voraussetzungen eine Ersatzvornahme durchgef\u00fchrt werden und notfalls gerichtlich die Erstattung durch den Unternehmer durchgesetzt werden.<\/p>\n<p><strong>2.1.3 Die Zehnjahresgarantie f\u00fcr Solidit\u00e4tssch\u00e4den (garantie d\u00e9cennale), Art. 1792-4-1 Cc <\/strong><\/p>\n<p>Die Zehnjahresgarantie verpflichtet den ausf\u00fchrenden Bauunternehmer zur Beseitigung von allen sog. Solidit\u00e4tssch\u00e4den, die innerhalb von 10 Jahren seit Empfang (r\u00e9ception) des Bauwerks eintreten. Als Solidit\u00e4tsm\u00e4ngel gelten alle M\u00e4ngel, die<\/p>\n<ul>\n<li>entweder die Solidit\u00e4t des Bauwerks in Frage stellen (Beispiel: Einsturzgefahr),<\/li>\n<li>oder die Nutzung des Bauwerks zu seinem Bestimmungsgem\u00e4\u00dfen Gebrauch in Frage stellen (Beispiel: Undichtigkeiten, Gro\u00dfe Risse in W\u00e4nden, Decken oder B\u00f6den).<\/li>\n<\/ul>\n<p>Die Garantie erstreckt sich auch auf alle Ausstattungselemente, die nicht vom Bauwerk getrennt werden k\u00f6nnen, ohne dieses zu besch\u00e4digen (Beispiel: In Wand eingemauerte Kanalisationen, Leitungen etc.). Grunds\u00e4tzlich haftet der Unternehmer nur, wenn er den Schaden zu vertreten hat, wobei eine gesetzliche Vermutung f\u00fcr sein Verschulden besteht, er kann sich aber durch einen entsprechenden Gegenbeweis exkulpieren.<\/p>\n<p>Der Bauunternehmer ist auch hier gesetzlich verpflichtet, f\u00fcr das Haftungsrisiko eine Versicherung abzuschlie\u00dfen.<\/p>\n<p>Die M\u00e4ngel m\u00fcssen unverz\u00fcglich nach Entdeckung dem Unternehmer bzw. der Versicherung per Einschreiben mit R\u00fcckschein mit Aufforderung zur Abhilfe und Fristsetzung angezeigt werden.<\/p>\n<p><strong>2.2. Die vom Verk\u00e4ufer nach Lieferung geschuldete Gew\u00e4hrleistung <\/strong><\/p>\n<p>Die daneben vom Verk\u00e4ufer\/Promoteur geschuldeten Garantien sind wie folgt zu unterscheiden:<\/p>\n<p><strong>2.2.1. Gew\u00e4hrleistung des Verk\u00e4ufers in Hinblick auf offensichtlicher Sach- und Konformit\u00e4tsm\u00e4ngel (garantie des vices et d\u00e9fauts de conformit\u00e9s apparents\u201c, Art. 1642-1 Code civil<\/strong><\/p>\n<p>Der Verk\u00e4ufer haftet dem K\u00e4ufer f\u00fcr alle M\u00e4ngel, die bei Lieferung (livraison) bzw. Besitz\u00fcbernahme (prise de possession) bestehen oder innerhalb eines Monats seit diesem Zeitpunkt auftreten.<\/p>\n<p>Nach der Rechtsprechung des Kassationsgerichtshofs, verf\u00fcgt der K\u00e4ufer \u00fcber ein Jahr, um den Mangel gegen\u00fcber dem Verk\u00e4ufer geltend zu machen. Er muss allerdings nachweisen, dass der Mangel sp\u00e4testens innerhalb eines Monats nach Lieferung festgestellt wurde, dewegen empfiehlt es sich immer die M\u00e4ngel, die im \u00dcbergabeprotokoll versehentlich nicht verzeichnet wurden, noch m\u00f6glichst vor Ablauf eines Monats seit Lieferung per Einschreiben mit R\u00fcckschein an den Verk\u00e4ufer zu r\u00fcgen.<\/p>\n<p><strong>2.2.2 Die Einjahres-Verk\u00e4ufergew\u00e4hrleistung in Hinblick auf die Schallisolierung (garantie d\u2019isolation phonique), Art- L111-11 CCH<\/strong><\/p>\n<p>Nach dem ausdr\u00fccklichen Wortlaut des Art. L111-11 des Bauwerks- und Wohnungsgesetzes (Code de la construction et de l\u2019habitation, fortan kurz: CCH) unter\u00e4llt zwar die Verpflichtung der Einhaltung der im Rahmen der Errichtung eines Wohngeb\u00e4udes geltenden Vorschriften in Hinblick auf die Schallisolierung (isolation phonique) grunds\u00e4tzlich der Einjahresgarantie des Unternehmers f\u00fcr alle offensichtlichen Konformit\u00e4ts- und Sachm\u00e4ngel (garantie de parfait ach\u00e8vement des travaux) nach Art. 1792-6 Cc (siehe oben Ziff. 2.1.1.).<\/p>\n<p>Daneben ist aber gegen\u00fcber dem K\u00e4ufer als Erstnutzer (premier occupant) auch der Verk\u00e4ufer\/Promoteur Garant f\u00fcr die Gesetzeskonformit\u00e4t in dieser Hinsicht.<\/p>\n<p>Die Garantie l\u00e4uft \u00fcber ein Jahr ab Inbesitznahme (prise de possession) des K\u00e4ufers bei Lieferung.<\/p>\n<p><strong>2.2.3. Zehnjahres-Bauschadensgarantie (garantie dommages-ouvrages), Art.1646-1 Cc<\/strong><\/p>\n<p>Als Bauherr (ma\u00eetre de l\u2019ouvrage) ist der Verk\u00e4ufer\/Promoteur gesetzlich verpflichtet, eine sog. Bauschadensversicherung (assurance dommages-ouvrage) abzuschlie\u00dfen. Diese dient einer unkomplizierten Vorfinanzierung der M\u00e4ngelbeseitigung. Schlie\u00dft er diese Versicherung nicht ab, haftet er insoweit pers\u00f6nlich.<\/p>\n<p>Im Rahmen dieser Versicherung bzw. Haftung besteht Schutz des K\u00e4ufers<\/p>\n<ul>\n<li>sowohl f\u00fcr Sch\u00e4den im Geb\u00e4udebereich aufgrund mangelnder Solidit\u00e4t oder fehlender Nutzbarkeit des Geb\u00e4udes (malfa\u00e7ons qui menacent la solidit\u00e9 de la construction et les d\u00e9sordres qui remettent en cause la destination de l&#8217;ouvrage),<\/li>\n<li>als auch f\u00fcr Sch\u00e4den an nichttrennbaren Ausstattungslementen des Bauwerks (\u00e9l\u00e9ments d\u2019\u00e9quipement indissociables de l\u2018ouvrage).<\/li>\n<\/ul>\n<p>Inhaltlich deckt sich die Bauschadensgarantie (garantie dommages-ouvrages) des Verk\u00e4ufers mithin weitestgehend mit der vom Bauunternehmer geschuldeten Zehnjahresgarantie f\u00fcr Solidit\u00e4tssch\u00e4den (garantie d\u00e9cennale, s.o. Ziff. 2.1.3). Das Versicherungsunternehmen des Verk\u00e4ufers, das aufgrund der Bauschadensversicherung (garantie dommages-ouvrages) zun\u00e4chst eintritt, nimmt in der Folge die Zehnjahresversicherung f\u00fcr Solidit\u00e4tssch\u00e4den (garantie d\u00e9cennale) in Regress<\/p>\n<p><strong><em><u>Stand:<\/u><\/em><\/strong><strong><em> 01.11.2017<\/em><\/strong><strong><em><br \/>\n<u>Autor:<\/u> Armin Vigier, Rechtsanwalt-Avocat<\/em><\/strong><\/p>\n<p><em><strong>Rechtlicher Hinweis:\u00a0\u00a0\u00a0\u00a0\u00a0\u00a0\u00a0 <\/strong><\/em><br \/>\nDiese Abhandlung erhebt keinen Anspruch auf Vollst\u00e4ndigkeit und soll lediglich einem ersten \u00dcberblick dienen. Insbesondere kann sie eine Einzefallbezogene Beratung nicht ersetzen. Naturgem\u00e4\u00df kann daher f\u00fcr die hier gemachten Ausf\u00fchrungen keine Haftung \u00fcbernommen werden. F\u00fcr verbindliche Ausk\u00fcnfte im Einzelfall stehen wir Ihnen gerne zur Verf\u00fcgung.<\/p>\n","protected":false},"excerpt":{"rendered":"<p>Der vorliegende Artikel behandelt die besonderen Vorschriften \u00fcber die Fertigstellung, Abnahme und Gew\u00e4hrleistung im Rahmen des\u00a0Kaufs im Zustand der zuk\u00fcnftigen Fertigstellung (Vente en l\u2019\u00e9tat futur d\u2019ach\u00e8vement, kurz:\u00a0VEFA) nach franz\u00f6sischem Recht. Dieser Vertragstyp wird \u00a0relevant, wenn ein Bautr\u00e4ger entscheidet, auf einem ihm geh\u00f6renden Grundst\u00fcck ein Geb\u00e4ude zu errichten und die Gesamtheit (Grundst\u00fcck und Geb\u00e4ude) an einen &#8230; <a title=\"VEFA &#8211; Fertigstellung, Abnahme und Gew\u00e4hrleistung\" class=\"read-more\" href=\"https:\/\/cabinet-vigier.com\/de\/vefa-fertigstellung-abnahme-und-gewaehrleistung\/\" aria-label=\"Mehr zu VEFA &#8211; Fertigstellung, Abnahme und Gew\u00e4hrleistung\">Weiterlesen &#8230;<\/a><\/p>\n","protected":false},"author":2,"featured_media":0,"parent":0,"menu_order":0,"comment_status":"closed","ping_status":"closed","template":"","meta":{"_monsterinsights_skip_tracking":false,"_monsterinsights_sitenote_active":false,"_monsterinsights_sitenote_note":"","_monsterinsights_sitenote_category":0,"_uf_show_specific_survey":0,"_uf_disable_surveys":false,"generate_page_header":"","footnotes":""},"class_list":["post-852","page","type-page","status-publish"],"yoast_head":"<!-- This site is optimized with the Yoast SEO plugin v24.5 - https:\/\/yoast.com\/wordpress\/plugins\/seo\/ -->\n<title>VEFA - Fertigstellung, Abnahme und Gew\u00e4hrleistung - Cabinet Vigier<\/title>\n<meta name=\"robots\" content=\"index, follow, max-snippet:-1, max-image-preview:large, max-video-preview:-1\" \/>\n<link rel=\"canonical\" href=\"https:\/\/cabinet-vigier.com\/de\/vefa-fertigstellung-abnahme-und-gewaehrleistung\/\" \/>\n<meta property=\"og:locale\" content=\"de_DE\" \/>\n<meta property=\"og:type\" content=\"article\" \/>\n<meta property=\"og:title\" content=\"VEFA - Fertigstellung, Abnahme und Gew\u00e4hrleistung - Cabinet Vigier\" \/>\n<meta property=\"og:description\" content=\"Der vorliegende Artikel behandelt die besonderen Vorschriften \u00fcber die Fertigstellung, Abnahme und Gew\u00e4hrleistung im Rahmen des\u00a0Kaufs im Zustand der zuk\u00fcnftigen Fertigstellung (Vente en l\u2019\u00e9tat futur d\u2019ach\u00e8vement, kurz:\u00a0VEFA) nach franz\u00f6sischem Recht. Dieser Vertragstyp wird \u00a0relevant, wenn ein Bautr\u00e4ger entscheidet, auf einem ihm geh\u00f6renden Grundst\u00fcck ein Geb\u00e4ude zu errichten und die Gesamtheit (Grundst\u00fcck und Geb\u00e4ude) an einen ... Weiterlesen ...\" \/>\n<meta property=\"og:url\" content=\"https:\/\/cabinet-vigier.com\/de\/vefa-fertigstellung-abnahme-und-gewaehrleistung\/\" \/>\n<meta property=\"og:site_name\" content=\"Cabinet Vigier\" \/>\n<meta name=\"twitter:card\" content=\"summary_large_image\" \/>\n<meta name=\"twitter:label1\" content=\"Gesch\u00e4tzte Lesezeit\" \/>\n\t<meta name=\"twitter:data1\" content=\"10\u00a0Minuten\" \/>\n<script type=\"application\/ld+json\" class=\"yoast-schema-graph\">{\"@context\":\"https:\/\/schema.org\",\"@graph\":[{\"@type\":\"WebPage\",\"@id\":\"https:\/\/cabinet-vigier.com\/de\/vefa-fertigstellung-abnahme-und-gewaehrleistung\/\",\"url\":\"https:\/\/cabinet-vigier.com\/de\/vefa-fertigstellung-abnahme-und-gewaehrleistung\/\",\"name\":\"VEFA - Fertigstellung, Abnahme und Gew\u00e4hrleistung - Cabinet Vigier\",\"isPartOf\":{\"@id\":\"https:\/\/cabinet-vigier.com\/fr\/#website\"},\"datePublished\":\"2017-11-01T18:08:05+00:00\",\"breadcrumb\":{\"@id\":\"https:\/\/cabinet-vigier.com\/de\/vefa-fertigstellung-abnahme-und-gewaehrleistung\/#breadcrumb\"},\"inLanguage\":\"de\",\"potentialAction\":[{\"@type\":\"ReadAction\",\"target\":[\"https:\/\/cabinet-vigier.com\/de\/vefa-fertigstellung-abnahme-und-gewaehrleistung\/\"]}]},{\"@type\":\"BreadcrumbList\",\"@id\":\"https:\/\/cabinet-vigier.com\/de\/vefa-fertigstellung-abnahme-und-gewaehrleistung\/#breadcrumb\",\"itemListElement\":[{\"@type\":\"ListItem\",\"position\":1,\"name\":\"Startseite\",\"item\":\"https:\/\/cabinet-vigier.com\/de\/\"},{\"@type\":\"ListItem\",\"position\":2,\"name\":\"VEFA &#8211; Fertigstellung, Abnahme und Gew\u00e4hrleistung\"}]},{\"@type\":\"WebSite\",\"@id\":\"https:\/\/cabinet-vigier.com\/fr\/#website\",\"url\":\"https:\/\/cabinet-vigier.com\/fr\/\",\"name\":\"Cabinet Vigier\",\"description\":\"Deutsch-franz\u00f6sische Anwaltskanzlei - Cabinet d&#039;avocats franco allemand\",\"publisher\":{\"@id\":\"https:\/\/cabinet-vigier.com\/fr\/#organization\"},\"potentialAction\":[{\"@type\":\"SearchAction\",\"target\":{\"@type\":\"EntryPoint\",\"urlTemplate\":\"https:\/\/cabinet-vigier.com\/fr\/?s={search_term_string}\"},\"query-input\":{\"@type\":\"PropertyValueSpecification\",\"valueRequired\":true,\"valueName\":\"search_term_string\"}}],\"inLanguage\":\"de\"},{\"@type\":\"Organization\",\"@id\":\"https:\/\/cabinet-vigier.com\/fr\/#organization\",\"name\":\"Cabinet Vigier\",\"url\":\"https:\/\/cabinet-vigier.com\/fr\/\",\"logo\":{\"@type\":\"ImageObject\",\"inLanguage\":\"de\",\"@id\":\"https:\/\/cabinet-vigier.com\/fr\/#\/schema\/logo\/image\/\",\"url\":\"https:\/\/cabinet-vigier.com\/wp-content\/uploads\/2017\/08\/cropped-AV-Logo-DF-ult10-500x.jpg\",\"contentUrl\":\"https:\/\/cabinet-vigier.com\/wp-content\/uploads\/2017\/08\/cropped-AV-Logo-DF-ult10-500x.jpg\",\"width\":500,\"height\":100,\"caption\":\"Cabinet Vigier\"},\"image\":{\"@id\":\"https:\/\/cabinet-vigier.com\/fr\/#\/schema\/logo\/image\/\"}}]}<\/script>\n<!-- \/ Yoast SEO plugin. -->","yoast_head_json":{"title":"VEFA - Fertigstellung, Abnahme und Gew\u00e4hrleistung - Cabinet Vigier","robots":{"index":"index","follow":"follow","max-snippet":"max-snippet:-1","max-image-preview":"max-image-preview:large","max-video-preview":"max-video-preview:-1"},"canonical":"https:\/\/cabinet-vigier.com\/de\/vefa-fertigstellung-abnahme-und-gewaehrleistung\/","og_locale":"de_DE","og_type":"article","og_title":"VEFA - Fertigstellung, Abnahme und Gew\u00e4hrleistung - Cabinet Vigier","og_description":"Der vorliegende Artikel behandelt die besonderen Vorschriften \u00fcber die Fertigstellung, Abnahme und Gew\u00e4hrleistung im Rahmen des\u00a0Kaufs im Zustand der zuk\u00fcnftigen Fertigstellung (Vente en l\u2019\u00e9tat futur d\u2019ach\u00e8vement, kurz:\u00a0VEFA) nach franz\u00f6sischem Recht. Dieser Vertragstyp wird \u00a0relevant, wenn ein Bautr\u00e4ger entscheidet, auf einem ihm geh\u00f6renden Grundst\u00fcck ein Geb\u00e4ude zu errichten und die Gesamtheit (Grundst\u00fcck und Geb\u00e4ude) an einen ... Weiterlesen ...","og_url":"https:\/\/cabinet-vigier.com\/de\/vefa-fertigstellung-abnahme-und-gewaehrleistung\/","og_site_name":"Cabinet Vigier","twitter_card":"summary_large_image","twitter_misc":{"Gesch\u00e4tzte Lesezeit":"10\u00a0Minuten"},"schema":{"@context":"https:\/\/schema.org","@graph":[{"@type":"WebPage","@id":"https:\/\/cabinet-vigier.com\/de\/vefa-fertigstellung-abnahme-und-gewaehrleistung\/","url":"https:\/\/cabinet-vigier.com\/de\/vefa-fertigstellung-abnahme-und-gewaehrleistung\/","name":"VEFA - Fertigstellung, Abnahme und Gew\u00e4hrleistung - Cabinet Vigier","isPartOf":{"@id":"https:\/\/cabinet-vigier.com\/fr\/#website"},"datePublished":"2017-11-01T18:08:05+00:00","breadcrumb":{"@id":"https:\/\/cabinet-vigier.com\/de\/vefa-fertigstellung-abnahme-und-gewaehrleistung\/#breadcrumb"},"inLanguage":"de","potentialAction":[{"@type":"ReadAction","target":["https:\/\/cabinet-vigier.com\/de\/vefa-fertigstellung-abnahme-und-gewaehrleistung\/"]}]},{"@type":"BreadcrumbList","@id":"https:\/\/cabinet-vigier.com\/de\/vefa-fertigstellung-abnahme-und-gewaehrleistung\/#breadcrumb","itemListElement":[{"@type":"ListItem","position":1,"name":"Startseite","item":"https:\/\/cabinet-vigier.com\/de\/"},{"@type":"ListItem","position":2,"name":"VEFA &#8211; Fertigstellung, Abnahme und Gew\u00e4hrleistung"}]},{"@type":"WebSite","@id":"https:\/\/cabinet-vigier.com\/fr\/#website","url":"https:\/\/cabinet-vigier.com\/fr\/","name":"Cabinet Vigier","description":"Deutsch-franz\u00f6sische Anwaltskanzlei - Cabinet d&#039;avocats franco allemand","publisher":{"@id":"https:\/\/cabinet-vigier.com\/fr\/#organization"},"potentialAction":[{"@type":"SearchAction","target":{"@type":"EntryPoint","urlTemplate":"https:\/\/cabinet-vigier.com\/fr\/?s={search_term_string}"},"query-input":{"@type":"PropertyValueSpecification","valueRequired":true,"valueName":"search_term_string"}}],"inLanguage":"de"},{"@type":"Organization","@id":"https:\/\/cabinet-vigier.com\/fr\/#organization","name":"Cabinet Vigier","url":"https:\/\/cabinet-vigier.com\/fr\/","logo":{"@type":"ImageObject","inLanguage":"de","@id":"https:\/\/cabinet-vigier.com\/fr\/#\/schema\/logo\/image\/","url":"https:\/\/cabinet-vigier.com\/wp-content\/uploads\/2017\/08\/cropped-AV-Logo-DF-ult10-500x.jpg","contentUrl":"https:\/\/cabinet-vigier.com\/wp-content\/uploads\/2017\/08\/cropped-AV-Logo-DF-ult10-500x.jpg","width":500,"height":100,"caption":"Cabinet Vigier"},"image":{"@id":"https:\/\/cabinet-vigier.com\/fr\/#\/schema\/logo\/image\/"}}]}},"_links":{"self":[{"href":"https:\/\/cabinet-vigier.com\/de\/wp-json\/wp\/v2\/pages\/852","targetHints":{"allow":["GET"]}}],"collection":[{"href":"https:\/\/cabinet-vigier.com\/de\/wp-json\/wp\/v2\/pages"}],"about":[{"href":"https:\/\/cabinet-vigier.com\/de\/wp-json\/wp\/v2\/types\/page"}],"author":[{"embeddable":true,"href":"https:\/\/cabinet-vigier.com\/de\/wp-json\/wp\/v2\/users\/2"}],"replies":[{"embeddable":true,"href":"https:\/\/cabinet-vigier.com\/de\/wp-json\/wp\/v2\/comments?post=852"}],"version-history":[{"count":1,"href":"https:\/\/cabinet-vigier.com\/de\/wp-json\/wp\/v2\/pages\/852\/revisions"}],"predecessor-version":[{"id":853,"href":"https:\/\/cabinet-vigier.com\/de\/wp-json\/wp\/v2\/pages\/852\/revisions\/853"}],"wp:attachment":[{"href":"https:\/\/cabinet-vigier.com\/de\/wp-json\/wp\/v2\/media?parent=852"}],"curies":[{"name":"wp","href":"https:\/\/api.w.org\/{rel}","templated":true}]}}