{"id":857,"date":"2017-11-01T19:29:42","date_gmt":"2017-11-01T18:29:42","guid":{"rendered":"http:\/\/www.cabinet-vigier.com\/?page_id=857"},"modified":"2017-11-01T22:57:54","modified_gmt":"2017-11-01T21:57:54","slug":"besonderheiten-beim-kauf-von-zu-renovierenden-gebaeuden-in-frankreich","status":"publish","type":"page","link":"https:\/\/cabinet-vigier.com\/de\/besonderheiten-beim-kauf-von-zu-renovierenden-gebaeuden-in-frankreich\/","title":{"rendered":"Besonderheiten beim Kauf von zu renovierenden Geb\u00e4uden in Frankreich"},"content":{"rendered":"<p>F\u00fcr den Verkauf einer noch durch den Verk\u00e4ufer zu renovierenden Immobilie (<em>vente d\u2019immeuble \u00e0 r\u00e9nover<\/em>, abgek\u00fcrzt : <em>VIR<\/em>; manchmal wird auch die Terminologie <em>vente en l\u2019etat futur de r\u00e9novation<\/em>, abgek\u00fcrzt: <em>VEFR<\/em>, verwendet ) hat der franz\u00f6sische Gesetzgeber ganz besondere Regeln zum Schutz des K\u00e4ufers vorgesehen. Diese Regeln entsprechen in vielen Punkten den Sonderegeln \u00fcber den Kauf eines erst noch zu errichtenden Neubaus (<em>vente en l\u2019\u00e9tat de futur ach\u00e8vement \/ VEFA<\/em>), ohne ihnen vollst\u00e4ndig zu entsprechen.<\/p>\n<p>F\u00fcr beide Vertragsarten sieht der Gesetzgeber zwingend vor, dass die Zahlung nur innerhalb bestimmter Abschnitte nach Baufortschritt gefordert werden d\u00fcrfen. Ferner hat der Verk\u00e4ufer zahlreiche Garantien und Versicherungsnachweise zu erbringen. All dies dient dem Schutz des Erwerbers.<\/p>\n<p>Die Abgrenzung zwischen diesen beiden Vertragsarten ist nicht immer einfach. Insbesondere sehr weitgehenden Renovierungen k\u00f6nnen im Sinn der zivil- und steuerrechtlichen Gesetze einen Neubau darstellen. Die Regeln zur Abgrenzung sind in Artikel 257 I-2-2\u00b0 des allgemeinen Steuergesetzbuchs (CGI) genau dargestellt.<\/p>\n<p>Auch ist zu beachten, dass schon kleinste Renovierungsverpflichtungen, die erst nach Beurkundung des Kaufvertrags erf\u00fcllt werden sollen, die Sonderregeln \u00fcber den VIR zur Anwendung bringen, das hei\u00dft der Vertrag den hierf\u00fcr gesetzlich vorausgesetzten strengen Anforderungen entsprechen muss. Um den Vertragsformalismus nicht unn\u00f6tig ausufern zu lassen, ist \u00a0bei kleineren Renovierungen eher anzuraten, diese vor Beurkundung durch den Verk\u00e4ufer ausf\u00fchren zu lassen und die Ausf\u00fchrung zur aufschiebenden Bedingung des Vorvertrags zu machen.<\/p>\n<p>Die Vertragsart des \u201eVIR\u201c ist geregelt in Artikel L262-1 ff. des franz\u00f6sischen Wohn- und Baugesetzbuchs (CCH) \u00a0Insbesondere sieht Art. L262-4 CCH vor, dass der VIR-Kaufvertrag zwingend in Form der notariellen Urkunde geschlossen werden muss. Nicht von diesem Formerfordernis umfasst ist offensichtlich nach Art. L262-9 CCH ein etwaiger Vorvertrag hierzu in Form des Verkaufsversprechens (<em>promesse de vente<\/em>). Allerdings ist es nach der gleichen Vorschrift f\u00fcr die Wirksamkeit dieses Verkaufsversprechens in privatschriftlicher Form erforderlich, bereits zahlreiche Pflichtangaben in diesem Vorvertrag vorzusehen, insbesondere eine genaue Beschreibung der durchzuf\u00fchrenden Arbeiten, die Festlegung des Zeitpunkts der Fertigstellung, der Preis und die Verpflichtung des Verk\u00e4ufers zur Beibringung einer Fertigstellungsgarantie einschlie\u00dflich des entsprechenden Versicherungsschutzes \u00a0(<em>garantie d&#8217;ach\u00e8vement des travaux<\/em>). Sind diese Angaben nicht enthalten, ist der Vertrag nichtig.<\/p>\n<p>Hinsichtlich der Kaufpreiszahlung sieht das Gesetz vor, dass der Kaufpreisanteil f\u00fcr die bestehenden Bauwerke zwar bereits am Tag der notariellen Beurkundung des Kaufs zu zahlen ist, die F\u00e4lligkeit des Kaufpreisanteils f\u00fcr die durchzuf\u00fchrenden Renovierungsarbeiten allerdings wie folgt zu staffeln ist:<\/p>\n<ul>\n<li>50% zum Zeitpunkt der Fertigstellung der h\u00e4lftigen Arbeiten,<\/li>\n<li>weitere 45% bei Fertigstellung der gesamten Arbeiten,<\/li>\n<li>restliche 5% bei der Abnahme.<\/li>\n<\/ul>\n<p>&nbsp;<\/p>\n<p><strong><em><u>Stand:<\/u><\/em><\/strong><strong><em> 01.11.2017<\/em><\/strong><strong><em><br \/>\n<u>Autor:<\/u> Armin Vigier, Rechtsanwalt-Avocat<\/em><\/strong><\/p>\n<p><em><strong>Rechtlicher Hinweis:\u00a0\u00a0\u00a0\u00a0\u00a0\u00a0\u00a0 <\/strong><\/em><br \/>\nDiese Abhandlung erhebt keinen Anspruch auf Vollst\u00e4ndigkeit und soll lediglich einem ersten \u00dcberblick dienen. Insbesondere kann sie eine Einzefallbezogene Beratung nicht ersetzen. Naturgem\u00e4\u00df kann daher f\u00fcr die hier gemachten Ausf\u00fchrungen keine Haftung \u00fcbernommen werden. F\u00fcr verbindliche Ausk\u00fcnfte im Einzelfall stehen wir Ihnen gerne zur Verf\u00fcgung.<\/p>\n","protected":false},"excerpt":{"rendered":"<p>F\u00fcr den Verkauf einer noch durch den Verk\u00e4ufer zu renovierenden Immobilie (vente d\u2019immeuble \u00e0 r\u00e9nover, abgek\u00fcrzt : VIR; manchmal wird auch die Terminologie vente en l\u2019etat futur de r\u00e9novation, abgek\u00fcrzt: VEFR, verwendet ) hat der franz\u00f6sische Gesetzgeber ganz besondere Regeln zum Schutz des K\u00e4ufers vorgesehen. Diese Regeln entsprechen in vielen Punkten den Sonderegeln \u00fcber den &#8230; <a title=\"Besonderheiten beim Kauf von zu renovierenden Geb\u00e4uden in Frankreich\" class=\"read-more\" href=\"https:\/\/cabinet-vigier.com\/de\/besonderheiten-beim-kauf-von-zu-renovierenden-gebaeuden-in-frankreich\/\" aria-label=\"Mehr zu Besonderheiten beim Kauf von zu renovierenden Geb\u00e4uden in Frankreich\">Weiterlesen &#8230;<\/a><\/p>\n","protected":false},"author":2,"featured_media":0,"parent":0,"menu_order":0,"comment_status":"closed","ping_status":"closed","template":"","meta":{"_monsterinsights_skip_tracking":false,"_monsterinsights_sitenote_active":false,"_monsterinsights_sitenote_note":"","_monsterinsights_sitenote_category":0,"_uf_show_specific_survey":0,"_uf_disable_surveys":false,"generate_page_header":"","footnotes":""},"class_list":["post-857","page","type-page","status-publish"],"yoast_head":"<!-- This site is optimized with the Yoast SEO plugin v24.5 - https:\/\/yoast.com\/wordpress\/plugins\/seo\/ -->\n<title>Besonderheiten beim Kauf von zu renovierenden Geb\u00e4uden in Frankreich - Cabinet Vigier<\/title>\n<meta name=\"robots\" content=\"index, follow, max-snippet:-1, max-image-preview:large, max-video-preview:-1\" \/>\n<link rel=\"canonical\" href=\"https:\/\/cabinet-vigier.com\/de\/besonderheiten-beim-kauf-von-zu-renovierenden-gebaeuden-in-frankreich\/\" \/>\n<meta property=\"og:locale\" content=\"de_DE\" \/>\n<meta property=\"og:type\" content=\"article\" \/>\n<meta property=\"og:title\" content=\"Besonderheiten beim Kauf von zu renovierenden Geb\u00e4uden in Frankreich - Cabinet Vigier\" \/>\n<meta property=\"og:description\" content=\"F\u00fcr den Verkauf einer noch durch den Verk\u00e4ufer zu renovierenden Immobilie (vente d\u2019immeuble \u00e0 r\u00e9nover, abgek\u00fcrzt : VIR; manchmal wird auch die Terminologie vente en l\u2019etat futur de r\u00e9novation, abgek\u00fcrzt: VEFR, verwendet ) hat der franz\u00f6sische Gesetzgeber ganz besondere Regeln zum Schutz des K\u00e4ufers vorgesehen. Diese Regeln entsprechen in vielen Punkten den Sonderegeln \u00fcber den ... Weiterlesen ...\" \/>\n<meta property=\"og:url\" content=\"https:\/\/cabinet-vigier.com\/de\/besonderheiten-beim-kauf-von-zu-renovierenden-gebaeuden-in-frankreich\/\" \/>\n<meta property=\"og:site_name\" content=\"Cabinet Vigier\" \/>\n<meta property=\"article:modified_time\" content=\"2017-11-01T21:57:54+00:00\" \/>\n<meta name=\"twitter:card\" content=\"summary_large_image\" \/>\n<meta name=\"twitter:label1\" content=\"Gesch\u00e4tzte Lesezeit\" \/>\n\t<meta name=\"twitter:data1\" content=\"2\u00a0Minuten\" \/>\n<script type=\"application\/ld+json\" class=\"yoast-schema-graph\">{\"@context\":\"https:\/\/schema.org\",\"@graph\":[{\"@type\":\"WebPage\",\"@id\":\"https:\/\/cabinet-vigier.com\/de\/besonderheiten-beim-kauf-von-zu-renovierenden-gebaeuden-in-frankreich\/\",\"url\":\"https:\/\/cabinet-vigier.com\/de\/besonderheiten-beim-kauf-von-zu-renovierenden-gebaeuden-in-frankreich\/\",\"name\":\"Besonderheiten beim Kauf von zu renovierenden Geb\u00e4uden in Frankreich - Cabinet Vigier\",\"isPartOf\":{\"@id\":\"https:\/\/cabinet-vigier.com\/fr\/#website\"},\"datePublished\":\"2017-11-01T18:29:42+00:00\",\"dateModified\":\"2017-11-01T21:57:54+00:00\",\"breadcrumb\":{\"@id\":\"https:\/\/cabinet-vigier.com\/de\/besonderheiten-beim-kauf-von-zu-renovierenden-gebaeuden-in-frankreich\/#breadcrumb\"},\"inLanguage\":\"de\",\"potentialAction\":[{\"@type\":\"ReadAction\",\"target\":[\"https:\/\/cabinet-vigier.com\/de\/besonderheiten-beim-kauf-von-zu-renovierenden-gebaeuden-in-frankreich\/\"]}]},{\"@type\":\"BreadcrumbList\",\"@id\":\"https:\/\/cabinet-vigier.com\/de\/besonderheiten-beim-kauf-von-zu-renovierenden-gebaeuden-in-frankreich\/#breadcrumb\",\"itemListElement\":[{\"@type\":\"ListItem\",\"position\":1,\"name\":\"Startseite\",\"item\":\"https:\/\/cabinet-vigier.com\/de\/\"},{\"@type\":\"ListItem\",\"position\":2,\"name\":\"Besonderheiten beim Kauf von zu renovierenden Geb\u00e4uden in Frankreich\"}]},{\"@type\":\"WebSite\",\"@id\":\"https:\/\/cabinet-vigier.com\/fr\/#website\",\"url\":\"https:\/\/cabinet-vigier.com\/fr\/\",\"name\":\"Cabinet Vigier\",\"description\":\"Deutsch-franz\u00f6sische Anwaltskanzlei - Cabinet d&#039;avocats franco allemand\",\"publisher\":{\"@id\":\"https:\/\/cabinet-vigier.com\/fr\/#organization\"},\"potentialAction\":[{\"@type\":\"SearchAction\",\"target\":{\"@type\":\"EntryPoint\",\"urlTemplate\":\"https:\/\/cabinet-vigier.com\/fr\/?s={search_term_string}\"},\"query-input\":{\"@type\":\"PropertyValueSpecification\",\"valueRequired\":true,\"valueName\":\"search_term_string\"}}],\"inLanguage\":\"de\"},{\"@type\":\"Organization\",\"@id\":\"https:\/\/cabinet-vigier.com\/fr\/#organization\",\"name\":\"Cabinet Vigier\",\"url\":\"https:\/\/cabinet-vigier.com\/fr\/\",\"logo\":{\"@type\":\"ImageObject\",\"inLanguage\":\"de\",\"@id\":\"https:\/\/cabinet-vigier.com\/fr\/#\/schema\/logo\/image\/\",\"url\":\"https:\/\/cabinet-vigier.com\/wp-content\/uploads\/2017\/08\/cropped-AV-Logo-DF-ult10-500x.jpg\",\"contentUrl\":\"https:\/\/cabinet-vigier.com\/wp-content\/uploads\/2017\/08\/cropped-AV-Logo-DF-ult10-500x.jpg\",\"width\":500,\"height\":100,\"caption\":\"Cabinet Vigier\"},\"image\":{\"@id\":\"https:\/\/cabinet-vigier.com\/fr\/#\/schema\/logo\/image\/\"}}]}<\/script>\n<!-- \/ Yoast SEO plugin. -->","yoast_head_json":{"title":"Besonderheiten beim Kauf von zu renovierenden Geb\u00e4uden in Frankreich - Cabinet Vigier","robots":{"index":"index","follow":"follow","max-snippet":"max-snippet:-1","max-image-preview":"max-image-preview:large","max-video-preview":"max-video-preview:-1"},"canonical":"https:\/\/cabinet-vigier.com\/de\/besonderheiten-beim-kauf-von-zu-renovierenden-gebaeuden-in-frankreich\/","og_locale":"de_DE","og_type":"article","og_title":"Besonderheiten beim Kauf von zu renovierenden Geb\u00e4uden in Frankreich - Cabinet Vigier","og_description":"F\u00fcr den Verkauf einer noch durch den Verk\u00e4ufer zu renovierenden Immobilie (vente d\u2019immeuble \u00e0 r\u00e9nover, abgek\u00fcrzt : VIR; manchmal wird auch die Terminologie vente en l\u2019etat futur de r\u00e9novation, abgek\u00fcrzt: VEFR, verwendet ) hat der franz\u00f6sische Gesetzgeber ganz besondere Regeln zum Schutz des K\u00e4ufers vorgesehen. Diese Regeln entsprechen in vielen Punkten den Sonderegeln \u00fcber den ... Weiterlesen ...","og_url":"https:\/\/cabinet-vigier.com\/de\/besonderheiten-beim-kauf-von-zu-renovierenden-gebaeuden-in-frankreich\/","og_site_name":"Cabinet Vigier","article_modified_time":"2017-11-01T21:57:54+00:00","twitter_card":"summary_large_image","twitter_misc":{"Gesch\u00e4tzte Lesezeit":"2\u00a0Minuten"},"schema":{"@context":"https:\/\/schema.org","@graph":[{"@type":"WebPage","@id":"https:\/\/cabinet-vigier.com\/de\/besonderheiten-beim-kauf-von-zu-renovierenden-gebaeuden-in-frankreich\/","url":"https:\/\/cabinet-vigier.com\/de\/besonderheiten-beim-kauf-von-zu-renovierenden-gebaeuden-in-frankreich\/","name":"Besonderheiten beim Kauf von zu renovierenden Geb\u00e4uden in Frankreich - Cabinet Vigier","isPartOf":{"@id":"https:\/\/cabinet-vigier.com\/fr\/#website"},"datePublished":"2017-11-01T18:29:42+00:00","dateModified":"2017-11-01T21:57:54+00:00","breadcrumb":{"@id":"https:\/\/cabinet-vigier.com\/de\/besonderheiten-beim-kauf-von-zu-renovierenden-gebaeuden-in-frankreich\/#breadcrumb"},"inLanguage":"de","potentialAction":[{"@type":"ReadAction","target":["https:\/\/cabinet-vigier.com\/de\/besonderheiten-beim-kauf-von-zu-renovierenden-gebaeuden-in-frankreich\/"]}]},{"@type":"BreadcrumbList","@id":"https:\/\/cabinet-vigier.com\/de\/besonderheiten-beim-kauf-von-zu-renovierenden-gebaeuden-in-frankreich\/#breadcrumb","itemListElement":[{"@type":"ListItem","position":1,"name":"Startseite","item":"https:\/\/cabinet-vigier.com\/de\/"},{"@type":"ListItem","position":2,"name":"Besonderheiten beim Kauf von zu renovierenden Geb\u00e4uden in Frankreich"}]},{"@type":"WebSite","@id":"https:\/\/cabinet-vigier.com\/fr\/#website","url":"https:\/\/cabinet-vigier.com\/fr\/","name":"Cabinet Vigier","description":"Deutsch-franz\u00f6sische Anwaltskanzlei - Cabinet d&#039;avocats franco allemand","publisher":{"@id":"https:\/\/cabinet-vigier.com\/fr\/#organization"},"potentialAction":[{"@type":"SearchAction","target":{"@type":"EntryPoint","urlTemplate":"https:\/\/cabinet-vigier.com\/fr\/?s={search_term_string}"},"query-input":{"@type":"PropertyValueSpecification","valueRequired":true,"valueName":"search_term_string"}}],"inLanguage":"de"},{"@type":"Organization","@id":"https:\/\/cabinet-vigier.com\/fr\/#organization","name":"Cabinet Vigier","url":"https:\/\/cabinet-vigier.com\/fr\/","logo":{"@type":"ImageObject","inLanguage":"de","@id":"https:\/\/cabinet-vigier.com\/fr\/#\/schema\/logo\/image\/","url":"https:\/\/cabinet-vigier.com\/wp-content\/uploads\/2017\/08\/cropped-AV-Logo-DF-ult10-500x.jpg","contentUrl":"https:\/\/cabinet-vigier.com\/wp-content\/uploads\/2017\/08\/cropped-AV-Logo-DF-ult10-500x.jpg","width":500,"height":100,"caption":"Cabinet Vigier"},"image":{"@id":"https:\/\/cabinet-vigier.com\/fr\/#\/schema\/logo\/image\/"}}]}},"_links":{"self":[{"href":"https:\/\/cabinet-vigier.com\/de\/wp-json\/wp\/v2\/pages\/857","targetHints":{"allow":["GET"]}}],"collection":[{"href":"https:\/\/cabinet-vigier.com\/de\/wp-json\/wp\/v2\/pages"}],"about":[{"href":"https:\/\/cabinet-vigier.com\/de\/wp-json\/wp\/v2\/types\/page"}],"author":[{"embeddable":true,"href":"https:\/\/cabinet-vigier.com\/de\/wp-json\/wp\/v2\/users\/2"}],"replies":[{"embeddable":true,"href":"https:\/\/cabinet-vigier.com\/de\/wp-json\/wp\/v2\/comments?post=857"}],"version-history":[{"count":3,"href":"https:\/\/cabinet-vigier.com\/de\/wp-json\/wp\/v2\/pages\/857\/revisions"}],"predecessor-version":[{"id":883,"href":"https:\/\/cabinet-vigier.com\/de\/wp-json\/wp\/v2\/pages\/857\/revisions\/883"}],"wp:attachment":[{"href":"https:\/\/cabinet-vigier.com\/de\/wp-json\/wp\/v2\/media?parent=857"}],"curies":[{"name":"wp","href":"https:\/\/api.w.org\/{rel}","templated":true}]}}