{"id":862,"date":"2017-11-01T19:43:36","date_gmt":"2017-11-01T18:43:36","guid":{"rendered":"http:\/\/www.cabinet-vigier.com\/?page_id=862"},"modified":"2017-11-01T22:59:39","modified_gmt":"2017-11-01T21:59:39","slug":"rechtliche-aspekte-der-ferienvermietung-in-frankreich","status":"publish","type":"page","link":"https:\/\/cabinet-vigier.com\/de\/rechtliche-aspekte-der-ferienvermietung-in-frankreich\/","title":{"rendered":"Rechtliche Aspekte der Ferienvermietung in Frankreich"},"content":{"rendered":"<p>F\u00fcr die Vermietung einer Ferienwohnung in Frankreich hat der franz\u00f6sische Gesetzgeber dem Eigent\u00fcmer bzw. Vermieter einige zivilrechtliche und verwaltungsrechtliche H\u00fcrden in den Weg gestellt, die es zu meistern gilt. Die Verwaltungsrechtlichen Schranken bezwecken vor allem den Schutz von Gebieten, in denen der Wohnraum knapp ist. In den F\u00e4llen der zul\u00e4ssigen d.h. auch vom Staat gew\u00fcnschten Ferienvermietung ist allerdings sogar eine Klassifikation der Ferienwohnung m\u00f6glich und gew\u00fcnscht um den potentiellen G\u00e4sten eine Orientierung zu bieten.<\/p>\n<p>Vor Aufnahme der Ferienvermietung sollten folgende Punkte bedacht werden:<\/p>\n<p><strong>I. Zivilrechtliche Hindernisse der Ferienvermietung<\/strong><\/p>\n<p>Zun\u00e4chst ist daran zu denken, dass zivilrechtliche Gemeinschaftsregelungen der Ferienvermietung entgegenstehen k\u00f6nnen. In Frage kommt hierbei insbesondere das Wohnungseigentum. Hier ist die Satzung der Eigent\u00fcmergemeinschaft (<em>r\u00e8glement de copropri\u00e9t\u00e9<\/em>) auf entsprechende Regelungen zu untersuchen. Entsprechendes kann auch gelten bei in Frankreich sehr weit verbreiteten zivilrechtlichen Erschlie\u00dfungsgemeinschaften in Form des \u201elotissement\u201c. Hier sollte vor Aufnahme der Vermietung das jeweilige Lastenheft (<em>cahier des charges<\/em>) auf etwaige Verbote untersucht werden. Sollte sich diesen Regelwerken ein Verbot entnehmen, k\u00f6nnte versucht werden \u00fcber die zust\u00e4ndigen Entscheidungsgremien m\u00f6glicherweise eine Regel\u00e4nderung herbeizf\u00fchren (zB. Beschluss durch die Wohnungseigent\u00fcmergemeinschaft), was in der Regel aber eher aufw\u00e4ndig ist.<\/p>\n<p><strong>II. Verwaltungsrechtliche Anzeige- und Genehmigungspflichten von Ferienvermietungen in Frankreich<\/strong><\/p>\n<p>Neben der etwaigen zivilrechtlichen Relevanz sind auch auf Ebene des Verwaltungsrechts in Hinblick auf die Ferienvermietung bestimmte Anzeige- und Genehmigungspflichten zu beachten.<\/p>\n<p><strong>1. Anzeigepflicht (d\u00e9claration)<\/strong><\/p>\n<p>Zun\u00e4chst gilt in ganz Frankreich eine allgemeine Anzeigepflicht f\u00fcr die sog. \u00ab Vermietung m\u00f6blierter Ferienwohnungen \u00bb (<em>location d\u2019un meubl\u00e9 de tourisme<\/em>)<\/p>\n<p>Nach Artikel L324-1-1 des franz\u00f6sischen Tourismusgesetzbuchs (Code du tourisme) ist jede<br \/>\n\u00ab Vermietung m\u00f6blierter Ferienwohnungen \u00bb anzeigepflichtig.<\/p>\n<p>Der Begriff der \u00abVermietung m\u00f6blierter Ferienwohnungen\u00a0\u00bb wird dabei wie folgt definiert\u00a0: Bei der Vermietung m\u00f6blierter Ferienwohnungen handelt es sich um die Vermietung einer m\u00f6blierten R\u00e4umlichkeit zu wiederholten, kurz dauernden (Tage, Wochen, Monaten) Wohnzwecken an eine Kundschaft, die dort keinen Wohnsitz begr\u00fcndet (\u00ab\u00a0<em>La location d\u2019un meubl\u00e9 de tourisme est le fait de louer un local meubl\u00e9 destin\u00e9 \u00e0 l\u2019habitation de mani\u00e8re r\u00e9p\u00e9t\u00e9e pour de courtes dur\u00e9es (journ\u00e9e, semaine, mois) \u00e0 une client\u00e8le de passage qui n\u2019y \u00e9lit pas domicile<\/em>.\u00a0\u00bb)<\/p>\n<p>Eine Ausnahme von dieser Anzeigepflicht besteht nur dann, wenn die betroffenen R\u00e4umlichkeiten dem Vermieter als Hauptwohnsitz dienen. F\u00fcr den Begriff des Hauptwohnsitzes wird angekn\u00fcpft an die Legaldefinition nach Art. 2 des Gesetzes Nr. 89-462 vom 06\/07\/1989. Dabei handelt es sich um die Wohnung, die mindestens 8 Monate im Jahr vom Vermieter selbst bewohnt wird.<\/p>\n<p>Die Anzeige hat bei der Gemeinde am Belegenheitsort der Immobilie \u00a0vor Aufnahme der Vermietungst\u00e4tigkeit zu erfolgen (<em>d\u00e9claration pr\u00e9alable<\/em>).<\/p>\n<p>Grunds\u00e4tzlich kann das ma\u00dfgebliche Anmeldungsformular online bezogen werden \u00fcber <a href=\"https:\/\/www.service-public.fr\/particuliers\/vosdroits\/R14321\">www.service-public.fr<\/a><\/p>\n<p>Zuwiderhandlungen k\u00f6nnen als Ordnungswidrigkeit verfolgt und mit Geldbu\u00dfe sanktioniert werden.<\/p>\n<p><strong>2. Genehmigungspflicht (autorisation)<\/strong><\/p>\n<p>In bestimmten Gemeinden besteht daneben auch eine Genehmigungspflicht f\u00fcr die Vermietung m\u00f6blierter Ferienwohnungen. Bei der Umwandlung von gew\u00f6hnlichem Wohnraum in eine Ferienimmobilie handelt es sich aus Sicht des franz\u00f6sischen Rechts n\u00e4mlich um eine Nutzungs\u00e4nderung (<em>changement d\u2019usage<\/em>). Gesetzesgrundlage ist hierbei Artikel L631-7 des Bau- und Wohnungsgesetzbuchs (<em>Code de la construction et de l\u2019habitation<\/em>).<\/p>\n<p>Es handelt sich hierbei vor allem um die folgenden Gemeinden:<\/p>\n<ul>\n<li>Paris<\/li>\n<li>die Gemeinden der <em>petite couronne<\/em>\u00a0(d\u00e9partements Hauts de Seine, Seine-Saint-Denis und Val-de Marne)<\/li>\n<li>Gemeinden mit mehr als 200.000 Einwohnern<\/li>\n<\/ul>\n<p>In diesen Gemeinden ist eine Genehmigung oft nur unter sehr strengen Auflagen zu erhalten. In Paris wird zum Beispiel eine entsprechende Genehmigung in der Regel nur dann erteilt, wenn der Eigent\u00fcmer sich verpflichtet gleichzeitig eine andere Gewerbeimmobilie in eine Wohnimmoblie umzuwandeln.<\/p>\n<p>Daneben k\u00f6nnen bestimmte Gemeinden mit mehr als 50.000 Einwohnern, in denen die Wohnsituation angespannt ist (<em>zones tendues<\/em>), \u00a0Genehmigungspflichten f\u00fcr anwendbar erkl\u00e4ren, Artikel <a href=\"https:\/\/www.legifrance.gouv.fr\/affichCodeArticle.do;jsessionid=D25DBFD69267DBEF9639EF4C6326350E.tpdila19v_1?cidTexte=LEGITEXT000006074096&amp;idArticle=LEGIARTI000028806843&amp;dateTexte=20160711&amp;categorieLien=id#LEGIARTI000028806843\">L631-9 des Bau- und Wohnungsgesetzbuchs (<em>Code de la construction et de l\u2019habitation<\/em>).<\/a> Die entsprechend klassifizierten Gemeinden lassen sich dem <a href=\"https:\/\/www.legifrance.gouv.fr\/eli\/decret\/2013\/5\/10\/ETLL1203797D\/jo\/texte\">Dekret Nr. 2013-392 vom 10.05.2013<\/a> entnehmen. Zwar gilt dieses Dekret zun\u00e4chst \u00fcber <a href=\"https:\/\/www.legifrance.gouv.fr\/affichCodeArticle.do?cidTexte=LEGITEXT000006069577&amp;idArticle=LEGIARTI000006314157&amp;dateTexte=&amp;categorieLien=cid\">Artikel 232 des allgemeinen Steuergesetzbuchs (Code g\u00e9n\u00e9ral des imp\u00f4ts<\/a><u>)<\/u> lediglich nur f\u00fcr die Strafsteuer f\u00fcr leerstehenden Wohnraum in den sog. \u00ab <em>zone tendues\u00a0\u00bb<\/em>. \u00dcber L631-9 CCH wird aber auf die dort enthaltene Definition der \u00ab <em>zone tendues\u00a0\u00bb<\/em>\u00a0(genauer:\u00a0\u00ab\u00a0<em>zone d&#8217;urbanisation continue de plus de cinquante mille habitants o\u00f9 existe un d\u00e9s\u00e9quilibre marqu\u00e9 entre l&#8217;offre et la demande de logements, entra\u00eenant des difficult\u00e9s s\u00e9rieuses d&#8217;acc\u00e8s au logement sur l&#8217;ensemble du parc r\u00e9sidentiel existant\u00a0\u00bb<\/em>) verwiesen.<\/p>\n<p>Die dort aufgef\u00fchrten Gemeinden k\u00f6nnen eine Genehmigungspflicht anordnen, m\u00fcssen dies aber nicht. Vor Aufnahme der Vermietung sollte daher bei der Gemeinde jeweils angefragt werden, ob eine Genehmigungspflicht besteht.<\/p>\n<p>Bei Versto\u00df gegen die Vorschriften drohen hohe Bu\u00dfgelder. Daneben darf auch daran erinnert werden, dass der Versicherungsschutz entf\u00e4llt, wenn eine Immobilie entgegen der zugelassenen Nutzung zu fremden Zwecken genutzt wird.<\/p>\n<p><strong>3. Besonderes Registrierungsverfahren und Publikationspflicht <\/strong><\/p>\n<p>Mit Gesetz Nr. 2016-1321 vom 07.10.2016 wurde zwei weitere Neuheiten eingef\u00fchrt (neuer Absatz 2 zu Art. 324-1-1 des franz\u00f6sischen Tourismusgesetzbuchs, Code du tourisme):<\/p>\n<ul>\n<li>Die Gemeinden, die nach obiger Definition als \u00ab <em>zone tendues\u00a0\u00bb<\/em>\u00a0gelten, k\u00f6nnen durch entsprechenden Ratsbeschluss nunmehr vorsehen, dass alle Vermietungen von m\u00f6blierten Ferienwohnungen \u2013 gleich ob Hauptwohnsitz oder Nebenwohnsitz des Vermieters \u2013 \u00fcber eine Registrierungsnummer (<em>num\u00e9ro d\u2019enregistrement<\/em>) verf\u00fcgen m\u00fcssen, die auch in allen Zeitungsanzeigen, Aush\u00e4ngen und Bekanntmachungen zwingend anzugeben sind.<\/li>\n<li>Vermittlungsagenturen, sind verpflichtet, die Gesamtzahl der Vermietungen pro Jahr zu z\u00e4hlen und die Werbungs- bzw. Maklert\u00e4tigkeit vorr\u00fcbergehend einzustellen, wenn die erlaubten 120 Tage \u00fcberschritten werden.<\/li>\n<\/ul>\n<p>Ein Dekret Nr. n\u00b0 2017-678 vom 28.04.2017 f\u00fchrt n\u00e4here Regeln zum Verfahren der Registrierung auf, insbesondere:<\/p>\n<ul>\n<li>Zum einen wird aufgef\u00fchrt, das die Definition der \u00ab\u00a0m\u00f6blierten Ferienwohnung\u00a0\u00bb im Sinn von Artikel 51 des oben genannten Gesetzes auf alle m\u00f6blierte Ferienwohnungen anwendbar ist \u2013 gleich ob es sich um den Haupt- oder Nebenwohnsitz des Vermieters handelt -, soweit es sich nicht um ein sog. G\u00e4stezimmer (<em>chambre d\u2019h\u00f4tes<\/em>) handelt. Die einfachen G\u00e4stezimmer (<em>chambres d\u2019h\u00f4tes<\/em>) sind mithin von der Regelung ausgenommen. Es verbleibt hier bei der allgemeinen Anzeigepflicht.<\/li>\n<li>Ferner werden alle Angaben genau definiert, die der Vermieter im Rahmen des Registrierungsverfahrens mitzuteilen hat, insbesondere informationen zu seiner Person und zum Vermietungsobjekt.<\/li>\n<\/ul>\n<p><strong>Es ist vorgesehen, dass die Erkl\u00e4rung online \u00fcber den sogenannten <em>\u00ab\u00a0t\u00e9l\u00e9service\u00a0\u00bb<\/em> des \u00f6rtlichen Rathauses (<em>mairie<\/em>) erfolgen soll. Nach erfolgter Anmeldung erh\u00e4lt der Antragsteller eine aus 13 Zeichen bzw. Ziffern bestehende Registernummer, die bei Wohnungsannoncen und Aush\u00e4ngen stets anzugeben ist.<\/strong><\/p>\n<p>Die neuen Vorschriften sind theoretisch bereits seit dem 01.05.2017 anwendbar. Allerdings konnten bis zum Tag der Erstellung des vorliegenden Artikels keine Gemeinden ausfindig gemacht werden, in den das Verfahren bereits f\u00fcr anwendbar erkl\u00e4rt wurde. Lediglich die Stadtverwaltung von Paris hat angek\u00fcndigt, ab 01.12.2017 den <strong><em>\u00ab\u00a0t\u00e9l\u00e9service\u00a0\u00bb<\/em> in Betrieb zu nehmen, mit allen darauf folgenden Verpflichtungen. <\/strong>Vorerst bleibt es daher in den Gemeinden bei der allgemeinen Anzeigepflicht, wie oben unter Ziff. 2.1 dargestellt. Vor Aufnahme der Ferienvermietung sollte allerdings bei der Gemeinde zuk\u00fcnftig stets konkret angefragt werden, welche Erkl\u00e4rungspflichten gelten.<\/p>\n<p><strong>III. Touristische Klassifikation<\/strong><\/p>\n<p>Schlie\u00dflich kann eine Ferienimmobilie zum Zweck der besseren Vermarktung auch besonders klassifiziert werden.<\/p>\n<p>Die Klassifikation als <em>\u00ab\u00a0meubl\u00e9 de tourisme\u00a0\u00bb<\/em> hat wie auch alle anderen Klassifikationen von touristischen Unterk\u00fcnften zum Ziel, dem Gast einen Anhaltspunkt f\u00fcr den vorhandenen Komfort und die daneben gebotenen Dienste vermitteln. Die touristische Klassifikation stellt daher vor allem ein Vermarktungsinstrument dar. Daneben sind mit der Klassifikation einige Steuervorteile verbunden: Zum einen kann im Rahmen der Pauschalversteuerung (MICRO-BIC) ohne jeden Nachweis Betriebsausgaben von 71% abgesetzt werden. Ferner kann auch eine Befreiung von der Grund- und Wohnsteuer erfolgen, wenn sich die Immobilie zus\u00e4tzlich in einer Zone landwirtschaftlicher Wiederbelebung (<em>zones de revitalisation rurale<\/em>) befindet\u00a0 (Artikel 1407 III, 1383 E bis CGI).<\/p>\n<p>Die Klassifikation unterteilt sich in 5 Kategorien (1 bis 5 Sterne), sie ist freiwillig und hat eine G\u00fcltigkeit von 5 Jahren.<\/p>\n<p>Die Klassifikationstabelle enth\u00e4lt 112 Kriterien in 3 gro\u00dfen Gruppen\u00a0: Ausstattung, Dienste gegen\u00fcber dem Gast sowie Zugang und Nachhaltigkeit. Jede Frage in Zusammenhang mit der Anwendung dieser Kriterien ist zu richten an die franz\u00f6sische Tourismuszentrale (<em>ATOUT France<\/em>), eine zivilrechtliche Interessengemeinschaft, der vom Staat die Aufgabe \u00fcbertragen wurde, die Klassifikation aller Tourismuseinrichtungen zu verwalten.<\/p>\n<p>Der Vermieter, der die Vornahme einer Klassifikation w\u00fcnscht, hat sich an einen Dienstleister zu wenden, dem entweder durch das sog. Franz\u00f6sische Akkreditierungskommitee (<em>COFRAC<\/em>) entsprechende Qualifikation verliehen wurde oder an eine Einrichtung im Sinn des Artikels L. 324-1 Nr. 2 des Toursmusgesetzbuchs (<em>Code du tourisme<\/em>). Die Liste mit den entsprechenden Einrichtungen kann abgerufen werden unter: <a href=\"https:\/\/www.classement.atout-france.fr\/\">https:\/\/www.classement.atout-france.fr\/ <\/a><\/p>\n<p>Nach durchgef\u00fchrter Besichtigung erfolgt ein Klassifikationsvorschlag. Der Vermieter hat 15 Tage Zeit diesem Vorschlag zu widersprechen, andernfalls gilt er als akzeptiert. Die Klassifikationsentscheidungen werden monatlich auf elektronischem Weg durch die mit der Klassifikation beauftragten Einrichtungen an die Tourismusabteilungen der betroffenen D\u00e9partements \u00fcbertragen, denen die Aufgabe zukommt die Listen der \u00d6ffentlichkeit\u00a0 zug\u00e4nglich zu machen.<\/p>\n<p>Zu beachten sind schlie\u00dflich auch die Steuerrechtlichen Erkl\u00e4rungspflichten im Zusammenhang mit der Vermietung einer Ferienimmobilie in Frankreich. Diese sind Gegenstand einer gesonderten Abhandlung.<\/p>\n<p><strong><em><u>Stand:<\/u><\/em><\/strong><strong><em> 01.11.2017<\/em><\/strong><strong><em><br \/>\n<u>Autor:<\/u> Armin Vigier, Rechtsanwalt-Avocat<\/em><\/strong><\/p>\n<p><em><strong>Rechtlicher Hinweis:\u00a0\u00a0\u00a0\u00a0\u00a0\u00a0\u00a0 <\/strong><\/em><br \/>\nDiese Abhandlung erhebt keinen Anspruch auf Vollst\u00e4ndigkeit und soll lediglich einem ersten \u00dcberblick dienen. Insbesondere kann sie eine Einzefallbezogene Beratung nicht ersetzen. Naturgem\u00e4\u00df kann daher f\u00fcr die hier gemachten Ausf\u00fchrungen keine Haftung \u00fcbernommen werden. F\u00fcr verbindliche Ausk\u00fcnfte im Einzelfall stehen wir Ihnen gerne zur Verf\u00fcgung.<\/p>\n<p>&nbsp;<\/p>\n","protected":false},"excerpt":{"rendered":"<p>F\u00fcr die Vermietung einer Ferienwohnung in Frankreich hat der franz\u00f6sische Gesetzgeber dem Eigent\u00fcmer bzw. Vermieter einige zivilrechtliche und verwaltungsrechtliche H\u00fcrden in den Weg gestellt, die es zu meistern gilt. Die Verwaltungsrechtlichen Schranken bezwecken vor allem den Schutz von Gebieten, in denen der Wohnraum knapp ist. In den F\u00e4llen der zul\u00e4ssigen d.h. auch vom Staat gew\u00fcnschten &#8230; <a title=\"Rechtliche Aspekte der Ferienvermietung in Frankreich\" class=\"read-more\" href=\"https:\/\/cabinet-vigier.com\/de\/rechtliche-aspekte-der-ferienvermietung-in-frankreich\/\" aria-label=\"Mehr zu Rechtliche Aspekte der Ferienvermietung in Frankreich\">Weiterlesen &#8230;<\/a><\/p>\n","protected":false},"author":2,"featured_media":0,"parent":0,"menu_order":0,"comment_status":"closed","ping_status":"closed","template":"","meta":{"_monsterinsights_skip_tracking":false,"_monsterinsights_sitenote_active":false,"_monsterinsights_sitenote_note":"","_monsterinsights_sitenote_category":0,"_uf_show_specific_survey":0,"_uf_disable_surveys":false,"generate_page_header":"","footnotes":""},"class_list":["post-862","page","type-page","status-publish"],"yoast_head":"<!-- This site is optimized with the Yoast SEO plugin v24.5 - https:\/\/yoast.com\/wordpress\/plugins\/seo\/ -->\n<title>Rechtliche Aspekte der Ferienvermietung in Frankreich - Cabinet Vigier<\/title>\n<meta name=\"robots\" content=\"index, follow, max-snippet:-1, max-image-preview:large, max-video-preview:-1\" \/>\n<link rel=\"canonical\" href=\"https:\/\/cabinet-vigier.com\/de\/rechtliche-aspekte-der-ferienvermietung-in-frankreich\/\" \/>\n<meta property=\"og:locale\" content=\"de_DE\" \/>\n<meta property=\"og:type\" content=\"article\" \/>\n<meta property=\"og:title\" content=\"Rechtliche Aspekte der Ferienvermietung in Frankreich - Cabinet Vigier\" \/>\n<meta property=\"og:description\" content=\"F\u00fcr die Vermietung einer Ferienwohnung in Frankreich hat der franz\u00f6sische Gesetzgeber dem Eigent\u00fcmer bzw. Vermieter einige zivilrechtliche und verwaltungsrechtliche H\u00fcrden in den Weg gestellt, die es zu meistern gilt. Die Verwaltungsrechtlichen Schranken bezwecken vor allem den Schutz von Gebieten, in denen der Wohnraum knapp ist. In den F\u00e4llen der zul\u00e4ssigen d.h. auch vom Staat gew\u00fcnschten ... Weiterlesen ...\" \/>\n<meta property=\"og:url\" content=\"https:\/\/cabinet-vigier.com\/de\/rechtliche-aspekte-der-ferienvermietung-in-frankreich\/\" \/>\n<meta property=\"og:site_name\" content=\"Cabinet Vigier\" \/>\n<meta property=\"article:modified_time\" content=\"2017-11-01T21:59:39+00:00\" \/>\n<meta name=\"twitter:card\" content=\"summary_large_image\" \/>\n<meta name=\"twitter:label1\" content=\"Gesch\u00e4tzte Lesezeit\" \/>\n\t<meta name=\"twitter:data1\" content=\"8\u00a0Minuten\" \/>\n<script type=\"application\/ld+json\" class=\"yoast-schema-graph\">{\"@context\":\"https:\/\/schema.org\",\"@graph\":[{\"@type\":\"WebPage\",\"@id\":\"https:\/\/cabinet-vigier.com\/de\/rechtliche-aspekte-der-ferienvermietung-in-frankreich\/\",\"url\":\"https:\/\/cabinet-vigier.com\/de\/rechtliche-aspekte-der-ferienvermietung-in-frankreich\/\",\"name\":\"Rechtliche Aspekte der Ferienvermietung in Frankreich - Cabinet Vigier\",\"isPartOf\":{\"@id\":\"https:\/\/cabinet-vigier.com\/fr\/#website\"},\"datePublished\":\"2017-11-01T18:43:36+00:00\",\"dateModified\":\"2017-11-01T21:59:39+00:00\",\"breadcrumb\":{\"@id\":\"https:\/\/cabinet-vigier.com\/de\/rechtliche-aspekte-der-ferienvermietung-in-frankreich\/#breadcrumb\"},\"inLanguage\":\"de\",\"potentialAction\":[{\"@type\":\"ReadAction\",\"target\":[\"https:\/\/cabinet-vigier.com\/de\/rechtliche-aspekte-der-ferienvermietung-in-frankreich\/\"]}]},{\"@type\":\"BreadcrumbList\",\"@id\":\"https:\/\/cabinet-vigier.com\/de\/rechtliche-aspekte-der-ferienvermietung-in-frankreich\/#breadcrumb\",\"itemListElement\":[{\"@type\":\"ListItem\",\"position\":1,\"name\":\"Startseite\",\"item\":\"https:\/\/cabinet-vigier.com\/de\/\"},{\"@type\":\"ListItem\",\"position\":2,\"name\":\"Rechtliche Aspekte der Ferienvermietung in Frankreich\"}]},{\"@type\":\"WebSite\",\"@id\":\"https:\/\/cabinet-vigier.com\/fr\/#website\",\"url\":\"https:\/\/cabinet-vigier.com\/fr\/\",\"name\":\"Cabinet Vigier\",\"description\":\"Deutsch-franz\u00f6sische Anwaltskanzlei - Cabinet d&#039;avocats franco allemand\",\"publisher\":{\"@id\":\"https:\/\/cabinet-vigier.com\/fr\/#organization\"},\"potentialAction\":[{\"@type\":\"SearchAction\",\"target\":{\"@type\":\"EntryPoint\",\"urlTemplate\":\"https:\/\/cabinet-vigier.com\/fr\/?s={search_term_string}\"},\"query-input\":{\"@type\":\"PropertyValueSpecification\",\"valueRequired\":true,\"valueName\":\"search_term_string\"}}],\"inLanguage\":\"de\"},{\"@type\":\"Organization\",\"@id\":\"https:\/\/cabinet-vigier.com\/fr\/#organization\",\"name\":\"Cabinet Vigier\",\"url\":\"https:\/\/cabinet-vigier.com\/fr\/\",\"logo\":{\"@type\":\"ImageObject\",\"inLanguage\":\"de\",\"@id\":\"https:\/\/cabinet-vigier.com\/fr\/#\/schema\/logo\/image\/\",\"url\":\"https:\/\/cabinet-vigier.com\/wp-content\/uploads\/2017\/08\/cropped-AV-Logo-DF-ult10-500x.jpg\",\"contentUrl\":\"https:\/\/cabinet-vigier.com\/wp-content\/uploads\/2017\/08\/cropped-AV-Logo-DF-ult10-500x.jpg\",\"width\":500,\"height\":100,\"caption\":\"Cabinet Vigier\"},\"image\":{\"@id\":\"https:\/\/cabinet-vigier.com\/fr\/#\/schema\/logo\/image\/\"}}]}<\/script>\n<!-- \/ Yoast SEO plugin. -->","yoast_head_json":{"title":"Rechtliche Aspekte der Ferienvermietung in Frankreich - Cabinet Vigier","robots":{"index":"index","follow":"follow","max-snippet":"max-snippet:-1","max-image-preview":"max-image-preview:large","max-video-preview":"max-video-preview:-1"},"canonical":"https:\/\/cabinet-vigier.com\/de\/rechtliche-aspekte-der-ferienvermietung-in-frankreich\/","og_locale":"de_DE","og_type":"article","og_title":"Rechtliche Aspekte der Ferienvermietung in Frankreich - Cabinet Vigier","og_description":"F\u00fcr die Vermietung einer Ferienwohnung in Frankreich hat der franz\u00f6sische Gesetzgeber dem Eigent\u00fcmer bzw. Vermieter einige zivilrechtliche und verwaltungsrechtliche H\u00fcrden in den Weg gestellt, die es zu meistern gilt. Die Verwaltungsrechtlichen Schranken bezwecken vor allem den Schutz von Gebieten, in denen der Wohnraum knapp ist. In den F\u00e4llen der zul\u00e4ssigen d.h. auch vom Staat gew\u00fcnschten ... Weiterlesen ...","og_url":"https:\/\/cabinet-vigier.com\/de\/rechtliche-aspekte-der-ferienvermietung-in-frankreich\/","og_site_name":"Cabinet Vigier","article_modified_time":"2017-11-01T21:59:39+00:00","twitter_card":"summary_large_image","twitter_misc":{"Gesch\u00e4tzte Lesezeit":"8\u00a0Minuten"},"schema":{"@context":"https:\/\/schema.org","@graph":[{"@type":"WebPage","@id":"https:\/\/cabinet-vigier.com\/de\/rechtliche-aspekte-der-ferienvermietung-in-frankreich\/","url":"https:\/\/cabinet-vigier.com\/de\/rechtliche-aspekte-der-ferienvermietung-in-frankreich\/","name":"Rechtliche Aspekte der Ferienvermietung in Frankreich - Cabinet Vigier","isPartOf":{"@id":"https:\/\/cabinet-vigier.com\/fr\/#website"},"datePublished":"2017-11-01T18:43:36+00:00","dateModified":"2017-11-01T21:59:39+00:00","breadcrumb":{"@id":"https:\/\/cabinet-vigier.com\/de\/rechtliche-aspekte-der-ferienvermietung-in-frankreich\/#breadcrumb"},"inLanguage":"de","potentialAction":[{"@type":"ReadAction","target":["https:\/\/cabinet-vigier.com\/de\/rechtliche-aspekte-der-ferienvermietung-in-frankreich\/"]}]},{"@type":"BreadcrumbList","@id":"https:\/\/cabinet-vigier.com\/de\/rechtliche-aspekte-der-ferienvermietung-in-frankreich\/#breadcrumb","itemListElement":[{"@type":"ListItem","position":1,"name":"Startseite","item":"https:\/\/cabinet-vigier.com\/de\/"},{"@type":"ListItem","position":2,"name":"Rechtliche Aspekte der Ferienvermietung in Frankreich"}]},{"@type":"WebSite","@id":"https:\/\/cabinet-vigier.com\/fr\/#website","url":"https:\/\/cabinet-vigier.com\/fr\/","name":"Cabinet Vigier","description":"Deutsch-franz\u00f6sische Anwaltskanzlei - Cabinet d&#039;avocats franco allemand","publisher":{"@id":"https:\/\/cabinet-vigier.com\/fr\/#organization"},"potentialAction":[{"@type":"SearchAction","target":{"@type":"EntryPoint","urlTemplate":"https:\/\/cabinet-vigier.com\/fr\/?s={search_term_string}"},"query-input":{"@type":"PropertyValueSpecification","valueRequired":true,"valueName":"search_term_string"}}],"inLanguage":"de"},{"@type":"Organization","@id":"https:\/\/cabinet-vigier.com\/fr\/#organization","name":"Cabinet Vigier","url":"https:\/\/cabinet-vigier.com\/fr\/","logo":{"@type":"ImageObject","inLanguage":"de","@id":"https:\/\/cabinet-vigier.com\/fr\/#\/schema\/logo\/image\/","url":"https:\/\/cabinet-vigier.com\/wp-content\/uploads\/2017\/08\/cropped-AV-Logo-DF-ult10-500x.jpg","contentUrl":"https:\/\/cabinet-vigier.com\/wp-content\/uploads\/2017\/08\/cropped-AV-Logo-DF-ult10-500x.jpg","width":500,"height":100,"caption":"Cabinet Vigier"},"image":{"@id":"https:\/\/cabinet-vigier.com\/fr\/#\/schema\/logo\/image\/"}}]}},"_links":{"self":[{"href":"https:\/\/cabinet-vigier.com\/de\/wp-json\/wp\/v2\/pages\/862","targetHints":{"allow":["GET"]}}],"collection":[{"href":"https:\/\/cabinet-vigier.com\/de\/wp-json\/wp\/v2\/pages"}],"about":[{"href":"https:\/\/cabinet-vigier.com\/de\/wp-json\/wp\/v2\/types\/page"}],"author":[{"embeddable":true,"href":"https:\/\/cabinet-vigier.com\/de\/wp-json\/wp\/v2\/users\/2"}],"replies":[{"embeddable":true,"href":"https:\/\/cabinet-vigier.com\/de\/wp-json\/wp\/v2\/comments?post=862"}],"version-history":[{"count":7,"href":"https:\/\/cabinet-vigier.com\/de\/wp-json\/wp\/v2\/pages\/862\/revisions"}],"predecessor-version":[{"id":885,"href":"https:\/\/cabinet-vigier.com\/de\/wp-json\/wp\/v2\/pages\/862\/revisions\/885"}],"wp:attachment":[{"href":"https:\/\/cabinet-vigier.com\/de\/wp-json\/wp\/v2\/media?parent=862"}],"curies":[{"name":"wp","href":"https:\/\/api.w.org\/{rel}","templated":true}]}}