{"id":865,"date":"2017-11-01T19:55:15","date_gmt":"2017-11-01T18:55:15","guid":{"rendered":"http:\/\/www.cabinet-vigier.com\/?page_id=865"},"modified":"2017-11-01T20:10:26","modified_gmt":"2017-11-01T19:10:26","slug":"sanktionierung-illegaler-oder-rechtswidriger-bauwerke-nach-franzoesischem-recht","status":"publish","type":"page","link":"https:\/\/cabinet-vigier.com\/de\/sanktionierung-illegaler-oder-rechtswidriger-bauwerke-nach-franzoesischem-recht\/","title":{"rendered":"Sanktionierung illegaler oder rechtswidriger Bauwerke nach franz\u00f6sischem Recht"},"content":{"rendered":"<p>Insbesondere bei der rechtlichen Pr\u00fcfung im Rahmen des Ankaufs einer franz\u00f6sischen Immobilie stellt sich nicht selten heraus, dass bestehende Bauwerke unter Missachtung der Vorschriften des franz\u00f6sischen Bauordnungsrechts errichtet wurden.<\/p>\n<p>Fraglich ist, welche rechtlichen Konsequenzen sich aus einer derartigen Rechtswidrigkeit f\u00fcr den Erwerber bzw. Eigent\u00fcmer der Immobilie ergeben. Auf diese Frage soll der vorliegende Artikel Antworten erteilen.<\/p>\n<p>Zun\u00e4chst ist besonders festzuhalten, dass als illegal oder rechtswidrig \u00a0im franz\u00f6sischen Bauordnungsrecht solche Bauwerke bezeichnet werden, die nach 1943 ohne Baugenehmigung errichtet wurden, und solche Bauwerke, die zwar auf der Grundlage einer grunds\u00e4tzlich erteilten Baugenehmigung errichtet wurden, in der Ausf\u00fchrung mit den Vorgaben dieser Baugenehmigung allerdings nicht \u00fcbereinstimmen.<\/p>\n<p>Diese illegalen und rechtswidrigen Bauten sind verschiedenen Typen von Sanktionen ausgesetzt, die unterschiedlichen Verj\u00e4hrungsregeln unterliegen:<\/p>\n<p><strong>I. Strafrechtliche Sanktionen<\/strong><\/p>\n<p>Die Errichtung eines rechtswidrigen Bauwerks stellt eine Straftat dar, die vor den Strafgerichten verfolgt wird (Artikel L. 480-1 fortfolgende des franz\u00f6sischen Bauordnungsgesetzbuchs \u201eCode de l\u2019urbanisme\u201c). Folgende Strafen k\u00f6nnen verh\u00e4ngt werden: Geldstrafe oder im Wiederholungsfall Freiheitsstrafe einerseits (Artikel L. 480-4) oder aber auch Anordnung regelgerechter Instandsetzung oder Abriss des Bauwerks (article L. 480-5).<\/p>\n<p>Sind die Arbeiten noch im Gang, kann auf Anweisung der Staatsanwaltschaft oder des B\u00fcrgermeisters die Unterbrechung angeordnet werden. (Article L.480-2).<\/p>\n<p>Wie jedes Strafdelikt verj\u00e4hrt es innerhalb von 3 Jahren (Artikel 8 des Strafprozessgesetzbuchs, Code de la proc\u00e9dure p\u00e9nale). Folglich muss die Rechtswidrigkeit der Arbeiten innerhalb einer Frist von 3 Jahren seit der Beendigung der Arbeiten festgestellt werden.<\/p>\n<p>Ist diese Frist verstrichen, kommt eine strafrechtliche Verfolgung nicht mehr in Betracht.<\/p>\n<p>Es ist zu beachten, dass die Beendigung der Arbeiten ein Sachverhaltsumstand ist, der vom betroffenen Eigent\u00fcmer zu beweisen ist.<\/p>\n<p><strong>II. Zivilrechtliche Sanktionen<\/strong><\/p>\n<p><strong>1. Zivilrechtliche Sanktionen auf Initiative von dritten Privatpersonen<\/strong><\/p>\n<p>Jede Person, die aufgrund der Fertigstellung einer rechtswidrigen Bebauung einen pers\u00f6nlichen Schaden erleidet, kann den Urheber des Bauwerks gem\u00e4\u00df Artikel 1382 des franz\u00f6sischen Zivilgesetzbuchs (Code civil, fortan kurz: Cc) verklagen. Hierf\u00fcr ist es n\u00f6tig, dass das Bauwerk eine Regel des Bauordnungsrechts verletzt und dass der Kl\u00e4ger nachweist, dass diese Verletzung einen kausalen Schaden nach sich zieht.<\/p>\n<p>Dieses Recht verj\u00e4hrt innerhalb von 5 Jahren beginnend mit der Kenntnisnahme der Tatsachen, auf die der Anspruch gest\u00fctzt werden kann, Artikel 2224 Cc.<\/p>\n<p><strong>2. Zivilrechtliche Sanktionen auf Initiative der Verwaltung<\/strong><\/p>\n<p>Auf der Grundlage des Artikels L480-14 Code de l\u2019urbanisme kann die Verwaltung das \u00f6rtliche Landgericht anrufen und den Abbruch oder die Konformit\u00e4tsherstellung verlangen, wenn das Bauwerk ohne Genehmigung oder unter Mi\u00dfachtung der Vorgaben einer Genehmigung errichtet wurde oder auch dann wenn keine Genehmigung erforderlich war aber die Vorschrift des Artikels L421-8 mi\u00dfachtet wurde. Dieses Rechts verj\u00e4hrt innerhalb von 10 Jahren seit Fertigstellung des Bauwerks. Hierf\u00fcr beweispflichtig ist der Eigent\u00fcmer.<\/p>\n<p><strong>III. Die verwaltungsrechtlichen Sanktionen<\/strong><\/p>\n<p><strong>1. Versagung des Antrags auf Errichtung prinzipiell genehmigungsf\u00e4higer weiterer Bauten auf demselben Grundst\u00fcck<\/strong><\/p>\n<p>Soweit ein Grundst\u00fcck mit einem rechtswidrigen Bauwerk bebaut ist, kann die Verwaltung die Erteilung einer Genehmigung f\u00fcr den Bau eines weiteren oder erweiternden Bauwerks auf dem gleichen Grundst\u00fcck versagen, auch wenn diese Erweiterung alleine prinzipiell genehmigungsf\u00e4hig w\u00e4re, solange nicht die urspr\u00fcngliche rechtswidrige Bebauung bauordnungsrechtlich regularisiert. wird.<\/p>\n<p>Wenn allerdings zwischen der Fertigstellung der rechtswidrigen Bebauung und dem neuen Genehmigungsantrag eine Frist von mindestens 10 Jahren liegt, kann sich die Verwaltung nicht mehr auf die Rechtswidrigkeit der urspr\u00fcnglichen Bebauung berufen, um die neue Genehmigung abzulehnen. Der Gesetzgeber hat hier eine vollumf\u00e4ngliche Verj\u00e4hrung vorgesehen.<\/p>\n<p>Der Gesetzgeber hat allerdings bestimmte Sachlagen vorgesehen, in denen die Verj\u00e4hrungsregel wiederum nicht anzuwenden ist, Artikel L421-9 Code de l\u2018urbanisme. Es handelt sich um die folgenden F\u00e4lle:<\/p>\n<ul>\n<li>wenn das Bauwerk durch seine Lage so beschaffen ist, dass es seine Nutzer oder Dritte dem Risiko des Todes oder dem Risiko einer schweren oder eine dauerhafte Behinderung nach sich ziehenden Verletzung aussetzt\u00a0;<\/li>\n<li>wenn ein Verfahren zum Abriss unter den in Artikel L. 480-13 vorgesehenen Bedingungen eingeleitet wurde\u00a0;<\/li>\n<li>wenn das Bauwerk sich in Anwendung des Artikels L.341-2 und folgende des Umweltgesetzbuchs in einem Schutzgebiet oder in einem nach Artikel L.331-1 und folgende des gleichen Gesetztes geschaffenen Naturparks befindet\u00a0;<\/li>\n<li>wenn sich das Bauwerk auf Staatseigentum befindet\u00a0;<\/li>\n<li><u>wenn das Bauwerk ohne jede Baugenehmigung errichtet wurde<\/u>\u00a0;<\/li>\n<li>in Gebieten, die in Nr. 1 des 2. Absatzes des Artikels L. 562-1 des Umweltgesetzbuchs vorgesehen sind (besonderen Risiken ausgesetzte Zonen genannt &#8222;Gefahrenzonen&#8220;).<\/li>\n<\/ul>\n<p><strong>2. Versagung des Anschlusses an die \u00f6ffentlichen Versorgungsnetze<\/strong><\/p>\n<p>Soweit ein Grundst\u00fcck mit einem rechtswidrigen Bauwerk bebaut ist, kann der Anschluss an die Versorgungsnetze versagt werden, Artikel L111-12 Code de l\u2019urbanisme.<\/p>\n<p><strong>3. Versagung des Wiederaufbaus nach Zerst\u00f6rung<\/strong><\/p>\n<p>Artikel L111-15 des Code de l\u2019urbanisme bestimmt w\u00f6rtlich : <em>\u00ab Wenn ein Geb\u00e4ude, das rechtm\u00e4\u00dfig errichtet wurde, zerst\u00f6rt oder abgerissen wird, ist sein Wiederaufbau innerhalb einer Frist von 10 Jahren zu genehmigen, auch wenn Vorschriften des Bauordnungsrechts dem entgegenstehen, es sei denn der kommunale Raumordnungsplan, der \u00f6rtliche Bebauungsplan oder der Plan zur Vorbeugung gegen Natur- und Technologierisiken sieht anderes vor. \u00bb<\/em><\/p>\n<p>Im Gegenschluss hierzu wird gefolgt, dass das Recht zum Wiederaufbau versagt wird, wenn das Bauwerk urspr\u00fcnglich rechtswidrig erbaut wurde.<\/p>\n<p>Auch diese Sanktion unterliegt keiner Verj\u00e4hrung.<\/p>\n<p><strong>IV. Steuer- bzw. Abgabenrechtliche Sanktion<\/strong><\/p>\n<p>Die Gemeinde kann auch bei illegalen Bauten, die bei legalen Bauten zu zahlenden Erschlie\u00dfungskosten erheben. Die Erhebung von Erschlie\u00dfungsabgaben verj\u00e4hrt mit Ablauf des sechsten Jahres, das auf die bauliche Fertigstellung des Geb\u00e4udes folgt, wobei auch hier der Eigent\u00fcmer die Beweislast f\u00fcr das Datum der tats\u00e4chlichen Fertigstellung tr\u00e4gt.<\/p>\n<p>&nbsp;<\/p>\n<p><strong><em><u>Stand:<\/u><\/em><\/strong><strong><em> 01.11.2017<\/em><\/strong><strong><em><br \/>\n<u>Autor:<\/u> Armin Vigier, Rechtsanwalt-Avocat<\/em><\/strong><\/p>\n<p><em><strong>Rechtlicher Hinweis:\u00a0\u00a0\u00a0\u00a0\u00a0\u00a0\u00a0 <\/strong><\/em><br \/>\nDiese Abhandlung erhebt keinen Anspruch auf Vollst\u00e4ndigkeit und soll lediglich einem ersten \u00dcberblick dienen. Insbesondere kann sie eine Einzefallbezogene Beratung nicht ersetzen. Naturgem\u00e4\u00df kann daher f\u00fcr die hier gemachten Ausf\u00fchrungen keine Haftung \u00fcbernommen werden. F\u00fcr verbindliche Ausk\u00fcnfte im Einzelfall stehen wir Ihnen gerne zur Verf\u00fcgung.<\/p>\n<p>&nbsp;<\/p>\n","protected":false},"excerpt":{"rendered":"<p>Insbesondere bei der rechtlichen Pr\u00fcfung im Rahmen des Ankaufs einer franz\u00f6sischen Immobilie stellt sich nicht selten heraus, dass bestehende Bauwerke unter Missachtung der Vorschriften des franz\u00f6sischen Bauordnungsrechts errichtet wurden. Fraglich ist, welche rechtlichen Konsequenzen sich aus einer derartigen Rechtswidrigkeit f\u00fcr den Erwerber bzw. Eigent\u00fcmer der Immobilie ergeben. Auf diese Frage soll der vorliegende Artikel Antworten &#8230; <a title=\"Sanktionierung illegaler oder rechtswidriger Bauwerke nach franz\u00f6sischem Recht\" class=\"read-more\" href=\"https:\/\/cabinet-vigier.com\/de\/sanktionierung-illegaler-oder-rechtswidriger-bauwerke-nach-franzoesischem-recht\/\" aria-label=\"Mehr zu Sanktionierung illegaler oder rechtswidriger Bauwerke nach franz\u00f6sischem Recht\">Weiterlesen &#8230;<\/a><\/p>\n","protected":false},"author":2,"featured_media":0,"parent":0,"menu_order":0,"comment_status":"closed","ping_status":"closed","template":"","meta":{"_monsterinsights_skip_tracking":false,"_monsterinsights_sitenote_active":false,"_monsterinsights_sitenote_note":"","_monsterinsights_sitenote_category":0,"_uf_show_specific_survey":0,"_uf_disable_surveys":false,"generate_page_header":"","footnotes":""},"class_list":["post-865","page","type-page","status-publish"],"yoast_head":"<!-- This site is optimized with the Yoast SEO plugin v24.5 - https:\/\/yoast.com\/wordpress\/plugins\/seo\/ -->\n<title>Sanktionierung illegaler oder rechtswidriger Bauwerke nach franz\u00f6sischem Recht - Cabinet Vigier<\/title>\n<meta name=\"robots\" content=\"index, follow, max-snippet:-1, max-image-preview:large, max-video-preview:-1\" \/>\n<link rel=\"canonical\" href=\"https:\/\/cabinet-vigier.com\/de\/sanktionierung-illegaler-oder-rechtswidriger-bauwerke-nach-franzoesischem-recht\/\" \/>\n<meta property=\"og:locale\" content=\"de_DE\" \/>\n<meta property=\"og:type\" content=\"article\" \/>\n<meta property=\"og:title\" content=\"Sanktionierung illegaler oder rechtswidriger Bauwerke nach franz\u00f6sischem Recht - Cabinet Vigier\" \/>\n<meta property=\"og:description\" content=\"Insbesondere bei der rechtlichen Pr\u00fcfung im Rahmen des Ankaufs einer franz\u00f6sischen Immobilie stellt sich nicht selten heraus, dass bestehende Bauwerke unter Missachtung der Vorschriften des franz\u00f6sischen Bauordnungsrechts errichtet wurden. Fraglich ist, welche rechtlichen Konsequenzen sich aus einer derartigen Rechtswidrigkeit f\u00fcr den Erwerber bzw. Eigent\u00fcmer der Immobilie ergeben. Auf diese Frage soll der vorliegende Artikel Antworten ... Weiterlesen ...\" \/>\n<meta property=\"og:url\" content=\"https:\/\/cabinet-vigier.com\/de\/sanktionierung-illegaler-oder-rechtswidriger-bauwerke-nach-franzoesischem-recht\/\" \/>\n<meta property=\"og:site_name\" content=\"Cabinet Vigier\" \/>\n<meta property=\"article:modified_time\" content=\"2017-11-01T19:10:26+00:00\" \/>\n<meta name=\"twitter:card\" content=\"summary_large_image\" \/>\n<meta name=\"twitter:label1\" content=\"Gesch\u00e4tzte Lesezeit\" \/>\n\t<meta name=\"twitter:data1\" content=\"5\u00a0Minuten\" \/>\n<script type=\"application\/ld+json\" class=\"yoast-schema-graph\">{\"@context\":\"https:\/\/schema.org\",\"@graph\":[{\"@type\":\"WebPage\",\"@id\":\"https:\/\/cabinet-vigier.com\/de\/sanktionierung-illegaler-oder-rechtswidriger-bauwerke-nach-franzoesischem-recht\/\",\"url\":\"https:\/\/cabinet-vigier.com\/de\/sanktionierung-illegaler-oder-rechtswidriger-bauwerke-nach-franzoesischem-recht\/\",\"name\":\"Sanktionierung illegaler oder rechtswidriger Bauwerke nach franz\u00f6sischem Recht - Cabinet Vigier\",\"isPartOf\":{\"@id\":\"https:\/\/cabinet-vigier.com\/fr\/#website\"},\"datePublished\":\"2017-11-01T18:55:15+00:00\",\"dateModified\":\"2017-11-01T19:10:26+00:00\",\"breadcrumb\":{\"@id\":\"https:\/\/cabinet-vigier.com\/de\/sanktionierung-illegaler-oder-rechtswidriger-bauwerke-nach-franzoesischem-recht\/#breadcrumb\"},\"inLanguage\":\"de\",\"potentialAction\":[{\"@type\":\"ReadAction\",\"target\":[\"https:\/\/cabinet-vigier.com\/de\/sanktionierung-illegaler-oder-rechtswidriger-bauwerke-nach-franzoesischem-recht\/\"]}]},{\"@type\":\"BreadcrumbList\",\"@id\":\"https:\/\/cabinet-vigier.com\/de\/sanktionierung-illegaler-oder-rechtswidriger-bauwerke-nach-franzoesischem-recht\/#breadcrumb\",\"itemListElement\":[{\"@type\":\"ListItem\",\"position\":1,\"name\":\"Startseite\",\"item\":\"https:\/\/cabinet-vigier.com\/de\/\"},{\"@type\":\"ListItem\",\"position\":2,\"name\":\"Sanktionierung illegaler oder rechtswidriger Bauwerke nach franz\u00f6sischem Recht\"}]},{\"@type\":\"WebSite\",\"@id\":\"https:\/\/cabinet-vigier.com\/fr\/#website\",\"url\":\"https:\/\/cabinet-vigier.com\/fr\/\",\"name\":\"Cabinet Vigier\",\"description\":\"Deutsch-franz\u00f6sische Anwaltskanzlei - Cabinet d&#039;avocats franco allemand\",\"publisher\":{\"@id\":\"https:\/\/cabinet-vigier.com\/fr\/#organization\"},\"potentialAction\":[{\"@type\":\"SearchAction\",\"target\":{\"@type\":\"EntryPoint\",\"urlTemplate\":\"https:\/\/cabinet-vigier.com\/fr\/?s={search_term_string}\"},\"query-input\":{\"@type\":\"PropertyValueSpecification\",\"valueRequired\":true,\"valueName\":\"search_term_string\"}}],\"inLanguage\":\"de\"},{\"@type\":\"Organization\",\"@id\":\"https:\/\/cabinet-vigier.com\/fr\/#organization\",\"name\":\"Cabinet Vigier\",\"url\":\"https:\/\/cabinet-vigier.com\/fr\/\",\"logo\":{\"@type\":\"ImageObject\",\"inLanguage\":\"de\",\"@id\":\"https:\/\/cabinet-vigier.com\/fr\/#\/schema\/logo\/image\/\",\"url\":\"https:\/\/cabinet-vigier.com\/wp-content\/uploads\/2017\/08\/cropped-AV-Logo-DF-ult10-500x.jpg\",\"contentUrl\":\"https:\/\/cabinet-vigier.com\/wp-content\/uploads\/2017\/08\/cropped-AV-Logo-DF-ult10-500x.jpg\",\"width\":500,\"height\":100,\"caption\":\"Cabinet Vigier\"},\"image\":{\"@id\":\"https:\/\/cabinet-vigier.com\/fr\/#\/schema\/logo\/image\/\"}}]}<\/script>\n<!-- \/ Yoast SEO plugin. -->","yoast_head_json":{"title":"Sanktionierung illegaler oder rechtswidriger Bauwerke nach franz\u00f6sischem Recht - Cabinet Vigier","robots":{"index":"index","follow":"follow","max-snippet":"max-snippet:-1","max-image-preview":"max-image-preview:large","max-video-preview":"max-video-preview:-1"},"canonical":"https:\/\/cabinet-vigier.com\/de\/sanktionierung-illegaler-oder-rechtswidriger-bauwerke-nach-franzoesischem-recht\/","og_locale":"de_DE","og_type":"article","og_title":"Sanktionierung illegaler oder rechtswidriger Bauwerke nach franz\u00f6sischem Recht - Cabinet Vigier","og_description":"Insbesondere bei der rechtlichen Pr\u00fcfung im Rahmen des Ankaufs einer franz\u00f6sischen Immobilie stellt sich nicht selten heraus, dass bestehende Bauwerke unter Missachtung der Vorschriften des franz\u00f6sischen Bauordnungsrechts errichtet wurden. Fraglich ist, welche rechtlichen Konsequenzen sich aus einer derartigen Rechtswidrigkeit f\u00fcr den Erwerber bzw. Eigent\u00fcmer der Immobilie ergeben. Auf diese Frage soll der vorliegende Artikel Antworten ... Weiterlesen ...","og_url":"https:\/\/cabinet-vigier.com\/de\/sanktionierung-illegaler-oder-rechtswidriger-bauwerke-nach-franzoesischem-recht\/","og_site_name":"Cabinet Vigier","article_modified_time":"2017-11-01T19:10:26+00:00","twitter_card":"summary_large_image","twitter_misc":{"Gesch\u00e4tzte Lesezeit":"5\u00a0Minuten"},"schema":{"@context":"https:\/\/schema.org","@graph":[{"@type":"WebPage","@id":"https:\/\/cabinet-vigier.com\/de\/sanktionierung-illegaler-oder-rechtswidriger-bauwerke-nach-franzoesischem-recht\/","url":"https:\/\/cabinet-vigier.com\/de\/sanktionierung-illegaler-oder-rechtswidriger-bauwerke-nach-franzoesischem-recht\/","name":"Sanktionierung illegaler oder rechtswidriger Bauwerke nach franz\u00f6sischem Recht - Cabinet Vigier","isPartOf":{"@id":"https:\/\/cabinet-vigier.com\/fr\/#website"},"datePublished":"2017-11-01T18:55:15+00:00","dateModified":"2017-11-01T19:10:26+00:00","breadcrumb":{"@id":"https:\/\/cabinet-vigier.com\/de\/sanktionierung-illegaler-oder-rechtswidriger-bauwerke-nach-franzoesischem-recht\/#breadcrumb"},"inLanguage":"de","potentialAction":[{"@type":"ReadAction","target":["https:\/\/cabinet-vigier.com\/de\/sanktionierung-illegaler-oder-rechtswidriger-bauwerke-nach-franzoesischem-recht\/"]}]},{"@type":"BreadcrumbList","@id":"https:\/\/cabinet-vigier.com\/de\/sanktionierung-illegaler-oder-rechtswidriger-bauwerke-nach-franzoesischem-recht\/#breadcrumb","itemListElement":[{"@type":"ListItem","position":1,"name":"Startseite","item":"https:\/\/cabinet-vigier.com\/de\/"},{"@type":"ListItem","position":2,"name":"Sanktionierung illegaler oder rechtswidriger Bauwerke nach franz\u00f6sischem Recht"}]},{"@type":"WebSite","@id":"https:\/\/cabinet-vigier.com\/fr\/#website","url":"https:\/\/cabinet-vigier.com\/fr\/","name":"Cabinet Vigier","description":"Deutsch-franz\u00f6sische Anwaltskanzlei - Cabinet d&#039;avocats franco allemand","publisher":{"@id":"https:\/\/cabinet-vigier.com\/fr\/#organization"},"potentialAction":[{"@type":"SearchAction","target":{"@type":"EntryPoint","urlTemplate":"https:\/\/cabinet-vigier.com\/fr\/?s={search_term_string}"},"query-input":{"@type":"PropertyValueSpecification","valueRequired":true,"valueName":"search_term_string"}}],"inLanguage":"de"},{"@type":"Organization","@id":"https:\/\/cabinet-vigier.com\/fr\/#organization","name":"Cabinet Vigier","url":"https:\/\/cabinet-vigier.com\/fr\/","logo":{"@type":"ImageObject","inLanguage":"de","@id":"https:\/\/cabinet-vigier.com\/fr\/#\/schema\/logo\/image\/","url":"https:\/\/cabinet-vigier.com\/wp-content\/uploads\/2017\/08\/cropped-AV-Logo-DF-ult10-500x.jpg","contentUrl":"https:\/\/cabinet-vigier.com\/wp-content\/uploads\/2017\/08\/cropped-AV-Logo-DF-ult10-500x.jpg","width":500,"height":100,"caption":"Cabinet Vigier"},"image":{"@id":"https:\/\/cabinet-vigier.com\/fr\/#\/schema\/logo\/image\/"}}]}},"_links":{"self":[{"href":"https:\/\/cabinet-vigier.com\/de\/wp-json\/wp\/v2\/pages\/865","targetHints":{"allow":["GET"]}}],"collection":[{"href":"https:\/\/cabinet-vigier.com\/de\/wp-json\/wp\/v2\/pages"}],"about":[{"href":"https:\/\/cabinet-vigier.com\/de\/wp-json\/wp\/v2\/types\/page"}],"author":[{"embeddable":true,"href":"https:\/\/cabinet-vigier.com\/de\/wp-json\/wp\/v2\/users\/2"}],"replies":[{"embeddable":true,"href":"https:\/\/cabinet-vigier.com\/de\/wp-json\/wp\/v2\/comments?post=865"}],"version-history":[{"count":4,"href":"https:\/\/cabinet-vigier.com\/de\/wp-json\/wp\/v2\/pages\/865\/revisions"}],"predecessor-version":[{"id":877,"href":"https:\/\/cabinet-vigier.com\/de\/wp-json\/wp\/v2\/pages\/865\/revisions\/877"}],"wp:attachment":[{"href":"https:\/\/cabinet-vigier.com\/de\/wp-json\/wp\/v2\/media?parent=865"}],"curies":[{"name":"wp","href":"https:\/\/api.w.org\/{rel}","templated":true}]}}