{"id":896,"date":"2017-11-02T18:00:25","date_gmt":"2017-11-02T17:00:25","guid":{"rendered":"http:\/\/www.cabinet-vigier.com\/?page_id=896"},"modified":"2017-11-02T18:00:25","modified_gmt":"2017-11-02T17:00:25","slug":"notarkosten-beim-immobilienkauf-in-frankreich","status":"publish","type":"page","link":"https:\/\/cabinet-vigier.com\/de\/notarkosten-beim-immobilienkauf-in-frankreich\/","title":{"rendered":"Notarkosten beim Immobilienkauf in Frankreich"},"content":{"rendered":"<p>Neben den Steuern fallen beim Kauf einer Immobilie in Frankreich auch Notarkosten an. Wer diese Kosten zu tragen hat, kann zwischen K\u00e4ufer und Verk\u00e4ufer festgelegt werden.\u00a0Erfolgt keine spezielle Regelung tr\u00e4gt die Kosten der K\u00e4ufer gem. Artikel 1593 des franz\u00f6sischen Zivilgesetzbuchs (<em>Code civil<\/em>).<\/p>\n<p><strong>Vorab: \u00a0Der Begriff der<em>\u00a0frais de notaire<\/em><\/strong><\/p>\n<p>In der Praxis wird der pauschale Begriff \u201e<em>frais de notaire<\/em>\u201c terminologisch verwirrend nicht nur f\u00fcr die eigentliche Verg\u00fctung des Notars verwendet, sondern f\u00fcr den Gesamtbetrag der vom Notar treuh\u00e4nderisch aus dem Kaufpreis abzuf\u00fchrenden Steuern nebst Auslagen und Verg\u00fctung.<\/p>\n<p>Der Anteil der eigenen Verg\u00fctung des Notars an diesen Gesamtkosten ist im Vergleich zu den darin enthaltenen Steuern in der Regel eher untergeordnet.<\/p>\n<p>Im Einzelnen ist wie folgt zu differenzieren:<\/p>\n<p><strong>1. Die eigentlichen Notargeb\u00fchren (<em>\u00e9moluments du notaire<\/em>)<\/strong><\/p>\n<p>Die eigentlichen Notargeb\u00fchren (<em>\u00e9moluments du notaire<\/em>) setzen sich aus zwei Bestandteilen zusammen:<\/p>\n<p><strong>a) Die anteiligen Geb\u00fchren (<em>\u00e9moluments proportionnels)<\/em><\/strong><\/p>\n<p>Der Hauptbestandteil der Verg\u00fctung des Notars wird bei Kaufvertr\u00e4gen nach einer degressiven, prozentanteiligen Geb\u00fchrentabelle in Abh\u00e4ngigkeit von der H\u00f6he des Kaufpreises berechnet. Deswegen wird hier von \u201eanteiligen Geb\u00fchren\u201c \u00a0(<em>\u00e9moluments proportionnels<\/em>) gesprochen.<\/p>\n<p>Die urspr\u00fcngliche gesetzliche Regelung des <em>D\u00e9cret n\u00b078-262 du 8 mars 1978<\/em> wurde 2016 durch eine neue gesetzliche Regelung, den<em> \u201earr\u00eat\u00e9 du 26 f\u00e9vrier 2016 fixant les tarifs r\u00e9glement\u00e9s des notaires\u201c<\/em> Ersetzt.<\/p>\n<p>Nach den neuen Vorschriften berechnen sich die dem Notar f\u00fcr die Beurkundung eines Immobilienverkaufs zustehenden Honorare unter Anwendung der folgenden Stufentarife, wobei die franz\u00f6sische Mehrwertsteuer in H\u00f6he von derzeit 20% hinzuzurechnen ist:<\/p>\n<table style=\"width: 561px;\">\n<tbody>\n<tr>\n<td style=\"width: 238px;\"><strong>Kaufpreisanteil in \u20ac \u00a0\u00a0\u00a0\u00a0\u00a0\u00a0\u00a0\u00a0\u00a0\u00a0\u00a0\u00a0\u00a0\u00a0\u00a0\u00a0\u00a0\u00a0\u00a0\u00a0\u00a0\u00a0\u00a0\u00a0\u00a0\u00a0\u00a0\u00a0\u00a0\u00a0<\/strong><\/td>\n<td style=\"width: 287px;\"><strong>Notarhonorar\u00a0in\u00a0\u20ac\u00a0 vor Steuern<\/strong><\/td>\n<\/tr>\n<tr>\n<td style=\"width: 238px;\">0 bis 6.500<\/td>\n<td style=\"width: 287px;\">3,945 %<\/td>\n<\/tr>\n<tr>\n<td style=\"width: 238px;\">6.500 bis 17.000<\/td>\n<td style=\"width: 287px;\">1,627 %<\/td>\n<\/tr>\n<tr>\n<td style=\"width: 238px;\">17.000 bis 60.000<\/td>\n<td style=\"width: 287px;\">1,085 %<\/td>\n<\/tr>\n<tr>\n<td style=\"width: 238px;\">\u00fcber 60.000<\/td>\n<td style=\"width: 287px;\">0,814 %<\/td>\n<\/tr>\n<\/tbody>\n<\/table>\n<p><span style=\"text-decoration: underline;\"><em>Beispiel<\/em><\/span> <em>(Geb\u00fchren f\u00fcr einen Kauf \u00fcber 500.000 \u20ac):<\/em><\/p>\n<ul>\n<li><em>von 0 bis 6.500 \u20ac : 3,945 %\u00a0 = 256,43 \u20ac<\/em><\/li>\n<li><em>von 6.500 bis 17.000 \u20ac : 1,627 % = 170,84 \u20ac<\/em><\/li>\n<li><em>von 17.000 bis 60.000 \u20ac : 1,085 % = 466,55 \u20ac<\/em><\/li>\n<li><em>\u00fcber 60.000 \u20ac (vorliegend: 440.000 \u20ac) : 0,814 % = 3.581,60 \u20ac<\/em><\/li>\n<\/ul>\n<p><em>Insgesamt erh\u00e4lt der Notar hier also Geb\u00fchren in H\u00f6he von (256,43 \u20ac + 170,84 \u20ac + 466,55 \u20ac + 3.581,60 \u20ac=) 4.475 \u20ac zuz\u00fcglich 20% franz. Mehrwertsteuer (TVA).<\/em><\/p>\n<p>Wenn der Kaufpreis \u00fcber ein Darlehen finanziert und mit einem Grundpfandrecht abgesichert wird, entstehen weitere Geb\u00fchren.<\/p>\n<p>Seit der Neuregelung in 2016 kann f\u00fcr die Geb\u00fchren f\u00fcr den Gegenstandswert \u00fcber 150.000 \u20ac aufgrund besonderer Verhandlung mit dem Notar um maximal 10% erm\u00e4\u00dfigt werden, sofern der Notar einverstanden ist. Nach der alten Regelung konnte der Notar im Regelfall nur dann einer bestimmten Reduktion zustimmen, wenn und soweit die gesetzliche Verg\u00fctung einen Betrag von 80.000 \u20ac \u00fcberstieg.<\/p>\n<p><strong>b) Die Fixgeb\u00fchren <em>(\u00e9moluments fixes)<\/em><\/strong><\/p>\n<p>Neben diesen anteiligen Geb\u00fchren erh\u00e4lt der Notar noch sog. Fixgeb\u00fchren (<em>\u00e9moluments fixes<\/em>) f\u00fcr bestimmte Formalit\u00e4ten, die er erledigt, zum Beispiel f\u00fcr die Einholung von beh\u00f6rdlichen Best\u00e4tigungen, Ausz\u00fcgen aus dem Kataster und dem Liegenschaftspublikationsregister, Einholung von Personenstandsurkunden, Anzeige von Vorkaufsrechten etc.).<\/p>\n<p><em>Beispiel: F\u00fcr die Einholung einer Personenstandsurkune erh\u00e4lt der Notar 11,54 \u20ac vor Steuern.<\/em><\/p>\n<p>Der Gesamtbetrag der anteiligen und fixen Geb\u00fchren darf insgesamt 10% des Gegenstandswertes nicht \u00fcberschreiten und 90 \u20ac nicht unterschreiten.<\/p>\n<p><strong>c) Honorare f\u00fcr sonstige T\u00e4tigkeiten <\/strong><\/p>\n<p>Anders als im Rahmen der alten Regelung, sieht die 2016 verabschiedete neue Regelung keine gesetzlichen Geb\u00fchren mehr f\u00fcr die sonstigen T\u00e4tigkeiten des Notars vor, die au\u00dferhalb der Beurkundung des Kaufs liegen, wie zum Beispiel die Mitwirkung an einem Vergleich oder die Vermarktung des Immobilienverkaufs. Nach der neuen Regelung von 2016 sind diese frei zwischen Notar und Mandant auszuhandeln.<\/p>\n<p>Insbesondere ist darauf hinzuweisen, dass der franz\u00f6sische Notar auch die Vermarktung der Immobilie \u00fcbernehmen und hierf\u00fcr ein gesondertes Honorar \u2013 \u00e4hnlich einer Maklerprovision \u2013 verlangen kann (<em>honoraires de n\u00e9gociation<\/em>). Die Verg\u00fctung muss aber nunmehr im Vorfeld ausdr\u00fccklich vereinbart werden. Als Anhaltspunkt kann die alte Regelung dienen, nach der 5% f\u00fcr den Kaufpreisanteil bis 45.735 \u20ac und 2,5% des dar\u00fcberhinausgehenden Kaufpreisanteils, jeweils zuz\u00fcglich Mehrwertsteuer, erhoben wurden.<\/p>\n<p><strong>2. Die Erstattung der Auslagen des Notars (<em>d\u00e9bours\u00e9s<\/em>)<\/strong><\/p>\n<p>Die Auslagen des Notars (<em>d\u00e9bours\u00e9s<\/em>), werden daneben gesondert erstattet. Hierbei handelt es sich um Kostenforderungen Dritter, die der Notar f\u00fcr besondere Eintragungsformalit\u00e4ten oder Fremdausk\u00fcnfte verauslagt hat. (<em>certificat <\/em><em>urbanisme<\/em>,\u00a0<em>certificat hypoth\u00e9caire<\/em>,\u00a0<em>renseignement du syndic de copropri\u00e9t\u00e9<\/em> etc.)<\/p>\n<p><strong>3. Die vom Notar treuh\u00e4nderisch zu erhebenden Steuern<\/strong><\/p>\n<p>Den mit Abstand gr\u00f6\u00dften Anteil an den Erwerbsnebenkosten machen die anfallenden Steuern aus.<\/p>\n<p><strong>a)<\/strong> Je nach Art des Immobilienkaufvertrags fallen zun\u00e4chst an:<\/p>\n<ul>\n<li>entweder <strong>Grunderwerbssteuer (droit d\u2019enregsitrement)<\/strong>, in den meisten d\u00e9partements heute: <strong>5,81% des Kaufpreises<\/strong>;<\/li>\n<li><span style=\"text-decoration: underline;\">oder<\/span> gesetzliche <strong>Mehrwertsteuer in H\u00f6he von 20% zuz\u00fcglich Publikationskosten in H\u00f6he von 0,715% des Kaufpreises<\/strong><\/li>\n<\/ul>\n<p><strong>b)<\/strong> Daneben wird noch ein sog. <strong>Rechtsschutzpublikationsabgabe (<em>contribution de s\u00e9curit\u00e9 immobili\u00e8re<\/em>)<\/strong> <strong>in H\u00f6he von 0,10% des Kaufpreises<\/strong>, mindestens 15 \u20ac, erhoben.<\/p>\n<p>c) Ferner ist daran zu denken, dass der Notar auch in bestimmten F\u00e4llen aus dem Kaufpreis Steuern einbehalten und abf\u00fchren muss, die vom Verk\u00e4ufer geschuldet sind, insbesondere die Wertzuwachssteuer (<em>plus-values immobili\u00e8res<\/em>) oder die sog. Sondersteuer auf neu geschaffene Baugrundst\u00fccke (<em>taxe sur les terrains devenus constructibles<\/em>). F\u00fcr die weiteren Einzelheiten zu diesen Steuern darf auf die gesondere Abhandlung \u201eSteuern rund um die Frankreichimmobilie\u201c verwiesen werden.<\/p>\n<p>&nbsp;<\/p>\n<p><strong><em><u>Stand:<\/u><\/em><\/strong><strong><em>\u00a0<\/em><\/strong><strong><em>01.11.2017<\/em><\/strong><strong><em><br \/>\n<u>Autor:<\/u>\u00a0Armin Vigier, Rechtsanwalt-Avocat<\/em><\/strong><em><strong>\u00a0<\/strong><\/em><\/p>\n<p><em><strong>Rechtlicher Hinweis:\u00a0\u00a0\u00a0\u00a0\u00a0\u00a0\u00a0\u00a0\u00a0\u00a0\u00a0\u00a0\u00a0\u00a0\u00a0\u00a0\u00a0\u00a0\u00a0\u00a0\u00a0\u00a0\u00a0\u00a0\u00a0\u00a0\u00a0\u00a0\u00a0\u00a0\u00a0\u00a0\u00a0\u00a0\u00a0\u00a0\u00a0\u00a0\u00a0\u00a0\u00a0\u00a0\u00a0\u00a0\u00a0\u00a0\u00a0\u00a0\u00a0\u00a0\u00a0\u00a0\u00a0\u00a0\u00a0\u00a0\u00a0\u00a0\u00a0\u00a0\u00a0\u00a0\u00a0\u00a0\u00a0\u00a0\u00a0\u00a0\u00a0\u00a0\u00a0\u00a0\u00a0\u00a0\u00a0\u00a0\u00a0\u00a0\u00a0\u00a0\u00a0\u00a0\u00a0 <\/strong><\/em><br \/>\nDiese Abhandlung erhebt keinen Anspruch auf Vollst\u00e4ndigkeit und soll lediglich einem ersten \u00dcberblick dienen. Insbesondere kann sie eine Einzefallbezogene Beratung nicht ersetzen. Naturgem\u00e4\u00df kann daher f\u00fcr die hier gemachten Ausf\u00fchrungen keine Haftung \u00fcbernommen werden. F\u00fcr verbindliche Ausk\u00fcnfte im Einzelfall stehen wir Ihnen gerne zur Verf\u00fcgung.<\/p>\n<p>&nbsp;<\/p>\n<p>&nbsp;<\/p>\n","protected":false},"excerpt":{"rendered":"<p>Neben den Steuern fallen beim Kauf einer Immobilie in Frankreich auch Notarkosten an. Wer diese Kosten zu tragen hat, kann zwischen K\u00e4ufer und Verk\u00e4ufer festgelegt werden.\u00a0Erfolgt keine spezielle Regelung tr\u00e4gt die Kosten der K\u00e4ufer gem. Artikel 1593 des franz\u00f6sischen Zivilgesetzbuchs (Code civil). Vorab: \u00a0Der Begriff der\u00a0frais de notaire In der Praxis wird der pauschale Begriff &#8230; <a title=\"Notarkosten beim Immobilienkauf in Frankreich\" class=\"read-more\" href=\"https:\/\/cabinet-vigier.com\/de\/notarkosten-beim-immobilienkauf-in-frankreich\/\" aria-label=\"Mehr zu Notarkosten beim Immobilienkauf in Frankreich\">Weiterlesen &#8230;<\/a><\/p>\n","protected":false},"author":2,"featured_media":0,"parent":0,"menu_order":0,"comment_status":"closed","ping_status":"closed","template":"","meta":{"_monsterinsights_skip_tracking":false,"_monsterinsights_sitenote_active":false,"_monsterinsights_sitenote_note":"","_monsterinsights_sitenote_category":0,"_uf_show_specific_survey":0,"_uf_disable_surveys":false,"generate_page_header":"","footnotes":""},"class_list":["post-896","page","type-page","status-publish"],"yoast_head":"<!-- This site is optimized with the Yoast SEO plugin v24.5 - https:\/\/yoast.com\/wordpress\/plugins\/seo\/ -->\n<title>Notarkosten beim Immobilienkauf in Frankreich - Cabinet Vigier<\/title>\n<meta name=\"robots\" content=\"index, follow, max-snippet:-1, max-image-preview:large, max-video-preview:-1\" \/>\n<link rel=\"canonical\" href=\"https:\/\/cabinet-vigier.com\/de\/notarkosten-beim-immobilienkauf-in-frankreich\/\" \/>\n<meta property=\"og:locale\" content=\"de_DE\" \/>\n<meta property=\"og:type\" content=\"article\" \/>\n<meta property=\"og:title\" content=\"Notarkosten beim Immobilienkauf in Frankreich - Cabinet Vigier\" \/>\n<meta property=\"og:description\" content=\"Neben den Steuern fallen beim Kauf einer Immobilie in Frankreich auch Notarkosten an. Wer diese Kosten zu tragen hat, kann zwischen K\u00e4ufer und Verk\u00e4ufer festgelegt werden.\u00a0Erfolgt keine spezielle Regelung tr\u00e4gt die Kosten der K\u00e4ufer gem. Artikel 1593 des franz\u00f6sischen Zivilgesetzbuchs (Code civil). Vorab: \u00a0Der Begriff der\u00a0frais de notaire In der Praxis wird der pauschale Begriff ... Weiterlesen ...\" \/>\n<meta property=\"og:url\" content=\"https:\/\/cabinet-vigier.com\/de\/notarkosten-beim-immobilienkauf-in-frankreich\/\" \/>\n<meta property=\"og:site_name\" content=\"Cabinet Vigier\" \/>\n<meta name=\"twitter:card\" content=\"summary_large_image\" \/>\n<meta name=\"twitter:label1\" content=\"Gesch\u00e4tzte Lesezeit\" \/>\n\t<meta name=\"twitter:data1\" content=\"4\u00a0Minuten\" \/>\n<script type=\"application\/ld+json\" class=\"yoast-schema-graph\">{\"@context\":\"https:\/\/schema.org\",\"@graph\":[{\"@type\":\"WebPage\",\"@id\":\"https:\/\/cabinet-vigier.com\/de\/notarkosten-beim-immobilienkauf-in-frankreich\/\",\"url\":\"https:\/\/cabinet-vigier.com\/de\/notarkosten-beim-immobilienkauf-in-frankreich\/\",\"name\":\"Notarkosten beim Immobilienkauf in Frankreich - Cabinet Vigier\",\"isPartOf\":{\"@id\":\"https:\/\/cabinet-vigier.com\/fr\/#website\"},\"datePublished\":\"2017-11-02T17:00:25+00:00\",\"breadcrumb\":{\"@id\":\"https:\/\/cabinet-vigier.com\/de\/notarkosten-beim-immobilienkauf-in-frankreich\/#breadcrumb\"},\"inLanguage\":\"de\",\"potentialAction\":[{\"@type\":\"ReadAction\",\"target\":[\"https:\/\/cabinet-vigier.com\/de\/notarkosten-beim-immobilienkauf-in-frankreich\/\"]}]},{\"@type\":\"BreadcrumbList\",\"@id\":\"https:\/\/cabinet-vigier.com\/de\/notarkosten-beim-immobilienkauf-in-frankreich\/#breadcrumb\",\"itemListElement\":[{\"@type\":\"ListItem\",\"position\":1,\"name\":\"Startseite\",\"item\":\"https:\/\/cabinet-vigier.com\/de\/\"},{\"@type\":\"ListItem\",\"position\":2,\"name\":\"Notarkosten beim Immobilienkauf in Frankreich\"}]},{\"@type\":\"WebSite\",\"@id\":\"https:\/\/cabinet-vigier.com\/fr\/#website\",\"url\":\"https:\/\/cabinet-vigier.com\/fr\/\",\"name\":\"Cabinet Vigier\",\"description\":\"Deutsch-franz\u00f6sische Anwaltskanzlei - Cabinet d&#039;avocats franco allemand\",\"publisher\":{\"@id\":\"https:\/\/cabinet-vigier.com\/fr\/#organization\"},\"potentialAction\":[{\"@type\":\"SearchAction\",\"target\":{\"@type\":\"EntryPoint\",\"urlTemplate\":\"https:\/\/cabinet-vigier.com\/fr\/?s={search_term_string}\"},\"query-input\":{\"@type\":\"PropertyValueSpecification\",\"valueRequired\":true,\"valueName\":\"search_term_string\"}}],\"inLanguage\":\"de\"},{\"@type\":\"Organization\",\"@id\":\"https:\/\/cabinet-vigier.com\/fr\/#organization\",\"name\":\"Cabinet Vigier\",\"url\":\"https:\/\/cabinet-vigier.com\/fr\/\",\"logo\":{\"@type\":\"ImageObject\",\"inLanguage\":\"de\",\"@id\":\"https:\/\/cabinet-vigier.com\/fr\/#\/schema\/logo\/image\/\",\"url\":\"https:\/\/cabinet-vigier.com\/wp-content\/uploads\/2017\/08\/cropped-AV-Logo-DF-ult10-500x.jpg\",\"contentUrl\":\"https:\/\/cabinet-vigier.com\/wp-content\/uploads\/2017\/08\/cropped-AV-Logo-DF-ult10-500x.jpg\",\"width\":500,\"height\":100,\"caption\":\"Cabinet Vigier\"},\"image\":{\"@id\":\"https:\/\/cabinet-vigier.com\/fr\/#\/schema\/logo\/image\/\"}}]}<\/script>\n<!-- \/ Yoast SEO plugin. -->","yoast_head_json":{"title":"Notarkosten beim Immobilienkauf in Frankreich - Cabinet Vigier","robots":{"index":"index","follow":"follow","max-snippet":"max-snippet:-1","max-image-preview":"max-image-preview:large","max-video-preview":"max-video-preview:-1"},"canonical":"https:\/\/cabinet-vigier.com\/de\/notarkosten-beim-immobilienkauf-in-frankreich\/","og_locale":"de_DE","og_type":"article","og_title":"Notarkosten beim Immobilienkauf in Frankreich - Cabinet Vigier","og_description":"Neben den Steuern fallen beim Kauf einer Immobilie in Frankreich auch Notarkosten an. Wer diese Kosten zu tragen hat, kann zwischen K\u00e4ufer und Verk\u00e4ufer festgelegt werden.\u00a0Erfolgt keine spezielle Regelung tr\u00e4gt die Kosten der K\u00e4ufer gem. Artikel 1593 des franz\u00f6sischen Zivilgesetzbuchs (Code civil). Vorab: \u00a0Der Begriff der\u00a0frais de notaire In der Praxis wird der pauschale Begriff ... Weiterlesen ...","og_url":"https:\/\/cabinet-vigier.com\/de\/notarkosten-beim-immobilienkauf-in-frankreich\/","og_site_name":"Cabinet Vigier","twitter_card":"summary_large_image","twitter_misc":{"Gesch\u00e4tzte Lesezeit":"4\u00a0Minuten"},"schema":{"@context":"https:\/\/schema.org","@graph":[{"@type":"WebPage","@id":"https:\/\/cabinet-vigier.com\/de\/notarkosten-beim-immobilienkauf-in-frankreich\/","url":"https:\/\/cabinet-vigier.com\/de\/notarkosten-beim-immobilienkauf-in-frankreich\/","name":"Notarkosten beim Immobilienkauf in Frankreich - Cabinet Vigier","isPartOf":{"@id":"https:\/\/cabinet-vigier.com\/fr\/#website"},"datePublished":"2017-11-02T17:00:25+00:00","breadcrumb":{"@id":"https:\/\/cabinet-vigier.com\/de\/notarkosten-beim-immobilienkauf-in-frankreich\/#breadcrumb"},"inLanguage":"de","potentialAction":[{"@type":"ReadAction","target":["https:\/\/cabinet-vigier.com\/de\/notarkosten-beim-immobilienkauf-in-frankreich\/"]}]},{"@type":"BreadcrumbList","@id":"https:\/\/cabinet-vigier.com\/de\/notarkosten-beim-immobilienkauf-in-frankreich\/#breadcrumb","itemListElement":[{"@type":"ListItem","position":1,"name":"Startseite","item":"https:\/\/cabinet-vigier.com\/de\/"},{"@type":"ListItem","position":2,"name":"Notarkosten beim Immobilienkauf in Frankreich"}]},{"@type":"WebSite","@id":"https:\/\/cabinet-vigier.com\/fr\/#website","url":"https:\/\/cabinet-vigier.com\/fr\/","name":"Cabinet Vigier","description":"Deutsch-franz\u00f6sische Anwaltskanzlei - Cabinet d&#039;avocats franco allemand","publisher":{"@id":"https:\/\/cabinet-vigier.com\/fr\/#organization"},"potentialAction":[{"@type":"SearchAction","target":{"@type":"EntryPoint","urlTemplate":"https:\/\/cabinet-vigier.com\/fr\/?s={search_term_string}"},"query-input":{"@type":"PropertyValueSpecification","valueRequired":true,"valueName":"search_term_string"}}],"inLanguage":"de"},{"@type":"Organization","@id":"https:\/\/cabinet-vigier.com\/fr\/#organization","name":"Cabinet Vigier","url":"https:\/\/cabinet-vigier.com\/fr\/","logo":{"@type":"ImageObject","inLanguage":"de","@id":"https:\/\/cabinet-vigier.com\/fr\/#\/schema\/logo\/image\/","url":"https:\/\/cabinet-vigier.com\/wp-content\/uploads\/2017\/08\/cropped-AV-Logo-DF-ult10-500x.jpg","contentUrl":"https:\/\/cabinet-vigier.com\/wp-content\/uploads\/2017\/08\/cropped-AV-Logo-DF-ult10-500x.jpg","width":500,"height":100,"caption":"Cabinet Vigier"},"image":{"@id":"https:\/\/cabinet-vigier.com\/fr\/#\/schema\/logo\/image\/"}}]}},"_links":{"self":[{"href":"https:\/\/cabinet-vigier.com\/de\/wp-json\/wp\/v2\/pages\/896","targetHints":{"allow":["GET"]}}],"collection":[{"href":"https:\/\/cabinet-vigier.com\/de\/wp-json\/wp\/v2\/pages"}],"about":[{"href":"https:\/\/cabinet-vigier.com\/de\/wp-json\/wp\/v2\/types\/page"}],"author":[{"embeddable":true,"href":"https:\/\/cabinet-vigier.com\/de\/wp-json\/wp\/v2\/users\/2"}],"replies":[{"embeddable":true,"href":"https:\/\/cabinet-vigier.com\/de\/wp-json\/wp\/v2\/comments?post=896"}],"version-history":[{"count":1,"href":"https:\/\/cabinet-vigier.com\/de\/wp-json\/wp\/v2\/pages\/896\/revisions"}],"predecessor-version":[{"id":897,"href":"https:\/\/cabinet-vigier.com\/de\/wp-json\/wp\/v2\/pages\/896\/revisions\/897"}],"wp:attachment":[{"href":"https:\/\/cabinet-vigier.com\/de\/wp-json\/wp\/v2\/media?parent=896"}],"curies":[{"name":"wp","href":"https:\/\/api.w.org\/{rel}","templated":true}]}}