{"id":1044,"date":"2018-01-17T18:11:02","date_gmt":"2018-01-17T17:11:02","guid":{"rendered":"http:\/\/www.cabinet-vigier.com\/?page_id=1044"},"modified":"2018-04-12T13:23:51","modified_gmt":"2018-04-12T11:23:51","slug":"datenschutzerklaerung","status":"publish","type":"page","link":"https:\/\/cabinet-vigier.com\/fr\/datenschutzerklaerung\/","title":{"rendered":"Protection des donn\u00e9es"},"content":{"rendered":"<p>En tant qu\u2019exploitant de ce site, le<\/p>\n<p>CABINET VIGIER<br \/>\nArmin Vigier<br \/>\nRechtsanwalt<br \/>\nAvocat au Barreau<br \/>\n\u00d6ffentlich bestellter und allgemein beeidigter \u00dcbersetzer f\u00fcr die franz\u00f6sische Sprache<\/p>\n<p>Herzog Wilhelm Stra\u00dfe 10\/IV,\u00a0 80331 M\u00fcnchen<br \/>\nTel.:+ 49 (0)89 215 40 625<br \/>\nFax : +49 (0)89 215 40 627<br \/>\nE-mail: <a href=\"mailto:mail@cabinet-vigier.com\">mail@cabinet-vigier.com<\/a><\/p>\n<p>prend la protection de vos donn\u00e9es personnelles tr\u00e8s au s\u00e9rieux.<\/p>\n<p>Nous traitons vos donn\u00e9es personnelles en toute confidentialit\u00e9, conform\u00e9ment aux dispositions l\u00e9gales sur la protection des donn\u00e9es et \u00e0 pr\u00e9sente d\u00e9claration de protection des donn\u00e9es.<\/p>\n<p>L\u2019utilisation de notre site Web est g\u00e9n\u00e9ralement possible sans devoir fournir de renseignements personnels. Autant que possible, la collecte de donn\u00e9es personnelles (telles que le nom, l\u2019adresse ou l\u2019adresse e-mail) se fait sur une base volontaire. Ces donn\u00e9es ne seront pas transmises \u00e0 des tiers sans votre consentement explicite.<\/p>\n<p>Nous rappelons que la transmission de donn\u00e9es par Internet (par exemple, lors de la communication par e-mail) comprend des risques de s\u00e9curit\u00e9 intrins\u00e8ques. Il nous est impossible d\u2019assurer une protection sans faille des donn\u00e9es contre l\u2019acc\u00e8s de tiers.<\/p>\n<p><strong>D\u00e9claration de confidentialit\u00e9 pour l\u2019utilisation de Google Analytics<\/strong><\/p>\n<p>Le pr\u00e9sent site Internet utilise les services d\u2019analyse Web de Google Analytics. Le prestataire de ces services est Google Inc. 1600 Amphitheatre Parkway Mountain View, CA 94043, \u00c9tats-Unis. Google Analytics utilise ce que l\u2019on appelle des \u00ab cookies \u00bb, des fichiers-texte enregistr\u00e9s sur votre ordinateur permettant d\u2019analyser votre utilisation du site Internet. Les informations g\u00e9n\u00e9r\u00e9es par le cookie sur votre utilisation du site Internet (y compris votre adresse IP) sont g\u00e9n\u00e9ralement transmises \u00e0 un serveur de Google aux \u00c9tats-Unis, o\u00f9 elles sont stock\u00e9es.<\/p>\n<p>Vous trouverez de plus amples informations concernant les conditions d\u2019utilisation et la protection des donn\u00e9es personnelles par Google Analytics \u00e0 l\u2019adresse suivante: <a href=\"http:\/\/www.google.com\/analytics\/terms\/fr.html\" target=\"_blank\" rel=\"noopener\">www.google.com\/analytics\/terms\/fr.html<\/a> ainsi que sur:\u00a0<a href=\"https:\/\/www.google.de\/intl\/fr\/policies\/\" target=\"_blank\" rel=\"noopener\">https:\/\/www.google.de\/intl\/fr\/policies\/<\/a>. Nous vous informons \u00e9galement que sur notre site, Google Analytics utilise la fonction d\u2019anonymisation \u00abanonymizeIp\u00bb pour n\u2019autoriser la collecte des adresses IP que dans une version anonyme.<\/p>\n<p>Dans le cas d\u2019activation de l\u2019anonymisation votre l\u2019adresse IP sur ce site, celle-ci sera tronqu\u00e9e dans les \u00c9tats membres de l\u2019Union Europ\u00e9enne et dans les autres \u00e9tats faisant partie de l\u2019accord sur l\u2019Espace \u0090\u00e9conomique europ\u00e9en. En fait, ce n\u2019est que dans des cas exceptionnels que votre adresse IP compl\u00e8te est transmise \u00e0 un serveur de Google aux \u00c9tats-Unis, o\u00f9 elle sera raccourcie. Google utilisera ces informations pour analyser votre utilisation du site Internet, pour \u00e9tablir des rapports sur les activit\u00e9s du site Internet \u00e0 l\u2019intention des exploitants, et en vue d\u2019assurer d\u2019autres prestations \u00e9galement li\u00e9es \u00e0 l\u2019utilisation du site Web et de l\u2019Internet. L\u2019adresse IP transmise par votre navigateur dans le cadre de Google Analytics ne sera pas associ\u00e9e \u00e0 d\u2019autres donn\u00e9es de Google.<\/p>\n<p>Le param\u00e9trage de votre logiciel de navigation peut vous permettre d\u2019\u00e9viter l\u2019installation de cookies. Veuillez toutefois noter que, dans ce cas, vous ne pourrez pas utiliser l\u2019int\u00e9gralit\u00e9 des fonctions du pr\u00e9sent site Internet. Vous pouvez en outre emp\u00eacher l\u2019enregistrement \u00e0 destination de Google des donn\u00e9es g\u00e9n\u00e9r\u00e9es par le cookie concernant votre utilisation du site Internet (y compris votre adresse IP) ainsi que le traitement de ces donn\u00e9es par Google en t\u00e9l\u00e9chargeant et en installant le plug-in de navigateur fourni sous le lien suivant : <a href=\"http:\/\/tools.google.com\/dlpage\/gaoptout?hl=de\">https:\/\/tools.google.com\/dlpage\/gaoptout?hl=fr <\/a><\/p>\n<p>Alternativement \u00e0 l&rsquo;installation de ce plug-in, vous pouvez pr\u00e9venir la collecte de donn\u00e9es par Google Analytics en cliquant sur le ci-apr\u00e8s &#8211; un cookie \u00ab\u00a0opt-out\u00a0\u00bb sera alors install\u00e9 pour pr\u00e9venir la collecte future de vos donn\u00e9es lors de vos visites sur ce site: : <a class=\"gaoo-opt-out google-analytics-opt-out\" href=\"javascript:gaoop_analytics_optout();\">Click here to opt-out.<\/a><\/p>\n<p><strong>Cookies<\/strong><\/p>\n<p>Nos pages Internet font appel \u00e0 ce qu\u2019on appelle des cookies. Les cookies ne pr\u00e9sentent aucun risque pour votre ordinateur et ne contiennent pas de virus. Les cookies sont utilis\u00e9s pour rendre notre offre plus conviviale, plus efficace et plus s\u00fbre. Les cookies sont de petits fichiers texte qui peuvent \u00eatre d\u00e9pos\u00e9s dans la m\u00e9moire du navigateur Internet sur l\u2019ordinateur utilis\u00e9.<\/p>\n<p>La plupart des cookies que nous utilisons sont des \u00ab cookies de session \u00bb. Ils sont supprim\u00e9s automatiquement apr\u00e8s votre visite. D\u2019autres cookies restent stock\u00e9s sur votre machine jusqu\u2019\u00e0 ce que vous les supprimiez. Ces cookies nous permettent de reconna\u00eetre votre navigateur lors de votre prochaine visite.<\/p>\n<p>Vous pouvez configurer votre navigateur afin d\u2019\u00eatre inform\u00e9 sur l\u2019utilisation des cookies et de ne les autoriser qu\u2019exceptionnellement, pour activer certaines fonctions, ou les exclure compl\u00e8tement ainsi que les supprimer automatiquement lorsque vous quittez votre navigateur. Lorsque les cookies sont d\u00e9sactiv\u00e9s, les fonctionnalit\u00e9s de ce site Web peuvent \u00eatre limit\u00e9es.<\/p>\n<p><strong>Formulaire de contact<\/strong><\/p>\n<p>Lorsque vous nous envoyez une demande de renseignements au moyen du formulaire de contact, les donn\u00e9es de contact que vous y avez saisies sont stock\u00e9es afin de permettre le traitement de votre demande et d\u2019en assurer le suivi. Ces donn\u00e9es ne seront pas divulgu\u00e9es \u00e0 des tiers sans votre consentement.<\/p>\n<p><strong>Information sur-, suppression et blocage de- vos donn\u00e9es<\/strong><\/p>\n<p>Vous avez toujours le droit \u00e0 une information transparente sur vos donn\u00e9es personnelles enregistr\u00e9es, leur origine, leur destination et l\u2019objet de leur traitement. Vous avez aussi le droit de corriger, bloquer ou supprimer ces donn\u00e9es. Si vous avez des questions relatives \u00e0 vos donn\u00e9es personnelles, vous pouvez toujours nous contacter \u00e0 l\u2019adresse indiqu\u00e9e au d\u00e9but des pr\u00e9sentes mentions l\u00e9gales.<\/p>\n<p>&nbsp;<\/p>\n","protected":false},"excerpt":{"rendered":"<p>En tant qu\u2019exploitant de ce site, le CABINET VIGIER Armin Vigier Rechtsanwalt Avocat au Barreau \u00d6ffentlich bestellter und allgemein beeidigter \u00dcbersetzer f\u00fcr die franz\u00f6sische Sprache Herzog Wilhelm Stra\u00dfe 10\/IV,\u00a0 80331 M\u00fcnchen Tel.:+ 49 (0)89 215 40 625 Fax : +49 (0)89 215 40 627 E-mail: mail@cabinet-vigier.com prend la protection de vos donn\u00e9es personnelles tr\u00e8s au &#8230; <a title=\"Protection des donn\u00e9es\" class=\"read-more\" href=\"https:\/\/cabinet-vigier.com\/fr\/datenschutzerklaerung\/\" aria-label=\"Plus sur Protection des donn\u00e9es\">Weiterlesen &#8230;<\/a><\/p>\n","protected":false},"author":2,"featured_media":0,"parent":0,"menu_order":0,"comment_status":"closed","ping_status":"closed","template":"","meta":{"_monsterinsights_skip_tracking":false,"_monsterinsights_sitenote_active":false,"_monsterinsights_sitenote_note":"","_monsterinsights_sitenote_category":0,"_uf_show_specific_survey":0,"_uf_disable_surveys":false,"generate_page_header":"","footnotes":""},"class_list":["post-1044","page","type-page","status-publish"],"yoast_head":"<!-- This site is optimized with the Yoast SEO plugin v24.5 - https:\/\/yoast.com\/wordpress\/plugins\/seo\/ -->\n<title>Protection des donn\u00e9es - Cabinet Vigier<\/title>\n<meta name=\"robots\" content=\"index, follow, max-snippet:-1, max-image-preview:large, max-video-preview:-1\" \/>\n<link rel=\"canonical\" href=\"https:\/\/cabinet-vigier.com\/de\/datenschutzerklaerung\/\" \/>\n<meta property=\"og:locale\" content=\"fr_FR\" \/>\n<meta property=\"og:type\" content=\"article\" \/>\n<meta property=\"og:title\" content=\"Protection des donn\u00e9es - Cabinet Vigier\" \/>\n<meta property=\"og:description\" content=\"En tant qu\u2019exploitant de ce site, le CABINET VIGIER Armin Vigier Rechtsanwalt Avocat au Barreau \u00d6ffentlich bestellter und allgemein beeidigter \u00dcbersetzer f\u00fcr die franz\u00f6sische Sprache Herzog Wilhelm Stra\u00dfe 10\/IV,\u00a0 80331 M\u00fcnchen Tel.:+ 49 (0)89 215 40 625 Fax : +49 (0)89 215 40 627 E-mail: mail@cabinet-vigier.com prend la protection de vos donn\u00e9es personnelles tr\u00e8s au ... Weiterlesen ...\" \/>\n<meta property=\"og:url\" content=\"https:\/\/cabinet-vigier.com\/de\/datenschutzerklaerung\/\" \/>\n<meta property=\"og:site_name\" content=\"Cabinet Vigier\" \/>\n<meta property=\"article:modified_time\" content=\"2018-04-12T11:23:51+00:00\" \/>\n<meta name=\"twitter:card\" content=\"summary_large_image\" \/>\n<meta name=\"twitter:label1\" content=\"Dur\u00e9e de lecture estim\u00e9e\" \/>\n\t<meta name=\"twitter:data1\" content=\"5 minutes\" \/>\n<script type=\"application\/ld+json\" class=\"yoast-schema-graph\">{\"@context\":\"https:\/\/schema.org\",\"@graph\":[{\"@type\":\"WebPage\",\"@id\":\"https:\/\/cabinet-vigier.com\/de\/datenschutzerklaerung\/\",\"url\":\"https:\/\/cabinet-vigier.com\/de\/datenschutzerklaerung\/\",\"name\":\"Protection des donn\u00e9es - Cabinet Vigier\",\"isPartOf\":{\"@id\":\"https:\/\/cabinet-vigier.com\/fr\/#website\"},\"datePublished\":\"2018-01-17T17:11:02+00:00\",\"dateModified\":\"2018-04-12T11:23:51+00:00\",\"breadcrumb\":{\"@id\":\"https:\/\/cabinet-vigier.com\/de\/datenschutzerklaerung\/#breadcrumb\"},\"inLanguage\":\"fr-FR\",\"potentialAction\":[{\"@type\":\"ReadAction\",\"target\":[\"https:\/\/cabinet-vigier.com\/de\/datenschutzerklaerung\/\"]}]},{\"@type\":\"BreadcrumbList\",\"@id\":\"https:\/\/cabinet-vigier.com\/de\/datenschutzerklaerung\/#breadcrumb\",\"itemListElement\":[{\"@type\":\"ListItem\",\"position\":1,\"name\":\"Startseite\",\"item\":\"https:\/\/cabinet-vigier.com\/fr\/\"},{\"@type\":\"ListItem\",\"position\":2,\"name\":\"Protection des donn\u00e9es\"}]},{\"@type\":\"WebSite\",\"@id\":\"https:\/\/cabinet-vigier.com\/fr\/#website\",\"url\":\"https:\/\/cabinet-vigier.com\/fr\/\",\"name\":\"Cabinet Vigier\",\"description\":\"Deutsch-franz\u00f6sische Anwaltskanzlei - Cabinet d&#039;avocats franco allemand\",\"publisher\":{\"@id\":\"https:\/\/cabinet-vigier.com\/fr\/#organization\"},\"potentialAction\":[{\"@type\":\"SearchAction\",\"target\":{\"@type\":\"EntryPoint\",\"urlTemplate\":\"https:\/\/cabinet-vigier.com\/fr\/?s={search_term_string}\"},\"query-input\":{\"@type\":\"PropertyValueSpecification\",\"valueRequired\":true,\"valueName\":\"search_term_string\"}}],\"inLanguage\":\"fr-FR\"},{\"@type\":\"Organization\",\"@id\":\"https:\/\/cabinet-vigier.com\/fr\/#organization\",\"name\":\"Cabinet Vigier\",\"url\":\"https:\/\/cabinet-vigier.com\/fr\/\",\"logo\":{\"@type\":\"ImageObject\",\"inLanguage\":\"fr-FR\",\"@id\":\"https:\/\/cabinet-vigier.com\/fr\/#\/schema\/logo\/image\/\",\"url\":\"https:\/\/cabinet-vigier.com\/wp-content\/uploads\/2017\/08\/cropped-AV-Logo-DF-ult10-500x.jpg\",\"contentUrl\":\"https:\/\/cabinet-vigier.com\/wp-content\/uploads\/2017\/08\/cropped-AV-Logo-DF-ult10-500x.jpg\",\"width\":500,\"height\":100,\"caption\":\"Cabinet Vigier\"},\"image\":{\"@id\":\"https:\/\/cabinet-vigier.com\/fr\/#\/schema\/logo\/image\/\"}}]}<\/script>\n<!-- \/ Yoast SEO plugin. -->","yoast_head_json":{"title":"Protection des donn\u00e9es - Cabinet Vigier","robots":{"index":"index","follow":"follow","max-snippet":"max-snippet:-1","max-image-preview":"max-image-preview:large","max-video-preview":"max-video-preview:-1"},"canonical":"https:\/\/cabinet-vigier.com\/de\/datenschutzerklaerung\/","og_locale":"fr_FR","og_type":"article","og_title":"Protection des donn\u00e9es - Cabinet Vigier","og_description":"En tant qu\u2019exploitant de ce site, le CABINET VIGIER Armin Vigier Rechtsanwalt Avocat au Barreau \u00d6ffentlich bestellter und allgemein beeidigter \u00dcbersetzer f\u00fcr die franz\u00f6sische Sprache Herzog Wilhelm Stra\u00dfe 10\/IV,\u00a0 80331 M\u00fcnchen Tel.:+ 49 (0)89 215 40 625 Fax : +49 (0)89 215 40 627 E-mail: mail@cabinet-vigier.com prend la protection de vos donn\u00e9es personnelles tr\u00e8s au ... Weiterlesen ...","og_url":"https:\/\/cabinet-vigier.com\/de\/datenschutzerklaerung\/","og_site_name":"Cabinet Vigier","article_modified_time":"2018-04-12T11:23:51+00:00","twitter_card":"summary_large_image","twitter_misc":{"Dur\u00e9e de lecture estim\u00e9e":"5 minutes"},"schema":{"@context":"https:\/\/schema.org","@graph":[{"@type":"WebPage","@id":"https:\/\/cabinet-vigier.com\/de\/datenschutzerklaerung\/","url":"https:\/\/cabinet-vigier.com\/de\/datenschutzerklaerung\/","name":"Protection des donn\u00e9es - Cabinet Vigier","isPartOf":{"@id":"https:\/\/cabinet-vigier.com\/fr\/#website"},"datePublished":"2018-01-17T17:11:02+00:00","dateModified":"2018-04-12T11:23:51+00:00","breadcrumb":{"@id":"https:\/\/cabinet-vigier.com\/de\/datenschutzerklaerung\/#breadcrumb"},"inLanguage":"fr-FR","potentialAction":[{"@type":"ReadAction","target":["https:\/\/cabinet-vigier.com\/de\/datenschutzerklaerung\/"]}]},{"@type":"BreadcrumbList","@id":"https:\/\/cabinet-vigier.com\/de\/datenschutzerklaerung\/#breadcrumb","itemListElement":[{"@type":"ListItem","position":1,"name":"Startseite","item":"https:\/\/cabinet-vigier.com\/fr\/"},{"@type":"ListItem","position":2,"name":"Protection des donn\u00e9es"}]},{"@type":"WebSite","@id":"https:\/\/cabinet-vigier.com\/fr\/#website","url":"https:\/\/cabinet-vigier.com\/fr\/","name":"Cabinet Vigier","description":"Deutsch-franz\u00f6sische Anwaltskanzlei - Cabinet d&#039;avocats franco allemand","publisher":{"@id":"https:\/\/cabinet-vigier.com\/fr\/#organization"},"potentialAction":[{"@type":"SearchAction","target":{"@type":"EntryPoint","urlTemplate":"https:\/\/cabinet-vigier.com\/fr\/?s={search_term_string}"},"query-input":{"@type":"PropertyValueSpecification","valueRequired":true,"valueName":"search_term_string"}}],"inLanguage":"fr-FR"},{"@type":"Organization","@id":"https:\/\/cabinet-vigier.com\/fr\/#organization","name":"Cabinet Vigier","url":"https:\/\/cabinet-vigier.com\/fr\/","logo":{"@type":"ImageObject","inLanguage":"fr-FR","@id":"https:\/\/cabinet-vigier.com\/fr\/#\/schema\/logo\/image\/","url":"https:\/\/cabinet-vigier.com\/wp-content\/uploads\/2017\/08\/cropped-AV-Logo-DF-ult10-500x.jpg","contentUrl":"https:\/\/cabinet-vigier.com\/wp-content\/uploads\/2017\/08\/cropped-AV-Logo-DF-ult10-500x.jpg","width":500,"height":100,"caption":"Cabinet Vigier"},"image":{"@id":"https:\/\/cabinet-vigier.com\/fr\/#\/schema\/logo\/image\/"}}]}},"_links":{"self":[{"href":"https:\/\/cabinet-vigier.com\/fr\/wp-json\/wp\/v2\/pages\/1044","targetHints":{"allow":["GET"]}}],"collection":[{"href":"https:\/\/cabinet-vigier.com\/fr\/wp-json\/wp\/v2\/pages"}],"about":[{"href":"https:\/\/cabinet-vigier.com\/fr\/wp-json\/wp\/v2\/types\/page"}],"author":[{"embeddable":true,"href":"https:\/\/cabinet-vigier.com\/fr\/wp-json\/wp\/v2\/users\/2"}],"replies":[{"embeddable":true,"href":"https:\/\/cabinet-vigier.com\/fr\/wp-json\/wp\/v2\/comments?post=1044"}],"version-history":[{"count":6,"href":"https:\/\/cabinet-vigier.com\/fr\/wp-json\/wp\/v2\/pages\/1044\/revisions"}],"predecessor-version":[{"id":1078,"href":"https:\/\/cabinet-vigier.com\/fr\/wp-json\/wp\/v2\/pages\/1044\/revisions\/1078"}],"wp:attachment":[{"href":"https:\/\/cabinet-vigier.com\/fr\/wp-json\/wp\/v2\/media?parent=1044"}],"curies":[{"name":"wp","href":"https:\/\/api.w.org\/{rel}","templated":true}]}}