{"id":579,"date":"2017-09-11T01:21:30","date_gmt":"2017-09-10T23:21:30","guid":{"rendered":"http:\/\/www.cabinet-vigier.com\/accueil\/"},"modified":"2021-07-28T14:42:18","modified_gmt":"2021-07-28T12:42:18","slug":"accueil","status":"publish","type":"page","link":"https:\/\/cabinet-vigier.com\/fr\/","title":{"rendered":"Accueil"},"content":{"rendered":"\t\t<div data-elementor-type=\"wp-post\" data-elementor-id=\"579\" class=\"elementor elementor-579 elementor-74\" data-elementor-post-type=\"page\">\n\t\t\t\t\t\t<section class=\"elementor-section elementor-top-section elementor-element elementor-element-fpxjsvm elementor-section-full_width elementor-section-height-default elementor-section-height-default\" data-id=\"fpxjsvm\" data-element_type=\"section\">\n\t\t\t\t\t\t<div class=\"elementor-container elementor-column-gap-no\">\n\t\t\t\t\t<div class=\"elementor-column elementor-col-100 elementor-top-column elementor-element elementor-element-sdnkvzs\" data-id=\"sdnkvzs\" data-element_type=\"column\">\n\t\t\t<div class=\"elementor-widget-wrap elementor-element-populated\">\n\t\t\t\t\t\t<div class=\"elementor-element elementor-element-j41kr7n elementor--h-position-center elementor--v-position-middle elementor-arrows-position-inside elementor-pagination-position-inside elementor-invisible elementor-widget elementor-widget-slides\" data-id=\"j41kr7n\" data-element_type=\"widget\" data-settings=\"{&quot;_animation&quot;:&quot;fadeIn&quot;,&quot;navigation&quot;:&quot;both&quot;,&quot;autoplay&quot;:&quot;yes&quot;,&quot;pause_on_hover&quot;:&quot;yes&quot;,&quot;pause_on_interaction&quot;:&quot;yes&quot;,&quot;autoplay_speed&quot;:5000,&quot;infinite&quot;:&quot;yes&quot;,&quot;transition&quot;:&quot;slide&quot;,&quot;transition_speed&quot;:500}\" data-widget_type=\"slides.default\">\n\t\t\t\t<div class=\"elementor-widget-container\">\n\t\t\t\t\t\t\t\t\t<div class=\"elementor-swiper\">\n\t\t\t\t\t<div class=\"elementor-slides-wrapper elementor-main-swiper swiper\" role=\"region\" aria-roledescription=\"carousel\" aria-label=\"Diapositives\" dir=\"ltr\" data-animation=\"fadeInUp\">\n\t\t\t\t<div class=\"swiper-wrapper elementor-slides\">\n\t\t\t\t\t\t\t\t\t\t<div class=\"elementor-repeater-item-528i7jh swiper-slide\" role=\"group\" aria-roledescription=\"slide\"><div class=\"swiper-slide-bg\" role=\"img\"><\/div><a class=\"swiper-slide-inner\" href=\"https:\/\/cabinet-vigier.com\/fr\/droit-immobilier-allemand\/\"><div class=\"swiper-slide-contents\"><div class=\"elementor-slide-heading\">DROIT IMMOBILIER ALLEMAND<\/div><div class=\"elementor-slide-description\">Nous vous accompagnons dans le cadre de votre acquisition ou vente immobili\u00e8re en Allemagne. Nous assurons votre structuration fiscale et patrimoniale et nous vous apportons assistance juridique dans toutes les questions relatives \u00e0 votre bien immobilier ou soci\u00e9t\u00e9 immobili\u00e8re en Allemagne.<\/div><div  class=\"elementor-button elementor-slide-button elementor-size-sm\">En savoir plus<\/div><\/div><\/a><\/div><div class=\"elementor-repeater-item-akngvxq swiper-slide\" role=\"group\" aria-roledescription=\"slide\"><div class=\"swiper-slide-bg\" role=\"img\"><\/div><a class=\"swiper-slide-inner\" href=\"https:\/\/cabinet-vigier.com\/fr\/droit-allemand-des-societes\/\"><div class=\"swiper-slide-contents\"><div class=\"elementor-slide-heading\">DROIT ALLEMAND DES SOCIETES<\/div><div class=\"elementor-slide-description\">Nous vous assistons dans la cr\u00e9ation de votre soci\u00e9t\u00e9 en Allemagne et assurons le suivi juridique, quelle que soit sa taille et leur secteur d'activit\u00e9.<\/div><div  class=\"elementor-button elementor-slide-button elementor-size-sm\">En savoir plus<\/div><\/div><\/a><\/div><div class=\"elementor-repeater-item-vwyl170 swiper-slide\" role=\"group\" aria-roledescription=\"slide\"><div class=\"swiper-slide-bg\" role=\"img\"><\/div><a class=\"swiper-slide-inner\" href=\"https:\/\/cabinet-vigier.com\/fr\/succession-et-donations-en-allemagne\/\"><div class=\"swiper-slide-contents\"><div class=\"elementor-slide-heading\">DONATIONS ET SUCCESSIONS EN ALLEMAGNE<\/div><div class=\"elementor-slide-description\">Nous vous assistons et conseillons dans le cadre de successions et donations transfrontali\u00e8res franco-allemandes : \nr\u00e9daction d\u2019actes, r\u00e8glement de successions  et fiscalit\u00e9 successorale.<\/div><div  class=\"elementor-button elementor-slide-button elementor-size-sm\">En savoir plus<\/div><\/div><\/a><\/div><div class=\"elementor-repeater-item-9ka7h17 swiper-slide\" role=\"group\" aria-roledescription=\"slide\"><div class=\"swiper-slide-bg\" role=\"img\"><\/div><div class=\"elementor-background-overlay\"><\/div><a class=\"swiper-slide-inner\" href=\"https:\/\/cabinet-vigier.com\/fr\/droit-fiscal-allemand\/\"><div class=\"swiper-slide-contents\"><div class=\"elementor-slide-heading\">DROIT FISCAL ALLEMAND<\/div><div class=\"elementor-slide-description\">B\u00e9n\u00e9ficiez de notre exp\u00e9rience en mati\u00e8re de fiscalit\u00e9 allemande dans un contexte transfrontalier et d\u00e9couvrez des solutions\u00a0optimis\u00e9es et\u00a0adapt\u00e9es \u00e0 votre situation ainsi qu\u2019\u00e0 sa gestion courante : patrimoine, immobilier, successions et donations.<\/div><div  class=\"elementor-button elementor-slide-button elementor-size-sm\">En savoir plus<\/div><\/div><\/a><\/div><div class=\"elementor-repeater-item-z0mny24 swiper-slide\" role=\"group\" aria-roledescription=\"slide\"><div class=\"swiper-slide-bg\" role=\"img\"><\/div><div class=\"elementor-background-overlay\"><\/div><a class=\"swiper-slide-inner\" href=\"https:\/\/cabinet-vigier.com\/fr\/droit-allemand-de-la-distribution\/\"><div class=\"swiper-slide-contents\"><div class=\"elementor-slide-heading\">DROIT ALLEMAND DE LA DISTRIBUTION <\/div><div class=\"elementor-slide-description\">Nous conseillons les entreprises fran\u00e7aises dans le cadre de l\u2019organisation juridique et de l\u2019administration de leurs r\u00e9seaux de distribution en Allemagne.<\/div><div  class=\"elementor-button elementor-slide-button elementor-size-sm\">En savoir plus<\/div><\/div><\/a><\/div><div class=\"elementor-repeater-item-535y19n swiper-slide\" role=\"group\" aria-roledescription=\"slide\"><div class=\"swiper-slide-bg\" role=\"img\"><\/div><a class=\"swiper-slide-inner\" href=\"https:\/\/cabinet-vigier.com\/fr\/droit-social-allemand\/\"><div class=\"swiper-slide-contents\"><div class=\"elementor-slide-heading\">DROIT SOCIAL ALLEMAND<\/div><div class=\"elementor-slide-description\">Nous vous assistons et conseillons dans tous les domaines du droit allemand du travail que vous soyez employeur ou salari\u00e9.<\/div><div  class=\"elementor-button elementor-slide-button elementor-size-sm\">En savoir plus<\/div><\/div><\/a><\/div><div class=\"elementor-repeater-item-i7oh6ex swiper-slide\" role=\"group\" aria-roledescription=\"slide\"><div class=\"swiper-slide-bg\" role=\"img\"><\/div><a class=\"swiper-slide-inner\" href=\"https:\/\/cabinet-vigier.com\/fr\/droit-allemand-des-contrats\/\"><div class=\"swiper-slide-contents\"><div class=\"elementor-slide-heading\">DROIT ALLEMAND DES CONTRATS<\/div><div class=\"elementor-slide-description\">Nous apportons aux entreprises et particuliers conseil et assistance dans la pratique de n\u00e9gociation et r\u00e9daction des actes juridiques en droit allemand.<\/div><div  class=\"elementor-button elementor-slide-button elementor-size-sm\">En savoir plus<\/div><\/div><\/a><\/div><div class=\"elementor-repeater-item-n2pqh9v swiper-slide\" role=\"group\" aria-roledescription=\"slide\"><div class=\"swiper-slide-bg\" role=\"img\"><\/div><a class=\"swiper-slide-inner\" href=\"https:\/\/cabinet-vigier.com\/fr\/recouvrement-des-creances-en-allemagne\/\"><div class=\"swiper-slide-contents\"><div class=\"elementor-slide-heading\">RECOUVREMENT DE CREANCES EN ALLEMAGNE<\/div><div class=\"elementor-slide-description\">Nous nous chargeons du recouvrement de vos cr\u00e9ances contre vos d\u00e9biteurs allemands.<\/div><div  class=\"elementor-button elementor-slide-button elementor-size-sm\">En savoir plus<\/div><\/div><\/a><\/div><div class=\"elementor-repeater-item-vlxddju swiper-slide\" role=\"group\" aria-roledescription=\"slide\"><div class=\"swiper-slide-bg\" role=\"img\"><\/div><a class=\"swiper-slide-inner\" href=\"https:\/\/cabinet-vigier.com\/fr\/representation-devant-les-juridictions-allemandes\/\"><div class=\"swiper-slide-contents\"><div class=\"elementor-slide-heading\">CONTENTIEUX DEVANT LES JURIDICTIONS ALLEMANDES<\/div><div class=\"elementor-slide-description\">Nous assurons vos actions et votre d\u00e9fense devant les juridictions en Allemagne ainsi que l'ex\u00e9cution forc\u00e9e \u00e0 l'encontre de vos d\u00e9biteurs en Allemagne.\n<\/div><div  class=\"elementor-button elementor-slide-button elementor-size-sm\">En savoir plus<\/div><\/div><\/a><\/div>\t\t\t\t<\/div>\n\t\t\t\t\t\t\t\t\t\t\t\t\t\t\t<div class=\"elementor-swiper-button elementor-swiper-button-prev\" role=\"button\" tabindex=\"0\" aria-label=\"Diapositive pr\u00e9c\u00e9dente\">\n\t\t\t\t\t\t\t<i aria-hidden=\"true\" class=\"eicon-chevron-left\"><\/i>\t\t\t\t\t\t<\/div>\n\t\t\t\t\t\t<div class=\"elementor-swiper-button elementor-swiper-button-next\" role=\"button\" tabindex=\"0\" aria-label=\"Diapositive suivante\">\n\t\t\t\t\t\t\t<i aria-hidden=\"true\" class=\"eicon-chevron-right\"><\/i>\t\t\t\t\t\t<\/div>\n\t\t\t\t\t\t\t\t\t\t\t\t\t\t\t\t<div class=\"swiper-pagination\"><\/div>\n\t\t\t\t\t\t\t\t\t\t\t\t<\/div>\n\t\t\t\t<\/div>\n\t\t\t\t\t\t\t\t<\/div>\n\t\t\t\t<\/div>\n\t\t\t\t\t<\/div>\n\t\t<\/div>\n\t\t\t\t\t<\/div>\n\t\t<\/section>\n\t\t\t\t<section class=\"elementor-section elementor-top-section elementor-element elementor-element-xv9dzip elementor-section-boxed elementor-section-height-default elementor-section-height-default\" data-id=\"xv9dzip\" data-element_type=\"section\">\n\t\t\t\t\t\t<div class=\"elementor-container elementor-column-gap-default\">\n\t\t\t\t\t<div class=\"elementor-column elementor-col-100 elementor-top-column elementor-element elementor-element-37u8fgh\" data-id=\"37u8fgh\" data-element_type=\"column\">\n\t\t\t<div class=\"elementor-widget-wrap\">\n\t\t\t\t\t\t\t<\/div>\n\t\t<\/div>\n\t\t\t\t\t<\/div>\n\t\t<\/section>\n\t\t\t\t<section class=\"elementor-section elementor-top-section elementor-element elementor-element-4psy7ew elementor-section-boxed elementor-section-height-default elementor-section-height-default\" data-id=\"4psy7ew\" data-element_type=\"section\">\n\t\t\t\t\t\t<div class=\"elementor-container elementor-column-gap-default\">\n\t\t\t\t\t<div class=\"elementor-column elementor-col-100 elementor-top-column elementor-element elementor-element-ws3vtzs\" data-id=\"ws3vtzs\" data-element_type=\"column\">\n\t\t\t<div class=\"elementor-widget-wrap elementor-element-populated\">\n\t\t\t\t\t\t<section class=\"elementor-section elementor-inner-section elementor-element elementor-element-sj4bnko elementor-section-boxed elementor-section-height-default elementor-section-height-default\" data-id=\"sj4bnko\" data-element_type=\"section\">\n\t\t\t\t\t\t<div class=\"elementor-container elementor-column-gap-default\">\n\t\t\t\t\t<div class=\"elementor-column elementor-col-33 elementor-inner-column elementor-element elementor-element-p8uh7bb\" data-id=\"p8uh7bb\" data-element_type=\"column\">\n\t\t\t<div class=\"elementor-widget-wrap\">\n\t\t\t\t\t\t\t<\/div>\n\t\t<\/div>\n\t\t\t\t<div class=\"elementor-column elementor-col-33 elementor-inner-column elementor-element elementor-element-vkthsy0\" data-id=\"vkthsy0\" data-element_type=\"column\">\n\t\t\t<div class=\"elementor-widget-wrap\">\n\t\t\t\t\t\t\t<\/div>\n\t\t<\/div>\n\t\t\t\t<div class=\"elementor-column elementor-col-33 elementor-inner-column elementor-element elementor-element-4f2v3d5\" data-id=\"4f2v3d5\" data-element_type=\"column\">\n\t\t\t<div class=\"elementor-widget-wrap\">\n\t\t\t\t\t\t\t<\/div>\n\t\t<\/div>\n\t\t\t\t\t<\/div>\n\t\t<\/section>\n\t\t\t\t\t<\/div>\n\t\t<\/div>\n\t\t\t\t\t<\/div>\n\t\t<\/section>\n\t\t\t\t<section class=\"elementor-section elementor-top-section elementor-element elementor-element-knv10y2 elementor-section-boxed elementor-section-height-default elementor-section-height-default\" data-id=\"knv10y2\" data-element_type=\"section\">\n\t\t\t\t\t\t<div class=\"elementor-container elementor-column-gap-default\">\n\t\t\t\t\t<div class=\"elementor-column elementor-col-100 elementor-top-column elementor-element elementor-element-ii4k1qg\" data-id=\"ii4k1qg\" data-element_type=\"column\">\n\t\t\t<div class=\"elementor-widget-wrap elementor-element-populated\">\n\t\t\t\t\t\t<section class=\"elementor-section elementor-inner-section elementor-element elementor-element-73vpi94 elementor-section-boxed elementor-section-height-default elementor-section-height-default\" data-id=\"73vpi94\" data-element_type=\"section\">\n\t\t\t\t\t\t<div class=\"elementor-container elementor-column-gap-default\">\n\t\t\t\t\t<div class=\"elementor-column elementor-col-33 elementor-inner-column elementor-element elementor-element-bnow1ee\" data-id=\"bnow1ee\" data-element_type=\"column\">\n\t\t\t<div class=\"elementor-widget-wrap\">\n\t\t\t\t\t\t\t<\/div>\n\t\t<\/div>\n\t\t\t\t<div class=\"elementor-column elementor-col-33 elementor-inner-column elementor-element elementor-element-t7s75d8\" data-id=\"t7s75d8\" data-element_type=\"column\">\n\t\t\t<div class=\"elementor-widget-wrap\">\n\t\t\t\t\t\t\t<\/div>\n\t\t<\/div>\n\t\t\t\t<div class=\"elementor-column elementor-col-33 elementor-inner-column elementor-element elementor-element-ncledxb\" data-id=\"ncledxb\" data-element_type=\"column\">\n\t\t\t<div class=\"elementor-widget-wrap\">\n\t\t\t\t\t\t\t<\/div>\n\t\t<\/div>\n\t\t\t\t\t<\/div>\n\t\t<\/section>\n\t\t\t\t\t<\/div>\n\t\t<\/div>\n\t\t\t\t\t<\/div>\n\t\t<\/section>\n\t\t\t\t<\/div>\n\t\t","protected":false},"excerpt":{"rendered":"<p>DROIT IMMOBILIER ALLEMANDNous vous accompagnons dans le cadre de votre acquisition ou vente immobili\u00e8re en Allemagne. Nous assurons votre structuration fiscale et patrimoniale et nous vous apportons assistance juridique dans toutes les questions relatives \u00e0 votre bien immobilier ou soci\u00e9t\u00e9 immobili\u00e8re en Allemagne.En savoir plusDROIT ALLEMAND DES SOCIETESNous vous assistons dans la cr\u00e9ation de votre &#8230; <a title=\"Accueil\" class=\"read-more\" href=\"https:\/\/cabinet-vigier.com\/fr\/\" aria-label=\"Plus sur Accueil\">Weiterlesen &#8230;<\/a><\/p>\n","protected":false},"author":2,"featured_media":0,"parent":0,"menu_order":0,"comment_status":"closed","ping_status":"closed","template":"","meta":{"_monsterinsights_skip_tracking":false,"_monsterinsights_sitenote_active":false,"_monsterinsights_sitenote_note":"","_monsterinsights_sitenote_category":0,"_uf_show_specific_survey":0,"_uf_disable_surveys":false,"generate_page_header":"","footnotes":""},"class_list":["post-579","page","type-page","status-publish"],"yoast_head":"<!-- This site is optimized with the Yoast SEO plugin v24.5 - https:\/\/yoast.com\/wordpress\/plugins\/seo\/ -->\n<title>Accueil - Cabinet Vigier<\/title>\n<meta name=\"robots\" content=\"index, follow, max-snippet:-1, max-image-preview:large, max-video-preview:-1\" \/>\n<link rel=\"canonical\" href=\"https:\/\/cabinet-vigier.com\/fr\/\" \/>\n<meta property=\"og:locale\" content=\"fr_FR\" \/>\n<meta property=\"og:type\" content=\"article\" \/>\n<meta property=\"og:title\" content=\"Accueil - Cabinet Vigier\" \/>\n<meta property=\"og:description\" content=\"DROIT IMMOBILIER ALLEMANDNous vous accompagnons dans le cadre de votre acquisition ou vente immobili\u00e8re en Allemagne. Nous assurons votre structuration fiscale et patrimoniale et nous vous apportons assistance juridique dans toutes les questions relatives \u00e0 votre bien immobilier ou soci\u00e9t\u00e9 immobili\u00e8re en Allemagne.En savoir plusDROIT ALLEMAND DES SOCIETESNous vous assistons dans la cr\u00e9ation de votre ... Weiterlesen ...\" \/>\n<meta property=\"og:url\" content=\"https:\/\/cabinet-vigier.com\/fr\/\" \/>\n<meta property=\"og:site_name\" content=\"Cabinet Vigier\" \/>\n<meta property=\"article:modified_time\" content=\"2021-07-28T12:42:18+00:00\" \/>\n<meta name=\"twitter:card\" content=\"summary_large_image\" \/>\n<meta name=\"twitter:label1\" content=\"Dur\u00e9e de lecture estim\u00e9e\" \/>\n\t<meta name=\"twitter:data1\" content=\"4 minutes\" \/>\n<script type=\"application\/ld+json\" class=\"yoast-schema-graph\">{\"@context\":\"https:\/\/schema.org\",\"@graph\":[{\"@type\":\"WebPage\",\"@id\":\"https:\/\/cabinet-vigier.com\/fr\/\",\"url\":\"https:\/\/cabinet-vigier.com\/fr\/\",\"name\":\"Accueil - Cabinet Vigier\",\"isPartOf\":{\"@id\":\"https:\/\/cabinet-vigier.com\/fr\/#website\"},\"datePublished\":\"2017-09-10T23:21:30+00:00\",\"dateModified\":\"2021-07-28T12:42:18+00:00\",\"breadcrumb\":{\"@id\":\"https:\/\/cabinet-vigier.com\/fr\/#breadcrumb\"},\"inLanguage\":\"fr-FR\",\"potentialAction\":[{\"@type\":\"ReadAction\",\"target\":[\"https:\/\/cabinet-vigier.com\/fr\/\"]}]},{\"@type\":\"BreadcrumbList\",\"@id\":\"https:\/\/cabinet-vigier.com\/fr\/#breadcrumb\",\"itemListElement\":[{\"@type\":\"ListItem\",\"position\":1,\"name\":\"Startseite\",\"item\":\"https:\/\/cabinet-vigier.com\/fr\/\"},{\"@type\":\"ListItem\",\"position\":2,\"name\":\"Accueil\"}]},{\"@type\":\"WebSite\",\"@id\":\"https:\/\/cabinet-vigier.com\/fr\/#website\",\"url\":\"https:\/\/cabinet-vigier.com\/fr\/\",\"name\":\"Cabinet Vigier\",\"description\":\"Deutsch-franz\u00f6sische Anwaltskanzlei - Cabinet d&#039;avocats franco allemand\",\"publisher\":{\"@id\":\"https:\/\/cabinet-vigier.com\/fr\/#organization\"},\"potentialAction\":[{\"@type\":\"SearchAction\",\"target\":{\"@type\":\"EntryPoint\",\"urlTemplate\":\"https:\/\/cabinet-vigier.com\/fr\/?s={search_term_string}\"},\"query-input\":{\"@type\":\"PropertyValueSpecification\",\"valueRequired\":true,\"valueName\":\"search_term_string\"}}],\"inLanguage\":\"fr-FR\"},{\"@type\":\"Organization\",\"@id\":\"https:\/\/cabinet-vigier.com\/fr\/#organization\",\"name\":\"Cabinet Vigier\",\"url\":\"https:\/\/cabinet-vigier.com\/fr\/\",\"logo\":{\"@type\":\"ImageObject\",\"inLanguage\":\"fr-FR\",\"@id\":\"https:\/\/cabinet-vigier.com\/fr\/#\/schema\/logo\/image\/\",\"url\":\"https:\/\/cabinet-vigier.com\/wp-content\/uploads\/2017\/08\/cropped-AV-Logo-DF-ult10-500x.jpg\",\"contentUrl\":\"https:\/\/cabinet-vigier.com\/wp-content\/uploads\/2017\/08\/cropped-AV-Logo-DF-ult10-500x.jpg\",\"width\":500,\"height\":100,\"caption\":\"Cabinet Vigier\"},\"image\":{\"@id\":\"https:\/\/cabinet-vigier.com\/fr\/#\/schema\/logo\/image\/\"}}]}<\/script>\n<!-- \/ Yoast SEO plugin. -->","yoast_head_json":{"title":"Accueil - Cabinet Vigier","robots":{"index":"index","follow":"follow","max-snippet":"max-snippet:-1","max-image-preview":"max-image-preview:large","max-video-preview":"max-video-preview:-1"},"canonical":"https:\/\/cabinet-vigier.com\/fr\/","og_locale":"fr_FR","og_type":"article","og_title":"Accueil - Cabinet Vigier","og_description":"DROIT IMMOBILIER ALLEMANDNous vous accompagnons dans le cadre de votre acquisition ou vente immobili\u00e8re en Allemagne. Nous assurons votre structuration fiscale et patrimoniale et nous vous apportons assistance juridique dans toutes les questions relatives \u00e0 votre bien immobilier ou soci\u00e9t\u00e9 immobili\u00e8re en Allemagne.En savoir plusDROIT ALLEMAND DES SOCIETESNous vous assistons dans la cr\u00e9ation de votre ... Weiterlesen ...","og_url":"https:\/\/cabinet-vigier.com\/fr\/","og_site_name":"Cabinet Vigier","article_modified_time":"2021-07-28T12:42:18+00:00","twitter_card":"summary_large_image","twitter_misc":{"Dur\u00e9e de lecture estim\u00e9e":"4 minutes"},"schema":{"@context":"https:\/\/schema.org","@graph":[{"@type":"WebPage","@id":"https:\/\/cabinet-vigier.com\/fr\/","url":"https:\/\/cabinet-vigier.com\/fr\/","name":"Accueil - Cabinet Vigier","isPartOf":{"@id":"https:\/\/cabinet-vigier.com\/fr\/#website"},"datePublished":"2017-09-10T23:21:30+00:00","dateModified":"2021-07-28T12:42:18+00:00","breadcrumb":{"@id":"https:\/\/cabinet-vigier.com\/fr\/#breadcrumb"},"inLanguage":"fr-FR","potentialAction":[{"@type":"ReadAction","target":["https:\/\/cabinet-vigier.com\/fr\/"]}]},{"@type":"BreadcrumbList","@id":"https:\/\/cabinet-vigier.com\/fr\/#breadcrumb","itemListElement":[{"@type":"ListItem","position":1,"name":"Startseite","item":"https:\/\/cabinet-vigier.com\/fr\/"},{"@type":"ListItem","position":2,"name":"Accueil"}]},{"@type":"WebSite","@id":"https:\/\/cabinet-vigier.com\/fr\/#website","url":"https:\/\/cabinet-vigier.com\/fr\/","name":"Cabinet Vigier","description":"Deutsch-franz\u00f6sische Anwaltskanzlei - Cabinet d&#039;avocats franco allemand","publisher":{"@id":"https:\/\/cabinet-vigier.com\/fr\/#organization"},"potentialAction":[{"@type":"SearchAction","target":{"@type":"EntryPoint","urlTemplate":"https:\/\/cabinet-vigier.com\/fr\/?s={search_term_string}"},"query-input":{"@type":"PropertyValueSpecification","valueRequired":true,"valueName":"search_term_string"}}],"inLanguage":"fr-FR"},{"@type":"Organization","@id":"https:\/\/cabinet-vigier.com\/fr\/#organization","name":"Cabinet Vigier","url":"https:\/\/cabinet-vigier.com\/fr\/","logo":{"@type":"ImageObject","inLanguage":"fr-FR","@id":"https:\/\/cabinet-vigier.com\/fr\/#\/schema\/logo\/image\/","url":"https:\/\/cabinet-vigier.com\/wp-content\/uploads\/2017\/08\/cropped-AV-Logo-DF-ult10-500x.jpg","contentUrl":"https:\/\/cabinet-vigier.com\/wp-content\/uploads\/2017\/08\/cropped-AV-Logo-DF-ult10-500x.jpg","width":500,"height":100,"caption":"Cabinet Vigier"},"image":{"@id":"https:\/\/cabinet-vigier.com\/fr\/#\/schema\/logo\/image\/"}}]}},"_links":{"self":[{"href":"https:\/\/cabinet-vigier.com\/fr\/wp-json\/wp\/v2\/pages\/579","targetHints":{"allow":["GET"]}}],"collection":[{"href":"https:\/\/cabinet-vigier.com\/fr\/wp-json\/wp\/v2\/pages"}],"about":[{"href":"https:\/\/cabinet-vigier.com\/fr\/wp-json\/wp\/v2\/types\/page"}],"author":[{"embeddable":true,"href":"https:\/\/cabinet-vigier.com\/fr\/wp-json\/wp\/v2\/users\/2"}],"replies":[{"embeddable":true,"href":"https:\/\/cabinet-vigier.com\/fr\/wp-json\/wp\/v2\/comments?post=579"}],"version-history":[{"count":29,"href":"https:\/\/cabinet-vigier.com\/fr\/wp-json\/wp\/v2\/pages\/579\/revisions"}],"predecessor-version":[{"id":1193,"href":"https:\/\/cabinet-vigier.com\/fr\/wp-json\/wp\/v2\/pages\/579\/revisions\/1193"}],"wp:attachment":[{"href":"https:\/\/cabinet-vigier.com\/fr\/wp-json\/wp\/v2\/media?parent=579"}],"curies":[{"name":"wp","href":"https:\/\/api.w.org\/{rel}","templated":true}]}}