{"id":584,"date":"2017-02-01T00:38:11","date_gmt":"2017-01-31T23:38:11","guid":{"rendered":"http:\/\/www.cabinet-vigier.com\/nos-expertises\/"},"modified":"2017-10-31T22:03:24","modified_gmt":"2017-10-31T21:03:24","slug":"competences","status":"publish","type":"page","link":"https:\/\/cabinet-vigier.com\/fr\/competences\/","title":{"rendered":"Comp\u00e9tences"},"content":{"rendered":"\t\t<div data-elementor-type=\"wp-post\" data-elementor-id=\"584\" class=\"elementor elementor-584 elementor-78 elementor-bc-flex-widget\" data-elementor-post-type=\"page\">\n\t\t\t\t\t\t<section class=\"elementor-section elementor-top-section elementor-element elementor-element-bg1oah8 elementor-section-boxed elementor-section-height-default elementor-section-height-default\" data-id=\"bg1oah8\" data-element_type=\"section\">\n\t\t\t\t\t\t<div class=\"elementor-container elementor-column-gap-default\">\n\t\t\t\t\t<div class=\"elementor-column elementor-col-100 elementor-top-column elementor-element elementor-element-njke1mp\" data-id=\"njke1mp\" data-element_type=\"column\">\n\t\t\t<div class=\"elementor-widget-wrap elementor-element-populated\">\n\t\t\t\t\t\t<div class=\"elementor-element elementor-element-9kqkw91 elementor-widget elementor-widget-text-editor\" data-id=\"9kqkw91\" data-element_type=\"widget\" data-widget_type=\"text-editor.default\">\n\t\t\t\t<div class=\"elementor-widget-container\">\n\t\t\t\t\t\t\t\t\t<table style=\"width: 800px;\"><tbody><tr><td><a href=\"https:\/\/cabinet-vigier.com\/fr\/droit-immobilier-allemand\/\"><img decoding=\"async\" class=\"alignnone  wp-image-725\" src=\"https:\/\/cabinet-vigier.com\/wp-content\/uploads\/2017\/10\/1200_667-immoD-1024x550.jpg\" alt=\"\" width=\"244\" height=\"131\" srcset=\"https:\/\/cabinet-vigier.com\/wp-content\/uploads\/2017\/10\/1200_667-immoD-1024x550.jpg 1024w, https:\/\/cabinet-vigier.com\/wp-content\/uploads\/2017\/10\/1200_667-immoD-300x161.jpg 300w, https:\/\/cabinet-vigier.com\/wp-content\/uploads\/2017\/10\/1200_667-immoD-768x412.jpg 768w, https:\/\/cabinet-vigier.com\/wp-content\/uploads\/2017\/10\/1200_667-immoD.jpg 1200w\" sizes=\"(max-width: 244px) 100vw, 244px\" \/><\/a><\/td><td><a href=\"https:\/\/cabinet-vigier.com\/fr\/succession-et-donations-en-allemagne\/\" data-wplink-edit=\"true\"><img decoding=\"async\" class=\"alignnone size-medium wp-image-237\" src=\"http:\/\/localhost\/wordpress\/wp-content\/uploads\/2017\/08\/1200-667-succession2-vectorfusionart-300x157.jpg\" alt=\"\" width=\"300\" height=\"157\" srcset=\"https:\/\/cabinet-vigier.com\/wp-content\/uploads\/2017\/08\/1200-667-succession2-vectorfusionart-300x157.jpg 300w, https:\/\/cabinet-vigier.com\/wp-content\/uploads\/2017\/08\/1200-667-succession2-vectorfusionart-768x401.jpg 768w, https:\/\/cabinet-vigier.com\/wp-content\/uploads\/2017\/08\/1200-667-succession2-vectorfusionart-1024x535.jpg 1024w, https:\/\/cabinet-vigier.com\/wp-content\/uploads\/2017\/08\/1200-667-succession2-vectorfusionart.jpg 1200w\" sizes=\"(max-width: 300px) 100vw, 300px\" \/><\/a><\/td><td><a href=\"https:\/\/cabinet-vigier.com\/fr\/droit-fiscal-allemand\/\" data-wplink-edit=\"true\"><img decoding=\"async\" class=\"alignnone size-medium wp-image-225\" src=\"http:\/\/localhost\/wordpress\/wp-content\/uploads\/2017\/08\/1200-667-impot-Fabio_Balbi-300x157.jpg\" alt=\"\" width=\"300\" height=\"157\" srcset=\"https:\/\/cabinet-vigier.com\/wp-content\/uploads\/2017\/08\/1200-667-impot-Fabio_Balbi-300x157.jpg 300w, https:\/\/cabinet-vigier.com\/wp-content\/uploads\/2017\/08\/1200-667-impot-Fabio_Balbi-768x401.jpg 768w, https:\/\/cabinet-vigier.com\/wp-content\/uploads\/2017\/08\/1200-667-impot-Fabio_Balbi-1024x535.jpg 1024w, https:\/\/cabinet-vigier.com\/wp-content\/uploads\/2017\/08\/1200-667-impot-Fabio_Balbi.jpg 1200w\" sizes=\"(max-width: 300px) 100vw, 300px\" \/><\/a><\/td><\/tr><tr><td style=\"text-align: center;\">Droit immobilier<\/td><td style=\"text-align: center;\">Donations et successions<\/td><td style=\"text-align: center;\">Droit fiscal<\/td><\/tr><tr><td><a href=\"https:\/\/cabinet-vigier.com\/fr\/droit-allemand-des-societes\/\"><img loading=\"lazy\" decoding=\"async\" class=\"alignnone size-medium wp-image-219\" src=\"http:\/\/localhost\/wordpress\/wp-content\/uploads\/2017\/08\/1200-667-corporate2-alice-photo-300x157.jpg\" alt=\"\" width=\"300\" height=\"157\" srcset=\"https:\/\/cabinet-vigier.com\/wp-content\/uploads\/2017\/08\/1200-667-corporate2-alice-photo-300x157.jpg 300w, https:\/\/cabinet-vigier.com\/wp-content\/uploads\/2017\/08\/1200-667-corporate2-alice-photo-768x401.jpg 768w, https:\/\/cabinet-vigier.com\/wp-content\/uploads\/2017\/08\/1200-667-corporate2-alice-photo-1024x535.jpg 1024w, https:\/\/cabinet-vigier.com\/wp-content\/uploads\/2017\/08\/1200-667-corporate2-alice-photo.jpg 1200w\" sizes=\"(max-width: 300px) 100vw, 300px\" \/><\/a><\/td><td><a href=\"https:\/\/cabinet-vigier.com\/fr\/droit-social-allemand\/\"><img loading=\"lazy\" decoding=\"async\" class=\"alignnone size-medium wp-image-239\" src=\"http:\/\/localhost\/wordpress\/wp-content\/uploads\/2017\/08\/1200-667-hr-mod2-ronstik-300x157.jpg\" alt=\"\" width=\"300\" height=\"157\" srcset=\"https:\/\/cabinet-vigier.com\/wp-content\/uploads\/2017\/08\/1200-667-hr-mod2-ronstik-300x157.jpg 300w, https:\/\/cabinet-vigier.com\/wp-content\/uploads\/2017\/08\/1200-667-hr-mod2-ronstik-768x401.jpg 768w, https:\/\/cabinet-vigier.com\/wp-content\/uploads\/2017\/08\/1200-667-hr-mod2-ronstik-1024x535.jpg 1024w, https:\/\/cabinet-vigier.com\/wp-content\/uploads\/2017\/08\/1200-667-hr-mod2-ronstik.jpg 1200w\" sizes=\"(max-width: 300px) 100vw, 300px\" \/><\/a><\/td><td><a href=\"https:\/\/cabinet-vigier.com\/fr\/droit-allemand-de-la-distribution\/\"><img loading=\"lazy\" decoding=\"async\" class=\"alignnone size-medium wp-image-221\" src=\"http:\/\/localhost\/wordpress\/wp-content\/uploads\/2017\/08\/1200-667-distribution-don_pablo-300x157.jpg\" alt=\"\" width=\"300\" height=\"157\" srcset=\"https:\/\/cabinet-vigier.com\/wp-content\/uploads\/2017\/08\/1200-667-distribution-don_pablo-300x157.jpg 300w, https:\/\/cabinet-vigier.com\/wp-content\/uploads\/2017\/08\/1200-667-distribution-don_pablo-768x401.jpg 768w, https:\/\/cabinet-vigier.com\/wp-content\/uploads\/2017\/08\/1200-667-distribution-don_pablo-1024x535.jpg 1024w, https:\/\/cabinet-vigier.com\/wp-content\/uploads\/2017\/08\/1200-667-distribution-don_pablo.jpg 1200w\" sizes=\"(max-width: 300px) 100vw, 300px\" \/><\/a><\/td><\/tr><tr><td style=\"text-align: center;\"><span style=\"font-family: helvetica, arial, sans-serif;\">Droit des soci\u00e9t\u00e9s<\/span><\/td><td style=\"text-align: center;\">Droit social<\/td><td style=\"text-align: center;\">Droit de la distribution<\/td><\/tr><tr><td><a href=\"https:\/\/cabinet-vigier.com\/fr\/droit-allemand-des-contrats\/\"><img loading=\"lazy\" decoding=\"async\" class=\"alignnone size-medium wp-image-218\" src=\"http:\/\/localhost\/wordpress\/wp-content\/uploads\/2017\/08\/1200-667-contrat-pilkcha-300x157.jpg\" alt=\"\" width=\"300\" height=\"157\" srcset=\"https:\/\/cabinet-vigier.com\/wp-content\/uploads\/2017\/08\/1200-667-contrat-pilkcha-300x157.jpg 300w, https:\/\/cabinet-vigier.com\/wp-content\/uploads\/2017\/08\/1200-667-contrat-pilkcha-768x401.jpg 768w, https:\/\/cabinet-vigier.com\/wp-content\/uploads\/2017\/08\/1200-667-contrat-pilkcha-1024x535.jpg 1024w, https:\/\/cabinet-vigier.com\/wp-content\/uploads\/2017\/08\/1200-667-contrat-pilkcha.jpg 1200w\" sizes=\"(max-width: 300px) 100vw, 300px\" \/><\/a><\/td><td><a href=\"https:\/\/cabinet-vigier.com\/fr\/recouvrement-des-creances-en-allemagne\/\"><img loading=\"lazy\" decoding=\"async\" class=\"alignnone size-medium wp-image-229\" src=\"http:\/\/localhost\/wordpress\/wp-content\/uploads\/2017\/08\/1200-667-recouvrement-doucefleur-300x157.jpg\" alt=\"\" width=\"300\" height=\"157\" srcset=\"https:\/\/cabinet-vigier.com\/wp-content\/uploads\/2017\/08\/1200-667-recouvrement-doucefleur-300x157.jpg 300w, https:\/\/cabinet-vigier.com\/wp-content\/uploads\/2017\/08\/1200-667-recouvrement-doucefleur-768x401.jpg 768w, https:\/\/cabinet-vigier.com\/wp-content\/uploads\/2017\/08\/1200-667-recouvrement-doucefleur-1024x535.jpg 1024w, https:\/\/cabinet-vigier.com\/wp-content\/uploads\/2017\/08\/1200-667-recouvrement-doucefleur.jpg 1200w\" sizes=\"(max-width: 300px) 100vw, 300px\" \/><\/a><\/td><td><a href=\"https:\/\/cabinet-vigier.com\/fr\/representation-devant-les-juridictions-allemandes\/\"><img loading=\"lazy\" decoding=\"async\" class=\"alignnone size-medium wp-image-226\" src=\"http:\/\/localhost\/wordpress\/wp-content\/uploads\/2017\/08\/1200-667-justice-alexander_kirch-300x157.jpg\" alt=\"\" width=\"300\" height=\"157\" srcset=\"https:\/\/cabinet-vigier.com\/wp-content\/uploads\/2017\/08\/1200-667-justice-alexander_kirch-300x157.jpg 300w, https:\/\/cabinet-vigier.com\/wp-content\/uploads\/2017\/08\/1200-667-justice-alexander_kirch-768x401.jpg 768w, https:\/\/cabinet-vigier.com\/wp-content\/uploads\/2017\/08\/1200-667-justice-alexander_kirch-1024x535.jpg 1024w, https:\/\/cabinet-vigier.com\/wp-content\/uploads\/2017\/08\/1200-667-justice-alexander_kirch.jpg 1200w\" sizes=\"(max-width: 300px) 100vw, 300px\" \/><\/a><\/td><\/tr><tr><td style=\"text-align: center;\">Droit des contrats<\/td><td style=\"text-align: center;\">Recouvrement de cr\u00e9ances<\/td><td style=\"text-align: center;\">Proc\u00e9dures<\/td><\/tr><\/tbody><\/table><p>\u00a0<\/p>\t\t\t\t\t\t\t\t<\/div>\n\t\t\t\t<\/div>\n\t\t\t\t\t<\/div>\n\t\t<\/div>\n\t\t\t\t\t<\/div>\n\t\t<\/section>\n\t\t\t\t<\/div>\n\t\t","protected":false},"excerpt":{"rendered":"<p>Droit immobilier Donations et successions Droit fiscal Droit des soci\u00e9t\u00e9s Droit social Droit de la distribution Droit des contrats Recouvrement de cr\u00e9ances Proc\u00e9dures \u00a0<\/p>\n","protected":false},"author":2,"featured_media":700,"parent":0,"menu_order":0,"comment_status":"closed","ping_status":"closed","template":"","meta":{"_monsterinsights_skip_tracking":false,"_monsterinsights_sitenote_active":false,"_monsterinsights_sitenote_note":"","_monsterinsights_sitenote_category":0,"_uf_show_specific_survey":0,"_uf_disable_surveys":false,"generate_page_header":"","footnotes":""},"class_list":["post-584","page","type-page","status-publish","has-post-thumbnail"],"yoast_head":"<!-- This site is optimized with the Yoast SEO plugin v24.5 - https:\/\/yoast.com\/wordpress\/plugins\/seo\/ -->\n<title>Comp\u00e9tences - Cabinet Vigier<\/title>\n<meta name=\"robots\" content=\"index, follow, max-snippet:-1, max-image-preview:large, max-video-preview:-1\" \/>\n<link rel=\"canonical\" href=\"https:\/\/cabinet-vigier.com\/fr\/competences\/\" \/>\n<meta property=\"og:locale\" content=\"fr_FR\" \/>\n<meta property=\"og:type\" content=\"article\" \/>\n<meta property=\"og:title\" content=\"Comp\u00e9tences - Cabinet Vigier\" \/>\n<meta property=\"og:description\" content=\"Droit immobilier Donations et successions Droit fiscal Droit des soci\u00e9t\u00e9s Droit social Droit de la distribution Droit des contrats Recouvrement de cr\u00e9ances Proc\u00e9dures \u00a0\" \/>\n<meta property=\"og:url\" content=\"https:\/\/cabinet-vigier.com\/fr\/competences\/\" \/>\n<meta property=\"og:site_name\" content=\"Cabinet Vigier\" \/>\n<meta property=\"article:modified_time\" content=\"2017-10-31T21:03:24+00:00\" \/>\n<meta property=\"og:image\" content=\"https:\/\/cabinet-vigier.com\/wp-content\/uploads\/2017\/02\/espresso-7.jpg\" \/>\n\t<meta property=\"og:image:width\" content=\"2000\" \/>\n\t<meta property=\"og:image:height\" content=\"1200\" \/>\n\t<meta property=\"og:image:type\" content=\"image\/jpeg\" \/>\n<meta name=\"twitter:card\" content=\"summary_large_image\" \/>\n<script type=\"application\/ld+json\" class=\"yoast-schema-graph\">{\"@context\":\"https:\/\/schema.org\",\"@graph\":[{\"@type\":\"WebPage\",\"@id\":\"https:\/\/cabinet-vigier.com\/fr\/competences\/\",\"url\":\"https:\/\/cabinet-vigier.com\/fr\/competences\/\",\"name\":\"Comp\u00e9tences - Cabinet Vigier\",\"isPartOf\":{\"@id\":\"https:\/\/cabinet-vigier.com\/fr\/#website\"},\"primaryImageOfPage\":{\"@id\":\"https:\/\/cabinet-vigier.com\/fr\/competences\/#primaryimage\"},\"image\":{\"@id\":\"https:\/\/cabinet-vigier.com\/fr\/competences\/#primaryimage\"},\"thumbnailUrl\":\"https:\/\/cabinet-vigier.com\/wp-content\/uploads\/2017\/02\/espresso-7.jpg\",\"datePublished\":\"2017-01-31T23:38:11+00:00\",\"dateModified\":\"2017-10-31T21:03:24+00:00\",\"breadcrumb\":{\"@id\":\"https:\/\/cabinet-vigier.com\/fr\/competences\/#breadcrumb\"},\"inLanguage\":\"fr-FR\",\"potentialAction\":[{\"@type\":\"ReadAction\",\"target\":[\"https:\/\/cabinet-vigier.com\/fr\/competences\/\"]}]},{\"@type\":\"ImageObject\",\"inLanguage\":\"fr-FR\",\"@id\":\"https:\/\/cabinet-vigier.com\/fr\/competences\/#primaryimage\",\"url\":\"https:\/\/cabinet-vigier.com\/wp-content\/uploads\/2017\/02\/espresso-7.jpg\",\"contentUrl\":\"https:\/\/cabinet-vigier.com\/wp-content\/uploads\/2017\/02\/espresso-7.jpg\",\"width\":2000,\"height\":1200},{\"@type\":\"BreadcrumbList\",\"@id\":\"https:\/\/cabinet-vigier.com\/fr\/competences\/#breadcrumb\",\"itemListElement\":[{\"@type\":\"ListItem\",\"position\":1,\"name\":\"Startseite\",\"item\":\"https:\/\/cabinet-vigier.com\/fr\/\"},{\"@type\":\"ListItem\",\"position\":2,\"name\":\"Comp\u00e9tences\"}]},{\"@type\":\"WebSite\",\"@id\":\"https:\/\/cabinet-vigier.com\/fr\/#website\",\"url\":\"https:\/\/cabinet-vigier.com\/fr\/\",\"name\":\"Cabinet Vigier\",\"description\":\"Deutsch-franz\u00f6sische Anwaltskanzlei - Cabinet d&#039;avocats franco allemand\",\"publisher\":{\"@id\":\"https:\/\/cabinet-vigier.com\/fr\/#organization\"},\"potentialAction\":[{\"@type\":\"SearchAction\",\"target\":{\"@type\":\"EntryPoint\",\"urlTemplate\":\"https:\/\/cabinet-vigier.com\/fr\/?s={search_term_string}\"},\"query-input\":{\"@type\":\"PropertyValueSpecification\",\"valueRequired\":true,\"valueName\":\"search_term_string\"}}],\"inLanguage\":\"fr-FR\"},{\"@type\":\"Organization\",\"@id\":\"https:\/\/cabinet-vigier.com\/fr\/#organization\",\"name\":\"Cabinet Vigier\",\"url\":\"https:\/\/cabinet-vigier.com\/fr\/\",\"logo\":{\"@type\":\"ImageObject\",\"inLanguage\":\"fr-FR\",\"@id\":\"https:\/\/cabinet-vigier.com\/fr\/#\/schema\/logo\/image\/\",\"url\":\"https:\/\/cabinet-vigier.com\/wp-content\/uploads\/2017\/08\/cropped-AV-Logo-DF-ult10-500x.jpg\",\"contentUrl\":\"https:\/\/cabinet-vigier.com\/wp-content\/uploads\/2017\/08\/cropped-AV-Logo-DF-ult10-500x.jpg\",\"width\":500,\"height\":100,\"caption\":\"Cabinet Vigier\"},\"image\":{\"@id\":\"https:\/\/cabinet-vigier.com\/fr\/#\/schema\/logo\/image\/\"}}]}<\/script>\n<!-- \/ Yoast SEO plugin. -->","yoast_head_json":{"title":"Comp\u00e9tences - Cabinet Vigier","robots":{"index":"index","follow":"follow","max-snippet":"max-snippet:-1","max-image-preview":"max-image-preview:large","max-video-preview":"max-video-preview:-1"},"canonical":"https:\/\/cabinet-vigier.com\/fr\/competences\/","og_locale":"fr_FR","og_type":"article","og_title":"Comp\u00e9tences - Cabinet Vigier","og_description":"Droit immobilier Donations et successions Droit fiscal Droit des soci\u00e9t\u00e9s Droit social Droit de la distribution Droit des contrats Recouvrement de cr\u00e9ances Proc\u00e9dures \u00a0","og_url":"https:\/\/cabinet-vigier.com\/fr\/competences\/","og_site_name":"Cabinet Vigier","article_modified_time":"2017-10-31T21:03:24+00:00","og_image":[{"width":2000,"height":1200,"url":"https:\/\/cabinet-vigier.com\/wp-content\/uploads\/2017\/02\/espresso-7.jpg","type":"image\/jpeg"}],"twitter_card":"summary_large_image","schema":{"@context":"https:\/\/schema.org","@graph":[{"@type":"WebPage","@id":"https:\/\/cabinet-vigier.com\/fr\/competences\/","url":"https:\/\/cabinet-vigier.com\/fr\/competences\/","name":"Comp\u00e9tences - Cabinet Vigier","isPartOf":{"@id":"https:\/\/cabinet-vigier.com\/fr\/#website"},"primaryImageOfPage":{"@id":"https:\/\/cabinet-vigier.com\/fr\/competences\/#primaryimage"},"image":{"@id":"https:\/\/cabinet-vigier.com\/fr\/competences\/#primaryimage"},"thumbnailUrl":"https:\/\/cabinet-vigier.com\/wp-content\/uploads\/2017\/02\/espresso-7.jpg","datePublished":"2017-01-31T23:38:11+00:00","dateModified":"2017-10-31T21:03:24+00:00","breadcrumb":{"@id":"https:\/\/cabinet-vigier.com\/fr\/competences\/#breadcrumb"},"inLanguage":"fr-FR","potentialAction":[{"@type":"ReadAction","target":["https:\/\/cabinet-vigier.com\/fr\/competences\/"]}]},{"@type":"ImageObject","inLanguage":"fr-FR","@id":"https:\/\/cabinet-vigier.com\/fr\/competences\/#primaryimage","url":"https:\/\/cabinet-vigier.com\/wp-content\/uploads\/2017\/02\/espresso-7.jpg","contentUrl":"https:\/\/cabinet-vigier.com\/wp-content\/uploads\/2017\/02\/espresso-7.jpg","width":2000,"height":1200},{"@type":"BreadcrumbList","@id":"https:\/\/cabinet-vigier.com\/fr\/competences\/#breadcrumb","itemListElement":[{"@type":"ListItem","position":1,"name":"Startseite","item":"https:\/\/cabinet-vigier.com\/fr\/"},{"@type":"ListItem","position":2,"name":"Comp\u00e9tences"}]},{"@type":"WebSite","@id":"https:\/\/cabinet-vigier.com\/fr\/#website","url":"https:\/\/cabinet-vigier.com\/fr\/","name":"Cabinet Vigier","description":"Deutsch-franz\u00f6sische Anwaltskanzlei - Cabinet d&#039;avocats franco allemand","publisher":{"@id":"https:\/\/cabinet-vigier.com\/fr\/#organization"},"potentialAction":[{"@type":"SearchAction","target":{"@type":"EntryPoint","urlTemplate":"https:\/\/cabinet-vigier.com\/fr\/?s={search_term_string}"},"query-input":{"@type":"PropertyValueSpecification","valueRequired":true,"valueName":"search_term_string"}}],"inLanguage":"fr-FR"},{"@type":"Organization","@id":"https:\/\/cabinet-vigier.com\/fr\/#organization","name":"Cabinet Vigier","url":"https:\/\/cabinet-vigier.com\/fr\/","logo":{"@type":"ImageObject","inLanguage":"fr-FR","@id":"https:\/\/cabinet-vigier.com\/fr\/#\/schema\/logo\/image\/","url":"https:\/\/cabinet-vigier.com\/wp-content\/uploads\/2017\/08\/cropped-AV-Logo-DF-ult10-500x.jpg","contentUrl":"https:\/\/cabinet-vigier.com\/wp-content\/uploads\/2017\/08\/cropped-AV-Logo-DF-ult10-500x.jpg","width":500,"height":100,"caption":"Cabinet Vigier"},"image":{"@id":"https:\/\/cabinet-vigier.com\/fr\/#\/schema\/logo\/image\/"}}]}},"_links":{"self":[{"href":"https:\/\/cabinet-vigier.com\/fr\/wp-json\/wp\/v2\/pages\/584","targetHints":{"allow":["GET"]}}],"collection":[{"href":"https:\/\/cabinet-vigier.com\/fr\/wp-json\/wp\/v2\/pages"}],"about":[{"href":"https:\/\/cabinet-vigier.com\/fr\/wp-json\/wp\/v2\/types\/page"}],"author":[{"embeddable":true,"href":"https:\/\/cabinet-vigier.com\/fr\/wp-json\/wp\/v2\/users\/2"}],"replies":[{"embeddable":true,"href":"https:\/\/cabinet-vigier.com\/fr\/wp-json\/wp\/v2\/comments?post=584"}],"version-history":[{"count":19,"href":"https:\/\/cabinet-vigier.com\/fr\/wp-json\/wp\/v2\/pages\/584\/revisions"}],"predecessor-version":[{"id":837,"href":"https:\/\/cabinet-vigier.com\/fr\/wp-json\/wp\/v2\/pages\/584\/revisions\/837"}],"wp:featuredmedia":[{"embeddable":true,"href":"https:\/\/cabinet-vigier.com\/fr\/wp-json\/wp\/v2\/media\/700"}],"wp:attachment":[{"href":"https:\/\/cabinet-vigier.com\/fr\/wp-json\/wp\/v2\/media?parent=584"}],"curies":[{"name":"wp","href":"https:\/\/api.w.org\/{rel}","templated":true}]}}