{"id":585,"date":"2017-09-11T23:10:30","date_gmt":"2017-09-11T21:10:30","guid":{"rendered":"http:\/\/www.cabinet-vigier.com\/cabinet\/"},"modified":"2017-10-31T22:04:02","modified_gmt":"2017-10-31T21:04:02","slug":"cabinet","status":"publish","type":"page","link":"https:\/\/cabinet-vigier.com\/fr\/cabinet\/","title":{"rendered":"Cabinet"},"content":{"rendered":"<p align=\"JUSTIFY\"><img fetchpriority=\"high\" decoding=\"async\" src=\"https:\/\/cabinet-vigier.com\/wp-content\/uploads\/2017\/08\/1200-667-munich-S-F-1.jpg\" alt=\"\" width=\"1200\" height=\"627\" \/><\/p>\n<p>Les affaires et les investissements transfrontaliers pr\u00e9sentent souvent une complexit\u00e9 particuli\u00e8re n\u00e9cessitant l\u2019assistance d\u2019un conseil unique, comp\u00e9tent dans plusieurs ordres juridiques et judiciaires concern\u00e9s.<\/p>\n<p>Le Cabinet Vigier est un cabinet faisant partie du cercle restreint des cabinets d\u2019avocats sp\u00e9cialis\u00e9s dans les relations juridiques franco &#8211; allemandes.<\/p>\n<p>Avocats inscrits aux Barreaux de France et d&rsquo;Allemagne, nous sommes constamment confront\u00e9s et familiaris\u00e9s avec les probl\u00e8mes juridiques et judiciaires \u00e0 caract\u00e8re international. Leur ma\u00eetrise et leur solution est l\u2019objet de notre travail au quotidien.<\/p>\n<p>Nous offrons aux entreprises, PME et PMI, banques et compagnies d\u2019assurances, ainsi qu\u2019aux particuliers et <em>family offices<\/em> une assistance juridique dans tous les domaines du droit des affaires et du droit patrimonial dans un contexte franco-allemand.<\/p>\n<p>Nous n\u2019intervenons que dans des domaines bien choisis dans lesquels nous disposons d\u2019une comp\u00e9tence particuli\u00e8re et notamment en droit des affaires (droit du commerce, droit des soci\u00e9t\u00e9s et droit social) et en droit patrimonial (immobilier et successions). Dans tous ces domaines, la structuration et l\u2019optimisation fiscales au niveau transfrontalier jouent naturellement un r\u00f4le d\u00e9cisif.<\/p>\n<p>Au-del\u00e0 de nos comp\u00e9tences techniques et d&rsquo;une prestation de qualit\u00e9, nous avons le souci constant d&rsquo;offrir \u00e0 nos clients et partenaires une forte disponibilit\u00e9. Nous construisons avec eux un partenariat privil\u00e9gi\u00e9 et faisons de la qualit\u00e9 du lien tiss\u00e9 et de notre relation de proximit\u00e9, un \u00e9l\u00e9ment diff\u00e9renciant.<\/p>\n<p>Nous assurons \u00e0 notre client\u00e8le nationale et internationale une activit\u00e9 de conseil et d&rsquo;assistance juridique et judiciaire au sein de nos cabinets de Munich et Marseille.<\/p>\n<p>Malgr\u00e9 l\u2019approche internationale, nous restons un cabinet \u00e0 taille humaine. Cela nous permet de fournir \u00e0 nos clients un service de qualit\u00e9 personnalis\u00e9 et de conserver une dimension de proximit\u00e9 indispensable \u00e0 une relation de confiance avec nos clients. D\u00e8s l\u2019ouverture du dossier nous assurons la convention claire et pr\u00e9visible relative au mandat et aux honoraires.<\/p>\n<p>Le Cabinet Vigier n\u2019est ni membre d\u2019une autre entreprise, ni membre de r\u00e9seaux nationaux ou internationaux. En revanche, nous travaillons au cas par cas en collaboration avec d\u2019autres confr\u00e8res ou professionnels sp\u00e9cialis\u00e9s dans d\u2019autres domaines, et notamment avec des notaires, experts comptables, commissaires aux comptes, experts et architectes.<\/p>\n<p align=\"JUSTIFY\"><img decoding=\"async\" style=\"font-family: Georgia, 'Times New Roman', 'Bitstream Charter', Times, serif; font-size: 16px;\" src=\"https:\/\/cabinet-vigier.com\/wp-content\/uploads\/2017\/08\/1200-667-marseille-S-F-1.jpg\" alt=\"\" width=\"1200\" height=\"627\" \/><\/p>\n<p align=\"JUSTIFY\">\n","protected":false},"excerpt":{"rendered":"<p>Les affaires et les investissements transfrontaliers pr\u00e9sentent souvent une complexit\u00e9 particuli\u00e8re n\u00e9cessitant l\u2019assistance d\u2019un conseil unique, comp\u00e9tent dans plusieurs ordres juridiques et judiciaires concern\u00e9s. Le Cabinet Vigier est un cabinet faisant partie du cercle restreint des cabinets d\u2019avocats sp\u00e9cialis\u00e9s dans les relations juridiques franco &#8211; allemandes. Avocats inscrits aux Barreaux de France et d&rsquo;Allemagne, nous &#8230; <a title=\"Cabinet\" class=\"read-more\" href=\"https:\/\/cabinet-vigier.com\/fr\/cabinet\/\" aria-label=\"Plus sur Cabinet\">Weiterlesen &#8230;<\/a><\/p>\n","protected":false},"author":2,"featured_media":0,"parent":0,"menu_order":0,"comment_status":"closed","ping_status":"closed","template":"","meta":{"_monsterinsights_skip_tracking":false,"_monsterinsights_sitenote_active":false,"_monsterinsights_sitenote_note":"","_monsterinsights_sitenote_category":0,"_uf_show_specific_survey":0,"_uf_disable_surveys":false,"generate_page_header":"","footnotes":""},"class_list":["post-585","page","type-page","status-publish"],"yoast_head":"<!-- This site is optimized with the Yoast SEO plugin v24.5 - https:\/\/yoast.com\/wordpress\/plugins\/seo\/ -->\n<title>Cabinet - Cabinet Vigier<\/title>\n<meta name=\"robots\" content=\"index, follow, max-snippet:-1, max-image-preview:large, max-video-preview:-1\" \/>\n<link rel=\"canonical\" href=\"https:\/\/cabinet-vigier.com\/fr\/cabinet\/\" \/>\n<meta property=\"og:locale\" content=\"fr_FR\" \/>\n<meta property=\"og:type\" content=\"article\" \/>\n<meta property=\"og:title\" content=\"Cabinet - Cabinet Vigier\" \/>\n<meta property=\"og:description\" content=\"Les affaires et les investissements transfrontaliers pr\u00e9sentent souvent une complexit\u00e9 particuli\u00e8re n\u00e9cessitant l\u2019assistance d\u2019un conseil unique, comp\u00e9tent dans plusieurs ordres juridiques et judiciaires concern\u00e9s. Le Cabinet Vigier est un cabinet faisant partie du cercle restreint des cabinets d\u2019avocats sp\u00e9cialis\u00e9s dans les relations juridiques franco &#8211; allemandes. Avocats inscrits aux Barreaux de France et d&rsquo;Allemagne, nous ... Weiterlesen ...\" \/>\n<meta property=\"og:url\" content=\"https:\/\/cabinet-vigier.com\/fr\/cabinet\/\" \/>\n<meta property=\"og:site_name\" content=\"Cabinet Vigier\" \/>\n<meta property=\"article:modified_time\" content=\"2017-10-31T21:04:02+00:00\" \/>\n<meta property=\"og:image\" content=\"https:\/\/cabinet-vigier.com\/wp-content\/uploads\/2017\/08\/1200-667-munich-S-F-1.jpg\" \/>\n<meta name=\"twitter:card\" content=\"summary_large_image\" \/>\n<meta name=\"twitter:label1\" content=\"Dur\u00e9e de lecture estim\u00e9e\" \/>\n\t<meta name=\"twitter:data1\" content=\"2 minutes\" \/>\n<script type=\"application\/ld+json\" class=\"yoast-schema-graph\">{\"@context\":\"https:\/\/schema.org\",\"@graph\":[{\"@type\":\"WebPage\",\"@id\":\"https:\/\/cabinet-vigier.com\/fr\/cabinet\/\",\"url\":\"https:\/\/cabinet-vigier.com\/fr\/cabinet\/\",\"name\":\"Cabinet - Cabinet Vigier\",\"isPartOf\":{\"@id\":\"https:\/\/cabinet-vigier.com\/fr\/#website\"},\"primaryImageOfPage\":{\"@id\":\"https:\/\/cabinet-vigier.com\/fr\/cabinet\/#primaryimage\"},\"image\":{\"@id\":\"https:\/\/cabinet-vigier.com\/fr\/cabinet\/#primaryimage\"},\"thumbnailUrl\":\"https:\/\/cabinet-vigier.com\/wp-content\/uploads\/2017\/08\/1200-667-munich-S-F-1.jpg\",\"datePublished\":\"2017-09-11T21:10:30+00:00\",\"dateModified\":\"2017-10-31T21:04:02+00:00\",\"breadcrumb\":{\"@id\":\"https:\/\/cabinet-vigier.com\/fr\/cabinet\/#breadcrumb\"},\"inLanguage\":\"fr-FR\",\"potentialAction\":[{\"@type\":\"ReadAction\",\"target\":[\"https:\/\/cabinet-vigier.com\/fr\/cabinet\/\"]}]},{\"@type\":\"ImageObject\",\"inLanguage\":\"fr-FR\",\"@id\":\"https:\/\/cabinet-vigier.com\/fr\/cabinet\/#primaryimage\",\"url\":\"https:\/\/cabinet-vigier.com\/wp-content\/uploads\/2017\/08\/1200-667-munich-S-F-1.jpg\",\"contentUrl\":\"https:\/\/cabinet-vigier.com\/wp-content\/uploads\/2017\/08\/1200-667-munich-S-F-1.jpg\"},{\"@type\":\"BreadcrumbList\",\"@id\":\"https:\/\/cabinet-vigier.com\/fr\/cabinet\/#breadcrumb\",\"itemListElement\":[{\"@type\":\"ListItem\",\"position\":1,\"name\":\"Startseite\",\"item\":\"https:\/\/cabinet-vigier.com\/fr\/\"},{\"@type\":\"ListItem\",\"position\":2,\"name\":\"Cabinet\"}]},{\"@type\":\"WebSite\",\"@id\":\"https:\/\/cabinet-vigier.com\/fr\/#website\",\"url\":\"https:\/\/cabinet-vigier.com\/fr\/\",\"name\":\"Cabinet Vigier\",\"description\":\"Deutsch-franz\u00f6sische Anwaltskanzlei - Cabinet d&#039;avocats franco allemand\",\"publisher\":{\"@id\":\"https:\/\/cabinet-vigier.com\/fr\/#organization\"},\"potentialAction\":[{\"@type\":\"SearchAction\",\"target\":{\"@type\":\"EntryPoint\",\"urlTemplate\":\"https:\/\/cabinet-vigier.com\/fr\/?s={search_term_string}\"},\"query-input\":{\"@type\":\"PropertyValueSpecification\",\"valueRequired\":true,\"valueName\":\"search_term_string\"}}],\"inLanguage\":\"fr-FR\"},{\"@type\":\"Organization\",\"@id\":\"https:\/\/cabinet-vigier.com\/fr\/#organization\",\"name\":\"Cabinet Vigier\",\"url\":\"https:\/\/cabinet-vigier.com\/fr\/\",\"logo\":{\"@type\":\"ImageObject\",\"inLanguage\":\"fr-FR\",\"@id\":\"https:\/\/cabinet-vigier.com\/fr\/#\/schema\/logo\/image\/\",\"url\":\"https:\/\/cabinet-vigier.com\/wp-content\/uploads\/2017\/08\/cropped-AV-Logo-DF-ult10-500x.jpg\",\"contentUrl\":\"https:\/\/cabinet-vigier.com\/wp-content\/uploads\/2017\/08\/cropped-AV-Logo-DF-ult10-500x.jpg\",\"width\":500,\"height\":100,\"caption\":\"Cabinet Vigier\"},\"image\":{\"@id\":\"https:\/\/cabinet-vigier.com\/fr\/#\/schema\/logo\/image\/\"}}]}<\/script>\n<!-- \/ Yoast SEO plugin. -->","yoast_head_json":{"title":"Cabinet - Cabinet Vigier","robots":{"index":"index","follow":"follow","max-snippet":"max-snippet:-1","max-image-preview":"max-image-preview:large","max-video-preview":"max-video-preview:-1"},"canonical":"https:\/\/cabinet-vigier.com\/fr\/cabinet\/","og_locale":"fr_FR","og_type":"article","og_title":"Cabinet - Cabinet Vigier","og_description":"Les affaires et les investissements transfrontaliers pr\u00e9sentent souvent une complexit\u00e9 particuli\u00e8re n\u00e9cessitant l\u2019assistance d\u2019un conseil unique, comp\u00e9tent dans plusieurs ordres juridiques et judiciaires concern\u00e9s. Le Cabinet Vigier est un cabinet faisant partie du cercle restreint des cabinets d\u2019avocats sp\u00e9cialis\u00e9s dans les relations juridiques franco &#8211; allemandes. Avocats inscrits aux Barreaux de France et d&rsquo;Allemagne, nous ... Weiterlesen ...","og_url":"https:\/\/cabinet-vigier.com\/fr\/cabinet\/","og_site_name":"Cabinet Vigier","article_modified_time":"2017-10-31T21:04:02+00:00","og_image":[{"url":"https:\/\/cabinet-vigier.com\/wp-content\/uploads\/2017\/08\/1200-667-munich-S-F-1.jpg","type":"","width":"","height":""}],"twitter_card":"summary_large_image","twitter_misc":{"Dur\u00e9e de lecture estim\u00e9e":"2 minutes"},"schema":{"@context":"https:\/\/schema.org","@graph":[{"@type":"WebPage","@id":"https:\/\/cabinet-vigier.com\/fr\/cabinet\/","url":"https:\/\/cabinet-vigier.com\/fr\/cabinet\/","name":"Cabinet - Cabinet Vigier","isPartOf":{"@id":"https:\/\/cabinet-vigier.com\/fr\/#website"},"primaryImageOfPage":{"@id":"https:\/\/cabinet-vigier.com\/fr\/cabinet\/#primaryimage"},"image":{"@id":"https:\/\/cabinet-vigier.com\/fr\/cabinet\/#primaryimage"},"thumbnailUrl":"https:\/\/cabinet-vigier.com\/wp-content\/uploads\/2017\/08\/1200-667-munich-S-F-1.jpg","datePublished":"2017-09-11T21:10:30+00:00","dateModified":"2017-10-31T21:04:02+00:00","breadcrumb":{"@id":"https:\/\/cabinet-vigier.com\/fr\/cabinet\/#breadcrumb"},"inLanguage":"fr-FR","potentialAction":[{"@type":"ReadAction","target":["https:\/\/cabinet-vigier.com\/fr\/cabinet\/"]}]},{"@type":"ImageObject","inLanguage":"fr-FR","@id":"https:\/\/cabinet-vigier.com\/fr\/cabinet\/#primaryimage","url":"https:\/\/cabinet-vigier.com\/wp-content\/uploads\/2017\/08\/1200-667-munich-S-F-1.jpg","contentUrl":"https:\/\/cabinet-vigier.com\/wp-content\/uploads\/2017\/08\/1200-667-munich-S-F-1.jpg"},{"@type":"BreadcrumbList","@id":"https:\/\/cabinet-vigier.com\/fr\/cabinet\/#breadcrumb","itemListElement":[{"@type":"ListItem","position":1,"name":"Startseite","item":"https:\/\/cabinet-vigier.com\/fr\/"},{"@type":"ListItem","position":2,"name":"Cabinet"}]},{"@type":"WebSite","@id":"https:\/\/cabinet-vigier.com\/fr\/#website","url":"https:\/\/cabinet-vigier.com\/fr\/","name":"Cabinet Vigier","description":"Deutsch-franz\u00f6sische Anwaltskanzlei - Cabinet d&#039;avocats franco allemand","publisher":{"@id":"https:\/\/cabinet-vigier.com\/fr\/#organization"},"potentialAction":[{"@type":"SearchAction","target":{"@type":"EntryPoint","urlTemplate":"https:\/\/cabinet-vigier.com\/fr\/?s={search_term_string}"},"query-input":{"@type":"PropertyValueSpecification","valueRequired":true,"valueName":"search_term_string"}}],"inLanguage":"fr-FR"},{"@type":"Organization","@id":"https:\/\/cabinet-vigier.com\/fr\/#organization","name":"Cabinet Vigier","url":"https:\/\/cabinet-vigier.com\/fr\/","logo":{"@type":"ImageObject","inLanguage":"fr-FR","@id":"https:\/\/cabinet-vigier.com\/fr\/#\/schema\/logo\/image\/","url":"https:\/\/cabinet-vigier.com\/wp-content\/uploads\/2017\/08\/cropped-AV-Logo-DF-ult10-500x.jpg","contentUrl":"https:\/\/cabinet-vigier.com\/wp-content\/uploads\/2017\/08\/cropped-AV-Logo-DF-ult10-500x.jpg","width":500,"height":100,"caption":"Cabinet Vigier"},"image":{"@id":"https:\/\/cabinet-vigier.com\/fr\/#\/schema\/logo\/image\/"}}]}},"_links":{"self":[{"href":"https:\/\/cabinet-vigier.com\/fr\/wp-json\/wp\/v2\/pages\/585","targetHints":{"allow":["GET"]}}],"collection":[{"href":"https:\/\/cabinet-vigier.com\/fr\/wp-json\/wp\/v2\/pages"}],"about":[{"href":"https:\/\/cabinet-vigier.com\/fr\/wp-json\/wp\/v2\/types\/page"}],"author":[{"embeddable":true,"href":"https:\/\/cabinet-vigier.com\/fr\/wp-json\/wp\/v2\/users\/2"}],"replies":[{"embeddable":true,"href":"https:\/\/cabinet-vigier.com\/fr\/wp-json\/wp\/v2\/comments?post=585"}],"version-history":[{"count":6,"href":"https:\/\/cabinet-vigier.com\/fr\/wp-json\/wp\/v2\/pages\/585\/revisions"}],"predecessor-version":[{"id":838,"href":"https:\/\/cabinet-vigier.com\/fr\/wp-json\/wp\/v2\/pages\/585\/revisions\/838"}],"wp:attachment":[{"href":"https:\/\/cabinet-vigier.com\/fr\/wp-json\/wp\/v2\/media?parent=585"}],"curies":[{"name":"wp","href":"https:\/\/api.w.org\/{rel}","templated":true}]}}