{"id":589,"date":"2017-09-11T23:14:19","date_gmt":"2017-09-11T21:14:19","guid":{"rendered":"http:\/\/www.cabinet-vigier.com\/avocats\/"},"modified":"2017-11-02T23:12:54","modified_gmt":"2017-11-02T22:12:54","slug":"avocats","status":"publish","type":"page","link":"https:\/\/cabinet-vigier.com\/fr\/avocats\/","title":{"rendered":"Avocats"},"content":{"rendered":"<p align=\"JUSTIFY\"><span style=\"font-family: helvetica, arial, sans-serif;\"><strong><img fetchpriority=\"high\" decoding=\"async\" src=\"https:\/\/cabinet-vigier.com\/wp-content\/uploads\/2017\/09\/av_1200-500.jpg\" alt=\"\" width=\"1200\" height=\"519\" \/><br \/>\n<span style=\"font-size: 14pt;\">Armin VIGIER<\/span><\/strong><\/span><br \/>\n<span style=\"font-family: helvetica, arial, sans-serif;\"><span style=\"color: #808080; font-size: 10pt;\"> <strong>Rechtsanwalt (Avocat allemand au Barreau de Munich)<\/strong><\/span><strong><br \/>\n<span style=\"color: #808080; font-size: 10pt;\"> Avocat au Barreau de Marseille<\/span><br \/>\n<span style=\"color: #808080; font-size: 8pt;\"> Traducteur asserment\u00e9 pour la langue fran\u00e7aise en Bavi\u00e8re <\/span><\/strong><\/span><\/p>\n<p><span style=\"font-family: helvetica, arial, sans-serif;\">Armin Vigier dispose d\u2019une exp\u00e9rience de plus de 20 ans dans le conseil juridique franco-allemand. Il est n\u00e9 en 1971 \u00e0 Wesel (Allemagne). Il a effectu\u00e9 ses \u00e9tudes aupr\u00e8s des facult\u00e9s de Droit de M\u00fcnster, Munich et Aix-Marseille III o\u00f9 il a obtenu en 1995 sa Ma\u00eetrise en droit priv\u00e9 \u2013 mention carri\u00e8res judiciaires.<\/span><\/p>\n<p><span style=\"font-family: helvetica, arial, sans-serif;\">En 1997, il a pass\u00e9 \u00e0 Munich son premier Examen d\u2019Etat en droit (Erstes juristisches Staatsexamen), le second Examen d\u2019Etat (Zweites juristisches Staatsexamen) suivant en 1999 \u00e0 l\u2019issue de son service r\u00e9f\u00e9rendaire.<\/span><\/p>\n<p><span style=\"font-family: helvetica, arial, sans-serif;\">De 1995 \u00e0 2000, Armin Vigier a \u00e9t\u00e9 collaborateur puis avocat stagiaire du Cabinet Wilson-Daumas, Avocats conseils aupr\u00e8s du Consulat de la R\u00e9publique f\u00e9d\u00e9rale d\u2019Allemagne \u00e0 Marseille. Il a travaill\u00e9 parall\u00e8lement en qualit\u00e9 d\u2019assistant de recherche \u00e0 l\u2019institut de Droit international de Munich, notamment dans les domaines du droit international priv\u00e9 et du droit compar\u00e9 franco-allemand.<\/span><\/p>\n<p><span style=\"font-family: helvetica, arial, sans-serif;\">En 2000, Armin Vigier a pr\u00eat\u00e9 serment en qualit\u00e9 d\u2019Avocat allemand (Rechtsanwalt) au Barreau de Munich. Apr\u00e8s avoir \u00e9t\u00e9 admis \u00e0 l\u2019examen d\u2019aptitude aupr\u00e8s du CRFPA d\u2019Aix-en-Provence en 2002, il a pr\u00eat\u00e9 serment en qualit\u00e9 d\u2019avocat fran\u00e7ais en 2003. C\u2019est depuis cette date qu\u2019il est \u00e9galement inscrit au Barreau de Marseille.<\/span><\/p>\n<p><span style=\"font-family: helvetica, arial, sans-serif;\">Depuis 2010, il est \u00e9galement traducteur asserment\u00e9 pour la langue fran\u00e7aise en Bavi\u00e8re. Entre 2000 et 2017, Armin Vigier \u00e9tait membre de plusieurs cabinets d\u2019avocats franco-allemands et il a notamment \u00e9t\u00e9 associ\u00e9 du Cabinet Klima &amp; Vigier. En 2017 il a fond\u00e9 le Cabinet Vigier.<\/span><\/p>\n<p><span style=\"font-family: helvetica, arial, sans-serif;\">Armin Vigier conseille et assiste non seulement des particuliers et entreprises mais \u00e9galement des repr\u00e9sentations diplomatiques et \u00e9conomiques des pays francophones en droit franco-allemand.<\/span><\/p>\n<p><span style=\"font-family: helvetica, arial, sans-serif;\">Ma\u00eetre Vigier conseille et intervient en droits allemand et fran\u00e7ais dans les domaines d\u2019activit\u00e9s suivants :<\/span><\/p>\n<ul>\n<li><span style=\"font-family: helvetica, arial, sans-serif;\">Droit immobilier<\/span><\/li>\n<li><span style=\"font-family: helvetica, arial, sans-serif;\">Successions<\/span><\/li>\n<li><span style=\"font-family: helvetica, arial, sans-serif;\">Droit des affaires et soci\u00e9t\u00e9s<\/span><\/li>\n<li><span style=\"font-family: helvetica, arial, sans-serif;\">Droit du travail<\/span><\/li>\n<li><span style=\"font-family: helvetica, arial, sans-serif;\">Droit fiscal<\/span><\/li>\n<li><span style=\"font-family: helvetica, arial, sans-serif;\">Droit international priv\u00e9<\/span><\/li>\n<\/ul>\n<p><span style=\"font-family: helvetica, arial, sans-serif;\"><strong>\u00a0<\/strong><strong>Langues :<\/strong>\u00a0Allemand, Fran\u00e7ais, Anglais<\/span><\/p>\n<p>&nbsp;<\/p>\n<p align=\"JUSTIFY\"><span style=\"font-family: helvetica, arial, sans-serif;\"><strong>\u00a0<\/strong><\/span><\/p>\n","protected":false},"excerpt":{"rendered":"<p>Armin VIGIER Rechtsanwalt (Avocat allemand au Barreau de Munich) Avocat au Barreau de Marseille Traducteur asserment\u00e9 pour la langue fran\u00e7aise en Bavi\u00e8re Armin Vigier dispose d\u2019une exp\u00e9rience de plus de 20 ans dans le conseil juridique franco-allemand. Il est n\u00e9 en 1971 \u00e0 Wesel (Allemagne). Il a effectu\u00e9 ses \u00e9tudes aupr\u00e8s des facult\u00e9s de Droit &#8230; <a title=\"Avocats\" class=\"read-more\" href=\"https:\/\/cabinet-vigier.com\/fr\/avocats\/\" aria-label=\"Plus sur Avocats\">Weiterlesen &#8230;<\/a><\/p>\n","protected":false},"author":2,"featured_media":0,"parent":0,"menu_order":0,"comment_status":"closed","ping_status":"closed","template":"","meta":{"_monsterinsights_skip_tracking":false,"_monsterinsights_sitenote_active":false,"_monsterinsights_sitenote_note":"","_monsterinsights_sitenote_category":0,"_uf_show_specific_survey":0,"_uf_disable_surveys":false,"generate_page_header":"","footnotes":""},"class_list":["post-589","page","type-page","status-publish"],"yoast_head":"<!-- This site is optimized with the Yoast SEO plugin v24.5 - https:\/\/yoast.com\/wordpress\/plugins\/seo\/ -->\n<title>Avocats - Cabinet Vigier<\/title>\n<meta name=\"robots\" content=\"index, follow, max-snippet:-1, max-image-preview:large, max-video-preview:-1\" \/>\n<link rel=\"canonical\" href=\"https:\/\/cabinet-vigier.com\/fr\/avocats\/\" \/>\n<meta property=\"og:locale\" content=\"fr_FR\" \/>\n<meta property=\"og:type\" content=\"article\" \/>\n<meta property=\"og:title\" content=\"Avocats - Cabinet Vigier\" \/>\n<meta property=\"og:description\" content=\"Armin VIGIER Rechtsanwalt (Avocat allemand au Barreau de Munich) Avocat au Barreau de Marseille Traducteur asserment\u00e9 pour la langue fran\u00e7aise en Bavi\u00e8re Armin Vigier dispose d\u2019une exp\u00e9rience de plus de 20 ans dans le conseil juridique franco-allemand. Il est n\u00e9 en 1971 \u00e0 Wesel (Allemagne). Il a effectu\u00e9 ses \u00e9tudes aupr\u00e8s des facult\u00e9s de Droit ... Weiterlesen ...\" \/>\n<meta property=\"og:url\" content=\"https:\/\/cabinet-vigier.com\/fr\/avocats\/\" \/>\n<meta property=\"og:site_name\" content=\"Cabinet Vigier\" \/>\n<meta property=\"article:modified_time\" content=\"2017-11-02T22:12:54+00:00\" \/>\n<meta property=\"og:image\" content=\"https:\/\/cabinet-vigier.com\/wp-content\/uploads\/2017\/09\/av_1200-500.jpg\" \/>\n<meta name=\"twitter:card\" content=\"summary_large_image\" \/>\n<meta name=\"twitter:label1\" content=\"Dur\u00e9e de lecture estim\u00e9e\" \/>\n\t<meta name=\"twitter:data1\" content=\"2 minutes\" \/>\n<script type=\"application\/ld+json\" class=\"yoast-schema-graph\">{\"@context\":\"https:\/\/schema.org\",\"@graph\":[{\"@type\":\"WebPage\",\"@id\":\"https:\/\/cabinet-vigier.com\/fr\/avocats\/\",\"url\":\"https:\/\/cabinet-vigier.com\/fr\/avocats\/\",\"name\":\"Avocats - Cabinet Vigier\",\"isPartOf\":{\"@id\":\"https:\/\/cabinet-vigier.com\/fr\/#website\"},\"primaryImageOfPage\":{\"@id\":\"https:\/\/cabinet-vigier.com\/fr\/avocats\/#primaryimage\"},\"image\":{\"@id\":\"https:\/\/cabinet-vigier.com\/fr\/avocats\/#primaryimage\"},\"thumbnailUrl\":\"https:\/\/cabinet-vigier.com\/wp-content\/uploads\/2017\/09\/av_1200-500.jpg\",\"datePublished\":\"2017-09-11T21:14:19+00:00\",\"dateModified\":\"2017-11-02T22:12:54+00:00\",\"breadcrumb\":{\"@id\":\"https:\/\/cabinet-vigier.com\/fr\/avocats\/#breadcrumb\"},\"inLanguage\":\"fr-FR\",\"potentialAction\":[{\"@type\":\"ReadAction\",\"target\":[\"https:\/\/cabinet-vigier.com\/fr\/avocats\/\"]}]},{\"@type\":\"ImageObject\",\"inLanguage\":\"fr-FR\",\"@id\":\"https:\/\/cabinet-vigier.com\/fr\/avocats\/#primaryimage\",\"url\":\"https:\/\/cabinet-vigier.com\/wp-content\/uploads\/2017\/09\/av_1200-500.jpg\",\"contentUrl\":\"https:\/\/cabinet-vigier.com\/wp-content\/uploads\/2017\/09\/av_1200-500.jpg\"},{\"@type\":\"BreadcrumbList\",\"@id\":\"https:\/\/cabinet-vigier.com\/fr\/avocats\/#breadcrumb\",\"itemListElement\":[{\"@type\":\"ListItem\",\"position\":1,\"name\":\"Startseite\",\"item\":\"https:\/\/cabinet-vigier.com\/fr\/\"},{\"@type\":\"ListItem\",\"position\":2,\"name\":\"Avocats\"}]},{\"@type\":\"WebSite\",\"@id\":\"https:\/\/cabinet-vigier.com\/fr\/#website\",\"url\":\"https:\/\/cabinet-vigier.com\/fr\/\",\"name\":\"Cabinet Vigier\",\"description\":\"Deutsch-franz\u00f6sische Anwaltskanzlei - Cabinet d&#039;avocats franco allemand\",\"publisher\":{\"@id\":\"https:\/\/cabinet-vigier.com\/fr\/#organization\"},\"potentialAction\":[{\"@type\":\"SearchAction\",\"target\":{\"@type\":\"EntryPoint\",\"urlTemplate\":\"https:\/\/cabinet-vigier.com\/fr\/?s={search_term_string}\"},\"query-input\":{\"@type\":\"PropertyValueSpecification\",\"valueRequired\":true,\"valueName\":\"search_term_string\"}}],\"inLanguage\":\"fr-FR\"},{\"@type\":\"Organization\",\"@id\":\"https:\/\/cabinet-vigier.com\/fr\/#organization\",\"name\":\"Cabinet Vigier\",\"url\":\"https:\/\/cabinet-vigier.com\/fr\/\",\"logo\":{\"@type\":\"ImageObject\",\"inLanguage\":\"fr-FR\",\"@id\":\"https:\/\/cabinet-vigier.com\/fr\/#\/schema\/logo\/image\/\",\"url\":\"https:\/\/cabinet-vigier.com\/wp-content\/uploads\/2017\/08\/cropped-AV-Logo-DF-ult10-500x.jpg\",\"contentUrl\":\"https:\/\/cabinet-vigier.com\/wp-content\/uploads\/2017\/08\/cropped-AV-Logo-DF-ult10-500x.jpg\",\"width\":500,\"height\":100,\"caption\":\"Cabinet Vigier\"},\"image\":{\"@id\":\"https:\/\/cabinet-vigier.com\/fr\/#\/schema\/logo\/image\/\"}}]}<\/script>\n<!-- \/ Yoast SEO plugin. -->","yoast_head_json":{"title":"Avocats - Cabinet Vigier","robots":{"index":"index","follow":"follow","max-snippet":"max-snippet:-1","max-image-preview":"max-image-preview:large","max-video-preview":"max-video-preview:-1"},"canonical":"https:\/\/cabinet-vigier.com\/fr\/avocats\/","og_locale":"fr_FR","og_type":"article","og_title":"Avocats - Cabinet Vigier","og_description":"Armin VIGIER Rechtsanwalt (Avocat allemand au Barreau de Munich) Avocat au Barreau de Marseille Traducteur asserment\u00e9 pour la langue fran\u00e7aise en Bavi\u00e8re Armin Vigier dispose d\u2019une exp\u00e9rience de plus de 20 ans dans le conseil juridique franco-allemand. Il est n\u00e9 en 1971 \u00e0 Wesel (Allemagne). Il a effectu\u00e9 ses \u00e9tudes aupr\u00e8s des facult\u00e9s de Droit ... Weiterlesen ...","og_url":"https:\/\/cabinet-vigier.com\/fr\/avocats\/","og_site_name":"Cabinet Vigier","article_modified_time":"2017-11-02T22:12:54+00:00","og_image":[{"url":"https:\/\/cabinet-vigier.com\/wp-content\/uploads\/2017\/09\/av_1200-500.jpg","type":"","width":"","height":""}],"twitter_card":"summary_large_image","twitter_misc":{"Dur\u00e9e de lecture estim\u00e9e":"2 minutes"},"schema":{"@context":"https:\/\/schema.org","@graph":[{"@type":"WebPage","@id":"https:\/\/cabinet-vigier.com\/fr\/avocats\/","url":"https:\/\/cabinet-vigier.com\/fr\/avocats\/","name":"Avocats - Cabinet Vigier","isPartOf":{"@id":"https:\/\/cabinet-vigier.com\/fr\/#website"},"primaryImageOfPage":{"@id":"https:\/\/cabinet-vigier.com\/fr\/avocats\/#primaryimage"},"image":{"@id":"https:\/\/cabinet-vigier.com\/fr\/avocats\/#primaryimage"},"thumbnailUrl":"https:\/\/cabinet-vigier.com\/wp-content\/uploads\/2017\/09\/av_1200-500.jpg","datePublished":"2017-09-11T21:14:19+00:00","dateModified":"2017-11-02T22:12:54+00:00","breadcrumb":{"@id":"https:\/\/cabinet-vigier.com\/fr\/avocats\/#breadcrumb"},"inLanguage":"fr-FR","potentialAction":[{"@type":"ReadAction","target":["https:\/\/cabinet-vigier.com\/fr\/avocats\/"]}]},{"@type":"ImageObject","inLanguage":"fr-FR","@id":"https:\/\/cabinet-vigier.com\/fr\/avocats\/#primaryimage","url":"https:\/\/cabinet-vigier.com\/wp-content\/uploads\/2017\/09\/av_1200-500.jpg","contentUrl":"https:\/\/cabinet-vigier.com\/wp-content\/uploads\/2017\/09\/av_1200-500.jpg"},{"@type":"BreadcrumbList","@id":"https:\/\/cabinet-vigier.com\/fr\/avocats\/#breadcrumb","itemListElement":[{"@type":"ListItem","position":1,"name":"Startseite","item":"https:\/\/cabinet-vigier.com\/fr\/"},{"@type":"ListItem","position":2,"name":"Avocats"}]},{"@type":"WebSite","@id":"https:\/\/cabinet-vigier.com\/fr\/#website","url":"https:\/\/cabinet-vigier.com\/fr\/","name":"Cabinet Vigier","description":"Deutsch-franz\u00f6sische Anwaltskanzlei - Cabinet d&#039;avocats franco allemand","publisher":{"@id":"https:\/\/cabinet-vigier.com\/fr\/#organization"},"potentialAction":[{"@type":"SearchAction","target":{"@type":"EntryPoint","urlTemplate":"https:\/\/cabinet-vigier.com\/fr\/?s={search_term_string}"},"query-input":{"@type":"PropertyValueSpecification","valueRequired":true,"valueName":"search_term_string"}}],"inLanguage":"fr-FR"},{"@type":"Organization","@id":"https:\/\/cabinet-vigier.com\/fr\/#organization","name":"Cabinet Vigier","url":"https:\/\/cabinet-vigier.com\/fr\/","logo":{"@type":"ImageObject","inLanguage":"fr-FR","@id":"https:\/\/cabinet-vigier.com\/fr\/#\/schema\/logo\/image\/","url":"https:\/\/cabinet-vigier.com\/wp-content\/uploads\/2017\/08\/cropped-AV-Logo-DF-ult10-500x.jpg","contentUrl":"https:\/\/cabinet-vigier.com\/wp-content\/uploads\/2017\/08\/cropped-AV-Logo-DF-ult10-500x.jpg","width":500,"height":100,"caption":"Cabinet Vigier"},"image":{"@id":"https:\/\/cabinet-vigier.com\/fr\/#\/schema\/logo\/image\/"}}]}},"_links":{"self":[{"href":"https:\/\/cabinet-vigier.com\/fr\/wp-json\/wp\/v2\/pages\/589","targetHints":{"allow":["GET"]}}],"collection":[{"href":"https:\/\/cabinet-vigier.com\/fr\/wp-json\/wp\/v2\/pages"}],"about":[{"href":"https:\/\/cabinet-vigier.com\/fr\/wp-json\/wp\/v2\/types\/page"}],"author":[{"embeddable":true,"href":"https:\/\/cabinet-vigier.com\/fr\/wp-json\/wp\/v2\/users\/2"}],"replies":[{"embeddable":true,"href":"https:\/\/cabinet-vigier.com\/fr\/wp-json\/wp\/v2\/comments?post=589"}],"version-history":[{"count":7,"href":"https:\/\/cabinet-vigier.com\/fr\/wp-json\/wp\/v2\/pages\/589\/revisions"}],"predecessor-version":[{"id":945,"href":"https:\/\/cabinet-vigier.com\/fr\/wp-json\/wp\/v2\/pages\/589\/revisions\/945"}],"wp:attachment":[{"href":"https:\/\/cabinet-vigier.com\/fr\/wp-json\/wp\/v2\/media?parent=589"}],"curies":[{"name":"wp","href":"https:\/\/api.w.org\/{rel}","templated":true}]}}