{"id":591,"date":"2017-09-11T23:14:48","date_gmt":"2017-09-11T21:14:48","guid":{"rendered":"http:\/\/www.cabinet-vigier.com\/droit-social\/"},"modified":"2017-10-31T21:33:16","modified_gmt":"2017-10-31T20:33:16","slug":"droit-social-allemand","status":"publish","type":"page","link":"https:\/\/cabinet-vigier.com\/fr\/droit-social-allemand\/","title":{"rendered":"Droit social allemand"},"content":{"rendered":"<p><strong><img fetchpriority=\"high\" decoding=\"async\" src=\"https:\/\/cabinet-vigier.com\/wp-content\/uploads\/2017\/09\/1200_667_hr_mod2_ronstik-1024x535.jpg\" alt=\"\" width=\"1024\" height=\"535\" \/><\/strong><\/p>\n<p><strong>Nous vous assistons et conseillons dans tous les domaines du droit allemand du travail que vous soyez employeur ou salari\u00e9.<\/strong><\/p>\n<p>Nous avons d\u00e9velopp\u00e9 une v\u00e9ritable expertise en droit du travail allemand au service des int\u00e9r\u00eats de nos clients francophones.<\/p>\n<p>Le cabinet r\u00e9pond \u00e0 toutes vos questions portant sur le droit du travail allemand et en particulier sur les questions de la conclusion, l\u2019interpr\u00e9tation ou la modification du contrat de travail et les licenciements individuels ou collectifs.<\/p>\n<p>A chaque \u00e9tape, nous mettons nos comp\u00e9tences au service de nos clients\u00a0:<\/p>\n<ul>\n<li>r\u00e9daction de contrats de travail allemands et fran\u00e7ais ;<\/li>\n<li>recherche d\u2019un \u00e9ventuel accord (rupture conventionnelle ou transaction) en droits allemand et fran\u00e7ais ;<\/li>\n<li>conseil et assistance devant les juridictions prud\u2019homales en Allemagne et notamment dans le cadre d&rsquo;actions\u00a0pour\u00a0licenciement\u00a0en droit allemand et fran\u00e7ais ;<\/li>\n<li>conseil et assistance dans le cadre de restructurations d\u2019entreprise franco-allemande.<\/li>\n<\/ul>\n<p>&nbsp;<\/p>\n","protected":false},"excerpt":{"rendered":"<p>Nous vous assistons et conseillons dans tous les domaines du droit allemand du travail que vous soyez employeur ou salari\u00e9. Nous avons d\u00e9velopp\u00e9 une v\u00e9ritable expertise en droit du travail allemand au service des int\u00e9r\u00eats de nos clients francophones. Le cabinet r\u00e9pond \u00e0 toutes vos questions portant sur le droit du travail allemand et en &#8230; <a title=\"Droit social allemand\" class=\"read-more\" href=\"https:\/\/cabinet-vigier.com\/fr\/droit-social-allemand\/\" aria-label=\"Plus sur Droit social allemand\">Weiterlesen &#8230;<\/a><\/p>\n","protected":false},"author":2,"featured_media":0,"parent":0,"menu_order":0,"comment_status":"closed","ping_status":"closed","template":"","meta":{"_monsterinsights_skip_tracking":false,"_monsterinsights_sitenote_active":false,"_monsterinsights_sitenote_note":"","_monsterinsights_sitenote_category":0,"_uf_show_specific_survey":0,"_uf_disable_surveys":false,"generate_page_header":"","footnotes":""},"class_list":["post-591","page","type-page","status-publish"],"yoast_head":"<!-- This site is optimized with the Yoast SEO plugin v24.5 - https:\/\/yoast.com\/wordpress\/plugins\/seo\/ -->\n<title>Droit social allemand - Cabinet Vigier<\/title>\n<meta name=\"robots\" content=\"index, follow, max-snippet:-1, max-image-preview:large, max-video-preview:-1\" \/>\n<link rel=\"canonical\" href=\"https:\/\/cabinet-vigier.com\/de\/arbeitsrecht-frankreich\/\" \/>\n<meta property=\"og:locale\" content=\"fr_FR\" \/>\n<meta property=\"og:type\" content=\"article\" \/>\n<meta property=\"og:title\" content=\"Droit social allemand - Cabinet Vigier\" \/>\n<meta property=\"og:description\" content=\"Nous vous assistons et conseillons dans tous les domaines du droit allemand du travail que vous soyez employeur ou salari\u00e9. Nous avons d\u00e9velopp\u00e9 une v\u00e9ritable expertise en droit du travail allemand au service des int\u00e9r\u00eats de nos clients francophones. Le cabinet r\u00e9pond \u00e0 toutes vos questions portant sur le droit du travail allemand et en ... Weiterlesen ...\" \/>\n<meta property=\"og:url\" content=\"https:\/\/cabinet-vigier.com\/de\/arbeitsrecht-frankreich\/\" \/>\n<meta property=\"og:site_name\" content=\"Cabinet Vigier\" \/>\n<meta property=\"article:modified_time\" content=\"2017-10-31T20:33:16+00:00\" \/>\n<meta property=\"og:image\" content=\"https:\/\/cabinet-vigier.com\/wp-content\/uploads\/2017\/09\/1200_667_hr_mod2_ronstik-1024x535.jpg\" \/>\n<meta name=\"twitter:card\" content=\"summary_large_image\" \/>\n<meta name=\"twitter:label1\" content=\"Dur\u00e9e de lecture estim\u00e9e\" \/>\n\t<meta name=\"twitter:data1\" content=\"1 minute\" \/>\n<script type=\"application\/ld+json\" class=\"yoast-schema-graph\">{\"@context\":\"https:\/\/schema.org\",\"@graph\":[{\"@type\":\"WebPage\",\"@id\":\"https:\/\/cabinet-vigier.com\/de\/arbeitsrecht-frankreich\/\",\"url\":\"https:\/\/cabinet-vigier.com\/de\/arbeitsrecht-frankreich\/\",\"name\":\"Droit social allemand - Cabinet Vigier\",\"isPartOf\":{\"@id\":\"https:\/\/cabinet-vigier.com\/fr\/#website\"},\"primaryImageOfPage\":{\"@id\":\"https:\/\/cabinet-vigier.com\/de\/arbeitsrecht-frankreich\/#primaryimage\"},\"image\":{\"@id\":\"https:\/\/cabinet-vigier.com\/de\/arbeitsrecht-frankreich\/#primaryimage\"},\"thumbnailUrl\":\"https:\/\/cabinet-vigier.com\/wp-content\/uploads\/2017\/09\/1200_667_hr_mod2_ronstik-1024x535.jpg\",\"datePublished\":\"2017-09-11T21:14:48+00:00\",\"dateModified\":\"2017-10-31T20:33:16+00:00\",\"breadcrumb\":{\"@id\":\"https:\/\/cabinet-vigier.com\/de\/arbeitsrecht-frankreich\/#breadcrumb\"},\"inLanguage\":\"fr-FR\",\"potentialAction\":[{\"@type\":\"ReadAction\",\"target\":[\"https:\/\/cabinet-vigier.com\/de\/arbeitsrecht-frankreich\/\"]}]},{\"@type\":\"ImageObject\",\"inLanguage\":\"fr-FR\",\"@id\":\"https:\/\/cabinet-vigier.com\/de\/arbeitsrecht-frankreich\/#primaryimage\",\"url\":\"https:\/\/cabinet-vigier.com\/wp-content\/uploads\/2017\/09\/1200_667_hr_mod2_ronstik-1024x535.jpg\",\"contentUrl\":\"https:\/\/cabinet-vigier.com\/wp-content\/uploads\/2017\/09\/1200_667_hr_mod2_ronstik-1024x535.jpg\"},{\"@type\":\"BreadcrumbList\",\"@id\":\"https:\/\/cabinet-vigier.com\/de\/arbeitsrecht-frankreich\/#breadcrumb\",\"itemListElement\":[{\"@type\":\"ListItem\",\"position\":1,\"name\":\"Startseite\",\"item\":\"https:\/\/cabinet-vigier.com\/fr\/\"},{\"@type\":\"ListItem\",\"position\":2,\"name\":\"Droit social allemand\"}]},{\"@type\":\"WebSite\",\"@id\":\"https:\/\/cabinet-vigier.com\/fr\/#website\",\"url\":\"https:\/\/cabinet-vigier.com\/fr\/\",\"name\":\"Cabinet Vigier\",\"description\":\"Deutsch-franz\u00f6sische Anwaltskanzlei - Cabinet d&#039;avocats franco allemand\",\"publisher\":{\"@id\":\"https:\/\/cabinet-vigier.com\/fr\/#organization\"},\"potentialAction\":[{\"@type\":\"SearchAction\",\"target\":{\"@type\":\"EntryPoint\",\"urlTemplate\":\"https:\/\/cabinet-vigier.com\/fr\/?s={search_term_string}\"},\"query-input\":{\"@type\":\"PropertyValueSpecification\",\"valueRequired\":true,\"valueName\":\"search_term_string\"}}],\"inLanguage\":\"fr-FR\"},{\"@type\":\"Organization\",\"@id\":\"https:\/\/cabinet-vigier.com\/fr\/#organization\",\"name\":\"Cabinet Vigier\",\"url\":\"https:\/\/cabinet-vigier.com\/fr\/\",\"logo\":{\"@type\":\"ImageObject\",\"inLanguage\":\"fr-FR\",\"@id\":\"https:\/\/cabinet-vigier.com\/fr\/#\/schema\/logo\/image\/\",\"url\":\"https:\/\/cabinet-vigier.com\/wp-content\/uploads\/2017\/08\/cropped-AV-Logo-DF-ult10-500x.jpg\",\"contentUrl\":\"https:\/\/cabinet-vigier.com\/wp-content\/uploads\/2017\/08\/cropped-AV-Logo-DF-ult10-500x.jpg\",\"width\":500,\"height\":100,\"caption\":\"Cabinet Vigier\"},\"image\":{\"@id\":\"https:\/\/cabinet-vigier.com\/fr\/#\/schema\/logo\/image\/\"}}]}<\/script>\n<!-- \/ Yoast SEO plugin. -->","yoast_head_json":{"title":"Droit social allemand - Cabinet Vigier","robots":{"index":"index","follow":"follow","max-snippet":"max-snippet:-1","max-image-preview":"max-image-preview:large","max-video-preview":"max-video-preview:-1"},"canonical":"https:\/\/cabinet-vigier.com\/de\/arbeitsrecht-frankreich\/","og_locale":"fr_FR","og_type":"article","og_title":"Droit social allemand - Cabinet Vigier","og_description":"Nous vous assistons et conseillons dans tous les domaines du droit allemand du travail que vous soyez employeur ou salari\u00e9. Nous avons d\u00e9velopp\u00e9 une v\u00e9ritable expertise en droit du travail allemand au service des int\u00e9r\u00eats de nos clients francophones. Le cabinet r\u00e9pond \u00e0 toutes vos questions portant sur le droit du travail allemand et en ... Weiterlesen ...","og_url":"https:\/\/cabinet-vigier.com\/de\/arbeitsrecht-frankreich\/","og_site_name":"Cabinet Vigier","article_modified_time":"2017-10-31T20:33:16+00:00","og_image":[{"url":"https:\/\/cabinet-vigier.com\/wp-content\/uploads\/2017\/09\/1200_667_hr_mod2_ronstik-1024x535.jpg","type":"","width":"","height":""}],"twitter_card":"summary_large_image","twitter_misc":{"Dur\u00e9e de lecture estim\u00e9e":"1 minute"},"schema":{"@context":"https:\/\/schema.org","@graph":[{"@type":"WebPage","@id":"https:\/\/cabinet-vigier.com\/de\/arbeitsrecht-frankreich\/","url":"https:\/\/cabinet-vigier.com\/de\/arbeitsrecht-frankreich\/","name":"Droit social allemand - Cabinet Vigier","isPartOf":{"@id":"https:\/\/cabinet-vigier.com\/fr\/#website"},"primaryImageOfPage":{"@id":"https:\/\/cabinet-vigier.com\/de\/arbeitsrecht-frankreich\/#primaryimage"},"image":{"@id":"https:\/\/cabinet-vigier.com\/de\/arbeitsrecht-frankreich\/#primaryimage"},"thumbnailUrl":"https:\/\/cabinet-vigier.com\/wp-content\/uploads\/2017\/09\/1200_667_hr_mod2_ronstik-1024x535.jpg","datePublished":"2017-09-11T21:14:48+00:00","dateModified":"2017-10-31T20:33:16+00:00","breadcrumb":{"@id":"https:\/\/cabinet-vigier.com\/de\/arbeitsrecht-frankreich\/#breadcrumb"},"inLanguage":"fr-FR","potentialAction":[{"@type":"ReadAction","target":["https:\/\/cabinet-vigier.com\/de\/arbeitsrecht-frankreich\/"]}]},{"@type":"ImageObject","inLanguage":"fr-FR","@id":"https:\/\/cabinet-vigier.com\/de\/arbeitsrecht-frankreich\/#primaryimage","url":"https:\/\/cabinet-vigier.com\/wp-content\/uploads\/2017\/09\/1200_667_hr_mod2_ronstik-1024x535.jpg","contentUrl":"https:\/\/cabinet-vigier.com\/wp-content\/uploads\/2017\/09\/1200_667_hr_mod2_ronstik-1024x535.jpg"},{"@type":"BreadcrumbList","@id":"https:\/\/cabinet-vigier.com\/de\/arbeitsrecht-frankreich\/#breadcrumb","itemListElement":[{"@type":"ListItem","position":1,"name":"Startseite","item":"https:\/\/cabinet-vigier.com\/fr\/"},{"@type":"ListItem","position":2,"name":"Droit social allemand"}]},{"@type":"WebSite","@id":"https:\/\/cabinet-vigier.com\/fr\/#website","url":"https:\/\/cabinet-vigier.com\/fr\/","name":"Cabinet Vigier","description":"Deutsch-franz\u00f6sische Anwaltskanzlei - Cabinet d&#039;avocats franco allemand","publisher":{"@id":"https:\/\/cabinet-vigier.com\/fr\/#organization"},"potentialAction":[{"@type":"SearchAction","target":{"@type":"EntryPoint","urlTemplate":"https:\/\/cabinet-vigier.com\/fr\/?s={search_term_string}"},"query-input":{"@type":"PropertyValueSpecification","valueRequired":true,"valueName":"search_term_string"}}],"inLanguage":"fr-FR"},{"@type":"Organization","@id":"https:\/\/cabinet-vigier.com\/fr\/#organization","name":"Cabinet Vigier","url":"https:\/\/cabinet-vigier.com\/fr\/","logo":{"@type":"ImageObject","inLanguage":"fr-FR","@id":"https:\/\/cabinet-vigier.com\/fr\/#\/schema\/logo\/image\/","url":"https:\/\/cabinet-vigier.com\/wp-content\/uploads\/2017\/08\/cropped-AV-Logo-DF-ult10-500x.jpg","contentUrl":"https:\/\/cabinet-vigier.com\/wp-content\/uploads\/2017\/08\/cropped-AV-Logo-DF-ult10-500x.jpg","width":500,"height":100,"caption":"Cabinet Vigier"},"image":{"@id":"https:\/\/cabinet-vigier.com\/fr\/#\/schema\/logo\/image\/"}}]}},"_links":{"self":[{"href":"https:\/\/cabinet-vigier.com\/fr\/wp-json\/wp\/v2\/pages\/591","targetHints":{"allow":["GET"]}}],"collection":[{"href":"https:\/\/cabinet-vigier.com\/fr\/wp-json\/wp\/v2\/pages"}],"about":[{"href":"https:\/\/cabinet-vigier.com\/fr\/wp-json\/wp\/v2\/types\/page"}],"author":[{"embeddable":true,"href":"https:\/\/cabinet-vigier.com\/fr\/wp-json\/wp\/v2\/users\/2"}],"replies":[{"embeddable":true,"href":"https:\/\/cabinet-vigier.com\/fr\/wp-json\/wp\/v2\/comments?post=591"}],"version-history":[{"count":5,"href":"https:\/\/cabinet-vigier.com\/fr\/wp-json\/wp\/v2\/pages\/591\/revisions"}],"predecessor-version":[{"id":823,"href":"https:\/\/cabinet-vigier.com\/fr\/wp-json\/wp\/v2\/pages\/591\/revisions\/823"}],"wp:attachment":[{"href":"https:\/\/cabinet-vigier.com\/fr\/wp-json\/wp\/v2\/media?parent=591"}],"curies":[{"name":"wp","href":"https:\/\/api.w.org\/{rel}","templated":true}]}}