{"id":592,"date":"2017-09-11T23:15:27","date_gmt":"2017-09-11T21:15:27","guid":{"rendered":"http:\/\/www.cabinet-vigier.com\/mentions-legales\/"},"modified":"2018-01-17T17:58:11","modified_gmt":"2018-01-17T16:58:11","slug":"mentions-legales","status":"publish","type":"page","link":"https:\/\/cabinet-vigier.com\/fr\/mentions-legales\/","title":{"rendered":"Mentions l\u00e9gales"},"content":{"rendered":"<p>Mentions l\u00e9gales conform\u00e9ment au\u00a0<a href=\"http:\/\/www.gesetze-im-internet.de\/tmg\/__5.html\">\u00a7 5 Telemediengesetz<\/a>\u00a0et\u00a0<a href=\"https:\/\/www.gesetze-im-internet.de\/dlinfov\/__2.html\">\u00a7 2 DL-InfoV<\/a>\u00a0 (Allemagne) et <a href=\"https:\/\/www.legifrance.gouv.fr\/affichTexte.do?cidTexte=LEGITEXT000005789847&amp;dateTexte=20171030\">Article 19 de la loi n\u00b0 2004-575 du 21 juin 2004 pour la confiance dans l\u2019\u00e9conomie num\u00e9rique (France) :<\/a><\/p>\n<p><strong>I. Adresse:<\/strong><\/p>\n<p>Armin Vigier<br \/>\nRechtsanwalt<br \/>\nAvocat au Barreau<br \/>\n\u00d6ffentlich bestellter und allgemein beeidigter \u00dcbersetzer f\u00fcr die franz\u00f6sische Sprache<\/p>\n<p>Herzog Wilhelm Stra\u00dfe 10\/IV, 80331 M\u00fcnchen<br \/>\nT\u00e9l\u00e9phone : + 49 (0)89 215 40 625<br \/>\nT\u00e9l\u00e9copie : +49 (0)89 215 40 627<br \/>\nE-mail:\u00a0<a href=\"mailto:mail@cabinet-vigier.com\">mail@cabinet-vigier.com<\/a><\/p>\n<p><strong>II. Titres professionnels et autorit\u00e9s d\u00e9ontologiques<\/strong><\/p>\n<p>Ma\u00eetre Armin Vigier est <strong>avocat allemand (RECHTSANWALT) <\/strong>depuis son admission le 7 septembre 2000 \u00e0 la chambre des avocats de Munich qui est l\u2019autorit\u00e9 d\u00e9ontologique comp\u00e9tente pour les activit\u00e9s de Ma\u00eetre Armin Vigier en qualit\u00e9 d\u2019avocat allemand :<\/p>\n<p><a href=\"http:\/\/www.rechtsanwaltskammer-muenchen.de\/\">Rechtsanwaltskammer M\u00fcnchen<br \/>\n<\/a>Tal 33<br \/>\n80331 Munich<br \/>\nAllemagne<br \/>\nE-Mail:\u00a0<a href=\"mailto:info@rak-m.de\">info@rak-m.de<br \/>\n<\/a>De-Mail:\u00a0<a href=\"mailto:info@rak-m.de-mail.de\">info@rak-m.de-mail.de<\/a>.<\/p>\n<p>Ma\u00eetre Armin VIGIER est aussi <strong>avocat fran\u00e7ais (Avocat au Barreau)<\/strong>, inscrit au Tableau des Avocats du Barreau de Marseille depuis le 11 mars 2003. L\u2019autorit\u00e9 d\u00e9ontologique comp\u00e9tente pour les activit\u00e9s de Ma\u00eetre Armin Vigier en qualit\u00e9 d&rsquo;avocat fran\u00e7ais est :<\/p>\n<p><a href=\"http:\/\/www.barreau-marseille.avocat.fr\/\">Ordre des Avocats au Barreau de Marseille<br \/>\n<\/a>51, rue Grignan<br \/>\n13006 Marseille<br \/>\nFrance.<\/p>\n<p>Le 30 novembre 2010, Ma\u00eetre Armin Vigier a \u00e9t\u00e9 nomm\u00e9 <strong>traducteur asserment\u00e9<\/strong> pour la langue fran\u00e7aise par le Pr\u00e9sident du Tribunal r\u00e9gional de Munich conform\u00e9ment aux dispositions de la loi allemande relative \u00e0 la nomination des traducteurs jur\u00e9s.<\/p>\n<p><strong>III. Num\u00e9ro fiscal:<\/strong><\/p>\n<p>Num\u00e9ro fiscal (Allemagne) : 148\/170\/20527 \/ Code intracommunautaire de TVA : DE314436770<\/p>\n<p><strong>IV. Assurance responsabilit\u00e9 civile professionnelle :<\/strong><\/p>\n<p>L\u2019assurance de responsabilit\u00e9 civile professionnelle en vertu de l\u2019article 51 de l\u2019ordonnance allemande relative \u00e0 la profession de l\u2019avocat (BRAO) est souscrite aupr\u00e8s de la compagnie Allianz Versicherungs-Aktiengesellschaft, 10900 Berlin.<\/p>\n<p><strong>V. R\u00e8gles d\u00e9ontologiques<\/strong><\/p>\n<p><strong>1. D\u00e9ontologie de l\u2019avocat allemand (Rechtsanwalt)<\/strong><\/p>\n<p>Les r\u00e8gles professionnelles et d\u00e9ontologiques sont disponibles aupr\u00e8s de la Chambre f\u00e9d\u00e9rale des Avocats et peuvent \u00eatre consult\u00e9es dans la rubrique \u00abd\u00e9ontologie\u00bb du site\u00a0<a href=\"http:\/\/www.brak.de\/seiten\/06.php\">Bundesrechtsanwaltskammer (Rubrik: Berufsrecht)<\/a> :<\/p>\n<ul>\n<li>Bundesrechtsanwaltsordnung (BRAO) ;<\/li>\n<li>Berufsordnung (BORA) ;<br \/>\nGesetz \u00fcber die Verg\u00fctung der Rechtsanw\u00e4ltinnen und Rechtsanw\u00e4lte (RVG) ;<\/li>\n<li>Fachanwaltsordnung (FAO) ;<\/li>\n<li>Gesetz \u00fcber die T\u00e4tigkeit europ\u00e4ischer Rechtsanw\u00e4lte in Deutschland (EuRAG) ;<\/li>\n<li>Berufsregeln der Rechtsanw\u00e4lte der Europ\u00e4ischen Gemeinschaft (CCBE) ;<\/li>\n<li>Geldw\u00e4schebek\u00e4mpfungsgesetz (GwG) ;<\/li>\n<li>Verordnung \u00fcber die Rechtsanwaltsverzeichnisse und die besonderen elektronischen Anwaltspostf\u00e4cher.<strong><br \/>\n<\/strong><\/li>\n<\/ul>\n<p><strong>2. D\u00e9ontologie de l\u2019avocat fran\u00e7ais (Avocat)<\/strong><\/p>\n<p>Les r\u00e8gles professionnelles et d\u00e9ontologiques peuvent \u00eatre consult\u00e9es via le site de l\u2019<a href=\"https:\/\/www.barreau-marseille.avocat.fr\/fr\/profession\/deontologie\">Ordre des Avocats au Barreau de Marseille<\/a>\u00a0:<\/p>\n<ul>\n<li>Loi du 31 d\u00e9cembre 1971 modifi\u00e9e ;<\/li>\n<li>D\u00e9cret du 27 novembre 1991 modifi\u00e9 ;<\/li>\n<li>D\u00e9cret du 12 juillet 2005 relatif aux r\u00e8gles de d\u00e9ontologie de la profession d\u2019avocat\u00a0;<\/li>\n<li>D\u00e9cision du Conseil National des Barreaux \u00e0 caract\u00e8re normatif n\u00b0 2005-003 portant adoption du R\u00e8glement int\u00e9rieur national (RIN) de la profession d\u2019avocat\u00a0;<\/li>\n<li><a href=\"http:\/\/www.ccbe.eu\/fileadmin\/speciality_distribution\/public\/documents\/DEONTOLOGY\/DEON_CoC\/FR_DEON_CoC.pdf\">Code de d\u00e9ontologie des avocats europ\u00e9ens (CCBE<\/a><a href=\"http:\/\/www.ccbe.eu\/fileadmin\/user_upload\/NTCdocument\/2006_code_frpdf2_1228293527.pdf\">)<\/a>.<\/li>\n<\/ul>\n<p><strong>VI. M\u00e9diation<\/strong><\/p>\n<p>En cas de litige entre l\u2019avocat et son client, il est possible de saisir d\u2019une m\u00e9diation extrajudiciaire soit la Chambre des Avocats du Barreau de Munich (\u00a7 73 al. 2 n\u00b0 3 et \u00a7 73 al. 5 de l\u2019ordonnance allemande relative \u00e0 la profession de l\u2019avocat BRAO) soit la commission de m\u00e9diation des avocats (Schlichtungsstelle der Rechtsanwaltschaft) aupr\u00e8s de la Chambre f\u00e9d\u00e9rale des avocats (\u00a7 191 BRAO): <a href=\"http:\/\/www.brak.de\/\">www.brak.de<\/a>, E\u2010Mail: <a href=\"mailto:schlichtungsstelle@s-d-r.org%20\">schlichtungsstelle@s-d-r.org<\/a><\/p>\n<p>En outre, la commission europ\u00e9enne a cr\u00e9\u00e9 une proc\u00e9dure de r\u00e8glement extrajudiciaire des litiges :\u00a0<a href=\"http:\/\/ec.europa.eu\/consumers\/odr\/\">http:\/\/ec.europa.eu\/consumers\/odr\/<\/a><strong><br \/>\n<\/strong><\/p>\n<p><strong>VII. Droit d\u2019auteur <\/strong><\/p>\n<p>Tous les \u00e9l\u00e9ments graphiques et textuels int\u00e9gr\u00e9s au site sont prot\u00e9g\u00e9s au titre du droit d\u2019auteur. Toute reproduction en tout ou en partie de ce site sur quelque support que ce soit est formellement interdite sauf autorisation expresse du cabinet-vigier.com.<\/p>\n<p><strong>VIII. Cr\u00e9dits photos<\/strong><\/p>\n<h5>Stockfoto-ID: 647367616<br \/>\nmagnifying glass focus on deadline calendar with some coin and calculator in foreground, overdue, reminder concept<br \/>\nAutor: Doucefleur\/Shutterstock.com<br \/>\n<u><\/u><\/h5>\n<h5>Stockfoto-ID: 339204554<br \/>\nChess figure, business concept strategy, leadership, team and success<br \/>\nAutor: alice-photo\/Shutterstock.com<br \/>\n<u><\/u><\/h5>\n<h5>Stockfoto-ID: 162929063<br \/>\nWindows of Skyscraper Business Office, Corporate building in London City, England, UK<br \/>\nAutor: alice-photo\/Shutterstock.com<br \/>\n<u><\/u><\/h5>\n<h5>Stockfoto-ID: 144571424<br \/>\nModern villa with pool, view from the garden<br \/>\nAutor: Alexandre zveige\/Shutterstock.com<\/h5>\n<h5>Stockfoto-ID: 566050336<br \/>\nmodern cubic residential architecture in Berlin<br \/>\nAutor: patino\/Shutterstock.com<\/h5>\n<h5>Stockfoto-ID: 570144046<br \/>\nPortrait of happy family standing at beach<br \/>\nAutor: vectorfusionart\/Shutterstock.com<br \/>\n<u><\/u><\/h5>\n<h5>Stockfoto-ID: 447357799<br \/>\nAerial panoramic view on basilica of Notre Dame de la Garde and old port in Marseille, France<br \/>\nAutor: S-F\/Shutterstock.com<\/h5>\n<p>Stockfoto-ID: 352865495<br \/>\nAerial view on Marienplatz town hall and Frauenkirche in Munich, Germany<br \/>\nAutor: S-F\/Shutterstock.com<br \/>\n<u><\/u><\/p>\n<h5>Stockfoto-ID: 234238867<br \/>\nGrandparents and grandson together in autumn park<br \/>\nAuthor: Ruslan Guzov\/Shutterstock.com<br \/>\n<u><\/u><\/h5>\n<p>Stockfoto-ID: 86271325<br \/>\nmodern house<br \/>\nAuthor: Berni\/Shutterstock.com<br \/>\n<u><\/u><\/p>\n<p>Stockfoto-ID: 270244094<br \/>\nHandshake<br \/>\nAuthor: pikcha\/Shutterstock.com<u><br \/>\n<\/u><\/p>\n<p>Stockfoto-ID: 580690882<br \/>\nHands of financial manager taking notes when working<br \/>\nAuthor: Fabio Balbi\/Shutterstock.com<br \/>\n<u><\/u><\/p>\n<p>Stockfoto-ID: 290212598<br \/>\nInternational Airport Business Travel Airport Terminal Concept<br \/>\nAuthor: Rawpixel.com\/Shutterstock.com<br \/>\n<u><\/u><\/p>\n<p>Stockfoto-ID: 654477787<br \/>\nhuman resources and business hierarchy concept<br \/>\nAuthor: ronstik\/Shutterstock.com<br \/>\n<u><\/u><\/p>\n<p>Stockfoto-ID: 390994372 Mediterranean vegetation surrounding an old house in Saint Tropez, French Riviera, France<br \/>\nAuthor: Inu\/Shutterstock.com<br \/>\n<u><\/u><\/p>\n<p>Stockfoto-ID: 549735178<br \/>\nwarehouse interior<br \/>\nAuthor: Don Pablo\/Shutterstock.com<br \/>\n<u><\/u><\/p>\n<p>Stockfoto-ID: 678529480<br \/>\nBusinessman Is Signing A Legal Document In Office<br \/>\nAuthor: ilkercelik\/Shutterstock.com<br \/>\n<u><\/u><\/p>\n<p>Stockfoto-ID: 602151149<br \/>\nThe Statue of Justice &#8211; lady justice or Iustitia \/ Justitia the Roman goddess of Justice<br \/>\nAuthor: Alexander Kirch\/Shutterstock.com<\/p>\n","protected":false},"excerpt":{"rendered":"<p>Mentions l\u00e9gales conform\u00e9ment au\u00a0\u00a7 5 Telemediengesetz\u00a0et\u00a0\u00a7 2 DL-InfoV\u00a0 (Allemagne) et Article 19 de la loi n\u00b0 2004-575 du 21 juin 2004 pour la confiance dans l\u2019\u00e9conomie num\u00e9rique (France) : I. Adresse: Armin Vigier Rechtsanwalt Avocat au Barreau \u00d6ffentlich bestellter und allgemein beeidigter \u00dcbersetzer f\u00fcr die franz\u00f6sische Sprache Herzog Wilhelm Stra\u00dfe 10\/IV, 80331 M\u00fcnchen T\u00e9l\u00e9phone : &#8230; <a title=\"Mentions l\u00e9gales\" class=\"read-more\" href=\"https:\/\/cabinet-vigier.com\/fr\/mentions-legales\/\" aria-label=\"Plus sur Mentions l\u00e9gales\">Weiterlesen &#8230;<\/a><\/p>\n","protected":false},"author":2,"featured_media":0,"parent":0,"menu_order":0,"comment_status":"closed","ping_status":"closed","template":"","meta":{"_monsterinsights_skip_tracking":false,"_monsterinsights_sitenote_active":false,"_monsterinsights_sitenote_note":"","_monsterinsights_sitenote_category":0,"_uf_show_specific_survey":0,"_uf_disable_surveys":false,"generate_page_header":"","footnotes":""},"class_list":["post-592","page","type-page","status-publish"],"yoast_head":"<!-- This site is optimized with the Yoast SEO plugin v24.5 - https:\/\/yoast.com\/wordpress\/plugins\/seo\/ -->\n<title>Mentions l\u00e9gales - Cabinet Vigier<\/title>\n<meta name=\"robots\" content=\"index, follow, max-snippet:-1, max-image-preview:large, max-video-preview:-1\" \/>\n<link rel=\"canonical\" href=\"https:\/\/cabinet-vigier.com\/de\/impressum\/\" \/>\n<meta property=\"og:locale\" content=\"fr_FR\" \/>\n<meta property=\"og:type\" content=\"article\" \/>\n<meta property=\"og:title\" content=\"Mentions l\u00e9gales - Cabinet Vigier\" \/>\n<meta property=\"og:description\" content=\"Mentions l\u00e9gales conform\u00e9ment au\u00a0\u00a7 5 Telemediengesetz\u00a0et\u00a0\u00a7 2 DL-InfoV\u00a0 (Allemagne) et Article 19 de la loi n\u00b0 2004-575 du 21 juin 2004 pour la confiance dans l\u2019\u00e9conomie num\u00e9rique (France) : I. Adresse: Armin Vigier Rechtsanwalt Avocat au Barreau \u00d6ffentlich bestellter und allgemein beeidigter \u00dcbersetzer f\u00fcr die franz\u00f6sische Sprache Herzog Wilhelm Stra\u00dfe 10\/IV, 80331 M\u00fcnchen T\u00e9l\u00e9phone : ... Weiterlesen ...\" \/>\n<meta property=\"og:url\" content=\"https:\/\/cabinet-vigier.com\/de\/impressum\/\" \/>\n<meta property=\"og:site_name\" content=\"Cabinet Vigier\" \/>\n<meta property=\"article:modified_time\" content=\"2018-01-17T16:58:11+00:00\" \/>\n<meta name=\"twitter:card\" content=\"summary_large_image\" \/>\n<meta name=\"twitter:label1\" content=\"Dur\u00e9e de lecture estim\u00e9e\" \/>\n\t<meta name=\"twitter:data1\" content=\"4 minutes\" \/>\n<script type=\"application\/ld+json\" class=\"yoast-schema-graph\">{\"@context\":\"https:\/\/schema.org\",\"@graph\":[{\"@type\":\"WebPage\",\"@id\":\"https:\/\/cabinet-vigier.com\/de\/impressum\/\",\"url\":\"https:\/\/cabinet-vigier.com\/de\/impressum\/\",\"name\":\"Mentions l\u00e9gales - Cabinet Vigier\",\"isPartOf\":{\"@id\":\"https:\/\/cabinet-vigier.com\/fr\/#website\"},\"datePublished\":\"2017-09-11T21:15:27+00:00\",\"dateModified\":\"2018-01-17T16:58:11+00:00\",\"breadcrumb\":{\"@id\":\"https:\/\/cabinet-vigier.com\/de\/impressum\/#breadcrumb\"},\"inLanguage\":\"fr-FR\",\"potentialAction\":[{\"@type\":\"ReadAction\",\"target\":[\"https:\/\/cabinet-vigier.com\/de\/impressum\/\"]}]},{\"@type\":\"BreadcrumbList\",\"@id\":\"https:\/\/cabinet-vigier.com\/de\/impressum\/#breadcrumb\",\"itemListElement\":[{\"@type\":\"ListItem\",\"position\":1,\"name\":\"Startseite\",\"item\":\"https:\/\/cabinet-vigier.com\/fr\/\"},{\"@type\":\"ListItem\",\"position\":2,\"name\":\"Mentions l\u00e9gales\"}]},{\"@type\":\"WebSite\",\"@id\":\"https:\/\/cabinet-vigier.com\/fr\/#website\",\"url\":\"https:\/\/cabinet-vigier.com\/fr\/\",\"name\":\"Cabinet Vigier\",\"description\":\"Deutsch-franz\u00f6sische Anwaltskanzlei - Cabinet d&#039;avocats franco allemand\",\"publisher\":{\"@id\":\"https:\/\/cabinet-vigier.com\/fr\/#organization\"},\"potentialAction\":[{\"@type\":\"SearchAction\",\"target\":{\"@type\":\"EntryPoint\",\"urlTemplate\":\"https:\/\/cabinet-vigier.com\/fr\/?s={search_term_string}\"},\"query-input\":{\"@type\":\"PropertyValueSpecification\",\"valueRequired\":true,\"valueName\":\"search_term_string\"}}],\"inLanguage\":\"fr-FR\"},{\"@type\":\"Organization\",\"@id\":\"https:\/\/cabinet-vigier.com\/fr\/#organization\",\"name\":\"Cabinet Vigier\",\"url\":\"https:\/\/cabinet-vigier.com\/fr\/\",\"logo\":{\"@type\":\"ImageObject\",\"inLanguage\":\"fr-FR\",\"@id\":\"https:\/\/cabinet-vigier.com\/fr\/#\/schema\/logo\/image\/\",\"url\":\"https:\/\/cabinet-vigier.com\/wp-content\/uploads\/2017\/08\/cropped-AV-Logo-DF-ult10-500x.jpg\",\"contentUrl\":\"https:\/\/cabinet-vigier.com\/wp-content\/uploads\/2017\/08\/cropped-AV-Logo-DF-ult10-500x.jpg\",\"width\":500,\"height\":100,\"caption\":\"Cabinet Vigier\"},\"image\":{\"@id\":\"https:\/\/cabinet-vigier.com\/fr\/#\/schema\/logo\/image\/\"}}]}<\/script>\n<!-- \/ Yoast SEO plugin. -->","yoast_head_json":{"title":"Mentions l\u00e9gales - Cabinet Vigier","robots":{"index":"index","follow":"follow","max-snippet":"max-snippet:-1","max-image-preview":"max-image-preview:large","max-video-preview":"max-video-preview:-1"},"canonical":"https:\/\/cabinet-vigier.com\/de\/impressum\/","og_locale":"fr_FR","og_type":"article","og_title":"Mentions l\u00e9gales - Cabinet Vigier","og_description":"Mentions l\u00e9gales conform\u00e9ment au\u00a0\u00a7 5 Telemediengesetz\u00a0et\u00a0\u00a7 2 DL-InfoV\u00a0 (Allemagne) et Article 19 de la loi n\u00b0 2004-575 du 21 juin 2004 pour la confiance dans l\u2019\u00e9conomie num\u00e9rique (France) : I. Adresse: Armin Vigier Rechtsanwalt Avocat au Barreau \u00d6ffentlich bestellter und allgemein beeidigter \u00dcbersetzer f\u00fcr die franz\u00f6sische Sprache Herzog Wilhelm Stra\u00dfe 10\/IV, 80331 M\u00fcnchen T\u00e9l\u00e9phone : ... Weiterlesen ...","og_url":"https:\/\/cabinet-vigier.com\/de\/impressum\/","og_site_name":"Cabinet Vigier","article_modified_time":"2018-01-17T16:58:11+00:00","twitter_card":"summary_large_image","twitter_misc":{"Dur\u00e9e de lecture estim\u00e9e":"4 minutes"},"schema":{"@context":"https:\/\/schema.org","@graph":[{"@type":"WebPage","@id":"https:\/\/cabinet-vigier.com\/de\/impressum\/","url":"https:\/\/cabinet-vigier.com\/de\/impressum\/","name":"Mentions l\u00e9gales - Cabinet Vigier","isPartOf":{"@id":"https:\/\/cabinet-vigier.com\/fr\/#website"},"datePublished":"2017-09-11T21:15:27+00:00","dateModified":"2018-01-17T16:58:11+00:00","breadcrumb":{"@id":"https:\/\/cabinet-vigier.com\/de\/impressum\/#breadcrumb"},"inLanguage":"fr-FR","potentialAction":[{"@type":"ReadAction","target":["https:\/\/cabinet-vigier.com\/de\/impressum\/"]}]},{"@type":"BreadcrumbList","@id":"https:\/\/cabinet-vigier.com\/de\/impressum\/#breadcrumb","itemListElement":[{"@type":"ListItem","position":1,"name":"Startseite","item":"https:\/\/cabinet-vigier.com\/fr\/"},{"@type":"ListItem","position":2,"name":"Mentions l\u00e9gales"}]},{"@type":"WebSite","@id":"https:\/\/cabinet-vigier.com\/fr\/#website","url":"https:\/\/cabinet-vigier.com\/fr\/","name":"Cabinet Vigier","description":"Deutsch-franz\u00f6sische Anwaltskanzlei - Cabinet d&#039;avocats franco allemand","publisher":{"@id":"https:\/\/cabinet-vigier.com\/fr\/#organization"},"potentialAction":[{"@type":"SearchAction","target":{"@type":"EntryPoint","urlTemplate":"https:\/\/cabinet-vigier.com\/fr\/?s={search_term_string}"},"query-input":{"@type":"PropertyValueSpecification","valueRequired":true,"valueName":"search_term_string"}}],"inLanguage":"fr-FR"},{"@type":"Organization","@id":"https:\/\/cabinet-vigier.com\/fr\/#organization","name":"Cabinet Vigier","url":"https:\/\/cabinet-vigier.com\/fr\/","logo":{"@type":"ImageObject","inLanguage":"fr-FR","@id":"https:\/\/cabinet-vigier.com\/fr\/#\/schema\/logo\/image\/","url":"https:\/\/cabinet-vigier.com\/wp-content\/uploads\/2017\/08\/cropped-AV-Logo-DF-ult10-500x.jpg","contentUrl":"https:\/\/cabinet-vigier.com\/wp-content\/uploads\/2017\/08\/cropped-AV-Logo-DF-ult10-500x.jpg","width":500,"height":100,"caption":"Cabinet Vigier"},"image":{"@id":"https:\/\/cabinet-vigier.com\/fr\/#\/schema\/logo\/image\/"}}]}},"_links":{"self":[{"href":"https:\/\/cabinet-vigier.com\/fr\/wp-json\/wp\/v2\/pages\/592","targetHints":{"allow":["GET"]}}],"collection":[{"href":"https:\/\/cabinet-vigier.com\/fr\/wp-json\/wp\/v2\/pages"}],"about":[{"href":"https:\/\/cabinet-vigier.com\/fr\/wp-json\/wp\/v2\/types\/page"}],"author":[{"embeddable":true,"href":"https:\/\/cabinet-vigier.com\/fr\/wp-json\/wp\/v2\/users\/2"}],"replies":[{"embeddable":true,"href":"https:\/\/cabinet-vigier.com\/fr\/wp-json\/wp\/v2\/comments?post=592"}],"version-history":[{"count":9,"href":"https:\/\/cabinet-vigier.com\/fr\/wp-json\/wp\/v2\/pages\/592\/revisions"}],"predecessor-version":[{"id":1038,"href":"https:\/\/cabinet-vigier.com\/fr\/wp-json\/wp\/v2\/pages\/592\/revisions\/1038"}],"wp:attachment":[{"href":"https:\/\/cabinet-vigier.com\/fr\/wp-json\/wp\/v2\/media?parent=592"}],"curies":[{"name":"wp","href":"https:\/\/api.w.org\/{rel}","templated":true}]}}