{"id":593,"date":"2017-09-11T23:15:38","date_gmt":"2017-09-11T21:15:38","guid":{"rendered":"http:\/\/www.cabinet-vigier.com\/honoraires\/"},"modified":"2017-11-02T23:13:22","modified_gmt":"2017-11-02T22:13:22","slug":"honoraires","status":"publish","type":"page","link":"https:\/\/cabinet-vigier.com\/fr\/honoraires\/","title":{"rendered":"Honoraires"},"content":{"rendered":"<p><strong>Des honoraires individuels, transparents et \u00e9quitables.\u00a0<\/strong><strong><br \/>\n<\/strong><\/p>\n<p>La confiance est au centre des relations entre le client et son avocat. Ce partenariat se traduit, en mati\u00e8re de co\u00fbt de l\u2019intervention de votre avocat, par l\u2019application du principe de transparence.<\/p>\n<p>Pour \u00e9viter des surprises, nous vous informons d\u00e8s l\u2019ouverture du dossier sur le co\u00fbt pr\u00e9visible et les diff\u00e9rents modes de calcul possibles. Il s\u2019agit notamment de m\u00e9thodes de calcul en fonction des bar\u00e8mes l\u00e9gaux, du temps pass\u00e9 ou du r\u00e9sultat (<em>quota litis<\/em>). Le premier appel t\u00e9l\u00e9phonique est g\u00e9n\u00e9ralement sans frais.<\/p>\n<p><strong>Premi\u00e8re consultation <\/strong><\/p>\n<p>La premi\u00e8re consultation a pour objectif de donner un premier avis juridique \u00e0 une certaine situation de fait. Elle a lieu dans le cadre d\u2019un entretien personnel ou t\u00e9l\u00e9phonique. Pour une premi\u00e8re consultation, nous facturons un honoraire forfaitaire de 190 \u20ac HT pour les consommateurs et 250 \u20ac HT pour les clients professionnels, frais de t\u00e9l\u00e9communication de 20 \u20ac au maximum et TVA en sus. Une correspondance \u00e9crite n\u2019est pas comprise dans ce forfait.<\/p>\n<p>Si vous nous confiez par la suite un mandat, les honoraires de premi\u00e8re consultation sont enti\u00e8rement imput\u00e9s sur les honoraires selon les bar\u00e8mes l\u00e9gaux.<\/p>\n<p><strong>Honoraires selon bar\u00e8mes de la loi RVG<\/strong><\/p>\n<p>En absence de convention d\u2019honoraires, les honoraires sont calcul\u00e9s en application des bar\u00e8mes l\u00e9gaux pr\u00e9vus par la loi f\u00e9d\u00e9rale relative \u00e0 la r\u00e9mun\u00e9ration des avocats (Rechtsanwaltsverg\u00fctungsgesetz, la loi RVG). Les bar\u00e8mes s\u2019appliquent en fonction de la valeur de l\u2019affaire (Streitwert). La loi RVG fixe un cadre de taxes en consid\u00e9ration de la nature et de la difficult\u00e9 de l\u2019affaire. En cas de proc\u00e9dure, une partie des honoraires pour diligences extrajudiciaires est imput\u00e9e sur les honoraires pour diligences judiciaires.<strong>\u00a0<\/strong><\/p>\n<p><strong>Conventions d\u2019honoraires <\/strong><\/p>\n<p>Il est possible de remplacer les honoraires l\u00e9gaux par des honoraires conventionnels :<\/p>\n<ul>\n<li><strong>Honoraires factur\u00e9s au temps pass\u00e9<br \/>\n<\/strong>La convention fixe un tarif horaire et les honoraires se calculent en fonction du temps pass\u00e9. Les notes d\u2019honoraires sont accompagn\u00e9es d\u2019un r\u00e9capitulatif d\u00e9taill\u00e9 des diligences du cabinet. Ce mode de facturation pr\u00e9sente l\u2019avantage d\u2019une tr\u00e8s grande transparence mettant le client en mesure de contr\u00f4ler et g\u00e9rer le co\u00fbt effectif de l\u2019affaire.<\/li>\n<li><strong>Honoraire forfaitaire<\/strong><br \/>\nLa convention fixe un honoraire d\u00e9finitif ind\u00e9pendamment du temps pass\u00e9 ou de la valeur de l\u2019affaire. Ce mode de r\u00e9mun\u00e9ration est envisageable pour les dossiers simples.<\/li>\n<li><strong>Honoraire de r\u00e9sultat<\/strong><br \/>\nLa convention d\u2019un honoraire de r\u00e9sultat n\u2019est autoris\u00e9e par la loi que sous r\u00e9serve de certaines conditions. Nous sommes \u00e0 votre disposition pour analyser dans le cadre d\u2019un entretien personnel si ce mode de facturation est envisageable dans votre cas pr\u00e9cis.<\/li>\n<\/ul>\n<p>Les <strong>photocopies<\/strong>, la <strong>t\u00e9l\u00e9communication<\/strong>, les frais de port, les<strong> frais de d\u00e9placement<\/strong>, <strong>traductions \u00e9crites<\/strong> et tous autres frais (tribunaux, huissiers de justice, administrations) sont factur\u00e9s s\u00e9par\u00e9ment.<\/p>\n<p><strong>Remboursement des honoraires et frais<\/strong><\/p>\n<p>C\u2019est en premier lieu le client qui doit payer les honoraires et frais de son avocat.<\/p>\n<p>En cas de proc\u00e9dure devant les juridictions en Allemagne, c\u2019est la partie perdante qui supportera la totalit\u00e9 des frais de la proc\u00e9dure. La partie perdante doit notamment rembourser \u00e0 la partie gagnante les frais que celle-ci a engag\u00e9s (honoraires d\u2019avocat, frais de justice, frais de d\u00e9placement\u2026) dans la mesure o\u00f9 ces frais sont consid\u00e9r\u00e9s n\u00e9cessaires pour la d\u00e9fense de ses droits, ainsi que d\u00e9fini par la loi. Il y a une exception concernant les proc\u00e9dures prud\u2019homales en premi\u00e8re instance o\u00f9 chaque partie supporte ses propres frais.<\/p>\n<p>Devant les juridictions fran\u00e7aises, chaque partie doit prendre en charge elle-m\u00eame les honoraires de son avocat ainsi que ses frais. Toutefois, le tribunal peut condamner l\u2019une des parties au paiement d\u2019une indemnit\u00e9 forfaitaire au profit de l\u2019autre partie. Le montant de cette indemnit\u00e9 est fix\u00e9 \u00e0 la discr\u00e9tion du tribunal (Article 700 CPC). En revanche, les sommes allou\u00e9es par les juridictions dans la pratique ne correspondent que tr\u00e8s rarement aux frais r\u00e9els effectivement d\u00e9bours\u00e9s.<\/p>\n<p><strong>Aide juridictionnelle<\/strong><\/p>\n<p>Si vous ne disposez pas de moyens n\u00e9cessaires pour faire face aux frais de justice et aux honoraires d\u2019avocat, vous pouvez sous certaines conditions demander l\u2019aide juridictionnelle. Le cas \u00e9ch\u00e9ant, nous vous expliquons le d\u00e9tail et les conditions de l\u2019aide juridictionnelle dans le cadre d\u2019un entretien personnel.<\/p>\n<p>&nbsp;<\/p>\n","protected":false},"excerpt":{"rendered":"<p>Des honoraires individuels, transparents et \u00e9quitables.\u00a0 La confiance est au centre des relations entre le client et son avocat. Ce partenariat se traduit, en mati\u00e8re de co\u00fbt de l\u2019intervention de votre avocat, par l\u2019application du principe de transparence. Pour \u00e9viter des surprises, nous vous informons d\u00e8s l\u2019ouverture du dossier sur le co\u00fbt pr\u00e9visible et les &#8230; <a title=\"Honoraires\" class=\"read-more\" href=\"https:\/\/cabinet-vigier.com\/fr\/honoraires\/\" aria-label=\"Plus sur Honoraires\">Weiterlesen &#8230;<\/a><\/p>\n","protected":false},"author":2,"featured_media":0,"parent":0,"menu_order":0,"comment_status":"closed","ping_status":"closed","template":"","meta":{"_monsterinsights_skip_tracking":false,"_monsterinsights_sitenote_active":false,"_monsterinsights_sitenote_note":"","_monsterinsights_sitenote_category":0,"_uf_show_specific_survey":0,"_uf_disable_surveys":false,"generate_page_header":"","footnotes":""},"class_list":["post-593","page","type-page","status-publish"],"yoast_head":"<!-- This site is optimized with the Yoast SEO plugin v24.5 - https:\/\/yoast.com\/wordpress\/plugins\/seo\/ -->\n<title>Honoraires - Cabinet Vigier<\/title>\n<meta name=\"robots\" content=\"index, follow, max-snippet:-1, max-image-preview:large, max-video-preview:-1\" \/>\n<link rel=\"canonical\" href=\"https:\/\/cabinet-vigier.com\/de\/honorar\/\" \/>\n<meta property=\"og:locale\" content=\"fr_FR\" \/>\n<meta property=\"og:type\" content=\"article\" \/>\n<meta property=\"og:title\" content=\"Honoraires - Cabinet Vigier\" \/>\n<meta property=\"og:description\" content=\"Des honoraires individuels, transparents et \u00e9quitables.\u00a0 La confiance est au centre des relations entre le client et son avocat. Ce partenariat se traduit, en mati\u00e8re de co\u00fbt de l\u2019intervention de votre avocat, par l\u2019application du principe de transparence. Pour \u00e9viter des surprises, nous vous informons d\u00e8s l\u2019ouverture du dossier sur le co\u00fbt pr\u00e9visible et les ... Weiterlesen ...\" \/>\n<meta property=\"og:url\" content=\"https:\/\/cabinet-vigier.com\/de\/honorar\/\" \/>\n<meta property=\"og:site_name\" content=\"Cabinet Vigier\" \/>\n<meta property=\"article:modified_time\" content=\"2017-11-02T22:13:22+00:00\" \/>\n<meta name=\"twitter:card\" content=\"summary_large_image\" \/>\n<meta name=\"twitter:label1\" content=\"Dur\u00e9e de lecture estim\u00e9e\" \/>\n\t<meta name=\"twitter:data1\" content=\"4 minutes\" \/>\n<script type=\"application\/ld+json\" class=\"yoast-schema-graph\">{\"@context\":\"https:\/\/schema.org\",\"@graph\":[{\"@type\":\"WebPage\",\"@id\":\"https:\/\/cabinet-vigier.com\/de\/honorar\/\",\"url\":\"https:\/\/cabinet-vigier.com\/de\/honorar\/\",\"name\":\"Honoraires - Cabinet Vigier\",\"isPartOf\":{\"@id\":\"https:\/\/cabinet-vigier.com\/fr\/#website\"},\"datePublished\":\"2017-09-11T21:15:38+00:00\",\"dateModified\":\"2017-11-02T22:13:22+00:00\",\"breadcrumb\":{\"@id\":\"https:\/\/cabinet-vigier.com\/de\/honorar\/#breadcrumb\"},\"inLanguage\":\"fr-FR\",\"potentialAction\":[{\"@type\":\"ReadAction\",\"target\":[\"https:\/\/cabinet-vigier.com\/de\/honorar\/\"]}]},{\"@type\":\"BreadcrumbList\",\"@id\":\"https:\/\/cabinet-vigier.com\/de\/honorar\/#breadcrumb\",\"itemListElement\":[{\"@type\":\"ListItem\",\"position\":1,\"name\":\"Startseite\",\"item\":\"https:\/\/cabinet-vigier.com\/fr\/\"},{\"@type\":\"ListItem\",\"position\":2,\"name\":\"Honoraires\"}]},{\"@type\":\"WebSite\",\"@id\":\"https:\/\/cabinet-vigier.com\/fr\/#website\",\"url\":\"https:\/\/cabinet-vigier.com\/fr\/\",\"name\":\"Cabinet Vigier\",\"description\":\"Deutsch-franz\u00f6sische Anwaltskanzlei - Cabinet d&#039;avocats franco allemand\",\"publisher\":{\"@id\":\"https:\/\/cabinet-vigier.com\/fr\/#organization\"},\"potentialAction\":[{\"@type\":\"SearchAction\",\"target\":{\"@type\":\"EntryPoint\",\"urlTemplate\":\"https:\/\/cabinet-vigier.com\/fr\/?s={search_term_string}\"},\"query-input\":{\"@type\":\"PropertyValueSpecification\",\"valueRequired\":true,\"valueName\":\"search_term_string\"}}],\"inLanguage\":\"fr-FR\"},{\"@type\":\"Organization\",\"@id\":\"https:\/\/cabinet-vigier.com\/fr\/#organization\",\"name\":\"Cabinet Vigier\",\"url\":\"https:\/\/cabinet-vigier.com\/fr\/\",\"logo\":{\"@type\":\"ImageObject\",\"inLanguage\":\"fr-FR\",\"@id\":\"https:\/\/cabinet-vigier.com\/fr\/#\/schema\/logo\/image\/\",\"url\":\"https:\/\/cabinet-vigier.com\/wp-content\/uploads\/2017\/08\/cropped-AV-Logo-DF-ult10-500x.jpg\",\"contentUrl\":\"https:\/\/cabinet-vigier.com\/wp-content\/uploads\/2017\/08\/cropped-AV-Logo-DF-ult10-500x.jpg\",\"width\":500,\"height\":100,\"caption\":\"Cabinet Vigier\"},\"image\":{\"@id\":\"https:\/\/cabinet-vigier.com\/fr\/#\/schema\/logo\/image\/\"}}]}<\/script>\n<!-- \/ Yoast SEO plugin. -->","yoast_head_json":{"title":"Honoraires - Cabinet Vigier","robots":{"index":"index","follow":"follow","max-snippet":"max-snippet:-1","max-image-preview":"max-image-preview:large","max-video-preview":"max-video-preview:-1"},"canonical":"https:\/\/cabinet-vigier.com\/de\/honorar\/","og_locale":"fr_FR","og_type":"article","og_title":"Honoraires - Cabinet Vigier","og_description":"Des honoraires individuels, transparents et \u00e9quitables.\u00a0 La confiance est au centre des relations entre le client et son avocat. Ce partenariat se traduit, en mati\u00e8re de co\u00fbt de l\u2019intervention de votre avocat, par l\u2019application du principe de transparence. Pour \u00e9viter des surprises, nous vous informons d\u00e8s l\u2019ouverture du dossier sur le co\u00fbt pr\u00e9visible et les ... Weiterlesen ...","og_url":"https:\/\/cabinet-vigier.com\/de\/honorar\/","og_site_name":"Cabinet Vigier","article_modified_time":"2017-11-02T22:13:22+00:00","twitter_card":"summary_large_image","twitter_misc":{"Dur\u00e9e de lecture estim\u00e9e":"4 minutes"},"schema":{"@context":"https:\/\/schema.org","@graph":[{"@type":"WebPage","@id":"https:\/\/cabinet-vigier.com\/de\/honorar\/","url":"https:\/\/cabinet-vigier.com\/de\/honorar\/","name":"Honoraires - Cabinet Vigier","isPartOf":{"@id":"https:\/\/cabinet-vigier.com\/fr\/#website"},"datePublished":"2017-09-11T21:15:38+00:00","dateModified":"2017-11-02T22:13:22+00:00","breadcrumb":{"@id":"https:\/\/cabinet-vigier.com\/de\/honorar\/#breadcrumb"},"inLanguage":"fr-FR","potentialAction":[{"@type":"ReadAction","target":["https:\/\/cabinet-vigier.com\/de\/honorar\/"]}]},{"@type":"BreadcrumbList","@id":"https:\/\/cabinet-vigier.com\/de\/honorar\/#breadcrumb","itemListElement":[{"@type":"ListItem","position":1,"name":"Startseite","item":"https:\/\/cabinet-vigier.com\/fr\/"},{"@type":"ListItem","position":2,"name":"Honoraires"}]},{"@type":"WebSite","@id":"https:\/\/cabinet-vigier.com\/fr\/#website","url":"https:\/\/cabinet-vigier.com\/fr\/","name":"Cabinet Vigier","description":"Deutsch-franz\u00f6sische Anwaltskanzlei - Cabinet d&#039;avocats franco allemand","publisher":{"@id":"https:\/\/cabinet-vigier.com\/fr\/#organization"},"potentialAction":[{"@type":"SearchAction","target":{"@type":"EntryPoint","urlTemplate":"https:\/\/cabinet-vigier.com\/fr\/?s={search_term_string}"},"query-input":{"@type":"PropertyValueSpecification","valueRequired":true,"valueName":"search_term_string"}}],"inLanguage":"fr-FR"},{"@type":"Organization","@id":"https:\/\/cabinet-vigier.com\/fr\/#organization","name":"Cabinet Vigier","url":"https:\/\/cabinet-vigier.com\/fr\/","logo":{"@type":"ImageObject","inLanguage":"fr-FR","@id":"https:\/\/cabinet-vigier.com\/fr\/#\/schema\/logo\/image\/","url":"https:\/\/cabinet-vigier.com\/wp-content\/uploads\/2017\/08\/cropped-AV-Logo-DF-ult10-500x.jpg","contentUrl":"https:\/\/cabinet-vigier.com\/wp-content\/uploads\/2017\/08\/cropped-AV-Logo-DF-ult10-500x.jpg","width":500,"height":100,"caption":"Cabinet Vigier"},"image":{"@id":"https:\/\/cabinet-vigier.com\/fr\/#\/schema\/logo\/image\/"}}]}},"_links":{"self":[{"href":"https:\/\/cabinet-vigier.com\/fr\/wp-json\/wp\/v2\/pages\/593","targetHints":{"allow":["GET"]}}],"collection":[{"href":"https:\/\/cabinet-vigier.com\/fr\/wp-json\/wp\/v2\/pages"}],"about":[{"href":"https:\/\/cabinet-vigier.com\/fr\/wp-json\/wp\/v2\/types\/page"}],"author":[{"embeddable":true,"href":"https:\/\/cabinet-vigier.com\/fr\/wp-json\/wp\/v2\/users\/2"}],"replies":[{"embeddable":true,"href":"https:\/\/cabinet-vigier.com\/fr\/wp-json\/wp\/v2\/comments?post=593"}],"version-history":[{"count":6,"href":"https:\/\/cabinet-vigier.com\/fr\/wp-json\/wp\/v2\/pages\/593\/revisions"}],"predecessor-version":[{"id":946,"href":"https:\/\/cabinet-vigier.com\/fr\/wp-json\/wp\/v2\/pages\/593\/revisions\/946"}],"wp:attachment":[{"href":"https:\/\/cabinet-vigier.com\/fr\/wp-json\/wp\/v2\/media?parent=593"}],"curies":[{"name":"wp","href":"https:\/\/api.w.org\/{rel}","templated":true}]}}