{"id":748,"date":"2017-10-31T16:50:29","date_gmt":"2017-10-31T15:50:29","guid":{"rendered":"http:\/\/www.cabinet-vigier.com\/uebersetzungen\/"},"modified":"2017-11-02T23:14:02","modified_gmt":"2017-11-02T22:14:02","slug":"traductions","status":"publish","type":"page","link":"https:\/\/cabinet-vigier.com\/fr\/traductions\/","title":{"rendered":"Traductions"},"content":{"rendered":"<p>Ma\u00eetre Vigier est \u00e9galement traducteur asserment\u00e9 en Bavi\u00e8re pour la langue fran\u00e7aise.<\/p>\n<p>Nous prenons en charge la traduction de vos textes juridiques et \u00e9conomiques de l&rsquo;Allemand vers le Fran\u00e7ais ou du Fran\u00e7ais vers l&rsquo;Allemand.<\/p>\n<p>De par notre exercice de la profession d&rsquo;avocat en France et en Allemagne nous b\u00e9n\u00e9ficions d&rsquo;une comp\u00e9tence particuli\u00e8re dans la traduction des textes juridiques tels que contrats, conditions g\u00e9n\u00e9rales, jugements et arr\u00eats, actes d&rsquo;\u00e9tat civil, conclusions, documents administratifs&#8230;<\/p>\n<p>Pour certaines d\u00e9marches administratives ou la reconnaissance de certains droits, les documents \u00e9trangers doivent obligatoirement \u00eatre accompagn\u00e9s d&rsquo;une\u00a0traduction par un traducteur agr\u00e9\u00e9 ou asserment\u00e9.\u00a0On parle de traduction <em>certifi\u00e9e conforme \u00e0 l&rsquo;original<\/em> ou <em>officielle.\u00a0<\/em>Dans les rapports entre la France et l&rsquo;Allemagne les traductions officielles doivent \u00eatre reconnues sans acte de l\u00e9galisation compl\u00e9mentaire.<\/p>\n<p>En cas de besoin, nous vous fournissons \u00e9galement de telles traductions officielles de tous types d&rsquo;actes (acte de naissance, acte de mariage, attestations, acte de d\u00e9c\u00e8s&#8230;).<\/p>\n<p>Nos tarifs de traduction :<\/p>\n<p>Le prix de la traduction est calcul\u00e9 en fonction nombre des lignes, sachant qu&rsquo;une ligne comprend 50 frappes. Le prix par ligne d\u00e9pend de la difficult\u00e9 de traduction.<\/p>\n<ul>\n<li>Textes simples : \u20ac 1,40*<\/li>\n<li>Actes ordinaires : \u20ac 1,75*<\/li>\n<li>Textes difficiles ou texte sp\u00e9cialis\u00e9 : jusqu&rsquo;\u00e0 \u20ac 2,80*<\/li>\n<li>Compl\u00e9ment pour une traduction asserment\u00e9e : \u20ac 15,00*<\/li>\n<li>Tarif minimum : \u20ac 50,00*<\/li>\n<\/ul>\n<p>*Prix H.T. &#8211; Pour les traductions urgentes le tarif est augmente de 50 \u00e0 100% en fonction du degr\u00e9 de l&rsquo;urgence.<\/p>\n<p>Nous sommes \u00e0 votre disposition pour vous fournir un devis sur pr\u00e9sentation du texte \u00e0 traduire.<\/p>\n<p>&nbsp;<\/p>\n","protected":false},"excerpt":{"rendered":"<p>Ma\u00eetre Vigier est \u00e9galement traducteur asserment\u00e9 en Bavi\u00e8re pour la langue fran\u00e7aise. Nous prenons en charge la traduction de vos textes juridiques et \u00e9conomiques de l&rsquo;Allemand vers le Fran\u00e7ais ou du Fran\u00e7ais vers l&rsquo;Allemand. De par notre exercice de la profession d&rsquo;avocat en France et en Allemagne nous b\u00e9n\u00e9ficions d&rsquo;une comp\u00e9tence particuli\u00e8re dans la traduction &#8230; <a title=\"Traductions\" class=\"read-more\" href=\"https:\/\/cabinet-vigier.com\/fr\/traductions\/\" aria-label=\"Plus sur Traductions\">Weiterlesen &#8230;<\/a><\/p>\n","protected":false},"author":2,"featured_media":0,"parent":0,"menu_order":0,"comment_status":"closed","ping_status":"closed","template":"","meta":{"_monsterinsights_skip_tracking":false,"_monsterinsights_sitenote_active":false,"_monsterinsights_sitenote_note":"","_monsterinsights_sitenote_category":0,"_uf_show_specific_survey":0,"_uf_disable_surveys":false,"generate_page_header":"","footnotes":""},"class_list":["post-748","page","type-page","status-publish"],"yoast_head":"<!-- This site is optimized with the Yoast SEO plugin v24.5 - https:\/\/yoast.com\/wordpress\/plugins\/seo\/ -->\n<title>Traductions - Cabinet Vigier<\/title>\n<meta name=\"robots\" content=\"index, follow, max-snippet:-1, max-image-preview:large, max-video-preview:-1\" \/>\n<link rel=\"canonical\" href=\"https:\/\/cabinet-vigier.com\/fr\/traductions\/\" \/>\n<meta property=\"og:locale\" content=\"fr_FR\" \/>\n<meta property=\"og:type\" content=\"article\" \/>\n<meta property=\"og:title\" content=\"Traductions - Cabinet Vigier\" \/>\n<meta property=\"og:description\" content=\"Ma\u00eetre Vigier est \u00e9galement traducteur asserment\u00e9 en Bavi\u00e8re pour la langue fran\u00e7aise. Nous prenons en charge la traduction de vos textes juridiques et \u00e9conomiques de l&rsquo;Allemand vers le Fran\u00e7ais ou du Fran\u00e7ais vers l&rsquo;Allemand. De par notre exercice de la profession d&rsquo;avocat en France et en Allemagne nous b\u00e9n\u00e9ficions d&rsquo;une comp\u00e9tence particuli\u00e8re dans la traduction ... Weiterlesen ...\" \/>\n<meta property=\"og:url\" content=\"https:\/\/cabinet-vigier.com\/fr\/traductions\/\" \/>\n<meta property=\"og:site_name\" content=\"Cabinet Vigier\" \/>\n<meta property=\"article:modified_time\" content=\"2017-11-02T22:14:02+00:00\" \/>\n<meta name=\"twitter:card\" content=\"summary_large_image\" \/>\n<meta name=\"twitter:label1\" content=\"Dur\u00e9e de lecture estim\u00e9e\" \/>\n\t<meta name=\"twitter:data1\" content=\"1 minute\" \/>\n<script type=\"application\/ld+json\" class=\"yoast-schema-graph\">{\"@context\":\"https:\/\/schema.org\",\"@graph\":[{\"@type\":\"WebPage\",\"@id\":\"https:\/\/cabinet-vigier.com\/fr\/traductions\/\",\"url\":\"https:\/\/cabinet-vigier.com\/fr\/traductions\/\",\"name\":\"Traductions - Cabinet Vigier\",\"isPartOf\":{\"@id\":\"https:\/\/cabinet-vigier.com\/fr\/#website\"},\"datePublished\":\"2017-10-31T15:50:29+00:00\",\"dateModified\":\"2017-11-02T22:14:02+00:00\",\"breadcrumb\":{\"@id\":\"https:\/\/cabinet-vigier.com\/fr\/traductions\/#breadcrumb\"},\"inLanguage\":\"fr-FR\",\"potentialAction\":[{\"@type\":\"ReadAction\",\"target\":[\"https:\/\/cabinet-vigier.com\/fr\/traductions\/\"]}]},{\"@type\":\"BreadcrumbList\",\"@id\":\"https:\/\/cabinet-vigier.com\/fr\/traductions\/#breadcrumb\",\"itemListElement\":[{\"@type\":\"ListItem\",\"position\":1,\"name\":\"Startseite\",\"item\":\"https:\/\/cabinet-vigier.com\/fr\/\"},{\"@type\":\"ListItem\",\"position\":2,\"name\":\"Traductions\"}]},{\"@type\":\"WebSite\",\"@id\":\"https:\/\/cabinet-vigier.com\/fr\/#website\",\"url\":\"https:\/\/cabinet-vigier.com\/fr\/\",\"name\":\"Cabinet Vigier\",\"description\":\"Deutsch-franz\u00f6sische Anwaltskanzlei - Cabinet d&#039;avocats franco allemand\",\"publisher\":{\"@id\":\"https:\/\/cabinet-vigier.com\/fr\/#organization\"},\"potentialAction\":[{\"@type\":\"SearchAction\",\"target\":{\"@type\":\"EntryPoint\",\"urlTemplate\":\"https:\/\/cabinet-vigier.com\/fr\/?s={search_term_string}\"},\"query-input\":{\"@type\":\"PropertyValueSpecification\",\"valueRequired\":true,\"valueName\":\"search_term_string\"}}],\"inLanguage\":\"fr-FR\"},{\"@type\":\"Organization\",\"@id\":\"https:\/\/cabinet-vigier.com\/fr\/#organization\",\"name\":\"Cabinet Vigier\",\"url\":\"https:\/\/cabinet-vigier.com\/fr\/\",\"logo\":{\"@type\":\"ImageObject\",\"inLanguage\":\"fr-FR\",\"@id\":\"https:\/\/cabinet-vigier.com\/fr\/#\/schema\/logo\/image\/\",\"url\":\"https:\/\/cabinet-vigier.com\/wp-content\/uploads\/2017\/08\/cropped-AV-Logo-DF-ult10-500x.jpg\",\"contentUrl\":\"https:\/\/cabinet-vigier.com\/wp-content\/uploads\/2017\/08\/cropped-AV-Logo-DF-ult10-500x.jpg\",\"width\":500,\"height\":100,\"caption\":\"Cabinet Vigier\"},\"image\":{\"@id\":\"https:\/\/cabinet-vigier.com\/fr\/#\/schema\/logo\/image\/\"}}]}<\/script>\n<!-- \/ Yoast SEO plugin. -->","yoast_head_json":{"title":"Traductions - Cabinet Vigier","robots":{"index":"index","follow":"follow","max-snippet":"max-snippet:-1","max-image-preview":"max-image-preview:large","max-video-preview":"max-video-preview:-1"},"canonical":"https:\/\/cabinet-vigier.com\/fr\/traductions\/","og_locale":"fr_FR","og_type":"article","og_title":"Traductions - Cabinet Vigier","og_description":"Ma\u00eetre Vigier est \u00e9galement traducteur asserment\u00e9 en Bavi\u00e8re pour la langue fran\u00e7aise. Nous prenons en charge la traduction de vos textes juridiques et \u00e9conomiques de l&rsquo;Allemand vers le Fran\u00e7ais ou du Fran\u00e7ais vers l&rsquo;Allemand. De par notre exercice de la profession d&rsquo;avocat en France et en Allemagne nous b\u00e9n\u00e9ficions d&rsquo;une comp\u00e9tence particuli\u00e8re dans la traduction ... Weiterlesen ...","og_url":"https:\/\/cabinet-vigier.com\/fr\/traductions\/","og_site_name":"Cabinet Vigier","article_modified_time":"2017-11-02T22:14:02+00:00","twitter_card":"summary_large_image","twitter_misc":{"Dur\u00e9e de lecture estim\u00e9e":"1 minute"},"schema":{"@context":"https:\/\/schema.org","@graph":[{"@type":"WebPage","@id":"https:\/\/cabinet-vigier.com\/fr\/traductions\/","url":"https:\/\/cabinet-vigier.com\/fr\/traductions\/","name":"Traductions - Cabinet Vigier","isPartOf":{"@id":"https:\/\/cabinet-vigier.com\/fr\/#website"},"datePublished":"2017-10-31T15:50:29+00:00","dateModified":"2017-11-02T22:14:02+00:00","breadcrumb":{"@id":"https:\/\/cabinet-vigier.com\/fr\/traductions\/#breadcrumb"},"inLanguage":"fr-FR","potentialAction":[{"@type":"ReadAction","target":["https:\/\/cabinet-vigier.com\/fr\/traductions\/"]}]},{"@type":"BreadcrumbList","@id":"https:\/\/cabinet-vigier.com\/fr\/traductions\/#breadcrumb","itemListElement":[{"@type":"ListItem","position":1,"name":"Startseite","item":"https:\/\/cabinet-vigier.com\/fr\/"},{"@type":"ListItem","position":2,"name":"Traductions"}]},{"@type":"WebSite","@id":"https:\/\/cabinet-vigier.com\/fr\/#website","url":"https:\/\/cabinet-vigier.com\/fr\/","name":"Cabinet Vigier","description":"Deutsch-franz\u00f6sische Anwaltskanzlei - Cabinet d&#039;avocats franco allemand","publisher":{"@id":"https:\/\/cabinet-vigier.com\/fr\/#organization"},"potentialAction":[{"@type":"SearchAction","target":{"@type":"EntryPoint","urlTemplate":"https:\/\/cabinet-vigier.com\/fr\/?s={search_term_string}"},"query-input":{"@type":"PropertyValueSpecification","valueRequired":true,"valueName":"search_term_string"}}],"inLanguage":"fr-FR"},{"@type":"Organization","@id":"https:\/\/cabinet-vigier.com\/fr\/#organization","name":"Cabinet Vigier","url":"https:\/\/cabinet-vigier.com\/fr\/","logo":{"@type":"ImageObject","inLanguage":"fr-FR","@id":"https:\/\/cabinet-vigier.com\/fr\/#\/schema\/logo\/image\/","url":"https:\/\/cabinet-vigier.com\/wp-content\/uploads\/2017\/08\/cropped-AV-Logo-DF-ult10-500x.jpg","contentUrl":"https:\/\/cabinet-vigier.com\/wp-content\/uploads\/2017\/08\/cropped-AV-Logo-DF-ult10-500x.jpg","width":500,"height":100,"caption":"Cabinet Vigier"},"image":{"@id":"https:\/\/cabinet-vigier.com\/fr\/#\/schema\/logo\/image\/"}}]}},"_links":{"self":[{"href":"https:\/\/cabinet-vigier.com\/fr\/wp-json\/wp\/v2\/pages\/748","targetHints":{"allow":["GET"]}}],"collection":[{"href":"https:\/\/cabinet-vigier.com\/fr\/wp-json\/wp\/v2\/pages"}],"about":[{"href":"https:\/\/cabinet-vigier.com\/fr\/wp-json\/wp\/v2\/types\/page"}],"author":[{"embeddable":true,"href":"https:\/\/cabinet-vigier.com\/fr\/wp-json\/wp\/v2\/users\/2"}],"replies":[{"embeddable":true,"href":"https:\/\/cabinet-vigier.com\/fr\/wp-json\/wp\/v2\/comments?post=748"}],"version-history":[{"count":6,"href":"https:\/\/cabinet-vigier.com\/fr\/wp-json\/wp\/v2\/pages\/748\/revisions"}],"predecessor-version":[{"id":947,"href":"https:\/\/cabinet-vigier.com\/fr\/wp-json\/wp\/v2\/pages\/748\/revisions\/947"}],"wp:attachment":[{"href":"https:\/\/cabinet-vigier.com\/fr\/wp-json\/wp\/v2\/media?parent=748"}],"curies":[{"name":"wp","href":"https:\/\/api.w.org\/{rel}","templated":true}]}}