{"id":757,"date":"2017-10-31T17:41:58","date_gmt":"2017-10-31T16:41:58","guid":{"rendered":"http:\/\/www.cabinet-vigier.com\/succession-et-donations-en-allemagne\/"},"modified":"2017-11-12T22:37:35","modified_gmt":"2017-11-12T21:37:35","slug":"succession-et-donations-en-allemagne","status":"publish","type":"page","link":"https:\/\/cabinet-vigier.com\/fr\/succession-et-donations-en-allemagne\/","title":{"rendered":"Succession et donations en Allemagne"},"content":{"rendered":"<p><strong><img fetchpriority=\"high\" decoding=\"async\" src=\"https:\/\/cabinet-vigier.com\/wp-content\/uploads\/2017\/09\/1200_667_succession2_vectorfusionart-1024x535.jpg\" alt=\"\" width=\"1024\" height=\"535\" \/><\/strong><\/p>\n<p><strong>Nous vous assistons et vous conseillons dans le cadre de successions et donations transfrontali\u00e8res franco-allemandes : <\/strong><strong>r\u00e9daction d\u2019actes, r\u00e8glement de successions \u00a0et fiscalit\u00e9 successorale.<\/strong><\/p>\n<p>Les successions internationales\u00a0soul\u00e8vent de nombreuses questions particuli\u00e8res car elles conduisent souvent \u00e0 l\u2019application des r\u00e8gles \u00e9trang\u00e8res ou \u00e0 l\u2019application cumulative de r\u00e8gles de plusieurs pays diff\u00e9rents.<\/p>\n<p>Surtout lorsque le patrimoine du d\u00e9funt ou du donateur est situ\u00e9 dans plusieurs pays ou lorsque le d\u00e9funt et les h\u00e9ritiers ou l\u00e9gataires r\u00e9sident dans des pays diff\u00e9rents, il est n\u00e9cessaire de saisir dans chaque pays les organes comp\u00e9tents pour op\u00e9rer le r\u00e8glement de succession. Des interf\u00e9rences et conflits de comp\u00e9tences sont assez courants dans les successions transfrontali\u00e8res. Cette concurrence des lois ne concerne pas seulement la d\u00e9volution mais \u00e9galement la fiscalit\u00e9 et comporte le risque d\u2019une double imposition.<\/p>\n<p>Mieux vaut donc anticiper et pr\u00e9parer, de son vivant, la transmission de son h\u00e9ritage.<\/p>\n<p>A chaque \u00e9tape, nous sommes \u00e0 vos c\u00f4t\u00e9s pour vous assister et vous repr\u00e9senter :<\/p>\n<ul>\n<li>structuration juridique\u00a0et fiscale du patrimoine franco-allemand et de sa transmission ;<\/li>\n<li>r\u00e9daction des dispositions \u00e0 cause de mort (testaments, pactes successoraux&#8230;) et autres lib\u00e9ralit\u00e9s (donations, pr\u00eat \u00e0 usage\/ commodat&#8230;)\u00a0 en consid\u00e9ration des l\u00e9gislations fran\u00e7aise et allemande;<\/li>\n<li>conseil et assistance dans le cadre de r\u00e8glements de successions transfrontali\u00e8res en France et en Allemagne : interm\u00e9diaire entre les organes comp\u00e9tents en Allemagne (tribunal des successions) et en France (notaire) ;<\/li>\n<li>r\u00e9alisation de la r\u00e9serve h\u00e9r\u00e9ditaire en France et en Allemagne et d\u00e9fense contre des pr\u00e9tentions injustifi\u00e9es ;<\/li>\n<li>conseil et assistance dans le cadre de la d\u00e9claration fiscale des donations et successions franco-allemandes en consid\u00e9ration des r\u00e8gles pour \u00e9viter la double imposition ;<\/li>\n<li>accompagnement dans le cadre des partages ou licitations des successions franco-allemandes.<\/li>\n<\/ul>\n<p>Dans un article sp\u00e9cial nous vous exposons les r\u00e8gles g\u00e9n\u00e9rales de la<strong>\u00a0<\/strong><\/p>\n<p><a href=\"https:\/\/cabinet-vigier.com\/fr\/la-transmission-de-patrimoine-dans-un-cadre-franco-allemand\/\"><span style=\"color: #ff0000;\"><strong>La transmission de patrimoine dans un cadre franco-allemand<\/strong><\/span><\/a><\/p>\n<p>&nbsp;<\/p>\n","protected":false},"excerpt":{"rendered":"<p>Nous vous assistons et vous conseillons dans le cadre de successions et donations transfrontali\u00e8res franco-allemandes : r\u00e9daction d\u2019actes, r\u00e8glement de successions \u00a0et fiscalit\u00e9 successorale. Les successions internationales\u00a0soul\u00e8vent de nombreuses questions particuli\u00e8res car elles conduisent souvent \u00e0 l\u2019application des r\u00e8gles \u00e9trang\u00e8res ou \u00e0 l\u2019application cumulative de r\u00e8gles de plusieurs pays diff\u00e9rents. Surtout lorsque le patrimoine du &#8230; <a title=\"Succession et donations en Allemagne\" class=\"read-more\" href=\"https:\/\/cabinet-vigier.com\/fr\/succession-et-donations-en-allemagne\/\" aria-label=\"Plus sur Succession et donations en Allemagne\">Weiterlesen &#8230;<\/a><\/p>\n","protected":false},"author":2,"featured_media":0,"parent":0,"menu_order":0,"comment_status":"closed","ping_status":"closed","template":"","meta":{"_monsterinsights_skip_tracking":false,"_monsterinsights_sitenote_active":false,"_monsterinsights_sitenote_note":"","_monsterinsights_sitenote_category":0,"_uf_show_specific_survey":0,"_uf_disable_surveys":false,"generate_page_header":"","footnotes":""},"class_list":["post-757","page","type-page","status-publish"],"yoast_head":"<!-- This site is optimized with the Yoast SEO plugin v24.5 - https:\/\/yoast.com\/wordpress\/plugins\/seo\/ -->\n<title>Succession et donations en Allemagne - Cabinet Vigier<\/title>\n<meta name=\"robots\" content=\"index, follow, max-snippet:-1, max-image-preview:large, max-video-preview:-1\" \/>\n<link rel=\"canonical\" href=\"https:\/\/cabinet-vigier.com\/de\/erbrecht-frankreich\/\" \/>\n<meta property=\"og:locale\" content=\"fr_FR\" \/>\n<meta property=\"og:type\" content=\"article\" \/>\n<meta property=\"og:title\" content=\"Succession et donations en Allemagne - Cabinet Vigier\" \/>\n<meta property=\"og:description\" content=\"Nous vous assistons et vous conseillons dans le cadre de successions et donations transfrontali\u00e8res franco-allemandes : r\u00e9daction d\u2019actes, r\u00e8glement de successions \u00a0et fiscalit\u00e9 successorale. Les successions internationales\u00a0soul\u00e8vent de nombreuses questions particuli\u00e8res car elles conduisent souvent \u00e0 l\u2019application des r\u00e8gles \u00e9trang\u00e8res ou \u00e0 l\u2019application cumulative de r\u00e8gles de plusieurs pays diff\u00e9rents. Surtout lorsque le patrimoine du ... Weiterlesen ...\" \/>\n<meta property=\"og:url\" content=\"https:\/\/cabinet-vigier.com\/de\/erbrecht-frankreich\/\" \/>\n<meta property=\"og:site_name\" content=\"Cabinet Vigier\" \/>\n<meta property=\"article:modified_time\" content=\"2017-11-12T21:37:35+00:00\" \/>\n<meta property=\"og:image\" content=\"https:\/\/cabinet-vigier.com\/wp-content\/uploads\/2017\/09\/1200_667_succession2_vectorfusionart-1024x535.jpg\" \/>\n<meta name=\"twitter:card\" content=\"summary_large_image\" \/>\n<meta name=\"twitter:label1\" content=\"Dur\u00e9e de lecture estim\u00e9e\" \/>\n\t<meta name=\"twitter:data1\" content=\"2 minutes\" \/>\n<script type=\"application\/ld+json\" class=\"yoast-schema-graph\">{\"@context\":\"https:\/\/schema.org\",\"@graph\":[{\"@type\":\"WebPage\",\"@id\":\"https:\/\/cabinet-vigier.com\/de\/erbrecht-frankreich\/\",\"url\":\"https:\/\/cabinet-vigier.com\/de\/erbrecht-frankreich\/\",\"name\":\"Succession et donations en Allemagne - Cabinet Vigier\",\"isPartOf\":{\"@id\":\"https:\/\/cabinet-vigier.com\/fr\/#website\"},\"primaryImageOfPage\":{\"@id\":\"https:\/\/cabinet-vigier.com\/de\/erbrecht-frankreich\/#primaryimage\"},\"image\":{\"@id\":\"https:\/\/cabinet-vigier.com\/de\/erbrecht-frankreich\/#primaryimage\"},\"thumbnailUrl\":\"https:\/\/cabinet-vigier.com\/wp-content\/uploads\/2017\/09\/1200_667_succession2_vectorfusionart-1024x535.jpg\",\"datePublished\":\"2017-10-31T16:41:58+00:00\",\"dateModified\":\"2017-11-12T21:37:35+00:00\",\"breadcrumb\":{\"@id\":\"https:\/\/cabinet-vigier.com\/de\/erbrecht-frankreich\/#breadcrumb\"},\"inLanguage\":\"fr-FR\",\"potentialAction\":[{\"@type\":\"ReadAction\",\"target\":[\"https:\/\/cabinet-vigier.com\/de\/erbrecht-frankreich\/\"]}]},{\"@type\":\"ImageObject\",\"inLanguage\":\"fr-FR\",\"@id\":\"https:\/\/cabinet-vigier.com\/de\/erbrecht-frankreich\/#primaryimage\",\"url\":\"https:\/\/cabinet-vigier.com\/wp-content\/uploads\/2017\/09\/1200_667_succession2_vectorfusionart-1024x535.jpg\",\"contentUrl\":\"https:\/\/cabinet-vigier.com\/wp-content\/uploads\/2017\/09\/1200_667_succession2_vectorfusionart-1024x535.jpg\"},{\"@type\":\"BreadcrumbList\",\"@id\":\"https:\/\/cabinet-vigier.com\/de\/erbrecht-frankreich\/#breadcrumb\",\"itemListElement\":[{\"@type\":\"ListItem\",\"position\":1,\"name\":\"Startseite\",\"item\":\"https:\/\/cabinet-vigier.com\/fr\/\"},{\"@type\":\"ListItem\",\"position\":2,\"name\":\"Succession et donations en Allemagne\"}]},{\"@type\":\"WebSite\",\"@id\":\"https:\/\/cabinet-vigier.com\/fr\/#website\",\"url\":\"https:\/\/cabinet-vigier.com\/fr\/\",\"name\":\"Cabinet Vigier\",\"description\":\"Deutsch-franz\u00f6sische Anwaltskanzlei - Cabinet d&#039;avocats franco allemand\",\"publisher\":{\"@id\":\"https:\/\/cabinet-vigier.com\/fr\/#organization\"},\"potentialAction\":[{\"@type\":\"SearchAction\",\"target\":{\"@type\":\"EntryPoint\",\"urlTemplate\":\"https:\/\/cabinet-vigier.com\/fr\/?s={search_term_string}\"},\"query-input\":{\"@type\":\"PropertyValueSpecification\",\"valueRequired\":true,\"valueName\":\"search_term_string\"}}],\"inLanguage\":\"fr-FR\"},{\"@type\":\"Organization\",\"@id\":\"https:\/\/cabinet-vigier.com\/fr\/#organization\",\"name\":\"Cabinet Vigier\",\"url\":\"https:\/\/cabinet-vigier.com\/fr\/\",\"logo\":{\"@type\":\"ImageObject\",\"inLanguage\":\"fr-FR\",\"@id\":\"https:\/\/cabinet-vigier.com\/fr\/#\/schema\/logo\/image\/\",\"url\":\"https:\/\/cabinet-vigier.com\/wp-content\/uploads\/2017\/08\/cropped-AV-Logo-DF-ult10-500x.jpg\",\"contentUrl\":\"https:\/\/cabinet-vigier.com\/wp-content\/uploads\/2017\/08\/cropped-AV-Logo-DF-ult10-500x.jpg\",\"width\":500,\"height\":100,\"caption\":\"Cabinet Vigier\"},\"image\":{\"@id\":\"https:\/\/cabinet-vigier.com\/fr\/#\/schema\/logo\/image\/\"}}]}<\/script>\n<!-- \/ Yoast SEO plugin. -->","yoast_head_json":{"title":"Succession et donations en Allemagne - Cabinet Vigier","robots":{"index":"index","follow":"follow","max-snippet":"max-snippet:-1","max-image-preview":"max-image-preview:large","max-video-preview":"max-video-preview:-1"},"canonical":"https:\/\/cabinet-vigier.com\/de\/erbrecht-frankreich\/","og_locale":"fr_FR","og_type":"article","og_title":"Succession et donations en Allemagne - Cabinet Vigier","og_description":"Nous vous assistons et vous conseillons dans le cadre de successions et donations transfrontali\u00e8res franco-allemandes : r\u00e9daction d\u2019actes, r\u00e8glement de successions \u00a0et fiscalit\u00e9 successorale. Les successions internationales\u00a0soul\u00e8vent de nombreuses questions particuli\u00e8res car elles conduisent souvent \u00e0 l\u2019application des r\u00e8gles \u00e9trang\u00e8res ou \u00e0 l\u2019application cumulative de r\u00e8gles de plusieurs pays diff\u00e9rents. Surtout lorsque le patrimoine du ... Weiterlesen ...","og_url":"https:\/\/cabinet-vigier.com\/de\/erbrecht-frankreich\/","og_site_name":"Cabinet Vigier","article_modified_time":"2017-11-12T21:37:35+00:00","og_image":[{"url":"https:\/\/cabinet-vigier.com\/wp-content\/uploads\/2017\/09\/1200_667_succession2_vectorfusionart-1024x535.jpg","type":"","width":"","height":""}],"twitter_card":"summary_large_image","twitter_misc":{"Dur\u00e9e de lecture estim\u00e9e":"2 minutes"},"schema":{"@context":"https:\/\/schema.org","@graph":[{"@type":"WebPage","@id":"https:\/\/cabinet-vigier.com\/de\/erbrecht-frankreich\/","url":"https:\/\/cabinet-vigier.com\/de\/erbrecht-frankreich\/","name":"Succession et donations en Allemagne - Cabinet Vigier","isPartOf":{"@id":"https:\/\/cabinet-vigier.com\/fr\/#website"},"primaryImageOfPage":{"@id":"https:\/\/cabinet-vigier.com\/de\/erbrecht-frankreich\/#primaryimage"},"image":{"@id":"https:\/\/cabinet-vigier.com\/de\/erbrecht-frankreich\/#primaryimage"},"thumbnailUrl":"https:\/\/cabinet-vigier.com\/wp-content\/uploads\/2017\/09\/1200_667_succession2_vectorfusionart-1024x535.jpg","datePublished":"2017-10-31T16:41:58+00:00","dateModified":"2017-11-12T21:37:35+00:00","breadcrumb":{"@id":"https:\/\/cabinet-vigier.com\/de\/erbrecht-frankreich\/#breadcrumb"},"inLanguage":"fr-FR","potentialAction":[{"@type":"ReadAction","target":["https:\/\/cabinet-vigier.com\/de\/erbrecht-frankreich\/"]}]},{"@type":"ImageObject","inLanguage":"fr-FR","@id":"https:\/\/cabinet-vigier.com\/de\/erbrecht-frankreich\/#primaryimage","url":"https:\/\/cabinet-vigier.com\/wp-content\/uploads\/2017\/09\/1200_667_succession2_vectorfusionart-1024x535.jpg","contentUrl":"https:\/\/cabinet-vigier.com\/wp-content\/uploads\/2017\/09\/1200_667_succession2_vectorfusionart-1024x535.jpg"},{"@type":"BreadcrumbList","@id":"https:\/\/cabinet-vigier.com\/de\/erbrecht-frankreich\/#breadcrumb","itemListElement":[{"@type":"ListItem","position":1,"name":"Startseite","item":"https:\/\/cabinet-vigier.com\/fr\/"},{"@type":"ListItem","position":2,"name":"Succession et donations en Allemagne"}]},{"@type":"WebSite","@id":"https:\/\/cabinet-vigier.com\/fr\/#website","url":"https:\/\/cabinet-vigier.com\/fr\/","name":"Cabinet Vigier","description":"Deutsch-franz\u00f6sische Anwaltskanzlei - Cabinet d&#039;avocats franco allemand","publisher":{"@id":"https:\/\/cabinet-vigier.com\/fr\/#organization"},"potentialAction":[{"@type":"SearchAction","target":{"@type":"EntryPoint","urlTemplate":"https:\/\/cabinet-vigier.com\/fr\/?s={search_term_string}"},"query-input":{"@type":"PropertyValueSpecification","valueRequired":true,"valueName":"search_term_string"}}],"inLanguage":"fr-FR"},{"@type":"Organization","@id":"https:\/\/cabinet-vigier.com\/fr\/#organization","name":"Cabinet Vigier","url":"https:\/\/cabinet-vigier.com\/fr\/","logo":{"@type":"ImageObject","inLanguage":"fr-FR","@id":"https:\/\/cabinet-vigier.com\/fr\/#\/schema\/logo\/image\/","url":"https:\/\/cabinet-vigier.com\/wp-content\/uploads\/2017\/08\/cropped-AV-Logo-DF-ult10-500x.jpg","contentUrl":"https:\/\/cabinet-vigier.com\/wp-content\/uploads\/2017\/08\/cropped-AV-Logo-DF-ult10-500x.jpg","width":500,"height":100,"caption":"Cabinet Vigier"},"image":{"@id":"https:\/\/cabinet-vigier.com\/fr\/#\/schema\/logo\/image\/"}}]}},"_links":{"self":[{"href":"https:\/\/cabinet-vigier.com\/fr\/wp-json\/wp\/v2\/pages\/757","targetHints":{"allow":["GET"]}}],"collection":[{"href":"https:\/\/cabinet-vigier.com\/fr\/wp-json\/wp\/v2\/pages"}],"about":[{"href":"https:\/\/cabinet-vigier.com\/fr\/wp-json\/wp\/v2\/types\/page"}],"author":[{"embeddable":true,"href":"https:\/\/cabinet-vigier.com\/fr\/wp-json\/wp\/v2\/users\/2"}],"replies":[{"embeddable":true,"href":"https:\/\/cabinet-vigier.com\/fr\/wp-json\/wp\/v2\/comments?post=757"}],"version-history":[{"count":5,"href":"https:\/\/cabinet-vigier.com\/fr\/wp-json\/wp\/v2\/pages\/757\/revisions"}],"predecessor-version":[{"id":972,"href":"https:\/\/cabinet-vigier.com\/fr\/wp-json\/wp\/v2\/pages\/757\/revisions\/972"}],"wp:attachment":[{"href":"https:\/\/cabinet-vigier.com\/fr\/wp-json\/wp\/v2\/media?parent=757"}],"curies":[{"name":"wp","href":"https:\/\/api.w.org\/{rel}","templated":true}]}}