{"id":778,"date":"2017-10-31T18:55:08","date_gmt":"2017-10-31T17:55:08","guid":{"rendered":"http:\/\/www.cabinet-vigier.com\/?page_id=778"},"modified":"2017-10-31T21:44:04","modified_gmt":"2017-10-31T20:44:04","slug":"recouvrement-des-creances-en-allemagne","status":"publish","type":"page","link":"https:\/\/cabinet-vigier.com\/fr\/recouvrement-des-creances-en-allemagne\/","title":{"rendered":"Recouvrement des cr\u00e9ances en Allemagne"},"content":{"rendered":"<p><img fetchpriority=\"high\" decoding=\"async\" src=\"https:\/\/cabinet-vigier.com\/wp-content\/uploads\/2017\/09\/1200_667_recouvrement_doucefleur-1024x535.jpg\" alt=\"\" width=\"1024\" height=\"535\" \/><strong>Nous nous chargeons du recouvrement de vos cr\u00e9ances contre vos d\u00e9biteurs allemands.<\/strong><\/p>\n<p>Notre cabinet se charge \u00e9galement du recouvrement de cr\u00e9ances lorsque les d\u00e9biteurs sont domicili\u00e9s en Allemagne.<\/p>\n<p>Avant de prendre des mesures judiciaires ou extrajudiciaires \u00e0 l\u2019encontre de votre d\u00e9biteur allemand, nous effectuons au pr\u00e9alable une recherche relative \u00e0 son existence l\u00e9gale et \u00e0 sa solvabilit\u00e9.<\/p>\n<p>Si le r\u00e9sultat est positif et si les \u00e9l\u00e9ments fournis par le clients d\u00e9montrent le bien-fond\u00e9 de la cr\u00e9ance nous adressons au d\u00e9biteur une lettre de mise en demeure par recommand\u00e9 avec avis de r\u00e9ception l\u2019invitant \u00e0 r\u00e9gler la cr\u00e9ance sous respect d\u2019un certain d\u00e9lai.<\/p>\n<p>A d\u00e9faut de r\u00e8glement dans le d\u00e9lai imparti nous prenons des mesures judiciaires en concertation avec notre client.<\/p>\n<p>Lorsque la cr\u00e9ance est incontestable ou s\u2019il est \u00e9vident que le d\u00e9biteur ne mettra pas en question le bien-fond\u00e9 de la cr\u00e9ance, nous demandons le recouvrement dans le cadre d\u2019une proc\u00e9dure d\u2019injonction \u00e0 payer (gerichtliches Mahnverfahren) dont l\u2019avantage consiste dans la rapidit\u00e9 de proc\u00e9dure et du co\u00fbt relativement faible.<\/p>\n<p>En revanche, si le d\u00e9biteur conteste le bien-fond\u00e9 de la cr\u00e9ance, il est souvent pr\u00e9f\u00e9rable d\u2019introduire d\u00e8s le d\u00e9but une proc\u00e9dure au fond par assignation (Klageverfahren) devant les tribunaux allemands comp\u00e9tents. Cette proc\u00e9dure comporte cependant pour le demandeur un certain risque de frais, car la justice en Allemagne n\u2019est pas gratuite. Dans la proc\u00e9dure civile, le demandeur doit r\u00e9gler lors du d\u00e9p\u00f4t de l\u2019assignation, outre les honoraires de son avocat, une avance sur frais de proc\u00e9dure (Gerichtskostenvorschuss) conform\u00e9ment aux bar\u00e8mes de la loi relative aux frais de justice (Gerichtskostengesetz). Ces frais assez \u00e9lev\u00e9s sont \u00e9galement fix\u00e9s en fonction de la valeur du litige. Si le demandeur obtient gain de cause, ces frais et les honoraires de son avocat lui seront en principe rembours\u00e9s, sachant que les frais de l\u2019instance (honoraires des avocats et frais de justice) sont \u00e0 la charge de la partie qui perd le proc\u00e8s. Si l\u2019assignation n\u2019a gain de cause qu\u2019en partie, le demandeur n\u2019est rembours\u00e9 qu\u2019en partie. Si le demandeur perd le proc\u00e8s, il ne doit pas seulement d\u00e9finitivement supporter les honoraires de son avocat et les frais de justice avanc\u00e9s, mais il doit \u00e9galement prendre en charge les honoraires de l\u2019avocat de son adversaire.<\/p>\n<p>Pour ne pas inutilement s\u2019exposer \u00e0 ce risque de frais, il convient de bien analyser les \u00e9l\u00e9ments du dossier avant le d\u00e9p\u00f4t de l\u2019assignation et d\u2019exclure de la demande, l\u2019objet de l\u2019assignation, toutes les cr\u00e9ances pr\u00e9sentant des grands risques de contestation par la partie adverse.<\/p>\n<p>&nbsp;<\/p>\n","protected":false},"excerpt":{"rendered":"<p>Nous nous chargeons du recouvrement de vos cr\u00e9ances contre vos d\u00e9biteurs allemands. Notre cabinet se charge \u00e9galement du recouvrement de cr\u00e9ances lorsque les d\u00e9biteurs sont domicili\u00e9s en Allemagne. Avant de prendre des mesures judiciaires ou extrajudiciaires \u00e0 l\u2019encontre de votre d\u00e9biteur allemand, nous effectuons au pr\u00e9alable une recherche relative \u00e0 son existence l\u00e9gale et \u00e0 &#8230; <a title=\"Recouvrement des cr\u00e9ances en Allemagne\" class=\"read-more\" href=\"https:\/\/cabinet-vigier.com\/fr\/recouvrement-des-creances-en-allemagne\/\" aria-label=\"Plus sur Recouvrement des cr\u00e9ances en Allemagne\">Weiterlesen &#8230;<\/a><\/p>\n","protected":false},"author":2,"featured_media":0,"parent":0,"menu_order":0,"comment_status":"closed","ping_status":"closed","template":"","meta":{"_monsterinsights_skip_tracking":false,"_monsterinsights_sitenote_active":false,"_monsterinsights_sitenote_note":"","_monsterinsights_sitenote_category":0,"_uf_show_specific_survey":0,"_uf_disable_surveys":false,"generate_page_header":"","footnotes":""},"class_list":["post-778","page","type-page","status-publish"],"yoast_head":"<!-- This site is optimized with the Yoast SEO plugin v24.5 - https:\/\/yoast.com\/wordpress\/plugins\/seo\/ -->\n<title>Recouvrement des cr\u00e9ances en Allemagne - Cabinet Vigier<\/title>\n<meta name=\"robots\" content=\"index, follow, max-snippet:-1, max-image-preview:large, max-video-preview:-1\" \/>\n<link rel=\"canonical\" href=\"https:\/\/cabinet-vigier.com\/de\/inkasso-frankreich\/\" \/>\n<meta property=\"og:locale\" content=\"fr_FR\" \/>\n<meta property=\"og:type\" content=\"article\" \/>\n<meta property=\"og:title\" content=\"Recouvrement des cr\u00e9ances en Allemagne - Cabinet Vigier\" \/>\n<meta property=\"og:description\" content=\"Nous nous chargeons du recouvrement de vos cr\u00e9ances contre vos d\u00e9biteurs allemands. Notre cabinet se charge \u00e9galement du recouvrement de cr\u00e9ances lorsque les d\u00e9biteurs sont domicili\u00e9s en Allemagne. Avant de prendre des mesures judiciaires ou extrajudiciaires \u00e0 l\u2019encontre de votre d\u00e9biteur allemand, nous effectuons au pr\u00e9alable une recherche relative \u00e0 son existence l\u00e9gale et \u00e0 ... Weiterlesen ...\" \/>\n<meta property=\"og:url\" content=\"https:\/\/cabinet-vigier.com\/de\/inkasso-frankreich\/\" \/>\n<meta property=\"og:site_name\" content=\"Cabinet Vigier\" \/>\n<meta property=\"article:modified_time\" content=\"2017-10-31T20:44:04+00:00\" \/>\n<meta property=\"og:image\" content=\"https:\/\/cabinet-vigier.com\/wp-content\/uploads\/2017\/09\/1200_667_recouvrement_doucefleur-1024x535.jpg\" \/>\n<meta name=\"twitter:card\" content=\"summary_large_image\" \/>\n<meta name=\"twitter:label1\" content=\"Dur\u00e9e de lecture estim\u00e9e\" \/>\n\t<meta name=\"twitter:data1\" content=\"2 minutes\" \/>\n<script type=\"application\/ld+json\" class=\"yoast-schema-graph\">{\"@context\":\"https:\/\/schema.org\",\"@graph\":[{\"@type\":\"WebPage\",\"@id\":\"https:\/\/cabinet-vigier.com\/de\/inkasso-frankreich\/\",\"url\":\"https:\/\/cabinet-vigier.com\/de\/inkasso-frankreich\/\",\"name\":\"Recouvrement des cr\u00e9ances en Allemagne - Cabinet Vigier\",\"isPartOf\":{\"@id\":\"https:\/\/cabinet-vigier.com\/fr\/#website\"},\"primaryImageOfPage\":{\"@id\":\"https:\/\/cabinet-vigier.com\/de\/inkasso-frankreich\/#primaryimage\"},\"image\":{\"@id\":\"https:\/\/cabinet-vigier.com\/de\/inkasso-frankreich\/#primaryimage\"},\"thumbnailUrl\":\"https:\/\/cabinet-vigier.com\/wp-content\/uploads\/2017\/09\/1200_667_recouvrement_doucefleur-1024x535.jpg\",\"datePublished\":\"2017-10-31T17:55:08+00:00\",\"dateModified\":\"2017-10-31T20:44:04+00:00\",\"breadcrumb\":{\"@id\":\"https:\/\/cabinet-vigier.com\/de\/inkasso-frankreich\/#breadcrumb\"},\"inLanguage\":\"fr-FR\",\"potentialAction\":[{\"@type\":\"ReadAction\",\"target\":[\"https:\/\/cabinet-vigier.com\/de\/inkasso-frankreich\/\"]}]},{\"@type\":\"ImageObject\",\"inLanguage\":\"fr-FR\",\"@id\":\"https:\/\/cabinet-vigier.com\/de\/inkasso-frankreich\/#primaryimage\",\"url\":\"https:\/\/cabinet-vigier.com\/wp-content\/uploads\/2017\/09\/1200_667_recouvrement_doucefleur-1024x535.jpg\",\"contentUrl\":\"https:\/\/cabinet-vigier.com\/wp-content\/uploads\/2017\/09\/1200_667_recouvrement_doucefleur-1024x535.jpg\"},{\"@type\":\"BreadcrumbList\",\"@id\":\"https:\/\/cabinet-vigier.com\/de\/inkasso-frankreich\/#breadcrumb\",\"itemListElement\":[{\"@type\":\"ListItem\",\"position\":1,\"name\":\"Startseite\",\"item\":\"https:\/\/cabinet-vigier.com\/fr\/\"},{\"@type\":\"ListItem\",\"position\":2,\"name\":\"Recouvrement des cr\u00e9ances en Allemagne\"}]},{\"@type\":\"WebSite\",\"@id\":\"https:\/\/cabinet-vigier.com\/fr\/#website\",\"url\":\"https:\/\/cabinet-vigier.com\/fr\/\",\"name\":\"Cabinet Vigier\",\"description\":\"Deutsch-franz\u00f6sische Anwaltskanzlei - Cabinet d&#039;avocats franco allemand\",\"publisher\":{\"@id\":\"https:\/\/cabinet-vigier.com\/fr\/#organization\"},\"potentialAction\":[{\"@type\":\"SearchAction\",\"target\":{\"@type\":\"EntryPoint\",\"urlTemplate\":\"https:\/\/cabinet-vigier.com\/fr\/?s={search_term_string}\"},\"query-input\":{\"@type\":\"PropertyValueSpecification\",\"valueRequired\":true,\"valueName\":\"search_term_string\"}}],\"inLanguage\":\"fr-FR\"},{\"@type\":\"Organization\",\"@id\":\"https:\/\/cabinet-vigier.com\/fr\/#organization\",\"name\":\"Cabinet Vigier\",\"url\":\"https:\/\/cabinet-vigier.com\/fr\/\",\"logo\":{\"@type\":\"ImageObject\",\"inLanguage\":\"fr-FR\",\"@id\":\"https:\/\/cabinet-vigier.com\/fr\/#\/schema\/logo\/image\/\",\"url\":\"https:\/\/cabinet-vigier.com\/wp-content\/uploads\/2017\/08\/cropped-AV-Logo-DF-ult10-500x.jpg\",\"contentUrl\":\"https:\/\/cabinet-vigier.com\/wp-content\/uploads\/2017\/08\/cropped-AV-Logo-DF-ult10-500x.jpg\",\"width\":500,\"height\":100,\"caption\":\"Cabinet Vigier\"},\"image\":{\"@id\":\"https:\/\/cabinet-vigier.com\/fr\/#\/schema\/logo\/image\/\"}}]}<\/script>\n<!-- \/ Yoast SEO plugin. -->","yoast_head_json":{"title":"Recouvrement des cr\u00e9ances en Allemagne - Cabinet Vigier","robots":{"index":"index","follow":"follow","max-snippet":"max-snippet:-1","max-image-preview":"max-image-preview:large","max-video-preview":"max-video-preview:-1"},"canonical":"https:\/\/cabinet-vigier.com\/de\/inkasso-frankreich\/","og_locale":"fr_FR","og_type":"article","og_title":"Recouvrement des cr\u00e9ances en Allemagne - Cabinet Vigier","og_description":"Nous nous chargeons du recouvrement de vos cr\u00e9ances contre vos d\u00e9biteurs allemands. Notre cabinet se charge \u00e9galement du recouvrement de cr\u00e9ances lorsque les d\u00e9biteurs sont domicili\u00e9s en Allemagne. Avant de prendre des mesures judiciaires ou extrajudiciaires \u00e0 l\u2019encontre de votre d\u00e9biteur allemand, nous effectuons au pr\u00e9alable une recherche relative \u00e0 son existence l\u00e9gale et \u00e0 ... Weiterlesen ...","og_url":"https:\/\/cabinet-vigier.com\/de\/inkasso-frankreich\/","og_site_name":"Cabinet Vigier","article_modified_time":"2017-10-31T20:44:04+00:00","og_image":[{"url":"https:\/\/cabinet-vigier.com\/wp-content\/uploads\/2017\/09\/1200_667_recouvrement_doucefleur-1024x535.jpg","type":"","width":"","height":""}],"twitter_card":"summary_large_image","twitter_misc":{"Dur\u00e9e de lecture estim\u00e9e":"2 minutes"},"schema":{"@context":"https:\/\/schema.org","@graph":[{"@type":"WebPage","@id":"https:\/\/cabinet-vigier.com\/de\/inkasso-frankreich\/","url":"https:\/\/cabinet-vigier.com\/de\/inkasso-frankreich\/","name":"Recouvrement des cr\u00e9ances en Allemagne - Cabinet Vigier","isPartOf":{"@id":"https:\/\/cabinet-vigier.com\/fr\/#website"},"primaryImageOfPage":{"@id":"https:\/\/cabinet-vigier.com\/de\/inkasso-frankreich\/#primaryimage"},"image":{"@id":"https:\/\/cabinet-vigier.com\/de\/inkasso-frankreich\/#primaryimage"},"thumbnailUrl":"https:\/\/cabinet-vigier.com\/wp-content\/uploads\/2017\/09\/1200_667_recouvrement_doucefleur-1024x535.jpg","datePublished":"2017-10-31T17:55:08+00:00","dateModified":"2017-10-31T20:44:04+00:00","breadcrumb":{"@id":"https:\/\/cabinet-vigier.com\/de\/inkasso-frankreich\/#breadcrumb"},"inLanguage":"fr-FR","potentialAction":[{"@type":"ReadAction","target":["https:\/\/cabinet-vigier.com\/de\/inkasso-frankreich\/"]}]},{"@type":"ImageObject","inLanguage":"fr-FR","@id":"https:\/\/cabinet-vigier.com\/de\/inkasso-frankreich\/#primaryimage","url":"https:\/\/cabinet-vigier.com\/wp-content\/uploads\/2017\/09\/1200_667_recouvrement_doucefleur-1024x535.jpg","contentUrl":"https:\/\/cabinet-vigier.com\/wp-content\/uploads\/2017\/09\/1200_667_recouvrement_doucefleur-1024x535.jpg"},{"@type":"BreadcrumbList","@id":"https:\/\/cabinet-vigier.com\/de\/inkasso-frankreich\/#breadcrumb","itemListElement":[{"@type":"ListItem","position":1,"name":"Startseite","item":"https:\/\/cabinet-vigier.com\/fr\/"},{"@type":"ListItem","position":2,"name":"Recouvrement des cr\u00e9ances en Allemagne"}]},{"@type":"WebSite","@id":"https:\/\/cabinet-vigier.com\/fr\/#website","url":"https:\/\/cabinet-vigier.com\/fr\/","name":"Cabinet Vigier","description":"Deutsch-franz\u00f6sische Anwaltskanzlei - Cabinet d&#039;avocats franco allemand","publisher":{"@id":"https:\/\/cabinet-vigier.com\/fr\/#organization"},"potentialAction":[{"@type":"SearchAction","target":{"@type":"EntryPoint","urlTemplate":"https:\/\/cabinet-vigier.com\/fr\/?s={search_term_string}"},"query-input":{"@type":"PropertyValueSpecification","valueRequired":true,"valueName":"search_term_string"}}],"inLanguage":"fr-FR"},{"@type":"Organization","@id":"https:\/\/cabinet-vigier.com\/fr\/#organization","name":"Cabinet Vigier","url":"https:\/\/cabinet-vigier.com\/fr\/","logo":{"@type":"ImageObject","inLanguage":"fr-FR","@id":"https:\/\/cabinet-vigier.com\/fr\/#\/schema\/logo\/image\/","url":"https:\/\/cabinet-vigier.com\/wp-content\/uploads\/2017\/08\/cropped-AV-Logo-DF-ult10-500x.jpg","contentUrl":"https:\/\/cabinet-vigier.com\/wp-content\/uploads\/2017\/08\/cropped-AV-Logo-DF-ult10-500x.jpg","width":500,"height":100,"caption":"Cabinet Vigier"},"image":{"@id":"https:\/\/cabinet-vigier.com\/fr\/#\/schema\/logo\/image\/"}}]}},"_links":{"self":[{"href":"https:\/\/cabinet-vigier.com\/fr\/wp-json\/wp\/v2\/pages\/778","targetHints":{"allow":["GET"]}}],"collection":[{"href":"https:\/\/cabinet-vigier.com\/fr\/wp-json\/wp\/v2\/pages"}],"about":[{"href":"https:\/\/cabinet-vigier.com\/fr\/wp-json\/wp\/v2\/types\/page"}],"author":[{"embeddable":true,"href":"https:\/\/cabinet-vigier.com\/fr\/wp-json\/wp\/v2\/users\/2"}],"replies":[{"embeddable":true,"href":"https:\/\/cabinet-vigier.com\/fr\/wp-json\/wp\/v2\/comments?post=778"}],"version-history":[{"count":7,"href":"https:\/\/cabinet-vigier.com\/fr\/wp-json\/wp\/v2\/pages\/778\/revisions"}],"predecessor-version":[{"id":832,"href":"https:\/\/cabinet-vigier.com\/fr\/wp-json\/wp\/v2\/pages\/778\/revisions\/832"}],"wp:attachment":[{"href":"https:\/\/cabinet-vigier.com\/fr\/wp-json\/wp\/v2\/media?parent=778"}],"curies":[{"name":"wp","href":"https:\/\/api.w.org\/{rel}","templated":true}]}}