{"id":781,"date":"2017-10-31T18:56:40","date_gmt":"2017-10-31T17:56:40","guid":{"rendered":"http:\/\/www.cabinet-vigier.com\/?page_id=781"},"modified":"2017-10-31T21:39:33","modified_gmt":"2017-10-31T20:39:33","slug":"representation-devant-les-juridictions-allemandes","status":"publish","type":"page","link":"https:\/\/cabinet-vigier.com\/fr\/representation-devant-les-juridictions-allemandes\/","title":{"rendered":"Repr\u00e9sentation devant les juridictions allemandes"},"content":{"rendered":"<p><strong><img fetchpriority=\"high\" decoding=\"async\" src=\"https:\/\/cabinet-vigier.com\/wp-content\/uploads\/2017\/08\/1200-667-justice-alexander_kirch.jpg\" alt=\"\" width=\"1200\" height=\"627\" \/><\/strong><strong>Nous assurons vos actions et votre d\u00e9fense devant les juridictions en Allemagne.<\/strong><\/p>\n<p>En qualit\u00e9 d\u2019avocats allemands, nous sommes totalement familiaris\u00e9s avec les diff\u00e9rentes l\u00e9gislations, proc\u00e9dures, pratiques et jurisprudences en Allemagne ainsi que l&rsquo;ex\u00e9cution forc\u00e9e \u00e0 l&rsquo;encontre de vos d\u00e9biteurs en Allemagne.<\/p>\n<p>Le titre de \u00ab\u00a0Rechtsanwalt\u00a0\u00bb (avocat allemand) nous permet de vous repr\u00e9senter devant la plus grande partie des juridictions outre-Rhin. Nous repr\u00e9sentons nos clients en justice devant tous les tribunaux r\u00e9gionaux et les cours d&rsquo;appels en Allemagne et travaillons avec les avocats agr\u00e9\u00e9s devant la Cour f\u00e9d\u00e9rale de justice (Bundesgerichtshof).<\/p>\n<p>Nous b\u00e9n\u00e9ficions d\u2019une large expertise, fruit d\u2019une exp\u00e9rience de plus de 20 ans, que nous mettons au service de nos clients francophones pour les accompagner dans leurs proc\u00e9dures devant les juridictions en Allemagne. Nous assistons nos clients lors de la prise des d\u00e9cisions proc\u00e9durales et \u00e9laborons pour eux des strat\u00e9gies d\u2019assignation ou d\u00e9fense efficaces.<\/p>\n<p>A chaque \u00e9tape de la proc\u00e9dure, nous mettons nos comp\u00e9tences au service de nos clients\u00a0: \u00a0introduction de la proc\u00e9dure (assignation, constitution), instruction civile et r\u00e9daction des conclusions (\u00e9change des arguments et des pi\u00e8ces), plaidoiries, jugement (analyse et explications), recours.<\/p>\n<p>Il convient de noter qu\u2019en Allemagne, le minist\u00e8re d\u2019avocat n\u2019est pas obligatoire devant les tribunaux d\u2019instance (Amtsgerichte), statuant en mati\u00e8re civile. En revanche, il est obligatoire devant :<\/p>\n<ul>\n<li>les tribunaux de grande instance (Landesgerichte)\u00a0;<\/li>\n<li>les cours d\u2018appel (Oberlandesgerichte)\u00a0;<\/li>\n<li>devant la Cour f\u00e9d\u00e9rale de justice (Bundesgerichtshof).<\/li>\n<\/ul>\n<p>Sauf convention sp\u00e9ciale, les honoraires d\u2019avocat sont r\u00e9glement\u00e9s par des bar\u00e8mes l\u00e9gaux pr\u00e9vus par la loi f\u00e9d\u00e9rale relative aux honoraires des avocats (Rechtsanwaltsverg\u00fctungsgesetz &#8211; RVG) en fonction de la valeur du litige.<\/p>\n<p>Il convient \u00e9galement de noter que la justice en Allemagne n\u2019est pas gratuite. Dans la proc\u00e9dure civile, le demandeur doit r\u00e9gler, lors du d\u00e9p\u00f4t de l\u2019assignation, une avance sur frais de proc\u00e9dure (Gerichtskostenvorschuss) conform\u00e9ment aux bar\u00e8mes de la loi relative aux frais de justice (Gerichtskostengesetz). Ces frais assez \u00e9lev\u00e9s sont \u00e9galement fix\u00e9s en fonction de la valeur du litige. Si le demandeur obtient gain de cause, ces frais et les honoraires de son avocat lui seront en principe rembours\u00e9s, sachant que les frais de l\u2019instance (honoraires des avocats et frais de justice) sont \u00e0 la charge de la partie qui perd le proc\u00e8s. Si l\u2019assignation n\u2019a gain de cause qu\u2019en partie, le demandeur n\u2019est rembours\u00e9 qu\u2019en partie.<\/p>\n<p>&nbsp;<\/p>\n","protected":false},"excerpt":{"rendered":"<p>Nous assurons vos actions et votre d\u00e9fense devant les juridictions en Allemagne. En qualit\u00e9 d\u2019avocats allemands, nous sommes totalement familiaris\u00e9s avec les diff\u00e9rentes l\u00e9gislations, proc\u00e9dures, pratiques et jurisprudences en Allemagne ainsi que l&rsquo;ex\u00e9cution forc\u00e9e \u00e0 l&rsquo;encontre de vos d\u00e9biteurs en Allemagne. Le titre de \u00ab\u00a0Rechtsanwalt\u00a0\u00bb (avocat allemand) nous permet de vous repr\u00e9senter devant la plus &#8230; <a title=\"Repr\u00e9sentation devant les juridictions allemandes\" class=\"read-more\" href=\"https:\/\/cabinet-vigier.com\/fr\/representation-devant-les-juridictions-allemandes\/\" aria-label=\"Plus sur Repr\u00e9sentation devant les juridictions allemandes\">Weiterlesen &#8230;<\/a><\/p>\n","protected":false},"author":2,"featured_media":0,"parent":0,"menu_order":0,"comment_status":"closed","ping_status":"closed","template":"","meta":{"_monsterinsights_skip_tracking":false,"_monsterinsights_sitenote_active":false,"_monsterinsights_sitenote_note":"","_monsterinsights_sitenote_category":0,"_uf_show_specific_survey":0,"_uf_disable_surveys":false,"generate_page_header":"","footnotes":""},"class_list":["post-781","page","type-page","status-publish"],"yoast_head":"<!-- This site is optimized with the Yoast SEO plugin v24.5 - https:\/\/yoast.com\/wordpress\/plugins\/seo\/ -->\n<title>Repr\u00e9sentation devant les juridictions allemandes - Cabinet Vigier<\/title>\n<meta name=\"robots\" content=\"index, follow, max-snippet:-1, max-image-preview:large, max-video-preview:-1\" \/>\n<link rel=\"canonical\" href=\"https:\/\/cabinet-vigier.com\/de\/prozessfuehrung-frankreich\/\" \/>\n<meta property=\"og:locale\" content=\"fr_FR\" \/>\n<meta property=\"og:type\" content=\"article\" \/>\n<meta property=\"og:title\" content=\"Repr\u00e9sentation devant les juridictions allemandes - Cabinet Vigier\" \/>\n<meta property=\"og:description\" content=\"Nous assurons vos actions et votre d\u00e9fense devant les juridictions en Allemagne. En qualit\u00e9 d\u2019avocats allemands, nous sommes totalement familiaris\u00e9s avec les diff\u00e9rentes l\u00e9gislations, proc\u00e9dures, pratiques et jurisprudences en Allemagne ainsi que l&rsquo;ex\u00e9cution forc\u00e9e \u00e0 l&rsquo;encontre de vos d\u00e9biteurs en Allemagne. Le titre de \u00ab\u00a0Rechtsanwalt\u00a0\u00bb (avocat allemand) nous permet de vous repr\u00e9senter devant la plus ... Weiterlesen ...\" \/>\n<meta property=\"og:url\" content=\"https:\/\/cabinet-vigier.com\/de\/prozessfuehrung-frankreich\/\" \/>\n<meta property=\"og:site_name\" content=\"Cabinet Vigier\" \/>\n<meta property=\"article:modified_time\" content=\"2017-10-31T20:39:33+00:00\" \/>\n<meta property=\"og:image\" content=\"https:\/\/cabinet-vigier.com\/wp-content\/uploads\/2017\/08\/1200-667-justice-alexander_kirch.jpg\" \/>\n<meta name=\"twitter:card\" content=\"summary_large_image\" \/>\n<meta name=\"twitter:label1\" content=\"Dur\u00e9e de lecture estim\u00e9e\" \/>\n\t<meta name=\"twitter:data1\" content=\"2 minutes\" \/>\n<script type=\"application\/ld+json\" class=\"yoast-schema-graph\">{\"@context\":\"https:\/\/schema.org\",\"@graph\":[{\"@type\":\"WebPage\",\"@id\":\"https:\/\/cabinet-vigier.com\/de\/prozessfuehrung-frankreich\/\",\"url\":\"https:\/\/cabinet-vigier.com\/de\/prozessfuehrung-frankreich\/\",\"name\":\"Repr\u00e9sentation devant les juridictions allemandes - Cabinet Vigier\",\"isPartOf\":{\"@id\":\"https:\/\/cabinet-vigier.com\/fr\/#website\"},\"primaryImageOfPage\":{\"@id\":\"https:\/\/cabinet-vigier.com\/de\/prozessfuehrung-frankreich\/#primaryimage\"},\"image\":{\"@id\":\"https:\/\/cabinet-vigier.com\/de\/prozessfuehrung-frankreich\/#primaryimage\"},\"thumbnailUrl\":\"https:\/\/cabinet-vigier.com\/wp-content\/uploads\/2017\/08\/1200-667-justice-alexander_kirch.jpg\",\"datePublished\":\"2017-10-31T17:56:40+00:00\",\"dateModified\":\"2017-10-31T20:39:33+00:00\",\"breadcrumb\":{\"@id\":\"https:\/\/cabinet-vigier.com\/de\/prozessfuehrung-frankreich\/#breadcrumb\"},\"inLanguage\":\"fr-FR\",\"potentialAction\":[{\"@type\":\"ReadAction\",\"target\":[\"https:\/\/cabinet-vigier.com\/de\/prozessfuehrung-frankreich\/\"]}]},{\"@type\":\"ImageObject\",\"inLanguage\":\"fr-FR\",\"@id\":\"https:\/\/cabinet-vigier.com\/de\/prozessfuehrung-frankreich\/#primaryimage\",\"url\":\"https:\/\/cabinet-vigier.com\/wp-content\/uploads\/2017\/08\/1200-667-justice-alexander_kirch.jpg\",\"contentUrl\":\"https:\/\/cabinet-vigier.com\/wp-content\/uploads\/2017\/08\/1200-667-justice-alexander_kirch.jpg\"},{\"@type\":\"BreadcrumbList\",\"@id\":\"https:\/\/cabinet-vigier.com\/de\/prozessfuehrung-frankreich\/#breadcrumb\",\"itemListElement\":[{\"@type\":\"ListItem\",\"position\":1,\"name\":\"Startseite\",\"item\":\"https:\/\/cabinet-vigier.com\/fr\/\"},{\"@type\":\"ListItem\",\"position\":2,\"name\":\"Repr\u00e9sentation devant les juridictions allemandes\"}]},{\"@type\":\"WebSite\",\"@id\":\"https:\/\/cabinet-vigier.com\/fr\/#website\",\"url\":\"https:\/\/cabinet-vigier.com\/fr\/\",\"name\":\"Cabinet Vigier\",\"description\":\"Deutsch-franz\u00f6sische Anwaltskanzlei - Cabinet d&#039;avocats franco allemand\",\"publisher\":{\"@id\":\"https:\/\/cabinet-vigier.com\/fr\/#organization\"},\"potentialAction\":[{\"@type\":\"SearchAction\",\"target\":{\"@type\":\"EntryPoint\",\"urlTemplate\":\"https:\/\/cabinet-vigier.com\/fr\/?s={search_term_string}\"},\"query-input\":{\"@type\":\"PropertyValueSpecification\",\"valueRequired\":true,\"valueName\":\"search_term_string\"}}],\"inLanguage\":\"fr-FR\"},{\"@type\":\"Organization\",\"@id\":\"https:\/\/cabinet-vigier.com\/fr\/#organization\",\"name\":\"Cabinet Vigier\",\"url\":\"https:\/\/cabinet-vigier.com\/fr\/\",\"logo\":{\"@type\":\"ImageObject\",\"inLanguage\":\"fr-FR\",\"@id\":\"https:\/\/cabinet-vigier.com\/fr\/#\/schema\/logo\/image\/\",\"url\":\"https:\/\/cabinet-vigier.com\/wp-content\/uploads\/2017\/08\/cropped-AV-Logo-DF-ult10-500x.jpg\",\"contentUrl\":\"https:\/\/cabinet-vigier.com\/wp-content\/uploads\/2017\/08\/cropped-AV-Logo-DF-ult10-500x.jpg\",\"width\":500,\"height\":100,\"caption\":\"Cabinet Vigier\"},\"image\":{\"@id\":\"https:\/\/cabinet-vigier.com\/fr\/#\/schema\/logo\/image\/\"}}]}<\/script>\n<!-- \/ Yoast SEO plugin. -->","yoast_head_json":{"title":"Repr\u00e9sentation devant les juridictions allemandes - Cabinet Vigier","robots":{"index":"index","follow":"follow","max-snippet":"max-snippet:-1","max-image-preview":"max-image-preview:large","max-video-preview":"max-video-preview:-1"},"canonical":"https:\/\/cabinet-vigier.com\/de\/prozessfuehrung-frankreich\/","og_locale":"fr_FR","og_type":"article","og_title":"Repr\u00e9sentation devant les juridictions allemandes - Cabinet Vigier","og_description":"Nous assurons vos actions et votre d\u00e9fense devant les juridictions en Allemagne. En qualit\u00e9 d\u2019avocats allemands, nous sommes totalement familiaris\u00e9s avec les diff\u00e9rentes l\u00e9gislations, proc\u00e9dures, pratiques et jurisprudences en Allemagne ainsi que l&rsquo;ex\u00e9cution forc\u00e9e \u00e0 l&rsquo;encontre de vos d\u00e9biteurs en Allemagne. Le titre de \u00ab\u00a0Rechtsanwalt\u00a0\u00bb (avocat allemand) nous permet de vous repr\u00e9senter devant la plus ... Weiterlesen ...","og_url":"https:\/\/cabinet-vigier.com\/de\/prozessfuehrung-frankreich\/","og_site_name":"Cabinet Vigier","article_modified_time":"2017-10-31T20:39:33+00:00","og_image":[{"url":"https:\/\/cabinet-vigier.com\/wp-content\/uploads\/2017\/08\/1200-667-justice-alexander_kirch.jpg","type":"","width":"","height":""}],"twitter_card":"summary_large_image","twitter_misc":{"Dur\u00e9e de lecture estim\u00e9e":"2 minutes"},"schema":{"@context":"https:\/\/schema.org","@graph":[{"@type":"WebPage","@id":"https:\/\/cabinet-vigier.com\/de\/prozessfuehrung-frankreich\/","url":"https:\/\/cabinet-vigier.com\/de\/prozessfuehrung-frankreich\/","name":"Repr\u00e9sentation devant les juridictions allemandes - Cabinet Vigier","isPartOf":{"@id":"https:\/\/cabinet-vigier.com\/fr\/#website"},"primaryImageOfPage":{"@id":"https:\/\/cabinet-vigier.com\/de\/prozessfuehrung-frankreich\/#primaryimage"},"image":{"@id":"https:\/\/cabinet-vigier.com\/de\/prozessfuehrung-frankreich\/#primaryimage"},"thumbnailUrl":"https:\/\/cabinet-vigier.com\/wp-content\/uploads\/2017\/08\/1200-667-justice-alexander_kirch.jpg","datePublished":"2017-10-31T17:56:40+00:00","dateModified":"2017-10-31T20:39:33+00:00","breadcrumb":{"@id":"https:\/\/cabinet-vigier.com\/de\/prozessfuehrung-frankreich\/#breadcrumb"},"inLanguage":"fr-FR","potentialAction":[{"@type":"ReadAction","target":["https:\/\/cabinet-vigier.com\/de\/prozessfuehrung-frankreich\/"]}]},{"@type":"ImageObject","inLanguage":"fr-FR","@id":"https:\/\/cabinet-vigier.com\/de\/prozessfuehrung-frankreich\/#primaryimage","url":"https:\/\/cabinet-vigier.com\/wp-content\/uploads\/2017\/08\/1200-667-justice-alexander_kirch.jpg","contentUrl":"https:\/\/cabinet-vigier.com\/wp-content\/uploads\/2017\/08\/1200-667-justice-alexander_kirch.jpg"},{"@type":"BreadcrumbList","@id":"https:\/\/cabinet-vigier.com\/de\/prozessfuehrung-frankreich\/#breadcrumb","itemListElement":[{"@type":"ListItem","position":1,"name":"Startseite","item":"https:\/\/cabinet-vigier.com\/fr\/"},{"@type":"ListItem","position":2,"name":"Repr\u00e9sentation devant les juridictions allemandes"}]},{"@type":"WebSite","@id":"https:\/\/cabinet-vigier.com\/fr\/#website","url":"https:\/\/cabinet-vigier.com\/fr\/","name":"Cabinet Vigier","description":"Deutsch-franz\u00f6sische Anwaltskanzlei - Cabinet d&#039;avocats franco allemand","publisher":{"@id":"https:\/\/cabinet-vigier.com\/fr\/#organization"},"potentialAction":[{"@type":"SearchAction","target":{"@type":"EntryPoint","urlTemplate":"https:\/\/cabinet-vigier.com\/fr\/?s={search_term_string}"},"query-input":{"@type":"PropertyValueSpecification","valueRequired":true,"valueName":"search_term_string"}}],"inLanguage":"fr-FR"},{"@type":"Organization","@id":"https:\/\/cabinet-vigier.com\/fr\/#organization","name":"Cabinet Vigier","url":"https:\/\/cabinet-vigier.com\/fr\/","logo":{"@type":"ImageObject","inLanguage":"fr-FR","@id":"https:\/\/cabinet-vigier.com\/fr\/#\/schema\/logo\/image\/","url":"https:\/\/cabinet-vigier.com\/wp-content\/uploads\/2017\/08\/cropped-AV-Logo-DF-ult10-500x.jpg","contentUrl":"https:\/\/cabinet-vigier.com\/wp-content\/uploads\/2017\/08\/cropped-AV-Logo-DF-ult10-500x.jpg","width":500,"height":100,"caption":"Cabinet Vigier"},"image":{"@id":"https:\/\/cabinet-vigier.com\/fr\/#\/schema\/logo\/image\/"}}]}},"_links":{"self":[{"href":"https:\/\/cabinet-vigier.com\/fr\/wp-json\/wp\/v2\/pages\/781","targetHints":{"allow":["GET"]}}],"collection":[{"href":"https:\/\/cabinet-vigier.com\/fr\/wp-json\/wp\/v2\/pages"}],"about":[{"href":"https:\/\/cabinet-vigier.com\/fr\/wp-json\/wp\/v2\/types\/page"}],"author":[{"embeddable":true,"href":"https:\/\/cabinet-vigier.com\/fr\/wp-json\/wp\/v2\/users\/2"}],"replies":[{"embeddable":true,"href":"https:\/\/cabinet-vigier.com\/fr\/wp-json\/wp\/v2\/comments?post=781"}],"version-history":[{"count":3,"href":"https:\/\/cabinet-vigier.com\/fr\/wp-json\/wp\/v2\/pages\/781\/revisions"}],"predecessor-version":[{"id":829,"href":"https:\/\/cabinet-vigier.com\/fr\/wp-json\/wp\/v2\/pages\/781\/revisions\/829"}],"wp:attachment":[{"href":"https:\/\/cabinet-vigier.com\/fr\/wp-json\/wp\/v2\/media?parent=781"}],"curies":[{"name":"wp","href":"https:\/\/api.w.org\/{rel}","templated":true}]}}